{"id":10087,"date":"2024-07-06T10:42:11","date_gmt":"2024-07-06T10:42:11","guid":{"rendered":"http:\/\/www.srv70508.seohost.com.pl\/produkt\/linkastyle-rtv-skrin-ls-3\/"},"modified":"2025-05-30T08:30:37","modified_gmt":"2025-05-30T08:30:37","slug":"linkastyle-rtv-skrin-ls-3","status":"publish","type":"product","link":"https:\/\/team-meble.pl\/cs\/produkt\/linkastyle-rtv-skrin-ls-3\/","title":{"rendered":"LINKaSTYLE LS-3 RTV hrudn\u00edk Jarstol"},"content":{"rendered":"<p>Modern\u00ed sk\u0159\u00ed\u0148ka RTV, kter\u00e1 je ide\u00e1ln\u00ed pro men\u0161\u00ed ob\u00fdvac\u00ed pokoje. Ve st\u0159edn\u00ed \u010d\u00e1sti najdete hlubokou z\u00e1suvku, do kter\u00e9 m\u016f\u017eete ulo\u017eit r\u016fzn\u00e9 drobnosti, a nad n\u00ed polici na dekod\u00e9r nebo konzole. Po stran\u00e1ch jsou dv\u011b sk\u0159\u00ed\u0148ky na dal\u0161\u00ed p\u0159edm\u011bty. Sk\u0159\u00ed\u0148ka pot\u011b\u0161\u00ed oko d\u00edky sv\u00e9mu designov\u00e9mu proveden\u00ed. K dispozici ve t\u0159ech barv\u00e1ch &#8211; ka\u0161m\u00edr\/indigo\/zelen\u00fd k\u00e1men.<\/p>\n<p>Syst\u00e9m je vybaven funkc\u00ed pozvoln\u00e9ho zav\u00edr\u00e1n\u00ed.<\/p>\n<p>&nbsp;<\/p>\n","protected":false},"excerpt":{"rendered":"<p>Rozm\u011bry:<\/p>\n<p>\u0160\u00ed\u0159ka &#8211; 135 cm<\/p>\n<p>Hloubka &#8211; 40,6 cm<\/p>\n<p>V\u00fd\u0161ka &#8211; 56 cm<\/p>\n<p>&nbsp;<\/p>\n","protected":false},"featured_media":16328,"comment_status":"open","ping_status":"closed","template":"","meta":{"_eb_attr":"","_uag_custom_page_level_css":"","site-sidebar-layout":"default","site-content-layout":"","ast-site-content-layout":"default","site-content-style":"default","site-sidebar-style":"default","ast-global-header-display":"","ast-banner-title-visibility":"","ast-main-header-display":"","ast-hfb-above-header-display":"","ast-hfb-below-header-display":"","ast-hfb-mobile-header-display":"","site-post-title":"","ast-breadcrumbs-content":"","ast-featured-img":"","footer-sml-layout":"","theme-transparent-header-meta":"default","adv-header-id-meta":"","stick-header-meta":"default","header-above-stick-meta":"","header-main-stick-meta":"","header-below-stick-meta":"","astra-migrate-meta-layouts":"set","ast-page-background-enabled":"default","ast-page-background-meta":{"desktop":{"background-color":"","background-image":"","background-repeat":"repeat","background-position":"center center","background-size":"auto","background-attachment":"scroll","background-type":"","background-media":"","overlay-type":"","overlay-color":"","overlay-opacity":"","overlay-gradient":""},"tablet":{"background-color":"","background-image":"","background-repeat":"repeat","background-position":"center center","background-size":"auto","background-attachment":"scroll","background-type":"","background-media":"","overlay-type":"","overlay-color":"","overlay-opacity":"","overlay-gradient":""},"mobile":{"background-color":"","background-image":"","background-repeat":"repeat","background-position":"center center","background-size":"auto","background-attachment":"scroll","background-type":"","background-media":"","overlay-type":"","overlay-color":"","overlay-opacity":"","overlay-gradient":""}},"ast-content-background-meta":{"desktop":{"background-color":"var(--ast-global-color-5)","background-image":"","background-repeat":"repeat","background-position":"center center","background-size":"auto","background-attachment":"scroll","background-type":"","background-media":"","overlay-type":"","overlay-color":"","overlay-opacity":"","overlay-gradient":""},"tablet":{"background-color":"var(--ast-global-color-5)","background-image":"","background-repeat":"repeat","background-position":"center center","background-size":"auto","background-attachment":"scroll","background-type":"","background-media":"","overlay-type":"","overlay-color":"","overlay-opacity":"","overlay-gradient":""},"mobile":{"background-color":"var(--ast-global-color-5)","background-image":"","background-repeat":"repeat","background-position":"center center","background-size":"auto","background-attachment":"scroll","background-type":"","background-media":"","overlay-type":"","overlay-color":"","overlay-opacity":"","overlay-gradient":""}}},"product_brand":[],"product_cat":[104,94,103,132,110],"product_tag":[],"class_list":{"0":"post-10087","1":"product","2":"type-product","3":"status-publish","4":"has-post-thumbnail","6":"product_cat-jidelna","7":"product_cat-loznice","8":"product_cat-salon-cs","9":"product_cat-kancelar","10":"product_cat-televizni-stolky","11":"desktop-align-left","12":"tablet-align-left","13":"mobile-align-left","14":"ast-product-gallery-layout-horizontal-slider","15":"ast-product-tabs-layout-horizontal","16":"ast-qv-on-image","18":"first","19":"onbackorder","20":"shipping-taxable","21":"purchasable","22":"product-type-simple"},"spectra_custom_meta":{"_iwo_price_last_change":["a:4:{s:5:\"price\";s:3:\"769\";s:10:\"price_sale\";s:0:\"\";s:19:\"price_including_tax\";d:769;s:9:\"timestamp\";i:1748593837;}"],"_eb_reusable_block_ids":["a:0:{}"],"_alp_processed":["1748593837"],"_wcml_average_rating":[null],"_wcml_review_count":[null],"_wcml_rating_count":[null],"_backorders":["no"],"_download_limit":["-1"],"_download_expiry":["-1"],"_downloadable":["no"],"_manage_stock":["no"],"_stock_status":["onbackorder"],"_sold_individually":["no"],"_tax_class":[""],"_tax_status":["taxable"],"_virtual":["no"],"total_sales":["0"],"_regular_price":[4383.3],"_wpml_media_duplicate":["0"],"_wpml_media_featured":["0"],"stick-header-meta":["default"],"site-sidebar-layout":["default"],"theme-transparent-header-meta":["default"],"ast-site-content-layout":["default"],"site-content-style":["default"],"site-sidebar-style":["default"],"astra-migrate-meta-layouts":["set"],"wcml_sync_hash":["a:1:{s:15:\"postmeta_fields\";s:32:\"46b949045151a87b395f777235ba236a\";}"],"attr_label_translations":["a:0:{}"],"_product_attributes":["a:0:{}"],"_default_attributes":["a:0:{}"],"_upsell_ids":["a:0:{}"],"_crosssell_ids":["a:0:{}"],"_children":["a:0:{}"],"_last_translation_edit_mode":["translation-editor"],"_wp_attachment_metadata":[""],"_thumbnail_id":["16328"],"_downloadable_files":[""],"_sale_price":[""],"_price":[4383.3],"_iwo_price_log":["a:4:{s:5:\"price\";s:3:\"769\";s:10:\"price_sale\";s:0:\"\";s:19:\"price_including_tax\";d:769;s:9:\"timestamp\";i:1748593837;}"],"_wpml_word_count":["95"],"_uag_page_assets":["a:9:{s:3:\"css\";s:263:\".uag-blocks-common-selector{z-index:var(--z-index-desktop) !important}@media (max-width: 976px){.uag-blocks-common-selector{z-index:var(--z-index-tablet) !important}}@media (max-width: 767px){.uag-blocks-common-selector{z-index:var(--z-index-mobile) !important}}\n\";s:2:\"js\";s:0:\"\";s:18:\"current_block_list\";a:13:{i:0;s:11:\"core\/search\";i:1;s:10:\"core\/group\";i:2;s:12:\"core\/heading\";i:3;s:17:\"core\/latest-posts\";i:4;s:20:\"core\/latest-comments\";i:5;s:13:\"core\/archives\";i:6;s:15:\"core\/categories\";i:7;s:26:\"woocommerce\/filter-wrapper\";i:8;s:24:\"woocommerce\/price-filter\";i:9;s:30:\"woocommerce\/product-categories\";i:10;s:26:\"woocommerce\/active-filters\";i:11;s:23:\"essential-blocks\/social\";i:12;s:24:\"woocommerce\/stock-filter\";}s:8:\"uag_flag\";b:0;s:11:\"uag_version\";s:10:\"1776309386\";s:6:\"gfonts\";a:0:{}s:10:\"gfonts_url\";s:0:\"\";s:12:\"gfonts_files\";a:0:{}s:14:\"uag_faq_layout\";b:0;}"],"_uag_css_file_name":["uag-css-10087.css"],"_max_variation_price":[""],"_max_variation_regular_price":[""],"_max_variation_sale_price":[""],"_min_variation_price":[""],"_min_variation_regular_price":[""],"_min_variation_sale_price":[""],"_wc_rating_count":[""],"_wc_review_count":[""],"_wc_average_rating":[0]},"uagb_featured_image_src":{"full":["https:\/\/team-meble.pl\/wp-content\/uploads\/2024\/07\/DSC_1903_UNI_polaranz_II_U599.webp",900,1186,false],"thumbnail":["https:\/\/team-meble.pl\/wp-content\/uploads\/2024\/07\/DSC_1903_UNI_polaranz_II_U599-150x150.webp",150,150,true],"medium":["https:\/\/team-meble.pl\/wp-content\/uploads\/2024\/07\/DSC_1903_UNI_polaranz_II_U599-228x300.webp",228,300,true],"medium_large":["https:\/\/team-meble.pl\/wp-content\/uploads\/2024\/07\/DSC_1903_UNI_polaranz_II_U599-768x1012.webp",768,1012,true],"large":["https:\/\/team-meble.pl\/wp-content\/uploads\/2024\/07\/DSC_1903_UNI_polaranz_II_U599-777x1024.webp",777,1024,true],"1536x1536":["https:\/\/team-meble.pl\/wp-content\/uploads\/2024\/07\/DSC_1903_UNI_polaranz_II_U599.webp",900,1186,false],"2048x2048":["https:\/\/team-meble.pl\/wp-content\/uploads\/2024\/07\/DSC_1903_UNI_polaranz_II_U599.webp",900,1186,false],"mailpoet_newsletter_max":["https:\/\/team-meble.pl\/wp-content\/uploads\/2024\/07\/DSC_1903_UNI_polaranz_II_U599.webp",900,1186,false],"woocommerce_thumbnail":["https:\/\/team-meble.pl\/wp-content\/uploads\/2024\/07\/DSC_1903_UNI_polaranz_II_U599-300x300.webp",300,300,true],"woocommerce_single":["https:\/\/team-meble.pl\/wp-content\/uploads\/2024\/07\/DSC_1903_UNI_polaranz_II_U599-300x395.webp",300,395,true],"woocommerce_gallery_thumbnail":["https:\/\/team-meble.pl\/wp-content\/uploads\/2024\/07\/DSC_1903_UNI_polaranz_II_U599-100x100.webp",100,100,true]},"uagb_author_info":{"display_name":"Wiola","author_link":"https:\/\/team-meble.pl\/cs\/author\/"},"uagb_comment_info":0,"uagb_excerpt":"Rozm\u011bry: \u0160\u00ed\u0159ka - 135 cm Hloubka - 40,6 cm V\u00fd\u0161ka - 56 cm &nbsp;","_links":{"self":[{"href":"https:\/\/team-meble.pl\/cs\/wp-json\/wp\/v2\/product\/10087","targetHints":{"allow":["GET"]}}],"collection":[{"href":"https:\/\/team-meble.pl\/cs\/wp-json\/wp\/v2\/product"}],"about":[{"href":"https:\/\/team-meble.pl\/cs\/wp-json\/wp\/v2\/types\/product"}],"replies":[{"embeddable":true,"href":"https:\/\/team-meble.pl\/cs\/wp-json\/wp\/v2\/comments?post=10087"}],"wp:featuredmedia":[{"embeddable":true,"href":"https:\/\/team-meble.pl\/cs\/wp-json\/wp\/v2\/media\/16328"}],"wp:attachment":[{"href":"https:\/\/team-meble.pl\/cs\/wp-json\/wp\/v2\/media?parent=10087"}],"wp:term":[{"taxonomy":"product_brand","embeddable":true,"href":"https:\/\/team-meble.pl\/cs\/wp-json\/wp\/v2\/product_brand?post=10087"},{"taxonomy":"product_cat","embeddable":true,"href":"https:\/\/team-meble.pl\/cs\/wp-json\/wp\/v2\/product_cat?post=10087"},{"taxonomy":"product_tag","embeddable":true,"href":"https:\/\/team-meble.pl\/cs\/wp-json\/wp\/v2\/product_tag?post=10087"}],"curies":[{"name":"wp","href":"https:\/\/api.w.org\/{rel}","templated":true}]}}