{"id":10092,"date":"2024-07-06T11:22:49","date_gmt":"2024-07-06T11:22:49","guid":{"rendered":"http:\/\/www.srv70508.seohost.com.pl\/produkt\/linkastyle-toaletni-stolek-konzole-ls-9\/"},"modified":"2025-05-30T08:29:41","modified_gmt":"2025-05-30T08:29:41","slug":"linkastyle-toaletni-stolek-konzole-ls-9","status":"publish","type":"product","link":"https:\/\/team-meble.pl\/cs\/produkt\/linkastyle-toaletni-stolek-konzole-ls-9\/","title":{"rendered":"Toaletn\u00ed stolek\/konzole LINKaSTYLE LS-9 Jarstol"},"content":{"rendered":"<p>V modern\u00edch interi\u00e9rech se u vstupu do domu st\u00e1le \u010dast\u011bji objevuje tzv. konzola. V\u011btrn\u00e1 z\u00e1brana je vhodn\u00fdm m\u00edstem pro funk\u010dn\u00ed stolek se z\u00e1suvkami, pod kter\u00e9 si m\u016f\u017eete odlo\u017eit ta\u0161ku nebo boty. Pr\u00e1v\u011b takov\u00fd kus n\u00e1bytku obohatil kolekci LINKaSTYLES. Pokud nad konzolu zav\u011bs\u00edte zrcadlo, vytvo\u0159\u00edte minimalistick\u00fd design p\u0159eds\u00edn\u011b v modern\u00edm stylu. N\u00e1bytek poslou\u017e\u00ed tak\u00e9 jako toaletn\u00ed stolek v lo\u017enici, kde si k n\u011bmu m\u016f\u017eete sednout p\u0159ed odchodem do pr\u00e1ce a prov\u00e9st rann\u00ed p\u00e9\u010di o obli\u010dej nebo si ve\u010der nan\u00e9st no\u010dn\u00ed kr\u00e9m a u\u010desat vlasy. Toaleta\/konzole je k dispozici ve t\u0159ech barv\u00e1ch &#8211; ka\u0161m\u00edrov\u00e1, indigov\u00e1 a zelen\u00fd k\u00e1men. M\u00e1 dv\u011b \u0161irok\u00e9 z\u00e1suvky, do kter\u00fdch m\u016f\u017eete ulo\u017eit kosmetiku, pokud n\u00e1bytek slou\u017e\u00ed jako toaletn\u00ed stolek, nebo kl\u00ed\u010de \u010di jin\u00e9 dopl\u0148ky, pokud se z n\u011bj stane konzola. Takov\u00fd kus n\u00e1bytku m\u016f\u017ee zdobit i ob\u00fdvac\u00ed pokoj, kde jej um\u00edst\u011bte ke st\u011bn\u011b, ozdobte v\u00e1zou s \u010derstv\u00fdmi kv\u011btinami a zav\u011bste nad n\u011bj obraz &#8211; dotvo\u0159\u00ed interi\u00e9r v modern\u00edm stylu.<\/p>\n","protected":false},"excerpt":{"rendered":"<p>Rozm\u011bry:<\/p>\n<p>\u0160\u00ed\u0159ka &#8211; 110 cm<\/p>\n<p>Hloubka &#8211; 40,6 cm<\/p>\n<p>V\u00fd\u0161ka &#8211; 78 cm<\/p>\n","protected":false},"featured_media":16364,"comment_status":"open","ping_status":"closed","template":"","meta":{"_eb_attr":"","_uag_custom_page_level_css":"","site-sidebar-layout":"default","site-content-layout":"","ast-site-content-layout":"default","site-content-style":"default","site-sidebar-style":"default","ast-global-header-display":"","ast-banner-title-visibility":"","ast-main-header-display":"","ast-hfb-above-header-display":"","ast-hfb-below-header-display":"","ast-hfb-mobile-header-display":"","site-post-title":"","ast-breadcrumbs-content":"","ast-featured-img":"","footer-sml-layout":"","theme-transparent-header-meta":"default","adv-header-id-meta":"","stick-header-meta":"default","header-above-stick-meta":"","header-main-stick-meta":"","header-below-stick-meta":"","astra-migrate-meta-layouts":"set","ast-page-background-enabled":"default","ast-page-background-meta":{"desktop":{"background-color":"","background-image":"","background-repeat":"repeat","background-position":"center center","background-size":"auto","background-attachment":"scroll","background-type":"","background-media":"","overlay-type":"","overlay-color":"","overlay-opacity":"","overlay-gradient":""},"tablet":{"background-color":"","background-image":"","background-repeat":"repeat","background-position":"center center","background-size":"auto","background-attachment":"scroll","background-type":"","background-media":"","overlay-type":"","overlay-color":"","overlay-opacity":"","overlay-gradient":""},"mobile":{"background-color":"","background-image":"","background-repeat":"repeat","background-position":"center center","background-size":"auto","background-attachment":"scroll","background-type":"","background-media":"","overlay-type":"","overlay-color":"","overlay-opacity":"","overlay-gradient":""}},"ast-content-background-meta":{"desktop":{"background-color":"var(--ast-global-color-5)","background-image":"","background-repeat":"repeat","background-position":"center center","background-size":"auto","background-attachment":"scroll","background-type":"","background-media":"","overlay-type":"","overlay-color":"","overlay-opacity":"","overlay-gradient":""},"tablet":{"background-color":"var(--ast-global-color-5)","background-image":"","background-repeat":"repeat","background-position":"center center","background-size":"auto","background-attachment":"scroll","background-type":"","background-media":"","overlay-type":"","overlay-color":"","overlay-opacity":"","overlay-gradient":""},"mobile":{"background-color":"var(--ast-global-color-5)","background-image":"","background-repeat":"repeat","background-position":"center center","background-size":"auto","background-attachment":"scroll","background-type":"","background-media":"","overlay-type":"","overlay-color":"","overlay-opacity":"","overlay-gradient":""}}},"product_brand":[],"product_cat":[93,104,94,105,103,132,108],"product_tag":[],"class_list":{"0":"post-10092","1":"product","2":"type-product","3":"status-publish","4":"has-post-thumbnail","6":"product_cat-detsky-pokoj","7":"product_cat-jidelna","8":"product_cat-loznice","9":"product_cat-predsin","10":"product_cat-salon-cs","11":"product_cat-kancelar","12":"product_cat-komody-cs","13":"desktop-align-left","14":"tablet-align-left","15":"mobile-align-left","16":"ast-product-gallery-layout-horizontal-slider","17":"ast-product-tabs-layout-horizontal","18":"ast-qv-on-image","20":"first","21":"onbackorder","22":"shipping-taxable","23":"purchasable","24":"product-type-simple"},"spectra_custom_meta":{"_iwo_price_last_change":["a:4:{s:5:\"price\";s:3:\"719\";s:10:\"price_sale\";s:0:\"\";s:19:\"price_including_tax\";d:719;s:9:\"timestamp\";i:1748593781;}"],"_eb_reusable_block_ids":["a:0:{}"],"_alp_processed":["1748593781"],"_wcml_average_rating":[null],"_wcml_review_count":[null],"_wcml_rating_count":[null],"_backorders":["no"],"_download_limit":["-1"],"_download_expiry":["-1"],"_downloadable":["no"],"_manage_stock":["no"],"_stock_status":["onbackorder"],"_sold_individually":["no"],"_tax_class":[""],"_tax_status":["taxable"],"_virtual":["no"],"total_sales":["0"],"_regular_price":[4098.3],"_wpml_media_duplicate":["0"],"_wpml_media_featured":["0"],"stick-header-meta":["default"],"site-sidebar-layout":["default"],"theme-transparent-header-meta":["default"],"ast-site-content-layout":["default"],"site-content-style":["default"],"site-sidebar-style":["default"],"astra-migrate-meta-layouts":["set"],"wcml_sync_hash":["a:1:{s:15:\"postmeta_fields\";s:32:\"d3f05f4f708f75a423c9a91099ad71f5\";}"],"attr_label_translations":["a:0:{}"],"_product_attributes":["a:0:{}"],"_default_attributes":["a:0:{}"],"_upsell_ids":["a:0:{}"],"_crosssell_ids":["a:0:{}"],"_children":["a:0:{}"],"_last_translation_edit_mode":["translation-editor"],"_wp_attachment_metadata":[""],"_thumbnail_id":["16364"],"_downloadable_files":[""],"_sale_price":[""],"_price":[4098.3],"_iwo_price_log":["a:4:{s:5:\"price\";s:3:\"719\";s:10:\"price_sale\";s:0:\"\";s:19:\"price_including_tax\";d:719;s:9:\"timestamp\";i:1748593781;}"],"_wpml_word_count":["196"],"_uag_page_assets":["a:9:{s:3:\"css\";s:263:\".uag-blocks-common-selector{z-index:var(--z-index-desktop) !important}@media (max-width: 976px){.uag-blocks-common-selector{z-index:var(--z-index-tablet) !important}}@media (max-width: 767px){.uag-blocks-common-selector{z-index:var(--z-index-mobile) !important}}\n\";s:2:\"js\";s:0:\"\";s:18:\"current_block_list\";a:13:{i:0;s:11:\"core\/search\";i:1;s:10:\"core\/group\";i:2;s:12:\"core\/heading\";i:3;s:17:\"core\/latest-posts\";i:4;s:20:\"core\/latest-comments\";i:5;s:13:\"core\/archives\";i:6;s:15:\"core\/categories\";i:7;s:26:\"woocommerce\/filter-wrapper\";i:8;s:24:\"woocommerce\/price-filter\";i:9;s:30:\"woocommerce\/product-categories\";i:10;s:26:\"woocommerce\/active-filters\";i:11;s:23:\"essential-blocks\/social\";i:12;s:24:\"woocommerce\/stock-filter\";}s:8:\"uag_flag\";b:0;s:11:\"uag_version\";s:10:\"1776578068\";s:6:\"gfonts\";a:0:{}s:10:\"gfonts_url\";s:0:\"\";s:12:\"gfonts_files\";a:0:{}s:14:\"uag_faq_layout\";b:0;}"],"_uag_css_file_name":["uag-css-10092.css"],"_max_variation_price":[""],"_max_variation_regular_price":[""],"_max_variation_sale_price":[""],"_min_variation_price":[""],"_min_variation_regular_price":[""],"_min_variation_sale_price":[""],"_wc_rating_count":[""],"_wc_review_count":[""],"_wc_average_rating":[0]},"uagb_featured_image_src":{"full":["https:\/\/team-meble.pl\/wp-content\/uploads\/2024\/07\/LS9.webp",1500,1500,false],"thumbnail":["https:\/\/team-meble.pl\/wp-content\/uploads\/2024\/07\/LS9-150x150.webp",150,150,true],"medium":["https:\/\/team-meble.pl\/wp-content\/uploads\/2024\/07\/LS9-300x300.webp",300,300,true],"medium_large":["https:\/\/team-meble.pl\/wp-content\/uploads\/2024\/07\/LS9-768x768.webp",768,768,true],"large":["https:\/\/team-meble.pl\/wp-content\/uploads\/2024\/07\/LS9-1024x1024.webp",1024,1024,true],"1536x1536":["https:\/\/team-meble.pl\/wp-content\/uploads\/2024\/07\/LS9.webp",1500,1500,false],"2048x2048":["https:\/\/team-meble.pl\/wp-content\/uploads\/2024\/07\/LS9.webp",1500,1500,false],"mailpoet_newsletter_max":["https:\/\/team-meble.pl\/wp-content\/uploads\/2024\/07\/LS9-1320x1320.webp",1320,1320,true],"woocommerce_thumbnail":["https:\/\/team-meble.pl\/wp-content\/uploads\/2024\/07\/LS9-300x300.webp",300,300,true],"woocommerce_single":["https:\/\/team-meble.pl\/wp-content\/uploads\/2024\/07\/LS9-300x300.webp",300,300,true],"woocommerce_gallery_thumbnail":["https:\/\/team-meble.pl\/wp-content\/uploads\/2024\/07\/LS9-100x100.webp",100,100,true]},"uagb_author_info":{"display_name":"Wiola","author_link":"https:\/\/team-meble.pl\/cs\/author\/"},"uagb_comment_info":0,"uagb_excerpt":"Rozm\u011bry: \u0160\u00ed\u0159ka - 110 cm Hloubka - 40,6 cm V\u00fd\u0161ka - 78 cm","_links":{"self":[{"href":"https:\/\/team-meble.pl\/cs\/wp-json\/wp\/v2\/product\/10092","targetHints":{"allow":["GET"]}}],"collection":[{"href":"https:\/\/team-meble.pl\/cs\/wp-json\/wp\/v2\/product"}],"about":[{"href":"https:\/\/team-meble.pl\/cs\/wp-json\/wp\/v2\/types\/product"}],"replies":[{"embeddable":true,"href":"https:\/\/team-meble.pl\/cs\/wp-json\/wp\/v2\/comments?post=10092"}],"wp:featuredmedia":[{"embeddable":true,"href":"https:\/\/team-meble.pl\/cs\/wp-json\/wp\/v2\/media\/16364"}],"wp:attachment":[{"href":"https:\/\/team-meble.pl\/cs\/wp-json\/wp\/v2\/media?parent=10092"}],"wp:term":[{"taxonomy":"product_brand","embeddable":true,"href":"https:\/\/team-meble.pl\/cs\/wp-json\/wp\/v2\/product_brand?post=10092"},{"taxonomy":"product_cat","embeddable":true,"href":"https:\/\/team-meble.pl\/cs\/wp-json\/wp\/v2\/product_cat?post=10092"},{"taxonomy":"product_tag","embeddable":true,"href":"https:\/\/team-meble.pl\/cs\/wp-json\/wp\/v2\/product_tag?post=10092"}],"curies":[{"name":"wp","href":"https:\/\/api.w.org\/{rel}","templated":true}]}}