{"id":10119,"date":"2024-07-09T14:23:55","date_gmt":"2024-07-09T14:23:55","guid":{"rendered":"http:\/\/www.srv70508.seohost.com.pl\/produkt\/modularni-kuchynsky-nabytek-kammono-latte-dub-nebraska\/"},"modified":"2024-07-09T14:23:55","modified_gmt":"2024-07-09T14:23:55","slug":"modularni-kuchynsky-nabytek-kammono-latte-dub-nebraska","status":"publish","type":"product","link":"https:\/\/team-meble.pl\/cs\/produkt\/modularni-kuchynsky-nabytek-kammono-latte-dub-nebraska\/","title":{"rendered":"Modul\u00e1rn\u00ed kuchy\u0148sk\u00fd n\u00e1bytek Kammono Latte\/ Dub Nebraska"},"content":{"rendered":"<p>P\u0159edstaven\u00e1 kuchyn\u011b je kombinac\u00ed elegance, elegance a prakti\u010dnosti.<\/p>\n<p><strong>FRONTY L4<\/strong> &#8211; 19 mm siln\u00e1 lakovan\u00e1 \u010dela z MDF s fr\u00e9zovanou rukojet\u00ed . Povrch vytvrzen\u00fd UV z\u00e1\u0159en\u00edm v leskl\u00e9m nebo matn\u00e9m proveden\u00ed<\/p>\n<p><b>FRONTY P2<\/b> &#8211; tlou\u0161\u0165ka 18 mm z laminovan\u00fdch desek v p\u0159\u00edrodn\u00edch dekorech: borovice b\u00edl\u00e1, borovice andersen, buk sv\u011btl\u00fd, dub arlington, dub zlat\u00fd, dub \u0161ed\u00fd. Okraje desky jsou olemov\u00e1ny ABS hranou v odpov\u00eddaj\u00edc\u00ed barv\u011b pomoc\u00ed PUR lepidla.<\/p>\n<p><b>FRONTY KAMMONO BLACK K2 <\/b> gr. 18 mm z laminovan\u00fdch desek v p\u0159\u00edrodn\u00edch dekorech: borovice b\u00edl\u00e1, borovice andersen, buk sv\u011btl\u00fd, dub arlington, dub zlat\u00fd, dub \u0161ed\u00fd. Okraje desky jsou lemov\u00e1ny \u010dern\u00fdm 3mm lemem z ABS, do kter\u00e9ho je integrov\u00e1na \u010dern\u00e1 hlin\u00edkov\u00e1 rukoje\u0165.<\/p>\n<p><b>Modern\u00ed \u010dela P4 PO\u0141YSK<\/b> gr. 18 mm z laminovan\u00e9 desky pota\u017een\u00e9 b\u00edl\u00fdm nebo \u0161ed\u00fdm matn\u00fdm PET 0,6 mm ve vysok\u00e9m lesku. Okraje desky jsou olemov\u00e1ny ABS hranou v b\u00edl\u00e9 nebo \u0161ed\u00e9 barv\u011b pomoc\u00ed PUR lepidla (vod\u011bodoln\u00e9 lepidlo).<\/p>\n<p><b>Modern\u00ed \u010dela P4 SUPER MAT<\/b> gr. 18 mm s b\u00edl\u00fdm, \u0161ed\u00fdm nebo \u010dern\u00fdm povrchem odoln\u00fdm proti otisk\u016fm prst\u016f, po\u0161kr\u00e1b\u00e1n\u00ed a sametov\u00fdm na dotek. Okraje desky jsou olemov\u00e1ny ABS hranou v b\u00edl\u00e9, \u0161ed\u00e9 nebo \u010dern\u00e9 barv\u011b pomoc\u00ed PUR lepidla.<\/p>\n<p><b>\u010cELN\u00cd STRANY M4 &#8211; <\/b>18 mm siln\u00e9 <b>MDF \u010deln\u00ed strany <\/b>oboustrann\u011b laminovan\u00e9 s \u00fapravou proti otisk\u016fm prst\u016f a supermatnou povrchovou \u00fapravou.<\/p>\n<p><b>Klasick\u00e9 fronty<\/b> F4, F5,F6, F7 a F8 gr. 16 mm fr\u00e9zovan\u00e9, z MDF f\u00f3liovan\u00e9, k dispozici v sedmi barv\u00e1ch: b\u00edl\u00e1, borovice A, \u0161ed\u00e1, ka\u0161m\u00edrov\u00e1, dub arlington F, tmav\u011b modr\u00e1, \u010dedi\u010dov\u00e1, porcel\u00e1nov\u00e1, r\u016f\u017eov\u00e1, m\u00e1tov\u00e1, mo\u0159sk\u00e1.<\/p>\n<p><b>Dal\u0161\u00ed informace o kuchyni:<\/b><\/p>\n<p>&#8211; korpusy jsou vyrobeny z vysoce kvalitn\u00ed 16 mm siln\u00e9 n\u00e1bytkov\u00e9 desky v b\u00edl\u00e9 nebo \u0161ed\u00e9 barv\u011b, hrany jsou pokryty 0,8 mm PVC hranou.<\/p>\n<p>&#8211; Mo\u017enost volby nastaviteln\u00e9 v\u00fd\u0161ky nohou 10 cm nebo 15 cm (doporu\u010deno pro soupravy do my\u010dky n\u00e1dob\u00ed)<\/p>\n<p>&#8211; otev\u00edrateln\u00e9 sk\u0159\u00ed\u0148ky jsou vybaveny z\u00e1v\u011bsy s tich\u00fdm dov\u00edr\u00e1n\u00edm (krom\u011b rohov\u00e9 sk\u0159\u00ed\u0148ky).<\/p>\n<p>-li\u0161ty jsou k dispozici za p\u0159\u00edplatek &#8211; li\u0161ty jsou k dispozici v 10cm, 15cm PVC a \u010deln\u00ed li\u0161t\u011b dle rozm\u011br\u016f<\/p>\n<p>&#8211; Z\u00e1suvky MetalBox s brzdou jako standardn\u00ed vybaven\u00ed sk\u0159\u00edn\u011bk DS v \u0161\u00ed\u0159k\u00e1ch 40,45,50<\/p>\n<p>&#8211; Sk\u0159\u00edn\u011b TYPE <b>DSS<\/b> jsou standardn\u011b vybaveny n\u00e1st\u011bnn\u00fdmi z\u00e1suvkami<b> StarBOX Slim se zv\u00fd\u0161enou nosnost\u00ed a tich\u00fdm dov\u00edr\u00e1n\u00edm<\/b>.<\/p>\n<p>&#8211; Horn\u00ed sk\u0159\u00ed\u0148ky na nastaviteln\u00fdch z\u00e1v\u011bsech (upev\u0148ovac\u00ed li\u0161ta za p\u0159\u00edplatek)<\/p>\n<p>&#8211; Standardn\u00ed sk\u0159\u00ed\u0148ky WO s klapkami a v\u00fdtahy<\/p>\n<p>&#8211; n\u00e1bytek v samo-mont\u00e1\u017en\u00edm balen\u00ed<\/p>\n<p>&nbsp;<\/p>\n<p>&nbsp;<\/p>\n","protected":false},"excerpt":{"rendered":"<p>Rozm\u011bry sk\u0159\u00edn\u011b DSS60\/3: Dal\u0161\u00ed rozm\u011bry a ceny si vy\u017e\u00e1dejte u sv\u00e9ho prodejce.<\/p>\n<p>\u0160\u00ed\u0159ka &#8211; 60 cm<\/p>\n<p>Hloubka &#8211; 51 cm<\/p>\n<p>V\u00fd\u0161ka &#8211; 71 cm<\/p>\n<p>&nbsp;<\/p>\n<p>&nbsp;<\/p>\n","protected":false},"featured_media":16382,"comment_status":"open","ping_status":"closed","template":"","meta":{"_eb_attr":"","_uag_custom_page_level_css":"","site-sidebar-layout":"default","site-content-layout":"","ast-site-content-layout":"default","site-content-style":"default","site-sidebar-style":"default","ast-global-header-display":"","ast-banner-title-visibility":"","ast-main-header-display":"","ast-hfb-above-header-display":"","ast-hfb-below-header-display":"","ast-hfb-mobile-header-display":"","site-post-title":"","ast-breadcrumbs-content":"","ast-featured-img":"","footer-sml-layout":"","theme-transparent-header-meta":"default","adv-header-id-meta":"","stick-header-meta":"default","header-above-stick-meta":"","header-main-stick-meta":"","header-below-stick-meta":"","astra-migrate-meta-layouts":"set","ast-page-background-enabled":"default","ast-page-background-meta":{"desktop":{"background-color":"","background-image":"","background-repeat":"repeat","background-position":"center center","background-size":"auto","background-attachment":"scroll","background-type":"","background-media":"","overlay-type":"","overlay-color":"","overlay-opacity":"","overlay-gradient":""},"tablet":{"background-color":"","background-image":"","background-repeat":"repeat","background-position":"center center","background-size":"auto","background-attachment":"scroll","background-type":"","background-media":"","overlay-type":"","overlay-color":"","overlay-opacity":"","overlay-gradient":""},"mobile":{"background-color":"","background-image":"","background-repeat":"repeat","background-position":"center center","background-size":"auto","background-attachment":"scroll","background-type":"","background-media":"","overlay-type":"","overlay-color":"","overlay-opacity":"","overlay-gradient":""}},"ast-content-background-meta":{"desktop":{"background-color":"var(--ast-global-color-5)","background-image":"","background-repeat":"repeat","background-position":"center center","background-size":"auto","background-attachment":"scroll","background-type":"","background-media":"","overlay-type":"","overlay-color":"","overlay-opacity":"","overlay-gradient":""},"tablet":{"background-color":"var(--ast-global-color-5)","background-image":"","background-repeat":"repeat","background-position":"center center","background-size":"auto","background-attachment":"scroll","background-type":"","background-media":"","overlay-type":"","overlay-color":"","overlay-opacity":"","overlay-gradient":""},"mobile":{"background-color":"var(--ast-global-color-5)","background-image":"","background-repeat":"repeat","background-position":"center center","background-size":"auto","background-attachment":"scroll","background-type":"","background-media":"","overlay-type":"","overlay-color":"","overlay-opacity":"","overlay-gradient":""}}},"product_brand":[],"product_cat":[133,127,128],"product_tag":[],"class_list":{"0":"post-10119","1":"product","2":"type-product","3":"status-publish","4":"has-post-thumbnail","6":"product_cat-kuchyne","7":"product_cat-kuchynsky-nabytek","8":"product_cat-modularni-nabytek","9":"desktop-align-left","10":"tablet-align-left","11":"mobile-align-left","12":"ast-product-gallery-layout-horizontal-slider","13":"ast-product-tabs-layout-horizontal","14":"ast-qv-on-image","16":"first","17":"onbackorder","18":"shipping-taxable","19":"purchasable","20":"product-type-simple"},"spectra_custom_meta":{"_iwo_price_last_change":["a:4:{s:5:\"price\";s:0:\"\";s:10:\"price_sale\";s:0:\"\";s:19:\"price_including_tax\";d:0;s:9:\"timestamp\";i:1720546780;}"],"_eb_reusable_block_ids":["a:0:{}"],"_alp_processed":["1720546780"],"_wcml_average_rating":[null],"_wcml_review_count":[null],"_wcml_rating_count":[null],"_backorders":["no"],"_download_limit":["-1"],"_download_expiry":["-1"],"_downloadable":["no"],"_manage_stock":["no"],"_stock_status":["onbackorder"],"_sold_individually":["no"],"_tax_class":[""],"_tax_status":["taxable"],"_virtual":["no"],"total_sales":["0"],"_regular_price":[6309.9],"_price":[6309.9],"_wpml_media_duplicate":["0"],"_wpml_media_featured":["0"],"stick-header-meta":["default"],"site-sidebar-layout":["default"],"theme-transparent-header-meta":["default"],"ast-site-content-layout":["default"],"site-content-style":["default"],"site-sidebar-style":["default"],"astra-migrate-meta-layouts":["set"],"wcml_sync_hash":["a:1:{s:15:\"postmeta_fields\";s:32:\"6820a9adf2315b885faf9c0f432d8847\";}"],"attr_label_translations":["a:0:{}"],"_product_attributes":["a:0:{}"],"_default_attributes":["a:0:{}"],"_upsell_ids":["a:0:{}"],"_crosssell_ids":["a:0:{}"],"_children":["a:0:{}"],"_uag_page_assets":["a:9:{s:3:\"css\";s:263:\".uag-blocks-common-selector{z-index:var(--z-index-desktop) !important}@media (max-width: 976px){.uag-blocks-common-selector{z-index:var(--z-index-tablet) !important}}@media (max-width: 767px){.uag-blocks-common-selector{z-index:var(--z-index-mobile) !important}}\n\";s:2:\"js\";s:0:\"\";s:18:\"current_block_list\";a:13:{i:0;s:11:\"core\/search\";i:1;s:10:\"core\/group\";i:2;s:12:\"core\/heading\";i:3;s:17:\"core\/latest-posts\";i:4;s:20:\"core\/latest-comments\";i:5;s:13:\"core\/archives\";i:6;s:15:\"core\/categories\";i:7;s:26:\"woocommerce\/filter-wrapper\";i:8;s:24:\"woocommerce\/price-filter\";i:9;s:30:\"woocommerce\/product-categories\";i:10;s:26:\"woocommerce\/active-filters\";i:11;s:23:\"essential-blocks\/social\";i:12;s:24:\"woocommerce\/stock-filter\";}s:8:\"uag_flag\";b:0;s:11:\"uag_version\";s:10:\"1776853427\";s:6:\"gfonts\";a:0:{}s:10:\"gfonts_url\";s:0:\"\";s:12:\"gfonts_files\";a:0:{}s:14:\"uag_faq_layout\";b:0;}"],"_wp_attachment_metadata":[""],"_thumbnail_id":["16382"],"_max_variation_price":[""],"_max_variation_regular_price":[""],"_max_variation_sale_price":[""],"_min_variation_price":[""],"_min_variation_regular_price":[""],"_min_variation_sale_price":[""],"_sale_price":[""],"_wc_rating_count":[""],"_wc_review_count":[""],"_wc_average_rating":[0]},"uagb_featured_image_src":{"full":["https:\/\/team-meble.pl\/wp-content\/uploads\/2024\/07\/KAMMONO-Kuchnia-29-front-L4-P2-bezuchwyt-lakier-mat-polyskNA-WYMIAR-PROJEKT.jpg",1500,1061,false],"thumbnail":["https:\/\/team-meble.pl\/wp-content\/uploads\/2024\/07\/KAMMONO-Kuchnia-29-front-L4-P2-bezuchwyt-lakier-mat-polyskNA-WYMIAR-PROJEKT-150x150.jpg",150,150,true],"medium":["https:\/\/team-meble.pl\/wp-content\/uploads\/2024\/07\/KAMMONO-Kuchnia-29-front-L4-P2-bezuchwyt-lakier-mat-polyskNA-WYMIAR-PROJEKT-300x212.jpg",300,212,true],"medium_large":["https:\/\/team-meble.pl\/wp-content\/uploads\/2024\/07\/KAMMONO-Kuchnia-29-front-L4-P2-bezuchwyt-lakier-mat-polyskNA-WYMIAR-PROJEKT-768x543.jpg",768,543,true],"large":["https:\/\/team-meble.pl\/wp-content\/uploads\/2024\/07\/KAMMONO-Kuchnia-29-front-L4-P2-bezuchwyt-lakier-mat-polyskNA-WYMIAR-PROJEKT-1024x724.jpg",1024,724,true],"1536x1536":["https:\/\/team-meble.pl\/wp-content\/uploads\/2024\/07\/KAMMONO-Kuchnia-29-front-L4-P2-bezuchwyt-lakier-mat-polyskNA-WYMIAR-PROJEKT.jpg",1500,1061,false],"2048x2048":["https:\/\/team-meble.pl\/wp-content\/uploads\/2024\/07\/KAMMONO-Kuchnia-29-front-L4-P2-bezuchwyt-lakier-mat-polyskNA-WYMIAR-PROJEKT.jpg",1500,1061,false],"mailpoet_newsletter_max":["https:\/\/team-meble.pl\/wp-content\/uploads\/2024\/07\/KAMMONO-Kuchnia-29-front-L4-P2-bezuchwyt-lakier-mat-polyskNA-WYMIAR-PROJEKT-1320x934.jpg",1320,934,true],"woocommerce_thumbnail":["https:\/\/team-meble.pl\/wp-content\/uploads\/2024\/07\/KAMMONO-Kuchnia-29-front-L4-P2-bezuchwyt-lakier-mat-polyskNA-WYMIAR-PROJEKT-300x300.jpg",300,300,true],"woocommerce_single":["https:\/\/team-meble.pl\/wp-content\/uploads\/2024\/07\/KAMMONO-Kuchnia-29-front-L4-P2-bezuchwyt-lakier-mat-polyskNA-WYMIAR-PROJEKT-300x212.jpg",300,212,true],"woocommerce_gallery_thumbnail":["https:\/\/team-meble.pl\/wp-content\/uploads\/2024\/07\/KAMMONO-Kuchnia-29-front-L4-P2-bezuchwyt-lakier-mat-polyskNA-WYMIAR-PROJEKT-100x100.jpg",100,100,true]},"uagb_author_info":{"display_name":"Wiola","author_link":"https:\/\/team-meble.pl\/cs\/author\/"},"uagb_comment_info":0,"uagb_excerpt":"Rozm\u011bry sk\u0159\u00edn\u011b DSS60\/3: Dal\u0161\u00ed rozm\u011bry a ceny si vy\u017e\u00e1dejte u sv\u00e9ho prodejce. \u0160\u00ed\u0159ka - 60 cm Hloubka - 51 cm V\u00fd\u0161ka - 71 cm &nbsp; &nbsp;","_links":{"self":[{"href":"https:\/\/team-meble.pl\/cs\/wp-json\/wp\/v2\/product\/10119","targetHints":{"allow":["GET"]}}],"collection":[{"href":"https:\/\/team-meble.pl\/cs\/wp-json\/wp\/v2\/product"}],"about":[{"href":"https:\/\/team-meble.pl\/cs\/wp-json\/wp\/v2\/types\/product"}],"replies":[{"embeddable":true,"href":"https:\/\/team-meble.pl\/cs\/wp-json\/wp\/v2\/comments?post=10119"}],"wp:featuredmedia":[{"embeddable":true,"href":"https:\/\/team-meble.pl\/cs\/wp-json\/wp\/v2\/media\/16382"}],"wp:attachment":[{"href":"https:\/\/team-meble.pl\/cs\/wp-json\/wp\/v2\/media?parent=10119"}],"wp:term":[{"taxonomy":"product_brand","embeddable":true,"href":"https:\/\/team-meble.pl\/cs\/wp-json\/wp\/v2\/product_brand?post=10119"},{"taxonomy":"product_cat","embeddable":true,"href":"https:\/\/team-meble.pl\/cs\/wp-json\/wp\/v2\/product_cat?post=10119"},{"taxonomy":"product_tag","embeddable":true,"href":"https:\/\/team-meble.pl\/cs\/wp-json\/wp\/v2\/product_tag?post=10119"}],"curies":[{"name":"wp","href":"https:\/\/api.w.org\/{rel}","templated":true}]}}