{"id":10124,"date":"2024-05-27T13:54:26","date_gmt":"2024-05-27T13:54:26","guid":{"rendered":"http:\/\/www.srv70508.seohost.com.pl\/produkt\/top-mix-1d4s-komoda\/"},"modified":"2025-06-05T13:57:13","modified_gmt":"2025-06-05T13:57:13","slug":"top-mix-1d4s-komoda","status":"publish","type":"product","link":"https:\/\/team-meble.pl\/cs\/produkt\/top-mix-1d4s-komoda\/","title":{"rendered":"Top Mix 1d4s komoda"},"content":{"rendered":"<p>Komoda Top Mix je vybavena z\u00e1suvkami a sk\u0159\u00ed\u0148kou. Jednoduch\u00fd tvar se bude l\u00edbit milovn\u00edk\u016fm minimalismu. Je k dispozici ve dvou barevn\u00fdch proveden\u00edch &#8211; dub sonoma a b\u00edl\u00e1 v kombinaci s imitac\u00ed d\u0159eva. Je ide\u00e1ln\u00ed pro uspo\u0159\u00e1d\u00e1n\u00ed mal\u00fdch m\u00edstnost\u00ed. Hod\u00ed se do ob\u00fdvac\u00edho pokoje, pokoje pro ml\u00e1de\u017e i do chodby.<\/p>\n","protected":false},"excerpt":{"rendered":"<p>Rozm\u011bry:<\/p>\n<p>\u0160\u00ed\u0159ka &#8211; 80 cm<\/p>\n<p>Hloubka &#8211; 33 cm<\/p>\n<p>V\u00fd\u0161ka &#8211; 85 cm<\/p>\n","protected":false},"featured_media":9480,"comment_status":"open","ping_status":"closed","template":"","meta":{"_eb_attr":"","_uag_custom_page_level_css":"","site-sidebar-layout":"default","site-content-layout":"","ast-site-content-layout":"default","site-content-style":"default","site-sidebar-style":"default","ast-global-header-display":"","ast-banner-title-visibility":"","ast-main-header-display":"","ast-hfb-above-header-display":"","ast-hfb-below-header-display":"","ast-hfb-mobile-header-display":"","site-post-title":"","ast-breadcrumbs-content":"","ast-featured-img":"","footer-sml-layout":"","theme-transparent-header-meta":"default","adv-header-id-meta":"","stick-header-meta":"default","header-above-stick-meta":"","header-main-stick-meta":"","header-below-stick-meta":"","astra-migrate-meta-layouts":"set","ast-page-background-enabled":"default","ast-page-background-meta":{"desktop":{"background-color":"","background-image":"","background-repeat":"repeat","background-position":"center center","background-size":"auto","background-attachment":"scroll","background-type":"","background-media":"","overlay-type":"","overlay-color":"","overlay-opacity":"","overlay-gradient":""},"tablet":{"background-color":"","background-image":"","background-repeat":"repeat","background-position":"center center","background-size":"auto","background-attachment":"scroll","background-type":"","background-media":"","overlay-type":"","overlay-color":"","overlay-opacity":"","overlay-gradient":""},"mobile":{"background-color":"","background-image":"","background-repeat":"repeat","background-position":"center center","background-size":"auto","background-attachment":"scroll","background-type":"","background-media":"","overlay-type":"","overlay-color":"","overlay-opacity":"","overlay-gradient":""}},"ast-content-background-meta":{"desktop":{"background-color":"var(--ast-global-color-5)","background-image":"","background-repeat":"repeat","background-position":"center center","background-size":"auto","background-attachment":"scroll","background-type":"","background-media":"","overlay-type":"","overlay-color":"","overlay-opacity":"","overlay-gradient":""},"tablet":{"background-color":"var(--ast-global-color-5)","background-image":"","background-repeat":"repeat","background-position":"center center","background-size":"auto","background-attachment":"scroll","background-type":"","background-media":"","overlay-type":"","overlay-color":"","overlay-opacity":"","overlay-gradient":""},"mobile":{"background-color":"var(--ast-global-color-5)","background-image":"","background-repeat":"repeat","background-position":"center center","background-size":"auto","background-attachment":"scroll","background-type":"","background-media":"","overlay-type":"","overlay-color":"","overlay-opacity":"","overlay-gradient":""}}},"product_brand":[],"product_cat":[93,104,94,105,103,132,108],"product_tag":[],"class_list":{"0":"post-10124","1":"product","2":"type-product","3":"status-publish","4":"has-post-thumbnail","6":"product_cat-detsky-pokoj","7":"product_cat-jidelna","8":"product_cat-loznice","9":"product_cat-predsin","10":"product_cat-salon-cs","11":"product_cat-kancelar","12":"product_cat-komody-cs","13":"desktop-align-left","14":"tablet-align-left","15":"mobile-align-left","16":"ast-product-gallery-layout-horizontal-slider","17":"ast-product-tabs-layout-horizontal","18":"ast-qv-on-image","20":"first","21":"instock","22":"shipping-taxable","23":"purchasable","24":"product-type-simple"},"spectra_custom_meta":{"_iwo_price_last_change":["a:4:{s:5:\"price\";s:3:\"359\";s:10:\"price_sale\";s:0:\"\";s:19:\"price_including_tax\";d:359;s:9:\"timestamp\";i:1749131833;}"],"_eb_reusable_block_ids":["a:0:{}"],"_alp_processed":["1749131833"],"_wcml_average_rating":[null],"_wcml_review_count":[null],"_wcml_rating_count":[null],"_backorders":["no"],"_download_limit":["-1"],"_download_expiry":["-1"],"_downloadable":["no"],"_manage_stock":["no"],"_stock_status":["instock"],"_sold_individually":["no"],"_tax_class":[""],"_tax_status":["taxable"],"_virtual":["no"],"total_sales":["0"],"_wpml_media_duplicate":["1"],"_wpml_media_featured":["1"],"stick-header-meta":["default"],"site-sidebar-layout":["default"],"theme-transparent-header-meta":["default"],"ast-site-content-layout":["default"],"site-content-style":["default"],"site-sidebar-style":["default"],"astra-migrate-meta-layouts":["set"],"wcml_sync_hash":["a:1:{s:15:\"postmeta_fields\";s:32:\"461c50eec47724df876ca631a5267ebd\";}"],"attr_label_translations":["a:0:{}"],"_thumbnail_id":["9480"],"_crosssell_ids":["a:0:{}"],"_wp_attachment_metadata":[""],"_downloadable_files":[""],"_product_image_gallery":["9482,9484,9486,9488"],"_iwo_price_log":["a:4:{s:5:\"price\";s:3:\"359\";s:10:\"price_sale\";s:0:\"\";s:19:\"price_including_tax\";d:359;s:9:\"timestamp\";i:1749131833;}"],"_last_translation_edit_mode":["translation-editor"],"_wpml_word_count":["67"],"_uag_page_assets":["a:9:{s:3:\"css\";s:0:\"\";s:2:\"js\";s:0:\"\";s:18:\"current_block_list\";a:13:{i:0;s:11:\"core\/search\";i:1;s:10:\"core\/group\";i:2;s:12:\"core\/heading\";i:3;s:17:\"core\/latest-posts\";i:4;s:20:\"core\/latest-comments\";i:5;s:13:\"core\/archives\";i:6;s:15:\"core\/categories\";i:7;s:26:\"woocommerce\/filter-wrapper\";i:8;s:24:\"woocommerce\/price-filter\";i:9;s:30:\"woocommerce\/product-categories\";i:10;s:26:\"woocommerce\/active-filters\";i:11;s:23:\"essential-blocks\/social\";i:12;s:24:\"woocommerce\/stock-filter\";}s:8:\"uag_flag\";b:0;s:11:\"uag_version\";s:10:\"1776274785\";s:6:\"gfonts\";a:0:{}s:10:\"gfonts_url\";s:0:\"\";s:12:\"gfonts_files\";a:0:{}s:14:\"uag_faq_layout\";b:0;}"],"_regular_price":[2160.3],"_price":[2160.3],"_max_variation_price":[""],"_max_variation_regular_price":[""],"_max_variation_sale_price":[""],"_min_variation_price":[""],"_min_variation_regular_price":[""],"_min_variation_sale_price":[""],"_sale_price":[""],"_wc_rating_count":[""],"_wc_review_count":[""],"_wc_average_rating":[0]},"uagb_featured_image_src":{"full":["https:\/\/team-meble.pl\/wp-content\/uploads\/2024\/05\/BosImagesHandler-2.png",150,150,false],"thumbnail":["https:\/\/team-meble.pl\/wp-content\/uploads\/2024\/05\/BosImagesHandler-2.png",150,150,false],"medium":["https:\/\/team-meble.pl\/wp-content\/uploads\/2024\/05\/BosImagesHandler-2.png",150,150,false],"medium_large":["https:\/\/team-meble.pl\/wp-content\/uploads\/2024\/05\/BosImagesHandler-2.png",150,150,false],"large":["https:\/\/team-meble.pl\/wp-content\/uploads\/2024\/05\/BosImagesHandler-2.png",150,150,false],"1536x1536":["https:\/\/team-meble.pl\/wp-content\/uploads\/2024\/05\/BosImagesHandler-2.png",150,150,false],"2048x2048":["https:\/\/team-meble.pl\/wp-content\/uploads\/2024\/05\/BosImagesHandler-2.png",150,150,false],"mailpoet_newsletter_max":["https:\/\/team-meble.pl\/wp-content\/uploads\/2024\/05\/BosImagesHandler-2.png",150,150,false],"woocommerce_thumbnail":["https:\/\/team-meble.pl\/wp-content\/uploads\/2024\/05\/BosImagesHandler-2.png",150,150,false],"woocommerce_single":["https:\/\/team-meble.pl\/wp-content\/uploads\/2024\/05\/BosImagesHandler-2.png",150,150,false],"woocommerce_gallery_thumbnail":["https:\/\/team-meble.pl\/wp-content\/uploads\/2024\/05\/BosImagesHandler-2-100x100.png",100,100,true]},"uagb_author_info":{"display_name":"Wiola","author_link":"https:\/\/team-meble.pl\/cs\/author\/"},"uagb_comment_info":0,"uagb_excerpt":"Rozm\u011bry: \u0160\u00ed\u0159ka - 80 cm Hloubka - 33 cm V\u00fd\u0161ka - 85 cm","_links":{"self":[{"href":"https:\/\/team-meble.pl\/cs\/wp-json\/wp\/v2\/product\/10124","targetHints":{"allow":["GET"]}}],"collection":[{"href":"https:\/\/team-meble.pl\/cs\/wp-json\/wp\/v2\/product"}],"about":[{"href":"https:\/\/team-meble.pl\/cs\/wp-json\/wp\/v2\/types\/product"}],"replies":[{"embeddable":true,"href":"https:\/\/team-meble.pl\/cs\/wp-json\/wp\/v2\/comments?post=10124"}],"wp:featuredmedia":[{"embeddable":true,"href":"https:\/\/team-meble.pl\/cs\/wp-json\/wp\/v2\/media\/9480"}],"wp:attachment":[{"href":"https:\/\/team-meble.pl\/cs\/wp-json\/wp\/v2\/media?parent=10124"}],"wp:term":[{"taxonomy":"product_brand","embeddable":true,"href":"https:\/\/team-meble.pl\/cs\/wp-json\/wp\/v2\/product_brand?post=10124"},{"taxonomy":"product_cat","embeddable":true,"href":"https:\/\/team-meble.pl\/cs\/wp-json\/wp\/v2\/product_cat?post=10124"},{"taxonomy":"product_tag","embeddable":true,"href":"https:\/\/team-meble.pl\/cs\/wp-json\/wp\/v2\/product_tag?post=10124"}],"curies":[{"name":"wp","href":"https:\/\/api.w.org\/{rel}","templated":true}]}}