{"id":10132,"date":"2024-05-21T11:08:47","date_gmt":"2024-05-21T11:08:47","guid":{"rendered":"http:\/\/www.srv70508.seohost.com.pl\/produkt\/zidle-ballo-brego\/"},"modified":"2026-02-24T10:25:14","modified_gmt":"2026-02-24T10:25:14","slug":"zidle-ballo-brego","status":"publish","type":"product","link":"https:\/\/team-meble.pl\/cs\/produkt\/zidle-ballo-brego\/","title":{"rendered":"\u017didle Ballo Brego"},"content":{"rendered":"<aside>\u017didle Ballo Brego 18 tmav\u011b \u0161ed\u00e1<\/aside>\n<aside>R\u00e1m z matn\u00e9ho \u010dern\u00e9ho kovu<\/aside>\n<aside>Sed\u00e1k oto\u010dn\u00fd o 180 stup\u0148\u016f s funkc\u00ed n\u00e1vratu do p\u016fvodn\u00ed polohy.<\/aside>\n","protected":false},"excerpt":{"rendered":"<p>\u017didle Ballo Brego 18 tmav\u011b \u0161ed\u00e1 R\u00e1m z matn\u00e9ho \u010dern\u00e9ho kovu Sed\u00e1k oto\u010dn\u00fd o 180 stup\u0148\u016f s funkc\u00ed n\u00e1vratu do p\u016fvodn\u00ed polohy.<\/p>\n","protected":false},"featured_media":9315,"comment_status":"open","ping_status":"closed","template":"","meta":{"_eb_attr":"","_uag_custom_page_level_css":"","site-sidebar-layout":"default","site-content-layout":"","ast-site-content-layout":"default","site-content-style":"default","site-sidebar-style":"default","ast-global-header-display":"","ast-banner-title-visibility":"","ast-main-header-display":"","ast-hfb-above-header-display":"","ast-hfb-below-header-display":"","ast-hfb-mobile-header-display":"","site-post-title":"","ast-breadcrumbs-content":"","ast-featured-img":"","footer-sml-layout":"","theme-transparent-header-meta":"default","adv-header-id-meta":"","stick-header-meta":"default","header-above-stick-meta":"","header-main-stick-meta":"","header-below-stick-meta":"","astra-migrate-meta-layouts":"set","ast-page-background-enabled":"default","ast-page-background-meta":{"desktop":{"background-color":"","background-image":"","background-repeat":"repeat","background-position":"center center","background-size":"auto","background-attachment":"scroll","background-type":"","background-media":"","overlay-type":"","overlay-color":"","overlay-opacity":"","overlay-gradient":""},"tablet":{"background-color":"","background-image":"","background-repeat":"repeat","background-position":"center center","background-size":"auto","background-attachment":"scroll","background-type":"","background-media":"","overlay-type":"","overlay-color":"","overlay-opacity":"","overlay-gradient":""},"mobile":{"background-color":"","background-image":"","background-repeat":"repeat","background-position":"center center","background-size":"auto","background-attachment":"scroll","background-type":"","background-media":"","overlay-type":"","overlay-color":"","overlay-opacity":"","overlay-gradient":""}},"ast-content-background-meta":{"desktop":{"background-color":"var(--ast-global-color-5)","background-image":"","background-repeat":"repeat","background-position":"center center","background-size":"auto","background-attachment":"scroll","background-type":"","background-media":"","overlay-type":"","overlay-color":"","overlay-opacity":"","overlay-gradient":""},"tablet":{"background-color":"var(--ast-global-color-5)","background-image":"","background-repeat":"repeat","background-position":"center center","background-size":"auto","background-attachment":"scroll","background-type":"","background-media":"","overlay-type":"","overlay-color":"","overlay-opacity":"","overlay-gradient":""},"mobile":{"background-color":"var(--ast-global-color-5)","background-image":"","background-repeat":"repeat","background-position":"center center","background-size":"auto","background-attachment":"scroll","background-type":"","background-media":"","overlay-type":"","overlay-color":"","overlay-opacity":"","overlay-gradient":""}}},"product_brand":[],"product_cat":[93,104,103,132,134],"product_tag":[],"class_list":{"0":"post-10132","1":"product","2":"type-product","3":"status-publish","4":"has-post-thumbnail","6":"product_cat-detsky-pokoj","7":"product_cat-jidelna","8":"product_cat-salon-cs","9":"product_cat-kancelar","10":"product_cat-zidle-cs-nabytek","11":"desktop-align-left","12":"tablet-align-left","13":"mobile-align-left","14":"ast-product-gallery-layout-horizontal-slider","15":"ast-product-tabs-layout-horizontal","16":"ast-qv-on-image","18":"first","19":"instock","20":"shipping-taxable","21":"purchasable","22":"product-type-simple"},"spectra_custom_meta":{"_iwo_price_last_change":["a:4:{s:5:\"price\";s:3:\"289\";s:10:\"price_sale\";s:0:\"\";s:19:\"price_including_tax\";d:289;s:9:\"timestamp\";i:1771928714;}"],"_eb_reusable_block_ids":["a:0:{}"],"_alp_processed":["1771928714"],"_wcml_average_rating":[null],"_wcml_review_count":[null],"_wcml_rating_count":[null],"_backorders":["no"],"_download_limit":["-1"],"_download_expiry":["-1"],"_downloadable":["no"],"_manage_stock":["no"],"_stock_status":["instock"],"_sold_individually":["no"],"_tax_class":[""],"_tax_status":["taxable"],"_virtual":["no"],"total_sales":["0"],"_wpml_media_duplicate":["1"],"_wpml_media_featured":["1"],"stick-header-meta":["default"],"site-sidebar-layout":["default"],"theme-transparent-header-meta":["default"],"ast-site-content-layout":["default"],"site-content-style":["default"],"site-sidebar-style":["default"],"astra-migrate-meta-layouts":["set"],"wcml_sync_hash":["a:1:{s:15:\"postmeta_fields\";s:32:\"5ec070b927910fb174698cdc61bb0c09\";}"],"attr_label_translations":["a:0:{}"],"_thumbnail_id":["9315"],"_crosssell_ids":["a:0:{}"],"_wp_attachment_metadata":[""],"_product_image_gallery":["9317,9319,9321,9323,9325,9327,9329,9331,9333,9335"],"_regular_price":[1647.3],"_price":[1647.3],"_iwo_price_log":["a:4:{s:5:\"price\";s:3:\"289\";s:10:\"price_sale\";s:0:\"\";s:19:\"price_including_tax\";d:289;s:9:\"timestamp\";i:1771928714;}"],"_last_translation_edit_mode":["translation-editor"],"_wpml_word_count":["25"],"_uag_page_assets":["a:9:{s:3:\"css\";s:0:\"\";s:2:\"js\";s:0:\"\";s:18:\"current_block_list\";a:13:{i:0;s:11:\"core\/search\";i:1;s:10:\"core\/group\";i:2;s:12:\"core\/heading\";i:3;s:17:\"core\/latest-posts\";i:4;s:20:\"core\/latest-comments\";i:5;s:13:\"core\/archives\";i:6;s:15:\"core\/categories\";i:7;s:26:\"woocommerce\/filter-wrapper\";i:8;s:24:\"woocommerce\/price-filter\";i:9;s:30:\"woocommerce\/product-categories\";i:10;s:26:\"woocommerce\/active-filters\";i:11;s:23:\"essential-blocks\/social\";i:12;s:24:\"woocommerce\/stock-filter\";}s:8:\"uag_flag\";b:0;s:11:\"uag_version\";s:10:\"1776256496\";s:6:\"gfonts\";a:0:{}s:10:\"gfonts_url\";s:0:\"\";s:12:\"gfonts_files\";a:0:{}s:14:\"uag_faq_layout\";b:0;}"],"_max_variation_price":[""],"_max_variation_regular_price":[""],"_max_variation_sale_price":[""],"_min_variation_price":[""],"_min_variation_regular_price":[""],"_min_variation_sale_price":[""],"_sale_price":[""],"_wc_rating_count":[""],"_wc_review_count":[""],"_wc_average_rating":[0]},"uagb_featured_image_src":{"full":["https:\/\/team-meble.pl\/wp-content\/uploads\/2024\/05\/12-6.jpeg.webp",1500,1000,false],"thumbnail":["https:\/\/team-meble.pl\/wp-content\/uploads\/2024\/05\/12-6.jpeg-150x150.webp",150,150,true],"medium":["https:\/\/team-meble.pl\/wp-content\/uploads\/2024\/05\/12-6.jpeg-300x200.webp",300,200,true],"medium_large":["https:\/\/team-meble.pl\/wp-content\/uploads\/2024\/05\/12-6.jpeg-768x512.webp",768,512,true],"large":["https:\/\/team-meble.pl\/wp-content\/uploads\/2024\/05\/12-6.jpeg-1024x683.webp",1024,683,true],"1536x1536":["https:\/\/team-meble.pl\/wp-content\/uploads\/2024\/05\/12-6.jpeg.webp",1500,1000,false],"2048x2048":["https:\/\/team-meble.pl\/wp-content\/uploads\/2024\/05\/12-6.jpeg.webp",1500,1000,false],"mailpoet_newsletter_max":["https:\/\/team-meble.pl\/wp-content\/uploads\/2024\/05\/12-6.jpeg-1320x880.webp",1320,880,true],"woocommerce_thumbnail":["https:\/\/team-meble.pl\/wp-content\/uploads\/2024\/05\/12-6.jpeg-300x300.webp",300,300,true],"woocommerce_single":["https:\/\/team-meble.pl\/wp-content\/uploads\/2024\/05\/12-6.jpeg-300x200.webp",300,200,true],"woocommerce_gallery_thumbnail":["https:\/\/team-meble.pl\/wp-content\/uploads\/2024\/05\/12-6.jpeg-100x100.webp",100,100,true]},"uagb_author_info":{"display_name":"Wiola","author_link":"https:\/\/team-meble.pl\/cs\/author\/"},"uagb_comment_info":0,"uagb_excerpt":"\u017didle Ballo Brego 18 tmav\u011b \u0161ed\u00e1 R\u00e1m z matn\u00e9ho \u010dern\u00e9ho kovu Sed\u00e1k oto\u010dn\u00fd o 180 stup\u0148\u016f s funkc\u00ed n\u00e1vratu do p\u016fvodn\u00ed polohy.","_links":{"self":[{"href":"https:\/\/team-meble.pl\/cs\/wp-json\/wp\/v2\/product\/10132","targetHints":{"allow":["GET"]}}],"collection":[{"href":"https:\/\/team-meble.pl\/cs\/wp-json\/wp\/v2\/product"}],"about":[{"href":"https:\/\/team-meble.pl\/cs\/wp-json\/wp\/v2\/types\/product"}],"replies":[{"embeddable":true,"href":"https:\/\/team-meble.pl\/cs\/wp-json\/wp\/v2\/comments?post=10132"}],"wp:featuredmedia":[{"embeddable":true,"href":"https:\/\/team-meble.pl\/cs\/wp-json\/wp\/v2\/media\/9315"}],"wp:attachment":[{"href":"https:\/\/team-meble.pl\/cs\/wp-json\/wp\/v2\/media?parent=10132"}],"wp:term":[{"taxonomy":"product_brand","embeddable":true,"href":"https:\/\/team-meble.pl\/cs\/wp-json\/wp\/v2\/product_brand?post=10132"},{"taxonomy":"product_cat","embeddable":true,"href":"https:\/\/team-meble.pl\/cs\/wp-json\/wp\/v2\/product_cat?post=10132"},{"taxonomy":"product_tag","embeddable":true,"href":"https:\/\/team-meble.pl\/cs\/wp-json\/wp\/v2\/product_tag?post=10132"}],"curies":[{"name":"wp","href":"https:\/\/api.w.org\/{rel}","templated":true}]}}