{"id":10159,"date":"2024-05-16T08:55:07","date_gmt":"2024-05-16T08:55:07","guid":{"rendered":"http:\/\/www.srv70508.seohost.com.pl\/produkt\/rehabilitacni-matrace-cora-140x200\/"},"modified":"2025-09-30T14:10:10","modified_gmt":"2025-09-30T14:10:10","slug":"rehabilitacni-matrace-cora-140x200","status":"publish","type":"product","link":"https:\/\/team-meble.pl\/cs\/produkt\/rehabilitacni-matrace-cora-140x200\/","title":{"rendered":"Rehabilita\u010dn\u00ed matrace Cora 140&#215;200"},"content":{"rendered":"<p>Cora je kvintesenc\u00ed pohodl\u00ed a udr\u017eitelnosti. Kombinace a\u017e p\u011bti vrstev surovin zaji\u0161\u0165uje nejvy\u0161\u0161\u00ed komfort sp\u00e1nku a zes\u00edlen\u00e1 pru\u017eina, kter\u00e1 tvo\u0159\u00ed j\u00e1dro matrace, zaru\u010duje stabilitu a vysokou odolnost proti deformaci.<\/p>\n<p>Ka\u017ed\u00fd metr \u010dtvere\u010dn\u00ed rehabilita\u010dn\u00ed matrace Cora obsahuje a\u017e 260 pru\u017ein rozm\u00edst\u011bn\u00fdch v sedmi z\u00f3n\u00e1ch tuhosti. Umo\u017e\u0148uj\u00ed stabiln\u00ed bodovou oporu t\u011bla bez ohledu na polohu, ve kter\u00e9 sp\u00edte. Dob\u0159e poslou\u017e\u00ed i v p\u0159\u00edpad\u011b, \u017ee sd\u00edl\u00edte matraci se svou druhou polovi\u010dkou. Pru\u017einy ru\u0161\u00ed \u00fa\u010dinek tzv. &#8222;pru\u017einov\u00e9ho efektu&#8220;. &#8222;vln\u011bn\u00ed&#8220;, tak\u017ee kdy\u017e se ve sp\u00e1nku ot\u00e1\u010d\u00edte, druh\u00e1 osoba va\u0161e pohyby nec\u00edt\u00ed. Za zm\u00ednku tak\u00e9 stoj\u00ed, \u017ee model pru\u017ein pou\u017eit\u00fd v matraci Cora je verze HARD, tj. pru\u017einy se zv\u00fd\u0161en\u00fdm pr\u016fm\u011brem dr\u00e1tu. To znamen\u00e1, \u017ee jsou siln\u011bj\u0161\u00ed a pevn\u011bj\u0161\u00ed ne\u017e jejich standardn\u00ed verze, co\u017e se p\u0159\u00edmo projevuje ve zv\u00fd\u0161en\u00ed pevnosti a pocitu stability matrace.<\/p>\n<p>Ta\u0161ti\u010dkov\u00e9 pru\u017einy tvo\u0159\u00ed pevnou z\u00e1kladnu pro p\u011bnu Energy Foam, kter\u00e1 je odoln\u00e1 proti deformac\u00edm, podporuje latex, p\u0159izp\u016fsobuje se t\u011blu a zvy\u0161uje v\u00fd\u0161ku matrace. Latex, kter\u00fd je c\u00edtit t\u011bsn\u011b pod potahem, d\u016fkladn\u011b podp\u00edr\u00e1 t\u011blo a je m\u011bkk\u00fd na dotek.<\/p>\n","protected":false},"excerpt":{"rendered":"<p>Rozm\u011bry:<\/p>\n<p>\u0161\u00ed\u0159ka &#8211; 140 cm<\/p>\n<p>hloubka &#8211; 200 cm<\/p>\n<p>v\u00fd\u0161ka &#8211; 22 cm<\/p>\n","protected":false},"featured_media":8875,"comment_status":"open","ping_status":"closed","template":"","meta":{"_eb_attr":"","_uag_custom_page_level_css":"","site-sidebar-layout":"default","site-content-layout":"","ast-site-content-layout":"default","site-content-style":"default","site-sidebar-style":"default","ast-global-header-display":"","ast-banner-title-visibility":"","ast-main-header-display":"","ast-hfb-above-header-display":"","ast-hfb-below-header-display":"","ast-hfb-mobile-header-display":"","site-post-title":"","ast-breadcrumbs-content":"","ast-featured-img":"","footer-sml-layout":"","theme-transparent-header-meta":"default","adv-header-id-meta":"","stick-header-meta":"default","header-above-stick-meta":"","header-main-stick-meta":"","header-below-stick-meta":"","astra-migrate-meta-layouts":"set","ast-page-background-enabled":"default","ast-page-background-meta":{"desktop":{"background-color":"","background-image":"","background-repeat":"repeat","background-position":"center center","background-size":"auto","background-attachment":"scroll","background-type":"","background-media":"","overlay-type":"","overlay-color":"","overlay-opacity":"","overlay-gradient":""},"tablet":{"background-color":"","background-image":"","background-repeat":"repeat","background-position":"center center","background-size":"auto","background-attachment":"scroll","background-type":"","background-media":"","overlay-type":"","overlay-color":"","overlay-opacity":"","overlay-gradient":""},"mobile":{"background-color":"","background-image":"","background-repeat":"repeat","background-position":"center center","background-size":"auto","background-attachment":"scroll","background-type":"","background-media":"","overlay-type":"","overlay-color":"","overlay-opacity":"","overlay-gradient":""}},"ast-content-background-meta":{"desktop":{"background-color":"var(--ast-global-color-5)","background-image":"","background-repeat":"repeat","background-position":"center center","background-size":"auto","background-attachment":"scroll","background-type":"","background-media":"","overlay-type":"","overlay-color":"","overlay-opacity":"","overlay-gradient":""},"tablet":{"background-color":"var(--ast-global-color-5)","background-image":"","background-repeat":"repeat","background-position":"center center","background-size":"auto","background-attachment":"scroll","background-type":"","background-media":"","overlay-type":"","overlay-color":"","overlay-opacity":"","overlay-gradient":""},"mobile":{"background-color":"var(--ast-global-color-5)","background-image":"","background-repeat":"repeat","background-position":"center center","background-size":"auto","background-attachment":"scroll","background-type":"","background-media":"","overlay-type":"","overlay-color":"","overlay-opacity":"","overlay-gradient":""}}},"product_brand":[],"product_cat":[93,94,92],"product_tag":[],"class_list":{"0":"post-10159","1":"product","2":"type-product","3":"status-publish","4":"has-post-thumbnail","6":"product_cat-detsky-pokoj","7":"product_cat-loznice","8":"product_cat-matrace","9":"desktop-align-left","10":"tablet-align-left","11":"mobile-align-left","12":"ast-product-gallery-layout-horizontal-slider","13":"ast-product-tabs-layout-horizontal","14":"ast-qv-on-image","16":"first","17":"onbackorder","18":"shipping-taxable","19":"purchasable","20":"product-type-simple"},"spectra_custom_meta":{"_iwo_price_last_change":["a:4:{s:5:\"price\";s:4:\"2455\";s:10:\"price_sale\";s:0:\"\";s:19:\"price_including_tax\";d:2455;s:9:\"timestamp\";i:1759241410;}"],"_eb_reusable_block_ids":["a:0:{}"],"_alp_processed":["1759241410"],"_wcml_average_rating":[null],"_wcml_review_count":[null],"_wcml_rating_count":[null],"_backorders":["no"],"_download_limit":["-1"],"_download_expiry":["-1"],"_downloadable":["no"],"_manage_stock":["no"],"_stock_status":["onbackorder"],"_sold_individually":["no"],"_tax_class":[""],"_tax_status":["taxable"],"_virtual":["no"],"total_sales":["0"],"_wpml_media_duplicate":["1"],"_wpml_media_featured":["1"],"stick-header-meta":["default"],"site-sidebar-layout":["default"],"theme-transparent-header-meta":["default"],"ast-site-content-layout":["default"],"site-content-style":["default"],"site-sidebar-style":["default"],"astra-migrate-meta-layouts":["set"],"wcml_sync_hash":["a:1:{s:15:\"postmeta_fields\";s:32:\"fdb12ca2b275b8c40c85520604d50a1f\";}"],"attr_label_translations":["a:0:{}"],"_product_attributes":["a:0:{}"],"_thumbnail_id":["8875"],"_default_attributes":["a:0:{}"],"_upsell_ids":["a:0:{}"],"_crosssell_ids":["a:0:{}"],"_children":["a:0:{}"],"_wp_attachment_metadata":[""],"_downloadable_files":[""],"_product_image_gallery":["8871,8873"],"_regular_price":[13993.5],"_sale_price":[""],"_price":[13993.5],"_iwo_price_log":["a:4:{s:5:\"price\";s:4:\"2455\";s:10:\"price_sale\";s:0:\"\";s:19:\"price_including_tax\";d:2455;s:9:\"timestamp\";i:1759241410;}"],"_last_translation_edit_mode":["translation-editor"],"_wpml_word_count":["224"],"_uag_page_assets":["a:9:{s:3:\"css\";s:263:\".uag-blocks-common-selector{z-index:var(--z-index-desktop) !important}@media (max-width: 976px){.uag-blocks-common-selector{z-index:var(--z-index-tablet) !important}}@media (max-width: 767px){.uag-blocks-common-selector{z-index:var(--z-index-mobile) !important}}\n\";s:2:\"js\";s:0:\"\";s:18:\"current_block_list\";a:13:{i:0;s:11:\"core\/search\";i:1;s:10:\"core\/group\";i:2;s:12:\"core\/heading\";i:3;s:17:\"core\/latest-posts\";i:4;s:20:\"core\/latest-comments\";i:5;s:13:\"core\/archives\";i:6;s:15:\"core\/categories\";i:7;s:26:\"woocommerce\/filter-wrapper\";i:8;s:24:\"woocommerce\/price-filter\";i:9;s:30:\"woocommerce\/product-categories\";i:10;s:26:\"woocommerce\/active-filters\";i:11;s:23:\"essential-blocks\/social\";i:12;s:24:\"woocommerce\/stock-filter\";}s:8:\"uag_flag\";b:0;s:11:\"uag_version\";s:10:\"1776362490\";s:6:\"gfonts\";a:0:{}s:10:\"gfonts_url\";s:0:\"\";s:12:\"gfonts_files\";a:0:{}s:14:\"uag_faq_layout\";b:0;}"],"_uag_css_file_name":["uag-css-10159.css"],"_max_variation_price":[""],"_max_variation_regular_price":[""],"_max_variation_sale_price":[""],"_min_variation_price":[""],"_min_variation_regular_price":[""],"_min_variation_sale_price":[""],"_wc_rating_count":[""],"_wc_review_count":[""],"_wc_average_rating":[0]},"uagb_featured_image_src":{"full":["https:\/\/team-meble.pl\/wp-content\/uploads\/2024\/05\/Komfort-Puroactive-K-active-probiotics-2.jpg",1534,1024,false],"thumbnail":["https:\/\/team-meble.pl\/wp-content\/uploads\/2024\/05\/Komfort-Puroactive-K-active-probiotics-2-150x150.jpg",150,150,true],"medium":["https:\/\/team-meble.pl\/wp-content\/uploads\/2024\/05\/Komfort-Puroactive-K-active-probiotics-2-300x200.jpg",300,200,true],"medium_large":["https:\/\/team-meble.pl\/wp-content\/uploads\/2024\/05\/Komfort-Puroactive-K-active-probiotics-2-768x513.jpg",768,513,true],"large":["https:\/\/team-meble.pl\/wp-content\/uploads\/2024\/05\/Komfort-Puroactive-K-active-probiotics-2-1024x684.jpg",1024,684,true],"1536x1536":["https:\/\/team-meble.pl\/wp-content\/uploads\/2024\/05\/Komfort-Puroactive-K-active-probiotics-2.jpg",1534,1024,false],"2048x2048":["https:\/\/team-meble.pl\/wp-content\/uploads\/2024\/05\/Komfort-Puroactive-K-active-probiotics-2.jpg",1534,1024,false],"mailpoet_newsletter_max":["https:\/\/team-meble.pl\/wp-content\/uploads\/2024\/05\/Komfort-Puroactive-K-active-probiotics-2-1320x881.jpg",1320,881,true],"woocommerce_thumbnail":["https:\/\/team-meble.pl\/wp-content\/uploads\/2024\/05\/Komfort-Puroactive-K-active-probiotics-2-300x300.jpg",300,300,true],"woocommerce_single":["https:\/\/team-meble.pl\/wp-content\/uploads\/2024\/05\/Komfort-Puroactive-K-active-probiotics-2-300x200.jpg",300,200,true],"woocommerce_gallery_thumbnail":["https:\/\/team-meble.pl\/wp-content\/uploads\/2024\/05\/Komfort-Puroactive-K-active-probiotics-2-100x100.jpg",100,100,true]},"uagb_author_info":{"display_name":"Wiola","author_link":"https:\/\/team-meble.pl\/cs\/author\/"},"uagb_comment_info":0,"uagb_excerpt":"Rozm\u011bry: \u0161\u00ed\u0159ka - 140 cm hloubka - 200 cm v\u00fd\u0161ka - 22 cm","_links":{"self":[{"href":"https:\/\/team-meble.pl\/cs\/wp-json\/wp\/v2\/product\/10159","targetHints":{"allow":["GET"]}}],"collection":[{"href":"https:\/\/team-meble.pl\/cs\/wp-json\/wp\/v2\/product"}],"about":[{"href":"https:\/\/team-meble.pl\/cs\/wp-json\/wp\/v2\/types\/product"}],"replies":[{"embeddable":true,"href":"https:\/\/team-meble.pl\/cs\/wp-json\/wp\/v2\/comments?post=10159"}],"wp:featuredmedia":[{"embeddable":true,"href":"https:\/\/team-meble.pl\/cs\/wp-json\/wp\/v2\/media\/8875"}],"wp:attachment":[{"href":"https:\/\/team-meble.pl\/cs\/wp-json\/wp\/v2\/media?parent=10159"}],"wp:term":[{"taxonomy":"product_brand","embeddable":true,"href":"https:\/\/team-meble.pl\/cs\/wp-json\/wp\/v2\/product_brand?post=10159"},{"taxonomy":"product_cat","embeddable":true,"href":"https:\/\/team-meble.pl\/cs\/wp-json\/wp\/v2\/product_cat?post=10159"},{"taxonomy":"product_tag","embeddable":true,"href":"https:\/\/team-meble.pl\/cs\/wp-json\/wp\/v2\/product_tag?post=10159"}],"curies":[{"name":"wp","href":"https:\/\/api.w.org\/{rel}","templated":true}]}}