{"id":10187,"date":"2024-05-06T14:59:56","date_gmt":"2024-05-06T14:59:56","guid":{"rendered":"http:\/\/www.srv70508.seohost.com.pl\/produkt\/pohovka-ikaria\/"},"modified":"2025-02-17T12:38:37","modified_gmt":"2025-02-17T12:38:37","slug":"pohovka-ikaria","status":"publish","type":"product","link":"https:\/\/team-meble.pl\/cs\/produkt\/pohovka-ikaria\/","title":{"rendered":"Pohovka Ikaria"},"content":{"rendered":"<p>Pohovka Ikaria je harmoni\u00ed funk\u010dnosti a \u00faspory m\u00edsta v jednom kusu n\u00e1bytku. D\u00edky sv\u00fdm mal\u00fdm rozm\u011br\u016fm se skv\u011ble hod\u00ed i do st\u00edsn\u011bn\u00fdch prostor a \u00fazk\u00e9 podru\u010dky z n\u011bj d\u011blaj\u00ed ide\u00e1ln\u00ed volbu pro ty, kte\u0159\u00ed cht\u011bj\u00ed co nejl\u00e9pe vyu\u017e\u00edt dostupn\u00fd prostor. Dvojit\u00e9 uspo\u0159\u00e1d\u00e1n\u00ed pru\u017ein v sedadle zaru\u010duje v\u00fdjime\u010dn\u00e9 pohodl\u00ed p\u0159i sezen\u00ed a z\u00e1rove\u0148 poskytuje pevnou oporu. D\u00edky funkci span\u00ed je pohovka Ikaria nejen skv\u011bl\u00fdm m\u00edstem pro ka\u017edodenn\u00ed odpo\u010dinek, ale tak\u00e9 praktick\u00fdm m\u00edstem pro ka\u017edodenn\u00ed sp\u00e1nek.K dispozici v mnoha barevn\u00fdch proveden\u00edch &#8211; dle va\u0161eho v\u00fdb\u011bru.<\/p>\n","protected":false},"excerpt":{"rendered":"<p>Rozm\u011bry: \u0160\u00ed\u0159ka &#8211; 216 cm Hloubka &#8211; 95 cm V\u00fd\u0161ka &#8211; 100 cm Plocha na span\u00ed &#8211; 200 cm x 140 cm.<\/p>\n","protected":false},"featured_media":8444,"comment_status":"open","ping_status":"closed","template":"","meta":{"_eb_attr":"","_uag_custom_page_level_css":"","site-sidebar-layout":"default","site-content-layout":"","ast-site-content-layout":"default","site-content-style":"default","site-sidebar-style":"default","ast-global-header-display":"","ast-banner-title-visibility":"","ast-main-header-display":"","ast-hfb-above-header-display":"","ast-hfb-below-header-display":"","ast-hfb-mobile-header-display":"","site-post-title":"","ast-breadcrumbs-content":"","ast-featured-img":"","footer-sml-layout":"","theme-transparent-header-meta":"default","adv-header-id-meta":"","stick-header-meta":"default","header-above-stick-meta":"","header-main-stick-meta":"","header-below-stick-meta":"","astra-migrate-meta-layouts":"set","ast-page-background-enabled":"default","ast-page-background-meta":{"desktop":{"background-color":"","background-image":"","background-repeat":"repeat","background-position":"center center","background-size":"auto","background-attachment":"scroll","background-type":"","background-media":"","overlay-type":"","overlay-color":"","overlay-opacity":"","overlay-gradient":""},"tablet":{"background-color":"","background-image":"","background-repeat":"repeat","background-position":"center center","background-size":"auto","background-attachment":"scroll","background-type":"","background-media":"","overlay-type":"","overlay-color":"","overlay-opacity":"","overlay-gradient":""},"mobile":{"background-color":"","background-image":"","background-repeat":"repeat","background-position":"center center","background-size":"auto","background-attachment":"scroll","background-type":"","background-media":"","overlay-type":"","overlay-color":"","overlay-opacity":"","overlay-gradient":""}},"ast-content-background-meta":{"desktop":{"background-color":"var(--ast-global-color-5)","background-image":"","background-repeat":"repeat","background-position":"center center","background-size":"auto","background-attachment":"scroll","background-type":"","background-media":"","overlay-type":"","overlay-color":"","overlay-opacity":"","overlay-gradient":""},"tablet":{"background-color":"var(--ast-global-color-5)","background-image":"","background-repeat":"repeat","background-position":"center center","background-size":"auto","background-attachment":"scroll","background-type":"","background-media":"","overlay-type":"","overlay-color":"","overlay-opacity":"","overlay-gradient":""},"mobile":{"background-color":"var(--ast-global-color-5)","background-image":"","background-repeat":"repeat","background-position":"center center","background-size":"auto","background-attachment":"scroll","background-type":"","background-media":"","overlay-type":"","overlay-color":"","overlay-opacity":"","overlay-gradient":""}}},"product_brand":[],"product_cat":[104,103,117],"product_tag":[],"class_list":{"0":"post-10187","1":"product","2":"type-product","3":"status-publish","4":"has-post-thumbnail","6":"product_cat-jidelna","7":"product_cat-salon-cs","8":"product_cat-gauc","9":"desktop-align-left","10":"tablet-align-left","11":"mobile-align-left","12":"ast-product-gallery-layout-horizontal-slider","13":"ast-product-tabs-layout-horizontal","14":"ast-qv-on-image","16":"first","17":"onbackorder","18":"shipping-taxable","19":"purchasable","20":"product-type-simple"},"spectra_custom_meta":{"_iwo_price_last_change":["a:4:{s:5:\"price\";s:4:\"2761\";s:10:\"price_sale\";s:0:\"\";s:19:\"price_including_tax\";d:2761;s:9:\"timestamp\";i:1739795917;}"],"_eb_reusable_block_ids":["a:0:{}"],"_alp_processed":["1739795917"],"_wcml_average_rating":[null],"_wcml_review_count":[null],"_wcml_rating_count":[null],"_backorders":["no"],"_download_limit":["-1"],"_download_expiry":["-1"],"_downloadable":["no"],"_manage_stock":["no"],"_stock_status":["onbackorder"],"_sold_individually":["no"],"_tax_class":[""],"_tax_status":["taxable"],"_virtual":["no"],"total_sales":["0"],"stick-header-meta":["default"],"site-sidebar-layout":["default"],"theme-transparent-header-meta":["default"],"ast-site-content-layout":["default"],"site-content-style":["default"],"site-sidebar-style":["default"],"astra-migrate-meta-layouts":["set"],"wcml_sync_hash":["a:1:{s:15:\"postmeta_fields\";s:32:\"b6b01a9a5864c2baa0dc9808c58b7644\";}"],"attr_label_translations":["a:0:{}"],"_product_attributes":["a:0:{}"],"_default_attributes":["a:0:{}"],"_upsell_ids":["a:0:{}"],"_crosssell_ids":["a:0:{}"],"_children":["a:0:{}"],"_wp_attachment_metadata":[""],"_thumbnail_id":["8444"],"_product_image_gallery":["8445,8446"],"_iwo_price_log":["a:4:{s:5:\"price\";s:4:\"2761\";s:10:\"price_sale\";s:0:\"\";s:19:\"price_including_tax\";d:2761;s:9:\"timestamp\";i:1739795917;}"],"_last_translation_edit_mode":["translation-editor"],"_uag_page_assets":["a:9:{s:3:\"css\";s:263:\".uag-blocks-common-selector{z-index:var(--z-index-desktop) !important}@media (max-width: 976px){.uag-blocks-common-selector{z-index:var(--z-index-tablet) !important}}@media (max-width: 767px){.uag-blocks-common-selector{z-index:var(--z-index-mobile) !important}}\n\";s:2:\"js\";s:0:\"\";s:18:\"current_block_list\";a:13:{i:0;s:11:\"core\/search\";i:1;s:10:\"core\/group\";i:2;s:12:\"core\/heading\";i:3;s:17:\"core\/latest-posts\";i:4;s:20:\"core\/latest-comments\";i:5;s:13:\"core\/archives\";i:6;s:15:\"core\/categories\";i:7;s:26:\"woocommerce\/filter-wrapper\";i:8;s:24:\"woocommerce\/price-filter\";i:9;s:30:\"woocommerce\/product-categories\";i:10;s:26:\"woocommerce\/active-filters\";i:11;s:23:\"essential-blocks\/social\";i:12;s:24:\"woocommerce\/stock-filter\";}s:8:\"uag_flag\";b:0;s:11:\"uag_version\";s:10:\"1776762754\";s:6:\"gfonts\";a:0:{}s:10:\"gfonts_url\";s:0:\"\";s:12:\"gfonts_files\";a:0:{}s:14:\"uag_faq_layout\";b:0;}"],"_regular_price":[15954.3],"_price":[15954.3],"_max_variation_price":[""],"_max_variation_regular_price":[""],"_max_variation_sale_price":[""],"_min_variation_price":[""],"_min_variation_regular_price":[""],"_min_variation_sale_price":[""],"_sale_price":[""],"_wc_rating_count":[""],"_wc_review_count":[""],"_wc_average_rating":[0]},"uagb_featured_image_src":{"full":["https:\/\/team-meble.pl\/wp-content\/uploads\/2024\/05\/Ikaria_ar1_sofa-1_2022-Copy-1-1364x909-1.jpg",1364,909,false],"thumbnail":["https:\/\/team-meble.pl\/wp-content\/uploads\/2024\/05\/Ikaria_ar1_sofa-1_2022-Copy-1-1364x909-1-150x150.jpg",150,150,true],"medium":["https:\/\/team-meble.pl\/wp-content\/uploads\/2024\/05\/Ikaria_ar1_sofa-1_2022-Copy-1-1364x909-1-300x200.jpg",300,200,true],"medium_large":["https:\/\/team-meble.pl\/wp-content\/uploads\/2024\/05\/Ikaria_ar1_sofa-1_2022-Copy-1-1364x909-1-768x512.jpg",768,512,true],"large":["https:\/\/team-meble.pl\/wp-content\/uploads\/2024\/05\/Ikaria_ar1_sofa-1_2022-Copy-1-1364x909-1-1024x682.jpg",1024,682,true],"1536x1536":["https:\/\/team-meble.pl\/wp-content\/uploads\/2024\/05\/Ikaria_ar1_sofa-1_2022-Copy-1-1364x909-1.jpg",1364,909,false],"2048x2048":["https:\/\/team-meble.pl\/wp-content\/uploads\/2024\/05\/Ikaria_ar1_sofa-1_2022-Copy-1-1364x909-1.jpg",1364,909,false],"mailpoet_newsletter_max":["https:\/\/team-meble.pl\/wp-content\/uploads\/2024\/05\/Ikaria_ar1_sofa-1_2022-Copy-1-1364x909-1-1320x880.jpg",1320,880,true],"woocommerce_thumbnail":["https:\/\/team-meble.pl\/wp-content\/uploads\/2024\/05\/Ikaria_ar1_sofa-1_2022-Copy-1-1364x909-1-300x300.jpg",300,300,true],"woocommerce_single":["https:\/\/team-meble.pl\/wp-content\/uploads\/2024\/05\/Ikaria_ar1_sofa-1_2022-Copy-1-1364x909-1-300x200.jpg",300,200,true],"woocommerce_gallery_thumbnail":["https:\/\/team-meble.pl\/wp-content\/uploads\/2024\/05\/Ikaria_ar1_sofa-1_2022-Copy-1-1364x909-1-100x100.jpg",100,100,true]},"uagb_author_info":{"display_name":"Wiola","author_link":"https:\/\/team-meble.pl\/cs\/author\/"},"uagb_comment_info":0,"uagb_excerpt":"Rozm\u011bry: \u0160\u00ed\u0159ka - 216 cm Hloubka - 95 cm V\u00fd\u0161ka - 100 cm Plocha na span\u00ed - 200 cm x 140 cm.","_links":{"self":[{"href":"https:\/\/team-meble.pl\/cs\/wp-json\/wp\/v2\/product\/10187","targetHints":{"allow":["GET"]}}],"collection":[{"href":"https:\/\/team-meble.pl\/cs\/wp-json\/wp\/v2\/product"}],"about":[{"href":"https:\/\/team-meble.pl\/cs\/wp-json\/wp\/v2\/types\/product"}],"replies":[{"embeddable":true,"href":"https:\/\/team-meble.pl\/cs\/wp-json\/wp\/v2\/comments?post=10187"}],"wp:featuredmedia":[{"embeddable":true,"href":"https:\/\/team-meble.pl\/cs\/wp-json\/wp\/v2\/media\/8444"}],"wp:attachment":[{"href":"https:\/\/team-meble.pl\/cs\/wp-json\/wp\/v2\/media?parent=10187"}],"wp:term":[{"taxonomy":"product_brand","embeddable":true,"href":"https:\/\/team-meble.pl\/cs\/wp-json\/wp\/v2\/product_brand?post=10187"},{"taxonomy":"product_cat","embeddable":true,"href":"https:\/\/team-meble.pl\/cs\/wp-json\/wp\/v2\/product_cat?post=10187"},{"taxonomy":"product_tag","embeddable":true,"href":"https:\/\/team-meble.pl\/cs\/wp-json\/wp\/v2\/product_tag?post=10187"}],"curies":[{"name":"wp","href":"https:\/\/api.w.org\/{rel}","templated":true}]}}