{"id":10196,"date":"2024-05-06T12:22:07","date_gmt":"2024-05-06T12:22:07","guid":{"rendered":"http:\/\/www.srv70508.seohost.com.pl\/produkt\/pohovka-venezia\/"},"modified":"2024-12-12T11:52:18","modified_gmt":"2024-12-12T11:52:18","slug":"pohovka-venezia","status":"publish","type":"product","link":"https:\/\/team-meble.pl\/cs\/produkt\/pohovka-venezia\/","title":{"rendered":"Pohovka Venezia"},"content":{"rendered":"<div>\n<div><span class=\"fs11lh1-5 ff1\">Elegantn\u00ed a velmi pohodln\u00e1 pohovka se zaj\u00edmav\u011b tvarovan\u00fdmi bo\u010dnicemi.  <\/span><\/div>\n<div><span class=\"fs11lh1-5 ff1\">Ozdobn\u00fdm prvkem je lemov\u00e1n\u00ed op\u011bradlov\u00fdch pol\u0161t\u00e1\u0159\u016f a bok\u016f.<\/span><\/div>\n<div><span class=\"fs11lh1-5 ff1\">V sed\u00e1ku a op\u011br\u00e1ku jsou um\u00edst\u011bny ta\u0161ti\u010dkov\u00e9 pru\u017einy.  <\/span><\/div>\n<div><span class=\"fs11lh1-5 ff1\">Komfort sp\u00e1nku se tak p\u0159ibl\u00ed\u017eil relaxaci, kter\u00e1 panuje v postel\u00edch v lo\u017enic\u00edch.<\/span><\/div>\n<div><span class=\"fs11lh1-5 ff1\">Ozdobn\u00fdm prvkem jsou \u010dern\u00e9 kovov\u00e9 nohy.<\/span><\/div>\n<div>\n<div id=\"imPageRow_4\" class=\"imPageRow\"><span class=\"fs11lh1-5 ff1\">N\u00e1bytek lze doplnit k\u0159eslem.<\/span><\/div>\n<\/div>\n<\/div>\n","protected":false},"excerpt":{"rendered":"<p>Rozm\u011bry: \u0160\u00ed\u0159ka &#8211; 232 cm Hloubka &#8211; 102 cm V\u00fd\u0161ka &#8211; 100 cm Plocha na span\u00ed &#8211; 193 cm x 135 cm.<\/p>\n","protected":false},"featured_media":8414,"comment_status":"open","ping_status":"closed","template":"","meta":{"_eb_attr":"","_uag_custom_page_level_css":"","site-sidebar-layout":"default","site-content-layout":"","ast-site-content-layout":"default","site-content-style":"default","site-sidebar-style":"default","ast-global-header-display":"","ast-banner-title-visibility":"","ast-main-header-display":"","ast-hfb-above-header-display":"","ast-hfb-below-header-display":"","ast-hfb-mobile-header-display":"","site-post-title":"","ast-breadcrumbs-content":"","ast-featured-img":"","footer-sml-layout":"","theme-transparent-header-meta":"default","adv-header-id-meta":"","stick-header-meta":"default","header-above-stick-meta":"","header-main-stick-meta":"","header-below-stick-meta":"","astra-migrate-meta-layouts":"set","ast-page-background-enabled":"default","ast-page-background-meta":{"desktop":{"background-color":"","background-image":"","background-repeat":"repeat","background-position":"center center","background-size":"auto","background-attachment":"scroll","background-type":"","background-media":"","overlay-type":"","overlay-color":"","overlay-opacity":"","overlay-gradient":""},"tablet":{"background-color":"","background-image":"","background-repeat":"repeat","background-position":"center center","background-size":"auto","background-attachment":"scroll","background-type":"","background-media":"","overlay-type":"","overlay-color":"","overlay-opacity":"","overlay-gradient":""},"mobile":{"background-color":"","background-image":"","background-repeat":"repeat","background-position":"center center","background-size":"auto","background-attachment":"scroll","background-type":"","background-media":"","overlay-type":"","overlay-color":"","overlay-opacity":"","overlay-gradient":""}},"ast-content-background-meta":{"desktop":{"background-color":"var(--ast-global-color-5)","background-image":"","background-repeat":"repeat","background-position":"center center","background-size":"auto","background-attachment":"scroll","background-type":"","background-media":"","overlay-type":"","overlay-color":"","overlay-opacity":"","overlay-gradient":""},"tablet":{"background-color":"var(--ast-global-color-5)","background-image":"","background-repeat":"repeat","background-position":"center center","background-size":"auto","background-attachment":"scroll","background-type":"","background-media":"","overlay-type":"","overlay-color":"","overlay-opacity":"","overlay-gradient":""},"mobile":{"background-color":"var(--ast-global-color-5)","background-image":"","background-repeat":"repeat","background-position":"center center","background-size":"auto","background-attachment":"scroll","background-type":"","background-media":"","overlay-type":"","overlay-color":"","overlay-opacity":"","overlay-gradient":""}}},"product_brand":[],"product_cat":[104,103,117],"product_tag":[],"class_list":{"0":"post-10196","1":"product","2":"type-product","3":"status-publish","4":"has-post-thumbnail","6":"product_cat-jidelna","7":"product_cat-salon-cs","8":"product_cat-gauc","9":"desktop-align-left","10":"tablet-align-left","11":"mobile-align-left","12":"ast-product-gallery-layout-horizontal-slider","13":"ast-product-tabs-layout-horizontal","14":"ast-qv-on-image","16":"first","17":"onbackorder","18":"shipping-taxable","19":"purchasable","20":"product-type-simple"},"spectra_custom_meta":{"_iwo_price_last_change":["a:4:{s:5:\"price\";s:4:\"2599\";s:10:\"price_sale\";s:0:\"\";s:19:\"price_including_tax\";d:2599;s:9:\"timestamp\";i:1734004338;}"],"_eb_reusable_block_ids":["a:0:{}"],"_alp_processed":["1734004338"],"_wcml_average_rating":[null],"_wcml_review_count":[null],"_wcml_rating_count":[null],"_backorders":["no"],"_download_limit":["-1"],"_download_expiry":["-1"],"_downloadable":["no"],"_manage_stock":["no"],"_stock_status":["onbackorder"],"_sold_individually":["no"],"_tax_class":[""],"_tax_status":["taxable"],"_virtual":["no"],"total_sales":["0"],"_wpml_media_duplicate":["1"],"_wpml_media_featured":["1"],"stick-header-meta":["default"],"site-sidebar-layout":["default"],"theme-transparent-header-meta":["default"],"ast-site-content-layout":["default"],"site-content-style":["default"],"site-sidebar-style":["default"],"astra-migrate-meta-layouts":["set"],"wcml_sync_hash":["a:1:{s:15:\"postmeta_fields\";s:32:\"e6b1c3e40e1b4e00333f0dff386be273\";}"],"attr_label_translations":["a:0:{}"],"_thumbnail_id":["8414"],"_crosssell_ids":["a:0:{}"],"_wp_attachment_metadata":[""],"_product_image_gallery":["8415,8416"],"_iwo_price_log":["a:4:{s:5:\"price\";s:4:\"2599\";s:10:\"price_sale\";s:0:\"\";s:19:\"price_including_tax\";d:2599;s:9:\"timestamp\";i:1734004338;}"],"_last_translation_edit_mode":["translation-editor"],"_uag_page_assets":["a:9:{s:3:\"css\";s:263:\".uag-blocks-common-selector{z-index:var(--z-index-desktop) !important}@media (max-width: 976px){.uag-blocks-common-selector{z-index:var(--z-index-tablet) !important}}@media (max-width: 767px){.uag-blocks-common-selector{z-index:var(--z-index-mobile) !important}}\n\";s:2:\"js\";s:0:\"\";s:18:\"current_block_list\";a:13:{i:0;s:11:\"core\/search\";i:1;s:10:\"core\/group\";i:2;s:12:\"core\/heading\";i:3;s:17:\"core\/latest-posts\";i:4;s:20:\"core\/latest-comments\";i:5;s:13:\"core\/archives\";i:6;s:15:\"core\/categories\";i:7;s:26:\"woocommerce\/filter-wrapper\";i:8;s:24:\"woocommerce\/price-filter\";i:9;s:30:\"woocommerce\/product-categories\";i:10;s:26:\"woocommerce\/active-filters\";i:11;s:23:\"essential-blocks\/social\";i:12;s:24:\"woocommerce\/stock-filter\";}s:8:\"uag_flag\";b:0;s:11:\"uag_version\";s:10:\"1776762942\";s:6:\"gfonts\";a:0:{}s:10:\"gfonts_url\";s:0:\"\";s:12:\"gfonts_files\";a:0:{}s:14:\"uag_faq_layout\";b:0;}"],"_regular_price":[17094.3],"_price":[17094.3],"_max_variation_price":[""],"_max_variation_regular_price":[""],"_max_variation_sale_price":[""],"_min_variation_price":[""],"_min_variation_regular_price":[""],"_min_variation_sale_price":[""],"_sale_price":[""],"_wc_rating_count":[""],"_wc_review_count":[""],"_wc_average_rating":[0]},"uagb_featured_image_src":{"full":["https:\/\/team-meble.pl\/wp-content\/uploads\/2024\/05\/Venezia-sofa-1_avi4cx65.jpg",1128,593,false],"thumbnail":["https:\/\/team-meble.pl\/wp-content\/uploads\/2024\/05\/Venezia-sofa-1_avi4cx65-150x150.jpg",150,150,true],"medium":["https:\/\/team-meble.pl\/wp-content\/uploads\/2024\/05\/Venezia-sofa-1_avi4cx65-300x158.jpg",300,158,true],"medium_large":["https:\/\/team-meble.pl\/wp-content\/uploads\/2024\/05\/Venezia-sofa-1_avi4cx65-768x404.jpg",768,404,true],"large":["https:\/\/team-meble.pl\/wp-content\/uploads\/2024\/05\/Venezia-sofa-1_avi4cx65-1024x538.jpg",1024,538,true],"1536x1536":["https:\/\/team-meble.pl\/wp-content\/uploads\/2024\/05\/Venezia-sofa-1_avi4cx65.jpg",1128,593,false],"2048x2048":["https:\/\/team-meble.pl\/wp-content\/uploads\/2024\/05\/Venezia-sofa-1_avi4cx65.jpg",1128,593,false],"mailpoet_newsletter_max":["https:\/\/team-meble.pl\/wp-content\/uploads\/2024\/05\/Venezia-sofa-1_avi4cx65.jpg",1128,593,false],"woocommerce_thumbnail":["https:\/\/team-meble.pl\/wp-content\/uploads\/2024\/05\/Venezia-sofa-1_avi4cx65-300x300.jpg",300,300,true],"woocommerce_single":["https:\/\/team-meble.pl\/wp-content\/uploads\/2024\/05\/Venezia-sofa-1_avi4cx65-300x158.jpg",300,158,true],"woocommerce_gallery_thumbnail":["https:\/\/team-meble.pl\/wp-content\/uploads\/2024\/05\/Venezia-sofa-1_avi4cx65-100x100.jpg",100,100,true]},"uagb_author_info":{"display_name":"Wiola","author_link":"https:\/\/team-meble.pl\/cs\/author\/"},"uagb_comment_info":0,"uagb_excerpt":"Rozm\u011bry: \u0160\u00ed\u0159ka - 232 cm Hloubka - 102 cm V\u00fd\u0161ka - 100 cm Plocha na span\u00ed - 193 cm x 135 cm.","_links":{"self":[{"href":"https:\/\/team-meble.pl\/cs\/wp-json\/wp\/v2\/product\/10196","targetHints":{"allow":["GET"]}}],"collection":[{"href":"https:\/\/team-meble.pl\/cs\/wp-json\/wp\/v2\/product"}],"about":[{"href":"https:\/\/team-meble.pl\/cs\/wp-json\/wp\/v2\/types\/product"}],"replies":[{"embeddable":true,"href":"https:\/\/team-meble.pl\/cs\/wp-json\/wp\/v2\/comments?post=10196"}],"wp:featuredmedia":[{"embeddable":true,"href":"https:\/\/team-meble.pl\/cs\/wp-json\/wp\/v2\/media\/8414"}],"wp:attachment":[{"href":"https:\/\/team-meble.pl\/cs\/wp-json\/wp\/v2\/media?parent=10196"}],"wp:term":[{"taxonomy":"product_brand","embeddable":true,"href":"https:\/\/team-meble.pl\/cs\/wp-json\/wp\/v2\/product_brand?post=10196"},{"taxonomy":"product_cat","embeddable":true,"href":"https:\/\/team-meble.pl\/cs\/wp-json\/wp\/v2\/product_cat?post=10196"},{"taxonomy":"product_tag","embeddable":true,"href":"https:\/\/team-meble.pl\/cs\/wp-json\/wp\/v2\/product_tag?post=10196"}],"curies":[{"name":"wp","href":"https:\/\/api.w.org\/{rel}","templated":true}]}}