{"id":10281,"date":"2024-04-22T11:24:01","date_gmt":"2024-04-22T11:24:01","guid":{"rendered":"http:\/\/www.srv70508.seohost.com.pl\/produkt\/komoda-milan-m-8\/"},"modified":"2024-04-22T11:24:01","modified_gmt":"2024-04-22T11:24:01","slug":"komoda-milan-m-8","status":"publish","type":"product","link":"https:\/\/team-meble.pl\/cs\/produkt\/komoda-milan-m-8\/","title":{"rendered":"Komoda Milan M-8"},"content":{"rendered":"<p>Velk\u00e1 komoda \u0161irok\u00e1 a\u017e 177 cm. Ve spodn\u00ed \u010d\u00e1sti jsou dv\u011b sk\u0159\u00edn\u011b s dvojit\u00fdmi dve\u0159mi. Ka\u017ed\u00e1 z nich m\u00e1 \u00falo\u017enou polici. Komoda m\u00e1 dv\u011b z\u00e1suvky otev\u00edran\u00e9 dotykem, kter\u00e9 se vysouvaj\u00ed na pojezdech. Na dve\u0159\u00edch jsou pou\u017eity kvalitn\u00ed panty s m\u011bkk\u00fdm dov\u00edr\u00e1n\u00edm a pevn\u00e9 kovov\u00e9 panty. \u010cern\u00e9 \u00fachytky a ozdobn\u00e9 li\u0161ty kolem n\u00e1bytku vytv\u00e1\u0159ej\u00ed zaj\u00edmavou kombinaci se sv\u011btlou n\u00e1bytkovou deskou. Barva nejbli\u017e\u0161\u00ed p\u0159\u00edrodn\u00ed barv\u011b d\u0159eva. Komoda se hod\u00ed do lo\u017enice, ob\u00fdvac\u00edho pokoje nebo pokoje pro ml\u00e1de\u017e, je univerz\u00e1ln\u00ed a velmi prostorn\u00e1. Modern\u00ed, pr\u016fmyslov\u00fd styl. M\u016f\u017eeme ji tak\u00e9 pou\u017e\u00edt jako sk\u0159\u00ed\u0148ku v j\u00eddeln\u011b na tal\u00ed\u0159e, kr\u00e1snou v\u00e1zu nebo v\u00e1no\u010dn\u00ed ozdoby.<\/p>\n","protected":false},"excerpt":{"rendered":"<p>Rozm\u011bry:<\/p>\n<p>\u0160\u00ed\u0159ka &#8211; 177,2 cm<\/p>\n<p>Hloubka &#8211; 41 cm<\/p>\n<p>V\u00fd\u0161ka &#8211; 101 cm<\/p>\n","protected":false},"featured_media":8106,"comment_status":"open","ping_status":"closed","template":"","meta":{"_eb_attr":"","_uag_custom_page_level_css":"","site-sidebar-layout":"default","site-content-layout":"","ast-site-content-layout":"default","site-content-style":"default","site-sidebar-style":"default","ast-global-header-display":"","ast-banner-title-visibility":"","ast-main-header-display":"","ast-hfb-above-header-display":"","ast-hfb-below-header-display":"","ast-hfb-mobile-header-display":"","site-post-title":"","ast-breadcrumbs-content":"","ast-featured-img":"","footer-sml-layout":"","theme-transparent-header-meta":"default","adv-header-id-meta":"","stick-header-meta":"default","header-above-stick-meta":"","header-main-stick-meta":"","header-below-stick-meta":"","astra-migrate-meta-layouts":"set","ast-page-background-enabled":"default","ast-page-background-meta":{"desktop":{"background-color":"","background-image":"","background-repeat":"repeat","background-position":"center center","background-size":"auto","background-attachment":"scroll","background-type":"","background-media":"","overlay-type":"","overlay-color":"","overlay-opacity":"","overlay-gradient":""},"tablet":{"background-color":"","background-image":"","background-repeat":"repeat","background-position":"center center","background-size":"auto","background-attachment":"scroll","background-type":"","background-media":"","overlay-type":"","overlay-color":"","overlay-opacity":"","overlay-gradient":""},"mobile":{"background-color":"","background-image":"","background-repeat":"repeat","background-position":"center center","background-size":"auto","background-attachment":"scroll","background-type":"","background-media":"","overlay-type":"","overlay-color":"","overlay-opacity":"","overlay-gradient":""}},"ast-content-background-meta":{"desktop":{"background-color":"var(--ast-global-color-5)","background-image":"","background-repeat":"repeat","background-position":"center center","background-size":"auto","background-attachment":"scroll","background-type":"","background-media":"","overlay-type":"","overlay-color":"","overlay-opacity":"","overlay-gradient":""},"tablet":{"background-color":"var(--ast-global-color-5)","background-image":"","background-repeat":"repeat","background-position":"center center","background-size":"auto","background-attachment":"scroll","background-type":"","background-media":"","overlay-type":"","overlay-color":"","overlay-opacity":"","overlay-gradient":""},"mobile":{"background-color":"var(--ast-global-color-5)","background-image":"","background-repeat":"repeat","background-position":"center center","background-size":"auto","background-attachment":"scroll","background-type":"","background-media":"","overlay-type":"","overlay-color":"","overlay-opacity":"","overlay-gradient":""}}},"product_brand":[],"product_cat":[93,104,94,103,132,108],"product_tag":[],"class_list":{"0":"post-10281","1":"product","2":"type-product","3":"status-publish","4":"has-post-thumbnail","6":"product_cat-detsky-pokoj","7":"product_cat-jidelna","8":"product_cat-loznice","9":"product_cat-salon-cs","10":"product_cat-kancelar","11":"product_cat-komody-cs","12":"desktop-align-left","13":"tablet-align-left","14":"mobile-align-left","15":"ast-product-gallery-layout-horizontal-slider","16":"ast-product-tabs-layout-horizontal","17":"ast-qv-on-image","19":"first","20":"onbackorder","21":"shipping-taxable","22":"purchasable","23":"product-type-simple"},"spectra_custom_meta":{"_iwo_price_last_change":["a:4:{s:5:\"price\";s:0:\"\";s:10:\"price_sale\";s:0:\"\";s:19:\"price_including_tax\";d:0;s:9:\"timestamp\";i:1720966608;}"],"_eb_reusable_block_ids":["a:0:{}"],"_alp_processed":["1720966608"],"_wcml_average_rating":[null],"_wcml_review_count":[null],"_wcml_rating_count":[null],"_backorders":["no"],"_download_limit":["-1"],"_download_expiry":["-1"],"_downloadable":["no"],"_manage_stock":["no"],"_stock_status":["onbackorder"],"_sold_individually":["no"],"_tax_class":[""],"_tax_status":["taxable"],"_virtual":["no"],"total_sales":["0"],"_regular_price":[6492.3],"_price":[6492.3],"stick-header-meta":["default"],"site-sidebar-layout":["default"],"theme-transparent-header-meta":["default"],"ast-site-content-layout":["default"],"site-content-style":["default"],"site-sidebar-style":["default"],"astra-migrate-meta-layouts":["set"],"wcml_sync_hash":["a:1:{s:15:\"postmeta_fields\";s:32:\"610938f62aade58eeca5419a027de08d\";}"],"attr_label_translations":["a:0:{}"],"_product_attributes":["a:0:{}"],"_default_attributes":["a:0:{}"],"_upsell_ids":["a:0:{}"],"_crosssell_ids":["a:0:{}"],"_children":["a:0:{}"],"_uag_page_assets":["a:9:{s:3:\"css\";s:263:\".uag-blocks-common-selector{z-index:var(--z-index-desktop) !important}@media (max-width: 976px){.uag-blocks-common-selector{z-index:var(--z-index-tablet) !important}}@media (max-width: 767px){.uag-blocks-common-selector{z-index:var(--z-index-mobile) !important}}\n\";s:2:\"js\";s:0:\"\";s:18:\"current_block_list\";a:13:{i:0;s:11:\"core\/search\";i:1;s:10:\"core\/group\";i:2;s:12:\"core\/heading\";i:3;s:17:\"core\/latest-posts\";i:4;s:20:\"core\/latest-comments\";i:5;s:13:\"core\/archives\";i:6;s:15:\"core\/categories\";i:7;s:26:\"woocommerce\/filter-wrapper\";i:8;s:24:\"woocommerce\/price-filter\";i:9;s:30:\"woocommerce\/product-categories\";i:10;s:26:\"woocommerce\/active-filters\";i:11;s:23:\"essential-blocks\/social\";i:12;s:24:\"woocommerce\/stock-filter\";}s:8:\"uag_flag\";b:0;s:11:\"uag_version\";s:10:\"1776315420\";s:6:\"gfonts\";a:0:{}s:10:\"gfonts_url\";s:0:\"\";s:12:\"gfonts_files\";a:0:{}s:14:\"uag_faq_layout\";b:0;}"],"_wp_attachment_metadata":[""],"_thumbnail_id":["8106"],"_max_variation_price":[""],"_max_variation_regular_price":[""],"_max_variation_sale_price":[""],"_min_variation_price":[""],"_min_variation_regular_price":[""],"_min_variation_sale_price":[""],"_sale_price":[""],"_wc_rating_count":[""],"_wc_review_count":[""],"_wc_average_rating":[0]},"uagb_featured_image_src":{"full":["https:\/\/team-meble.pl\/wp-content\/uploads\/2024\/04\/M-8-1200x1200-1.webp",1200,1200,false],"thumbnail":["https:\/\/team-meble.pl\/wp-content\/uploads\/2024\/04\/M-8-1200x1200-1-150x150.webp",150,150,true],"medium":["https:\/\/team-meble.pl\/wp-content\/uploads\/2024\/04\/M-8-1200x1200-1-300x300.webp",300,300,true],"medium_large":["https:\/\/team-meble.pl\/wp-content\/uploads\/2024\/04\/M-8-1200x1200-1-768x768.webp",768,768,true],"large":["https:\/\/team-meble.pl\/wp-content\/uploads\/2024\/04\/M-8-1200x1200-1-1024x1024.webp",1024,1024,true],"1536x1536":["https:\/\/team-meble.pl\/wp-content\/uploads\/2024\/04\/M-8-1200x1200-1.webp",1200,1200,false],"2048x2048":["https:\/\/team-meble.pl\/wp-content\/uploads\/2024\/04\/M-8-1200x1200-1.webp",1200,1200,false],"mailpoet_newsletter_max":["https:\/\/team-meble.pl\/wp-content\/uploads\/2024\/04\/M-8-1200x1200-1.webp",1200,1200,false],"woocommerce_thumbnail":["https:\/\/team-meble.pl\/wp-content\/uploads\/2024\/04\/M-8-1200x1200-1-300x300.webp",300,300,true],"woocommerce_single":["https:\/\/team-meble.pl\/wp-content\/uploads\/2024\/04\/M-8-1200x1200-1-300x300.webp",300,300,true],"woocommerce_gallery_thumbnail":["https:\/\/team-meble.pl\/wp-content\/uploads\/2024\/04\/M-8-1200x1200-1-100x100.webp",100,100,true]},"uagb_author_info":{"display_name":"Wiola","author_link":"https:\/\/team-meble.pl\/cs\/author\/"},"uagb_comment_info":0,"uagb_excerpt":"Rozm\u011bry: \u0160\u00ed\u0159ka - 177,2 cm Hloubka - 41 cm V\u00fd\u0161ka - 101 cm","_links":{"self":[{"href":"https:\/\/team-meble.pl\/cs\/wp-json\/wp\/v2\/product\/10281","targetHints":{"allow":["GET"]}}],"collection":[{"href":"https:\/\/team-meble.pl\/cs\/wp-json\/wp\/v2\/product"}],"about":[{"href":"https:\/\/team-meble.pl\/cs\/wp-json\/wp\/v2\/types\/product"}],"replies":[{"embeddable":true,"href":"https:\/\/team-meble.pl\/cs\/wp-json\/wp\/v2\/comments?post=10281"}],"wp:featuredmedia":[{"embeddable":true,"href":"https:\/\/team-meble.pl\/cs\/wp-json\/wp\/v2\/media\/8106"}],"wp:attachment":[{"href":"https:\/\/team-meble.pl\/cs\/wp-json\/wp\/v2\/media?parent=10281"}],"wp:term":[{"taxonomy":"product_brand","embeddable":true,"href":"https:\/\/team-meble.pl\/cs\/wp-json\/wp\/v2\/product_brand?post=10281"},{"taxonomy":"product_cat","embeddable":true,"href":"https:\/\/team-meble.pl\/cs\/wp-json\/wp\/v2\/product_cat?post=10281"},{"taxonomy":"product_tag","embeddable":true,"href":"https:\/\/team-meble.pl\/cs\/wp-json\/wp\/v2\/product_tag?post=10281"}],"curies":[{"name":"wp","href":"https:\/\/api.w.org\/{rel}","templated":true}]}}