{"id":10310,"date":"2024-04-12T10:20:33","date_gmt":"2024-04-12T10:20:33","guid":{"rendered":"http:\/\/www.srv70508.seohost.com.pl\/produkt\/pohovka-ravello\/"},"modified":"2025-05-06T12:56:15","modified_gmt":"2025-05-06T12:56:15","slug":"pohovka-ravello","status":"publish","type":"product","link":"https:\/\/team-meble.pl\/cs\/produkt\/pohovka-ravello\/","title":{"rendered":"Pohovka Ravello"},"content":{"rendered":"<p>Pohovka Ravello je dokonal\u00fdm p\u0159\u00edkladem minimalistick\u00e9ho designu, kter\u00fd dokonale lad\u00ed s nejnov\u011bj\u0161\u00edmi trendy v interi\u00e9ru. Zaoblen\u00e9 pol\u0161t\u00e1\u0159e op\u011bradla zdoben\u00e9 jemn\u00fdm kedrem mu dod\u00e1vaj\u00ed jemn\u00fd p\u016fvab. Stejn\u00e9 obl\u00e9 tvary a kedry se nach\u00e1zej\u00ed tak\u00e9 na podru\u010dk\u00e1ch, kter\u00e9 vytv\u00e1\u0159ej\u00ed soudr\u017en\u00fd a harmonick\u00fd celek. Jednou z nejv\u011bt\u0161\u00edch p\u0159ednost\u00ed je dvojit\u00e9 uspo\u0159\u00e1d\u00e1n\u00ed pru\u017ein, kter\u00e9 zaji\u0161\u0165uje nejvy\u0161\u0161\u00ed komfort p\u0159i pou\u017e\u00edv\u00e1n\u00ed. Krom\u011b toho funkce span\u00ed otev\u00edran\u00e1 mechanismem typu &#8222;DL&#8220; a velk\u00fd kontejner na l\u016f\u017ekoviny \u010din\u00ed z pohovky Ravello nejen m\u00f3dn\u00ed prvek interi\u00e9ru ob\u00fdvac\u00edho pokoje, ale tak\u00e9 praktick\u00e9 \u0159e\u0161en\u00ed poskytuj\u00edc\u00ed pohodln\u00e9 m\u00edsto na span\u00ed a prostor pro ulo\u017een\u00ed l\u016f\u017ekovin.<\/p>\n","protected":false},"excerpt":{"rendered":"<p>Rozm\u011bry:<\/p>\n<p>\u0160\u00ed\u0159ka &#8211; 229 cm<\/p>\n<p>Hloubka &#8211; 108 cm<\/p>\n<p>V\u00fd\u0161ka &#8211; 92 cm<\/p>\n<p>Plocha na span\u00ed &#8211; 146 cm x 190 cm.<\/p>\n","protected":false},"featured_media":8034,"comment_status":"open","ping_status":"closed","template":"","meta":{"_eb_attr":"","_uag_custom_page_level_css":"","site-sidebar-layout":"default","site-content-layout":"","ast-site-content-layout":"default","site-content-style":"default","site-sidebar-style":"default","ast-global-header-display":"","ast-banner-title-visibility":"","ast-main-header-display":"","ast-hfb-above-header-display":"","ast-hfb-below-header-display":"","ast-hfb-mobile-header-display":"","site-post-title":"","ast-breadcrumbs-content":"","ast-featured-img":"","footer-sml-layout":"","theme-transparent-header-meta":"default","adv-header-id-meta":"","stick-header-meta":"default","header-above-stick-meta":"","header-main-stick-meta":"","header-below-stick-meta":"","astra-migrate-meta-layouts":"set","ast-page-background-enabled":"default","ast-page-background-meta":{"desktop":{"background-color":"","background-image":"","background-repeat":"repeat","background-position":"center center","background-size":"auto","background-attachment":"scroll","background-type":"","background-media":"","overlay-type":"","overlay-color":"","overlay-opacity":"","overlay-gradient":""},"tablet":{"background-color":"","background-image":"","background-repeat":"repeat","background-position":"center center","background-size":"auto","background-attachment":"scroll","background-type":"","background-media":"","overlay-type":"","overlay-color":"","overlay-opacity":"","overlay-gradient":""},"mobile":{"background-color":"","background-image":"","background-repeat":"repeat","background-position":"center center","background-size":"auto","background-attachment":"scroll","background-type":"","background-media":"","overlay-type":"","overlay-color":"","overlay-opacity":"","overlay-gradient":""}},"ast-content-background-meta":{"desktop":{"background-color":"var(--ast-global-color-5)","background-image":"","background-repeat":"repeat","background-position":"center center","background-size":"auto","background-attachment":"scroll","background-type":"","background-media":"","overlay-type":"","overlay-color":"","overlay-opacity":"","overlay-gradient":""},"tablet":{"background-color":"var(--ast-global-color-5)","background-image":"","background-repeat":"repeat","background-position":"center center","background-size":"auto","background-attachment":"scroll","background-type":"","background-media":"","overlay-type":"","overlay-color":"","overlay-opacity":"","overlay-gradient":""},"mobile":{"background-color":"var(--ast-global-color-5)","background-image":"","background-repeat":"repeat","background-position":"center center","background-size":"auto","background-attachment":"scroll","background-type":"","background-media":"","overlay-type":"","overlay-color":"","overlay-opacity":"","overlay-gradient":""}}},"product_brand":[],"product_cat":[104,103,117],"product_tag":[],"class_list":{"0":"post-10310","1":"product","2":"type-product","3":"status-publish","4":"has-post-thumbnail","6":"product_cat-jidelna","7":"product_cat-salon-cs","8":"product_cat-gauc","9":"desktop-align-left","10":"tablet-align-left","11":"mobile-align-left","12":"ast-product-gallery-layout-horizontal-slider","13":"ast-product-tabs-layout-horizontal","14":"ast-qv-on-image","16":"first","17":"instock","18":"sale","19":"shipping-taxable","20":"purchasable","21":"product-type-simple"},"spectra_custom_meta":{"_iwo_price_last_change":["a:4:{s:5:\"price\";s:4:\"2949\";s:10:\"price_sale\";s:0:\"\";s:19:\"price_including_tax\";d:2949;s:9:\"timestamp\";i:1746536175;}"],"_eb_reusable_block_ids":["a:0:{}"],"_alp_processed":["1746536175"],"_wcml_average_rating":[null],"_wcml_review_count":[null],"_wcml_rating_count":[null],"_backorders":["no"],"_download_limit":["-1"],"_download_expiry":["-1"],"_downloadable":["no"],"_manage_stock":["no"],"_stock_status":["instock"],"_sold_individually":["no"],"_tax_class":[""],"_tax_status":["taxable"],"_virtual":["no"],"total_sales":["0"],"stick-header-meta":["default"],"site-sidebar-layout":["default"],"theme-transparent-header-meta":["default"],"ast-site-content-layout":["default"],"site-content-style":["default"],"site-sidebar-style":["default"],"astra-migrate-meta-layouts":["set"],"wcml_sync_hash":["a:1:{s:15:\"postmeta_fields\";s:32:\"d58e3158bbe26aa4837097a1b0b60f01\";}"],"attr_label_translations":["a:0:{}"],"_crosssell_ids":["a:0:{}"],"_wp_attachment_metadata":[""],"_thumbnail_id":["8034"],"_product_image_gallery":["8033,8034,8032"],"_iwo_price_log":["a:4:{s:5:\"price\";s:4:\"2949\";s:10:\"price_sale\";s:0:\"\";s:19:\"price_including_tax\";d:2949;s:9:\"timestamp\";i:1746536175;}"],"_last_translation_edit_mode":["translation-editor"],"_uag_page_assets":["a:9:{s:3:\"css\";s:263:\".uag-blocks-common-selector{z-index:var(--z-index-desktop) !important}@media (max-width: 976px){.uag-blocks-common-selector{z-index:var(--z-index-tablet) !important}}@media (max-width: 767px){.uag-blocks-common-selector{z-index:var(--z-index-mobile) !important}}\n\";s:2:\"js\";s:0:\"\";s:18:\"current_block_list\";a:13:{i:0;s:11:\"core\/search\";i:1;s:10:\"core\/group\";i:2;s:12:\"core\/heading\";i:3;s:17:\"core\/latest-posts\";i:4;s:20:\"core\/latest-comments\";i:5;s:13:\"core\/archives\";i:6;s:15:\"core\/categories\";i:7;s:26:\"woocommerce\/filter-wrapper\";i:8;s:24:\"woocommerce\/price-filter\";i:9;s:30:\"woocommerce\/product-categories\";i:10;s:26:\"woocommerce\/active-filters\";i:11;s:23:\"essential-blocks\/social\";i:12;s:24:\"woocommerce\/stock-filter\";}s:8:\"uag_flag\";b:0;s:11:\"uag_version\";s:10:\"1776762938\";s:6:\"gfonts\";a:0:{}s:10:\"gfonts_url\";s:0:\"\";s:12:\"gfonts_files\";a:0:{}s:14:\"uag_faq_layout\";b:0;}"],"_price":[14244.3],"_regular_price":[16809.3],"_sale_price":[14244.3],"_max_variation_price":[""],"_max_variation_regular_price":[""],"_max_variation_sale_price":[""],"_min_variation_price":[""],"_min_variation_regular_price":[""],"_min_variation_sale_price":[""],"_wc_rating_count":[""],"_wc_review_count":[""],"_wc_average_rating":[0]},"uagb_featured_image_src":{"full":["https:\/\/team-meble.pl\/wp-content\/uploads\/2024\/04\/Ravello_Perfect-harmony-77_Low-res-1-1364x910-1.jpg",1364,910,false],"thumbnail":["https:\/\/team-meble.pl\/wp-content\/uploads\/2024\/04\/Ravello_Perfect-harmony-77_Low-res-1-1364x910-1-150x150.jpg",150,150,true],"medium":["https:\/\/team-meble.pl\/wp-content\/uploads\/2024\/04\/Ravello_Perfect-harmony-77_Low-res-1-1364x910-1-300x200.jpg",300,200,true],"medium_large":["https:\/\/team-meble.pl\/wp-content\/uploads\/2024\/04\/Ravello_Perfect-harmony-77_Low-res-1-1364x910-1-768x512.jpg",768,512,true],"large":["https:\/\/team-meble.pl\/wp-content\/uploads\/2024\/04\/Ravello_Perfect-harmony-77_Low-res-1-1364x910-1-1024x683.jpg",1024,683,true],"1536x1536":["https:\/\/team-meble.pl\/wp-content\/uploads\/2024\/04\/Ravello_Perfect-harmony-77_Low-res-1-1364x910-1.jpg",1364,910,false],"2048x2048":["https:\/\/team-meble.pl\/wp-content\/uploads\/2024\/04\/Ravello_Perfect-harmony-77_Low-res-1-1364x910-1.jpg",1364,910,false],"mailpoet_newsletter_max":["https:\/\/team-meble.pl\/wp-content\/uploads\/2024\/04\/Ravello_Perfect-harmony-77_Low-res-1-1364x910-1-1320x881.jpg",1320,881,true],"woocommerce_thumbnail":["https:\/\/team-meble.pl\/wp-content\/uploads\/2024\/04\/Ravello_Perfect-harmony-77_Low-res-1-1364x910-1-300x300.jpg",300,300,true],"woocommerce_single":["https:\/\/team-meble.pl\/wp-content\/uploads\/2024\/04\/Ravello_Perfect-harmony-77_Low-res-1-1364x910-1-300x200.jpg",300,200,true],"woocommerce_gallery_thumbnail":["https:\/\/team-meble.pl\/wp-content\/uploads\/2024\/04\/Ravello_Perfect-harmony-77_Low-res-1-1364x910-1-100x100.jpg",100,100,true]},"uagb_author_info":{"display_name":"Wiola","author_link":"https:\/\/team-meble.pl\/cs\/author\/"},"uagb_comment_info":0,"uagb_excerpt":"Rozm\u011bry: \u0160\u00ed\u0159ka - 229 cm Hloubka - 108 cm V\u00fd\u0161ka - 92 cm Plocha na span\u00ed - 146 cm x 190 cm.","_links":{"self":[{"href":"https:\/\/team-meble.pl\/cs\/wp-json\/wp\/v2\/product\/10310","targetHints":{"allow":["GET"]}}],"collection":[{"href":"https:\/\/team-meble.pl\/cs\/wp-json\/wp\/v2\/product"}],"about":[{"href":"https:\/\/team-meble.pl\/cs\/wp-json\/wp\/v2\/types\/product"}],"replies":[{"embeddable":true,"href":"https:\/\/team-meble.pl\/cs\/wp-json\/wp\/v2\/comments?post=10310"}],"wp:featuredmedia":[{"embeddable":true,"href":"https:\/\/team-meble.pl\/cs\/wp-json\/wp\/v2\/media\/8034"}],"wp:attachment":[{"href":"https:\/\/team-meble.pl\/cs\/wp-json\/wp\/v2\/media?parent=10310"}],"wp:term":[{"taxonomy":"product_brand","embeddable":true,"href":"https:\/\/team-meble.pl\/cs\/wp-json\/wp\/v2\/product_brand?post=10310"},{"taxonomy":"product_cat","embeddable":true,"href":"https:\/\/team-meble.pl\/cs\/wp-json\/wp\/v2\/product_cat?post=10310"},{"taxonomy":"product_tag","embeddable":true,"href":"https:\/\/team-meble.pl\/cs\/wp-json\/wp\/v2\/product_tag?post=10310"}],"curies":[{"name":"wp","href":"https:\/\/api.w.org\/{rel}","templated":true}]}}