{"id":10318,"date":"2024-04-11T10:29:30","date_gmt":"2024-04-11T10:29:30","guid":{"rendered":"http:\/\/www.srv70508.seohost.com.pl\/produkt\/rehabilitacni-matrace-niobe-160x200\/"},"modified":"2025-09-30T14:17:07","modified_gmt":"2025-09-30T14:17:07","slug":"rehabilitacni-matrace-niobe-160x200","status":"publish","type":"product","link":"https:\/\/team-meble.pl\/cs\/produkt\/rehabilitacni-matrace-niobe-160x200\/","title":{"rendered":"Rehabilita\u010dn\u00ed matrace Niobe 160&#215;200"},"content":{"rendered":"<p>Niobe je multifunk\u010dn\u00ed model, kter\u00fd je odoln\u00fd, pru\u017en\u00fd, ale tak\u00e9 neuv\u011b\u0159iteln\u011b pohodln\u00fd. Na jedn\u00e9 stran\u011b poskytuje stabiln\u00ed a pru\u017enou oporu, na druh\u00e9 stran\u011b op\u011bt m\u011bkk\u00fd obal.<\/p>\n<p>Vnit\u0159n\u00ed \u010d\u00e1st rehabilita\u010dn\u00ed matrace Niobe je tvo\u0159ena ta\u0161ti\u010dkov\u00fdmi pru\u017einami, kter\u00e9 se dokonale p\u0159izp\u016fsob\u00ed t\u011blu. Ka\u017ed\u00fd metr \u010dtvere\u010dn\u00ed matrace m\u00e1 a\u017e 500 mal\u00fdch pru\u017ein uzav\u0159en\u00fdch v l\u00e1tkov\u00fdch kaps\u00e1ch, kter\u00e9 pracuj\u00ed nez\u00e1visle a p\u0159esn\u011b kop\u00edruj\u00ed tvar va\u0161eho t\u011bla. Sedm diferencovan\u00fdch z\u00f3n tvrdosti nav\u00edc zaru\u010duje p\u0159esnou oporu pro r\u016fzn\u00e9 \u010d\u00e1sti t\u011bla bez ohledu na polohu, ve kter\u00e9 sp\u00edte.<\/p>\n<p>Pru\u017einov\u00e1 vrstva je dopln\u011bna vysoce elastick\u00fdmi p\u011bnami, kter\u00e9 zvy\u0161uj\u00ed pocit pohodl\u00ed. Vysoce elastick\u00e1 p\u011bna zaru\u010duje pohodl\u00ed a stabiln\u00ed oporu. Termoelastick\u00e1 p\u011bna na druh\u00e9 stran\u011b matrace zaji\u0161\u0165uje jemn\u00fd balic\u00ed efekt t\u00edm, \u017ee se pod vlivem teploty a z\u00e1t\u011b\u017ee p\u0159izp\u016fsobuje kontur\u00e1m t\u011bla. Jeho konstrukce zaji\u0161\u0165uje, \u017ee t\u011blo nen\u00ed vystaveno \u017e\u00e1dn\u00e9mu tlaku.<\/p>\n<p>Dv\u011b odli\u0161n\u00e9 strany matrace zvy\u0161uj\u00ed jej\u00ed \u017eivotnost a umo\u017e\u0148uj\u00ed p\u0159izp\u016fsobit ji aktu\u00e1ln\u00edm pot\u0159eb\u00e1m a t\u011blesn\u00e9 kondici. Kter\u00fd z nich si dnes vyberete, z\u00e1le\u017e\u00ed jen na v\u00e1s.<\/p>\n<p>Ur\u010den\u00ed: \u00faleva od bolesti p\u00e1te\u0159e a kon\u010detin. Podle doporu\u010den\u00ed l\u00e9ka\u0159e.<\/p>\n<p><strong>Jedn\u00e1 se o zdravotnick\u00fd prost\u0159edek. Pou\u017e\u00edvejte jej podle n\u00e1vodu k pou\u017eit\u00ed nebo podle etikety.<\/strong><\/p>\n","protected":false},"excerpt":{"rendered":"<p>Rozm\u011bry:<\/p>\n<p>\u0160\u00ed\u0159ka &#8211; 160 cm<\/p>\n<p>Hloubka &#8211; 200 cm<\/p>\n<p>V\u00fd\u0161ka &#8211; 20 cm<\/p>\n<p>Stupnice tvrdosti &#8211; m\u011bkk\u00e1,st\u0159edn\u00ed.<\/p>\n","protected":false},"featured_media":8022,"comment_status":"open","ping_status":"closed","template":"","meta":{"_eb_attr":"","_uag_custom_page_level_css":"","site-sidebar-layout":"default","site-content-layout":"","ast-site-content-layout":"default","site-content-style":"default","site-sidebar-style":"default","ast-global-header-display":"","ast-banner-title-visibility":"","ast-main-header-display":"","ast-hfb-above-header-display":"","ast-hfb-below-header-display":"","ast-hfb-mobile-header-display":"","site-post-title":"","ast-breadcrumbs-content":"","ast-featured-img":"","footer-sml-layout":"","theme-transparent-header-meta":"default","adv-header-id-meta":"","stick-header-meta":"default","header-above-stick-meta":"","header-main-stick-meta":"","header-below-stick-meta":"","astra-migrate-meta-layouts":"set","ast-page-background-enabled":"default","ast-page-background-meta":{"desktop":{"background-color":"","background-image":"","background-repeat":"repeat","background-position":"center center","background-size":"auto","background-attachment":"scroll","background-type":"","background-media":"","overlay-type":"","overlay-color":"","overlay-opacity":"","overlay-gradient":""},"tablet":{"background-color":"","background-image":"","background-repeat":"repeat","background-position":"center center","background-size":"auto","background-attachment":"scroll","background-type":"","background-media":"","overlay-type":"","overlay-color":"","overlay-opacity":"","overlay-gradient":""},"mobile":{"background-color":"","background-image":"","background-repeat":"repeat","background-position":"center center","background-size":"auto","background-attachment":"scroll","background-type":"","background-media":"","overlay-type":"","overlay-color":"","overlay-opacity":"","overlay-gradient":""}},"ast-content-background-meta":{"desktop":{"background-color":"var(--ast-global-color-5)","background-image":"","background-repeat":"repeat","background-position":"center center","background-size":"auto","background-attachment":"scroll","background-type":"","background-media":"","overlay-type":"","overlay-color":"","overlay-opacity":"","overlay-gradient":""},"tablet":{"background-color":"var(--ast-global-color-5)","background-image":"","background-repeat":"repeat","background-position":"center center","background-size":"auto","background-attachment":"scroll","background-type":"","background-media":"","overlay-type":"","overlay-color":"","overlay-opacity":"","overlay-gradient":""},"mobile":{"background-color":"var(--ast-global-color-5)","background-image":"","background-repeat":"repeat","background-position":"center center","background-size":"auto","background-attachment":"scroll","background-type":"","background-media":"","overlay-type":"","overlay-color":"","overlay-opacity":"","overlay-gradient":""}}},"product_brand":[],"product_cat":[94],"product_tag":[],"class_list":{"0":"post-10318","1":"product","2":"type-product","3":"status-publish","4":"has-post-thumbnail","6":"product_cat-loznice","7":"desktop-align-left","8":"tablet-align-left","9":"mobile-align-left","10":"ast-product-gallery-layout-horizontal-slider","11":"ast-product-tabs-layout-horizontal","12":"ast-qv-on-image","14":"first","15":"onbackorder","16":"shipping-taxable","17":"purchasable","18":"product-type-simple"},"spectra_custom_meta":{"_iwo_price_last_change":["a:4:{s:5:\"price\";s:4:\"2479\";s:10:\"price_sale\";s:0:\"\";s:19:\"price_including_tax\";d:2479;s:9:\"timestamp\";i:1759241827;}"],"_eb_reusable_block_ids":["a:0:{}"],"_alp_processed":["1759241827"],"_wcml_average_rating":[null],"_wcml_review_count":[null],"_wcml_rating_count":[null],"_backorders":["no"],"_download_limit":["-1"],"_download_expiry":["-1"],"_downloadable":["no"],"_manage_stock":["no"],"_stock_status":["onbackorder"],"_sold_individually":["no"],"_tax_class":[""],"_tax_status":["taxable"],"_virtual":["no"],"total_sales":["0"],"stick-header-meta":["default"],"site-sidebar-layout":["default"],"theme-transparent-header-meta":["default"],"ast-site-content-layout":["default"],"site-content-style":["default"],"site-sidebar-style":["default"],"astra-migrate-meta-layouts":["set"],"wcml_sync_hash":["a:1:{s:15:\"postmeta_fields\";s:32:\"c88686f03e03934dd6536717e32252ca\";}"],"attr_label_translations":["a:0:{}"],"_product_attributes":["a:0:{}"],"_default_attributes":["a:0:{}"],"_upsell_ids":["a:0:{}"],"_crosssell_ids":["a:0:{}"],"_children":["a:0:{}"],"_thumbnail_id":["8022"],"_downloadable_files":[""],"_product_image_gallery":["8024,8023,8022"],"_regular_price":[14130.3],"_price":[14130.3],"_iwo_price_log":["a:4:{s:5:\"price\";s:4:\"2479\";s:10:\"price_sale\";s:0:\"\";s:19:\"price_including_tax\";d:2479;s:9:\"timestamp\";i:1759241827;}"],"_last_translation_edit_mode":["translation-editor"],"_wpml_word_count":["259"],"_uag_page_assets":["a:9:{s:3:\"css\";s:263:\".uag-blocks-common-selector{z-index:var(--z-index-desktop) !important}@media (max-width: 976px){.uag-blocks-common-selector{z-index:var(--z-index-tablet) !important}}@media (max-width: 767px){.uag-blocks-common-selector{z-index:var(--z-index-mobile) !important}}\n\";s:2:\"js\";s:0:\"\";s:18:\"current_block_list\";a:13:{i:0;s:11:\"core\/search\";i:1;s:10:\"core\/group\";i:2;s:12:\"core\/heading\";i:3;s:17:\"core\/latest-posts\";i:4;s:20:\"core\/latest-comments\";i:5;s:13:\"core\/archives\";i:6;s:15:\"core\/categories\";i:7;s:26:\"woocommerce\/filter-wrapper\";i:8;s:24:\"woocommerce\/price-filter\";i:9;s:30:\"woocommerce\/product-categories\";i:10;s:26:\"woocommerce\/active-filters\";i:11;s:23:\"essential-blocks\/social\";i:12;s:24:\"woocommerce\/stock-filter\";}s:8:\"uag_flag\";b:0;s:11:\"uag_version\";s:10:\"1776415036\";s:6:\"gfonts\";a:0:{}s:10:\"gfonts_url\";s:0:\"\";s:12:\"gfonts_files\";a:0:{}s:14:\"uag_faq_layout\";b:0;}"],"_uag_css_file_name":["uag-css-10318.css"],"_max_variation_price":[""],"_max_variation_regular_price":[""],"_max_variation_sale_price":[""],"_min_variation_price":[""],"_min_variation_regular_price":[""],"_min_variation_sale_price":[""],"_sale_price":[""],"_wc_rating_count":[""],"_wc_review_count":[""],"_wc_average_rating":[0]},"uagb_featured_image_src":{"full":["https:\/\/team-meble.pl\/wp-content\/uploads\/2024\/04\/xKomfort-Tencel-K-768x513.jpg.pagespeed.ic_.lvigALTMgI.webp",768,513,false],"thumbnail":["https:\/\/team-meble.pl\/wp-content\/uploads\/2024\/04\/xKomfort-Tencel-K-768x513.jpg.pagespeed.ic_.lvigALTMgI-150x150.webp",150,150,true],"medium":["https:\/\/team-meble.pl\/wp-content\/uploads\/2024\/04\/xKomfort-Tencel-K-768x513.jpg.pagespeed.ic_.lvigALTMgI-300x200.webp",300,200,true],"medium_large":["https:\/\/team-meble.pl\/wp-content\/uploads\/2024\/04\/xKomfort-Tencel-K-768x513.jpg.pagespeed.ic_.lvigALTMgI.webp",768,513,false],"large":["https:\/\/team-meble.pl\/wp-content\/uploads\/2024\/04\/xKomfort-Tencel-K-768x513.jpg.pagespeed.ic_.lvigALTMgI.webp",768,513,false],"1536x1536":["https:\/\/team-meble.pl\/wp-content\/uploads\/2024\/04\/xKomfort-Tencel-K-768x513.jpg.pagespeed.ic_.lvigALTMgI.webp",768,513,false],"2048x2048":["https:\/\/team-meble.pl\/wp-content\/uploads\/2024\/04\/xKomfort-Tencel-K-768x513.jpg.pagespeed.ic_.lvigALTMgI.webp",768,513,false],"mailpoet_newsletter_max":["https:\/\/team-meble.pl\/wp-content\/uploads\/2024\/04\/xKomfort-Tencel-K-768x513.jpg.pagespeed.ic_.lvigALTMgI.webp",768,513,false],"woocommerce_thumbnail":["https:\/\/team-meble.pl\/wp-content\/uploads\/2024\/04\/xKomfort-Tencel-K-768x513.jpg.pagespeed.ic_.lvigALTMgI-300x300.webp",300,300,true],"woocommerce_single":["https:\/\/team-meble.pl\/wp-content\/uploads\/2024\/04\/xKomfort-Tencel-K-768x513.jpg.pagespeed.ic_.lvigALTMgI-300x200.webp",300,200,true],"woocommerce_gallery_thumbnail":["https:\/\/team-meble.pl\/wp-content\/uploads\/2024\/04\/xKomfort-Tencel-K-768x513.jpg.pagespeed.ic_.lvigALTMgI-100x100.webp",100,100,true]},"uagb_author_info":{"display_name":"Wiola","author_link":"https:\/\/team-meble.pl\/cs\/author\/"},"uagb_comment_info":0,"uagb_excerpt":"Rozm\u011bry: \u0160\u00ed\u0159ka - 160 cm Hloubka - 200 cm V\u00fd\u0161ka - 20 cm Stupnice tvrdosti - m\u011bkk\u00e1,st\u0159edn\u00ed.","_links":{"self":[{"href":"https:\/\/team-meble.pl\/cs\/wp-json\/wp\/v2\/product\/10318","targetHints":{"allow":["GET"]}}],"collection":[{"href":"https:\/\/team-meble.pl\/cs\/wp-json\/wp\/v2\/product"}],"about":[{"href":"https:\/\/team-meble.pl\/cs\/wp-json\/wp\/v2\/types\/product"}],"replies":[{"embeddable":true,"href":"https:\/\/team-meble.pl\/cs\/wp-json\/wp\/v2\/comments?post=10318"}],"wp:featuredmedia":[{"embeddable":true,"href":"https:\/\/team-meble.pl\/cs\/wp-json\/wp\/v2\/media\/8022"}],"wp:attachment":[{"href":"https:\/\/team-meble.pl\/cs\/wp-json\/wp\/v2\/media?parent=10318"}],"wp:term":[{"taxonomy":"product_brand","embeddable":true,"href":"https:\/\/team-meble.pl\/cs\/wp-json\/wp\/v2\/product_brand?post=10318"},{"taxonomy":"product_cat","embeddable":true,"href":"https:\/\/team-meble.pl\/cs\/wp-json\/wp\/v2\/product_cat?post=10318"},{"taxonomy":"product_tag","embeddable":true,"href":"https:\/\/team-meble.pl\/cs\/wp-json\/wp\/v2\/product_tag?post=10318"}],"curies":[{"name":"wp","href":"https:\/\/api.w.org\/{rel}","templated":true}]}}