{"id":10340,"date":"2024-04-11T09:19:33","date_gmt":"2024-04-11T09:19:33","guid":{"rendered":"http:\/\/www.srv70508.seohost.com.pl\/produkt\/matrace-tauris-120x200\/"},"modified":"2025-09-30T14:21:34","modified_gmt":"2025-09-30T14:21:34","slug":"matrace-tauris-120x200","status":"publish","type":"product","link":"https:\/\/team-meble.pl\/cs\/produkt\/matrace-tauris-120x200\/","title":{"rendered":"Matrace Tauris 120&#215;200"},"content":{"rendered":"<p>Vnit\u0159n\u00ed \u010d\u00e1st matrace Tauris tvo\u0159\u00ed pru\u017einy uspo\u0159\u00e1dan\u00e9 podle sedmi z\u00f3n tvrdosti, kter\u00e9 pracuj\u00ed nez\u00e1visle a p\u0159esn\u011b podp\u00edraj\u00ed t\u011blo v tlakov\u00fdch bodech. Zaji\u0161\u0165uj\u00ed, \u017ee va\u0161e p\u00e1te\u0159 z\u016fstane v\u017edy ve spr\u00e1vn\u00e9m postaven\u00ed bez ohledu na to, v jak\u00e9 poloze sp\u00edte.<\/p>\n<p>Pru\u017einovou vrstvu dopl\u0148uje z obou stran p\u011bna Red Soft. Jedn\u00e1 se o velmi poddajn\u00fd a pru\u017en\u00fd materi\u00e1l, kter\u00fd usnad\u0148uje p\u0159izp\u016fsoben\u00ed t\u011bla matraci a zlep\u0161uje bodov\u00e9 p\u016fsoben\u00ed ta\u0161ti\u010dkov\u00fdch pru\u017ein. \u010cerven\u00e1 m\u011bkk\u00e1 p\u011bna je materi\u00e1l p\u0159\u00edjemn\u00fd pro poko\u017eku. D\u00edky gelov\u00e9mu potahu se nav\u00edc p\u011bna nezah\u0159\u00edv\u00e1, a udr\u017euje tak p\u0159\u00edjemnou teplotu pro sp\u00e1nek. P\u011bna jemn\u011b obep\u00edn\u00e1 t\u011blo a udr\u017euje ho ve spr\u00e1vn\u00e9 poloze.<\/p>\n<p>Matrace je vhodn\u00e1 pro ty, kte\u0159\u00ed o\u010dek\u00e1vaj\u00ed st\u0159edn\u00ed a pru\u017enou oporu t\u011bla. Je to tak\u00e9 vynikaj\u00edc\u00ed matrace pro p\u00e1ry a osoby, kter\u00e9 b\u011bhem sp\u00e1nku \u010dasto m\u011bn\u00ed polohu. Pru\u017einy a p\u011bna nep\u0159en\u00e1\u0161ej\u00ed vibrace, tak\u017ee partner nepoc\u00edt\u00ed pohyby jedn\u00e9 osoby. Pru\u017en\u00fd povrch p\u011bny zase usnad\u0148uje zm\u011bnu polohy b\u011bhem sp\u00e1nku, ani\u017e by blokoval pohyby t\u011bla.<\/p>\n","protected":false},"excerpt":{"rendered":"<p>Rozm\u011bry:<\/p>\n<p>\u0160\u00ed\u0159ka &#8211; 120 cm<\/p>\n<p>Hloubka &#8211; 200 cm<\/p>\n<p>V\u00fd\u0161ka &#8211; 20 cm<\/p>\n<p>Stupnice tvrdosti &#8211; st\u0159edn\u00ed.<\/p>\n","protected":false},"featured_media":8018,"comment_status":"open","ping_status":"closed","template":"","meta":{"_eb_attr":"","_uag_custom_page_level_css":"","site-sidebar-layout":"default","site-content-layout":"","ast-site-content-layout":"default","site-content-style":"default","site-sidebar-style":"default","ast-global-header-display":"","ast-banner-title-visibility":"","ast-main-header-display":"","ast-hfb-above-header-display":"","ast-hfb-below-header-display":"","ast-hfb-mobile-header-display":"","site-post-title":"","ast-breadcrumbs-content":"","ast-featured-img":"","footer-sml-layout":"","theme-transparent-header-meta":"default","adv-header-id-meta":"","stick-header-meta":"default","header-above-stick-meta":"","header-main-stick-meta":"","header-below-stick-meta":"","astra-migrate-meta-layouts":"set","ast-page-background-enabled":"default","ast-page-background-meta":{"desktop":{"background-color":"","background-image":"","background-repeat":"repeat","background-position":"center center","background-size":"auto","background-attachment":"scroll","background-type":"","background-media":"","overlay-type":"","overlay-color":"","overlay-opacity":"","overlay-gradient":""},"tablet":{"background-color":"","background-image":"","background-repeat":"repeat","background-position":"center center","background-size":"auto","background-attachment":"scroll","background-type":"","background-media":"","overlay-type":"","overlay-color":"","overlay-opacity":"","overlay-gradient":""},"mobile":{"background-color":"","background-image":"","background-repeat":"repeat","background-position":"center center","background-size":"auto","background-attachment":"scroll","background-type":"","background-media":"","overlay-type":"","overlay-color":"","overlay-opacity":"","overlay-gradient":""}},"ast-content-background-meta":{"desktop":{"background-color":"var(--ast-global-color-5)","background-image":"","background-repeat":"repeat","background-position":"center center","background-size":"auto","background-attachment":"scroll","background-type":"","background-media":"","overlay-type":"","overlay-color":"","overlay-opacity":"","overlay-gradient":""},"tablet":{"background-color":"var(--ast-global-color-5)","background-image":"","background-repeat":"repeat","background-position":"center center","background-size":"auto","background-attachment":"scroll","background-type":"","background-media":"","overlay-type":"","overlay-color":"","overlay-opacity":"","overlay-gradient":""},"mobile":{"background-color":"var(--ast-global-color-5)","background-image":"","background-repeat":"repeat","background-position":"center center","background-size":"auto","background-attachment":"scroll","background-type":"","background-media":"","overlay-type":"","overlay-color":"","overlay-opacity":"","overlay-gradient":""}}},"product_brand":[],"product_cat":[93,94],"product_tag":[],"class_list":{"0":"post-10340","1":"product","2":"type-product","3":"status-publish","4":"has-post-thumbnail","6":"product_cat-detsky-pokoj","7":"product_cat-loznice","8":"desktop-align-left","9":"tablet-align-left","10":"mobile-align-left","11":"ast-product-gallery-layout-horizontal-slider","12":"ast-product-tabs-layout-horizontal","13":"ast-qv-on-image","15":"first","16":"onbackorder","17":"shipping-taxable","18":"purchasable","19":"product-type-simple"},"spectra_custom_meta":{"_iwo_price_last_change":["a:4:{s:5:\"price\";s:4:\"1729\";s:10:\"price_sale\";s:0:\"\";s:19:\"price_including_tax\";d:1729;s:9:\"timestamp\";i:1759242095;}"],"_eb_reusable_block_ids":["a:0:{}"],"_alp_processed":["1759242095"],"_wcml_average_rating":[null],"_wcml_review_count":[null],"_wcml_rating_count":[null],"_backorders":["no"],"_download_limit":["-1"],"_download_expiry":["-1"],"_downloadable":["no"],"_manage_stock":["no"],"_stock_status":["onbackorder"],"_sold_individually":["no"],"_tax_class":[""],"_tax_status":["taxable"],"_virtual":["no"],"total_sales":["0"],"stick-header-meta":["default"],"site-sidebar-layout":["default"],"theme-transparent-header-meta":["default"],"ast-site-content-layout":["default"],"site-content-style":["default"],"site-sidebar-style":["default"],"astra-migrate-meta-layouts":["set"],"wcml_sync_hash":["a:1:{s:15:\"postmeta_fields\";s:32:\"fdc532acb307c2fd034bcd74a6143c9d\";}"],"attr_label_translations":["a:0:{}"],"_product_attributes":["a:0:{}"],"_default_attributes":["a:0:{}"],"_upsell_ids":["a:0:{}"],"_crosssell_ids":["a:0:{}"],"_children":["a:0:{}"],"_wp_attachment_metadata":[""],"_thumbnail_id":["8018"],"_downloadable_files":[""],"_product_image_gallery":["8018,8017,8016"],"_regular_price":[9855.3],"_price":[9855.3],"_iwo_price_log":["a:4:{s:5:\"price\";s:4:\"1729\";s:10:\"price_sale\";s:0:\"\";s:19:\"price_including_tax\";d:1729;s:9:\"timestamp\";i:1759242095;}"],"_last_translation_edit_mode":["translation-editor"],"_wpml_word_count":["204"],"_uag_page_assets":["a:9:{s:3:\"css\";s:263:\".uag-blocks-common-selector{z-index:var(--z-index-desktop) !important}@media (max-width: 976px){.uag-blocks-common-selector{z-index:var(--z-index-tablet) !important}}@media (max-width: 767px){.uag-blocks-common-selector{z-index:var(--z-index-mobile) !important}}\n\";s:2:\"js\";s:0:\"\";s:18:\"current_block_list\";a:13:{i:0;s:11:\"core\/search\";i:1;s:10:\"core\/group\";i:2;s:12:\"core\/heading\";i:3;s:17:\"core\/latest-posts\";i:4;s:20:\"core\/latest-comments\";i:5;s:13:\"core\/archives\";i:6;s:15:\"core\/categories\";i:7;s:26:\"woocommerce\/filter-wrapper\";i:8;s:24:\"woocommerce\/price-filter\";i:9;s:30:\"woocommerce\/product-categories\";i:10;s:26:\"woocommerce\/active-filters\";i:11;s:23:\"essential-blocks\/social\";i:12;s:24:\"woocommerce\/stock-filter\";}s:8:\"uag_flag\";b:0;s:11:\"uag_version\";s:10:\"1776835149\";s:6:\"gfonts\";a:0:{}s:10:\"gfonts_url\";s:0:\"\";s:12:\"gfonts_files\";a:0:{}s:14:\"uag_faq_layout\";b:0;}"],"_uag_css_file_name":["uag-css-10340.css"],"_max_variation_price":[""],"_max_variation_regular_price":[""],"_max_variation_sale_price":[""],"_min_variation_price":[""],"_min_variation_regular_price":[""],"_min_variation_sale_price":[""],"_sale_price":[""],"_wc_rating_count":[""],"_wc_review_count":[""],"_wc_average_rating":[0]},"uagb_featured_image_src":{"full":["https:\/\/team-meble.pl\/wp-content\/uploads\/2024\/04\/xStandard-Smart-S-768x513.jpg.pagespeed.ic_.Zk5YZg2R44-\u2014-kopia.webp",768,513,false],"thumbnail":["https:\/\/team-meble.pl\/wp-content\/uploads\/2024\/04\/xStandard-Smart-S-768x513.jpg.pagespeed.ic_.Zk5YZg2R44-\u2014-kopia-150x150.webp",150,150,true],"medium":["https:\/\/team-meble.pl\/wp-content\/uploads\/2024\/04\/xStandard-Smart-S-768x513.jpg.pagespeed.ic_.Zk5YZg2R44-\u2014-kopia-300x200.webp",300,200,true],"medium_large":["https:\/\/team-meble.pl\/wp-content\/uploads\/2024\/04\/xStandard-Smart-S-768x513.jpg.pagespeed.ic_.Zk5YZg2R44-\u2014-kopia.webp",768,513,false],"large":["https:\/\/team-meble.pl\/wp-content\/uploads\/2024\/04\/xStandard-Smart-S-768x513.jpg.pagespeed.ic_.Zk5YZg2R44-\u2014-kopia.webp",768,513,false],"1536x1536":["https:\/\/team-meble.pl\/wp-content\/uploads\/2024\/04\/xStandard-Smart-S-768x513.jpg.pagespeed.ic_.Zk5YZg2R44-\u2014-kopia.webp",768,513,false],"2048x2048":["https:\/\/team-meble.pl\/wp-content\/uploads\/2024\/04\/xStandard-Smart-S-768x513.jpg.pagespeed.ic_.Zk5YZg2R44-\u2014-kopia.webp",768,513,false],"mailpoet_newsletter_max":["https:\/\/team-meble.pl\/wp-content\/uploads\/2024\/04\/xStandard-Smart-S-768x513.jpg.pagespeed.ic_.Zk5YZg2R44-\u2014-kopia.webp",768,513,false],"woocommerce_thumbnail":["https:\/\/team-meble.pl\/wp-content\/uploads\/2024\/04\/xStandard-Smart-S-768x513.jpg.pagespeed.ic_.Zk5YZg2R44-\u2014-kopia-300x300.webp",300,300,true],"woocommerce_single":["https:\/\/team-meble.pl\/wp-content\/uploads\/2024\/04\/xStandard-Smart-S-768x513.jpg.pagespeed.ic_.Zk5YZg2R44-\u2014-kopia-300x200.webp",300,200,true],"woocommerce_gallery_thumbnail":["https:\/\/team-meble.pl\/wp-content\/uploads\/2024\/04\/xStandard-Smart-S-768x513.jpg.pagespeed.ic_.Zk5YZg2R44-\u2014-kopia-100x100.webp",100,100,true]},"uagb_author_info":{"display_name":"Wiola","author_link":"https:\/\/team-meble.pl\/cs\/author\/"},"uagb_comment_info":0,"uagb_excerpt":"Rozm\u011bry: \u0160\u00ed\u0159ka - 120 cm Hloubka - 200 cm V\u00fd\u0161ka - 20 cm Stupnice tvrdosti - st\u0159edn\u00ed.","_links":{"self":[{"href":"https:\/\/team-meble.pl\/cs\/wp-json\/wp\/v2\/product\/10340","targetHints":{"allow":["GET"]}}],"collection":[{"href":"https:\/\/team-meble.pl\/cs\/wp-json\/wp\/v2\/product"}],"about":[{"href":"https:\/\/team-meble.pl\/cs\/wp-json\/wp\/v2\/types\/product"}],"replies":[{"embeddable":true,"href":"https:\/\/team-meble.pl\/cs\/wp-json\/wp\/v2\/comments?post=10340"}],"wp:featuredmedia":[{"embeddable":true,"href":"https:\/\/team-meble.pl\/cs\/wp-json\/wp\/v2\/media\/8018"}],"wp:attachment":[{"href":"https:\/\/team-meble.pl\/cs\/wp-json\/wp\/v2\/media?parent=10340"}],"wp:term":[{"taxonomy":"product_brand","embeddable":true,"href":"https:\/\/team-meble.pl\/cs\/wp-json\/wp\/v2\/product_brand?post=10340"},{"taxonomy":"product_cat","embeddable":true,"href":"https:\/\/team-meble.pl\/cs\/wp-json\/wp\/v2\/product_cat?post=10340"},{"taxonomy":"product_tag","embeddable":true,"href":"https:\/\/team-meble.pl\/cs\/wp-json\/wp\/v2\/product_tag?post=10340"}],"curies":[{"name":"wp","href":"https:\/\/api.w.org\/{rel}","templated":true}]}}