{"id":10349,"date":"2024-04-11T09:04:56","date_gmt":"2024-04-11T09:04:56","guid":{"rendered":"http:\/\/www.srv70508.seohost.com.pl\/produkt\/rehabilitacni-matrace-venus-140x200\/"},"modified":"2025-09-30T14:05:10","modified_gmt":"2025-09-30T14:05:10","slug":"rehabilitacni-matrace-venus-140x200","status":"publish","type":"product","link":"https:\/\/team-meble.pl\/cs\/produkt\/rehabilitacni-matrace-venus-140x200\/","title":{"rendered":"Rehabilita\u010dn\u00ed matrace Venus 140&#215;200"},"content":{"rendered":"<p>Uvnit\u0159 je 260 mal\u00fdch pru\u017ein na metr \u010dtvere\u010dn\u00ed ulo\u017een\u00fdch v l\u00e1tkov\u00fdch kaps\u00e1ch, kter\u00e9 pracuj\u00ed nez\u00e1visle a p\u0159esn\u011b kop\u00edruj\u00ed tvar va\u0161eho t\u011bla. Perfektn\u011b p\u0159il\u00e9haj\u00ed p\u0159esn\u011b v m\u00edstech, kde doch\u00e1z\u00ed k tlaku. Podp\u00edraj\u00ed men\u0161\u00ed \u010d\u00e1sti t\u011bla, st\u0159\u00eddav\u011b je podp\u00edraj\u00ed a odleh\u010duj\u00ed, \u010d\u00edm\u017e zachov\u00e1vaj\u00ed p\u0159irozen\u00e9 zak\u0159iven\u00ed p\u00e1te\u0159e. Sedm diferencovan\u00fdch z\u00f3n tvrdosti v\u00e1m zaru\u010d\u00ed dokonalou oporu bez ohledu na to, v jak\u00e9 poloze sp\u00edte.<\/p>\n<p>Pru\u017einovou vrstvu dopl\u0148uje m\u011bkk\u00e1 a odoln\u00e1 p\u011bna Energy Foam, kter\u00e1 zvy\u0161uje pocit pohodl\u00ed a pom\u00e1h\u00e1 matraci p\u0159izp\u016fsobit se tvaru t\u011bla. Model Venus m\u016f\u017eete pou\u017e\u00edvat oboustrann\u011b, co\u017e v\u00fdrazn\u011b prodlu\u017euje jeho \u017eivotnost.<\/p>\n<p>Ur\u010den\u00ed: \u00faleva od bolesti p\u00e1te\u0159e a kon\u010detin. Podle doporu\u010den\u00ed l\u00e9ka\u0159e.<\/p>\n<p><strong>Jedn\u00e1 se o zdravotnick\u00fd prost\u0159edek. Pou\u017e\u00edvejte jej podle n\u00e1vodu k pou\u017eit\u00ed nebo podle etikety.<\/strong><\/p>\n","protected":false},"excerpt":{"rendered":"<p>Rozm\u011bry:<\/p>\n<p>\u0160\u00ed\u0159ka &#8211; 140 cm<\/p>\n<p>Hloubka &#8211; 200 cm<\/p>\n<p>V\u00fd\u0161ka &#8211; 18 cm<\/p>\n<p>Stupnice tvrdosti &#8211; st\u0159edn\u00ed.<\/p>\n","protected":false},"featured_media":8012,"comment_status":"open","ping_status":"closed","template":"","meta":{"_eb_attr":"","_uag_custom_page_level_css":"","site-sidebar-layout":"default","site-content-layout":"","ast-site-content-layout":"default","site-content-style":"default","site-sidebar-style":"default","ast-global-header-display":"","ast-banner-title-visibility":"","ast-main-header-display":"","ast-hfb-above-header-display":"","ast-hfb-below-header-display":"","ast-hfb-mobile-header-display":"","site-post-title":"","ast-breadcrumbs-content":"","ast-featured-img":"","footer-sml-layout":"","theme-transparent-header-meta":"default","adv-header-id-meta":"","stick-header-meta":"default","header-above-stick-meta":"","header-main-stick-meta":"","header-below-stick-meta":"","astra-migrate-meta-layouts":"set","ast-page-background-enabled":"default","ast-page-background-meta":{"desktop":{"background-color":"","background-image":"","background-repeat":"repeat","background-position":"center center","background-size":"auto","background-attachment":"scroll","background-type":"","background-media":"","overlay-type":"","overlay-color":"","overlay-opacity":"","overlay-gradient":""},"tablet":{"background-color":"","background-image":"","background-repeat":"repeat","background-position":"center center","background-size":"auto","background-attachment":"scroll","background-type":"","background-media":"","overlay-type":"","overlay-color":"","overlay-opacity":"","overlay-gradient":""},"mobile":{"background-color":"","background-image":"","background-repeat":"repeat","background-position":"center center","background-size":"auto","background-attachment":"scroll","background-type":"","background-media":"","overlay-type":"","overlay-color":"","overlay-opacity":"","overlay-gradient":""}},"ast-content-background-meta":{"desktop":{"background-color":"var(--ast-global-color-5)","background-image":"","background-repeat":"repeat","background-position":"center center","background-size":"auto","background-attachment":"scroll","background-type":"","background-media":"","overlay-type":"","overlay-color":"","overlay-opacity":"","overlay-gradient":""},"tablet":{"background-color":"var(--ast-global-color-5)","background-image":"","background-repeat":"repeat","background-position":"center center","background-size":"auto","background-attachment":"scroll","background-type":"","background-media":"","overlay-type":"","overlay-color":"","overlay-opacity":"","overlay-gradient":""},"mobile":{"background-color":"var(--ast-global-color-5)","background-image":"","background-repeat":"repeat","background-position":"center center","background-size":"auto","background-attachment":"scroll","background-type":"","background-media":"","overlay-type":"","overlay-color":"","overlay-opacity":"","overlay-gradient":""}}},"product_brand":[],"product_cat":[94],"product_tag":[],"class_list":{"0":"post-10349","1":"product","2":"type-product","3":"status-publish","4":"has-post-thumbnail","6":"product_cat-loznice","7":"desktop-align-left","8":"tablet-align-left","9":"mobile-align-left","10":"ast-product-gallery-layout-horizontal-slider","11":"ast-product-tabs-layout-horizontal","12":"ast-qv-on-image","14":"first","15":"onbackorder","16":"shipping-taxable","17":"purchasable","18":"product-type-simple"},"spectra_custom_meta":{"_iwo_price_last_change":["a:4:{s:5:\"price\";s:4:\"1199\";s:10:\"price_sale\";s:0:\"\";s:19:\"price_including_tax\";d:1199;s:9:\"timestamp\";i:1759241110;}"],"_eb_reusable_block_ids":["a:0:{}"],"_alp_processed":["1759241110"],"_wcml_average_rating":[null],"_wcml_review_count":[null],"_wcml_rating_count":[null],"_backorders":["no"],"_download_limit":["-1"],"_download_expiry":["-1"],"_downloadable":["no"],"_manage_stock":["no"],"_stock_status":["onbackorder"],"_sold_individually":["no"],"_tax_class":[""],"_tax_status":["taxable"],"_virtual":["no"],"total_sales":["0"],"stick-header-meta":["default"],"site-sidebar-layout":["default"],"theme-transparent-header-meta":["default"],"ast-site-content-layout":["default"],"site-content-style":["default"],"site-sidebar-style":["default"],"astra-migrate-meta-layouts":["set"],"wcml_sync_hash":["a:1:{s:15:\"postmeta_fields\";s:32:\"6c27bce6d04b64b467d05b638ee317f2\";}"],"attr_label_translations":["a:0:{}"],"_product_attributes":["a:0:{}"],"_default_attributes":["a:0:{}"],"_upsell_ids":["a:0:{}"],"_crosssell_ids":["a:0:{}"],"_children":["a:0:{}"],"_thumbnail_id":["8012"],"_downloadable_files":[""],"_product_image_gallery":["8014,8013,8012"],"_regular_price":[6834.3],"_price":[6834.3],"_iwo_price_log":["a:4:{s:5:\"price\";s:4:\"1199\";s:10:\"price_sale\";s:0:\"\";s:19:\"price_including_tax\";d:1199;s:9:\"timestamp\";i:1759241110;}"],"_last_translation_edit_mode":["translation-editor"],"_wpml_word_count":["172"],"_uag_page_assets":["a:9:{s:3:\"css\";s:263:\".uag-blocks-common-selector{z-index:var(--z-index-desktop) !important}@media (max-width: 976px){.uag-blocks-common-selector{z-index:var(--z-index-tablet) !important}}@media (max-width: 767px){.uag-blocks-common-selector{z-index:var(--z-index-mobile) !important}}\n\";s:2:\"js\";s:0:\"\";s:18:\"current_block_list\";a:13:{i:0;s:11:\"core\/search\";i:1;s:10:\"core\/group\";i:2;s:12:\"core\/heading\";i:3;s:17:\"core\/latest-posts\";i:4;s:20:\"core\/latest-comments\";i:5;s:13:\"core\/archives\";i:6;s:15:\"core\/categories\";i:7;s:26:\"woocommerce\/filter-wrapper\";i:8;s:24:\"woocommerce\/price-filter\";i:9;s:30:\"woocommerce\/product-categories\";i:10;s:26:\"woocommerce\/active-filters\";i:11;s:23:\"essential-blocks\/social\";i:12;s:24:\"woocommerce\/stock-filter\";}s:8:\"uag_flag\";b:0;s:11:\"uag_version\";s:10:\"1776351452\";s:6:\"gfonts\";a:0:{}s:10:\"gfonts_url\";s:0:\"\";s:12:\"gfonts_files\";a:0:{}s:14:\"uag_faq_layout\";b:0;}"],"_max_variation_price":[""],"_max_variation_regular_price":[""],"_max_variation_sale_price":[""],"_min_variation_price":[""],"_min_variation_regular_price":[""],"_min_variation_sale_price":[""],"_sale_price":[""],"_wc_rating_count":[""],"_wc_review_count":[""],"_wc_average_rating":[0]},"uagb_featured_image_src":{"full":["https:\/\/team-meble.pl\/wp-content\/uploads\/2024\/04\/Standard-Smart-S-768x513-1.jpg",768,513,false],"thumbnail":["https:\/\/team-meble.pl\/wp-content\/uploads\/2024\/04\/Standard-Smart-S-768x513-1-150x150.jpg",150,150,true],"medium":["https:\/\/team-meble.pl\/wp-content\/uploads\/2024\/04\/Standard-Smart-S-768x513-1-300x200.jpg",300,200,true],"medium_large":["https:\/\/team-meble.pl\/wp-content\/uploads\/2024\/04\/Standard-Smart-S-768x513-1.jpg",768,513,false],"large":["https:\/\/team-meble.pl\/wp-content\/uploads\/2024\/04\/Standard-Smart-S-768x513-1.jpg",768,513,false],"1536x1536":["https:\/\/team-meble.pl\/wp-content\/uploads\/2024\/04\/Standard-Smart-S-768x513-1.jpg",768,513,false],"2048x2048":["https:\/\/team-meble.pl\/wp-content\/uploads\/2024\/04\/Standard-Smart-S-768x513-1.jpg",768,513,false],"mailpoet_newsletter_max":["https:\/\/team-meble.pl\/wp-content\/uploads\/2024\/04\/Standard-Smart-S-768x513-1.jpg",768,513,false],"woocommerce_thumbnail":["https:\/\/team-meble.pl\/wp-content\/uploads\/2024\/04\/Standard-Smart-S-768x513-1-300x300.jpg",300,300,true],"woocommerce_single":["https:\/\/team-meble.pl\/wp-content\/uploads\/2024\/04\/Standard-Smart-S-768x513-1-300x200.jpg",300,200,true],"woocommerce_gallery_thumbnail":["https:\/\/team-meble.pl\/wp-content\/uploads\/2024\/04\/Standard-Smart-S-768x513-1-100x100.jpg",100,100,true]},"uagb_author_info":{"display_name":"Wiola","author_link":"https:\/\/team-meble.pl\/cs\/author\/"},"uagb_comment_info":0,"uagb_excerpt":"Rozm\u011bry: \u0160\u00ed\u0159ka - 140 cm Hloubka - 200 cm V\u00fd\u0161ka - 18 cm Stupnice tvrdosti - st\u0159edn\u00ed.","_links":{"self":[{"href":"https:\/\/team-meble.pl\/cs\/wp-json\/wp\/v2\/product\/10349","targetHints":{"allow":["GET"]}}],"collection":[{"href":"https:\/\/team-meble.pl\/cs\/wp-json\/wp\/v2\/product"}],"about":[{"href":"https:\/\/team-meble.pl\/cs\/wp-json\/wp\/v2\/types\/product"}],"replies":[{"embeddable":true,"href":"https:\/\/team-meble.pl\/cs\/wp-json\/wp\/v2\/comments?post=10349"}],"wp:featuredmedia":[{"embeddable":true,"href":"https:\/\/team-meble.pl\/cs\/wp-json\/wp\/v2\/media\/8012"}],"wp:attachment":[{"href":"https:\/\/team-meble.pl\/cs\/wp-json\/wp\/v2\/media?parent=10349"}],"wp:term":[{"taxonomy":"product_brand","embeddable":true,"href":"https:\/\/team-meble.pl\/cs\/wp-json\/wp\/v2\/product_brand?post=10349"},{"taxonomy":"product_cat","embeddable":true,"href":"https:\/\/team-meble.pl\/cs\/wp-json\/wp\/v2\/product_cat?post=10349"},{"taxonomy":"product_tag","embeddable":true,"href":"https:\/\/team-meble.pl\/cs\/wp-json\/wp\/v2\/product_tag?post=10349"}],"curies":[{"name":"wp","href":"https:\/\/api.w.org\/{rel}","templated":true}]}}