{"id":10352,"date":"2024-04-11T08:44:53","date_gmt":"2024-04-11T08:44:53","guid":{"rendered":"http:\/\/www.srv70508.seohost.com.pl\/produkt\/matrace-delia-120x200\/"},"modified":"2025-08-06T12:19:29","modified_gmt":"2025-08-06T12:19:29","slug":"matrace-delia-120x200","status":"publish","type":"product","link":"https:\/\/team-meble.pl\/cs\/produkt\/matrace-delia-120x200\/","title":{"rendered":"Matrace Delia 120&#215;200"},"content":{"rendered":"<p>V matraci Delia jsou pru\u017einy rozm\u00edst\u011bny podle sedmi z\u00f3n tuhosti, kter\u00e9 pracuj\u00ed nez\u00e1visle a p\u0159esn\u011b podp\u00edraj\u00ed t\u011blo v tlakov\u00fdch bodech. Zaji\u0161\u0165uj\u00ed, \u017ee va\u0161e p\u00e1te\u0159 z\u016fstane v\u017edy ve spr\u00e1vn\u00e9m postaven\u00ed bez ohledu na to, v jak\u00e9 poloze sp\u00edte. Vrstvu pru\u017ein dopl\u0148uje z obou stran m\u011bkk\u00e1 a odoln\u00e1 p\u011bna Energy Foam, kter\u00e1 podporuje jejich bodov\u00e9 p\u016fsoben\u00ed a zvy\u0161uje pocit pohodl\u00ed. Kokosov\u00fd panel na jedn\u00e9 stran\u011b matrace, skryt\u00fd pod p\u011bnou, umo\u017e\u0148uje tuto \u010d\u00e1st vyztu\u017eit a zajistit pevn\u011bj\u0161\u00ed a stabiln\u011bj\u0161\u00ed oporu. Kokos je zcela p\u0159\u00edrodn\u00ed produkt, kter\u00fd nevylu\u010duje \u017e\u00e1dn\u00e9 \u0161kodliv\u00e9 toxiny, a speci\u00e1ln\u00ed miner\u00e1ln\u00ed soli obsa\u017een\u00e9 v jeho vl\u00e1knech omezuj\u00ed r\u016fst bakteri\u00ed. Z\u00e1rove\u0148 dokonale podporuje cirkulaci vzduchu uvnit\u0159 vlo\u017eky a zaji\u0161\u0165uje hygienick\u00e9 podm\u00ednky pro sp\u00e1nek.<\/p>\n<p>Matrace Delia v\u00e1m poskytne nekomplikovanou volbu a pohodl\u00ed bez ohledu na to, pro kterou stranu se rozhodnete.<\/p>\n","protected":false},"excerpt":{"rendered":"<p>Rozm\u011bry:<\/p>\n<p>\u0160\u00ed\u0159ka &#8211; 120 cm<\/p>\n<p>Hloubka &#8211; 200 cm<\/p>\n<p>V\u00fd\u0161ka &#8211; 23 cm<\/p>\n<p>Stupnice tvrdosti &#8211; tvrd\u00e1.<\/p>\n","protected":false},"featured_media":8009,"comment_status":"open","ping_status":"closed","template":"","meta":{"_eb_attr":"","_uag_custom_page_level_css":"","site-sidebar-layout":"default","site-content-layout":"","ast-site-content-layout":"default","site-content-style":"default","site-sidebar-style":"default","ast-global-header-display":"","ast-banner-title-visibility":"","ast-main-header-display":"","ast-hfb-above-header-display":"","ast-hfb-below-header-display":"","ast-hfb-mobile-header-display":"","site-post-title":"","ast-breadcrumbs-content":"","ast-featured-img":"","footer-sml-layout":"","theme-transparent-header-meta":"default","adv-header-id-meta":"","stick-header-meta":"default","header-above-stick-meta":"","header-main-stick-meta":"","header-below-stick-meta":"","astra-migrate-meta-layouts":"set","ast-page-background-enabled":"default","ast-page-background-meta":{"desktop":{"background-color":"","background-image":"","background-repeat":"repeat","background-position":"center center","background-size":"auto","background-attachment":"scroll","background-type":"","background-media":"","overlay-type":"","overlay-color":"","overlay-opacity":"","overlay-gradient":""},"tablet":{"background-color":"","background-image":"","background-repeat":"repeat","background-position":"center center","background-size":"auto","background-attachment":"scroll","background-type":"","background-media":"","overlay-type":"","overlay-color":"","overlay-opacity":"","overlay-gradient":""},"mobile":{"background-color":"","background-image":"","background-repeat":"repeat","background-position":"center center","background-size":"auto","background-attachment":"scroll","background-type":"","background-media":"","overlay-type":"","overlay-color":"","overlay-opacity":"","overlay-gradient":""}},"ast-content-background-meta":{"desktop":{"background-color":"var(--ast-global-color-5)","background-image":"","background-repeat":"repeat","background-position":"center center","background-size":"auto","background-attachment":"scroll","background-type":"","background-media":"","overlay-type":"","overlay-color":"","overlay-opacity":"","overlay-gradient":""},"tablet":{"background-color":"var(--ast-global-color-5)","background-image":"","background-repeat":"repeat","background-position":"center center","background-size":"auto","background-attachment":"scroll","background-type":"","background-media":"","overlay-type":"","overlay-color":"","overlay-opacity":"","overlay-gradient":""},"mobile":{"background-color":"var(--ast-global-color-5)","background-image":"","background-repeat":"repeat","background-position":"center center","background-size":"auto","background-attachment":"scroll","background-type":"","background-media":"","overlay-type":"","overlay-color":"","overlay-opacity":"","overlay-gradient":""}}},"product_brand":[],"product_cat":[93,94,92],"product_tag":[],"class_list":{"0":"post-10352","1":"product","2":"type-product","3":"status-publish","4":"has-post-thumbnail","6":"product_cat-detsky-pokoj","7":"product_cat-loznice","8":"product_cat-matrace","9":"desktop-align-left","10":"tablet-align-left","11":"mobile-align-left","12":"ast-product-gallery-layout-horizontal-slider","13":"ast-product-tabs-layout-horizontal","14":"ast-qv-on-image","16":"first","17":"instock","18":"shipping-taxable","19":"purchasable","20":"product-type-simple"},"spectra_custom_meta":{"_iwo_price_last_change":["a:4:{s:5:\"price\";s:4:\"1419\";s:10:\"price_sale\";s:0:\"\";s:19:\"price_including_tax\";d:1419;s:9:\"timestamp\";i:1754482769;}"],"_eb_reusable_block_ids":["a:0:{}"],"_alp_processed":["1754482769"],"_wcml_average_rating":[null],"_wcml_review_count":[null],"_wcml_rating_count":[null],"_backorders":["no"],"_download_limit":["-1"],"_download_expiry":["-1"],"_downloadable":["no"],"_manage_stock":["no"],"_stock_status":["instock"],"_sold_individually":["no"],"_tax_class":[""],"_tax_status":["taxable"],"_virtual":["no"],"total_sales":["0"],"stick-header-meta":["default"],"site-sidebar-layout":["default"],"theme-transparent-header-meta":["default"],"ast-site-content-layout":["default"],"site-content-style":["default"],"site-sidebar-style":["default"],"astra-migrate-meta-layouts":["set"],"wcml_sync_hash":["a:1:{s:15:\"postmeta_fields\";s:32:\"ddba17393fb894ed06c59f9458178e73\";}"],"attr_label_translations":["a:0:{}"],"_product_attributes":["a:0:{}"],"_default_attributes":["a:0:{}"],"_upsell_ids":["a:0:{}"],"_crosssell_ids":["a:0:{}"],"_children":["a:0:{}"],"_thumbnail_id":["8009"],"_downloadable_files":[""],"_product_image_gallery":["8009,8010,8011"],"_iwo_price_log":["a:4:{s:5:\"price\";s:4:\"1419\";s:10:\"price_sale\";s:0:\"\";s:19:\"price_including_tax\";d:1419;s:9:\"timestamp\";i:1754482769;}"],"_last_translation_edit_mode":["translation-editor"],"_wpml_word_count":["178"],"_uag_page_assets":["a:9:{s:3:\"css\";s:263:\".uag-blocks-common-selector{z-index:var(--z-index-desktop) !important}@media (max-width: 976px){.uag-blocks-common-selector{z-index:var(--z-index-tablet) !important}}@media (max-width: 767px){.uag-blocks-common-selector{z-index:var(--z-index-mobile) !important}}\n\";s:2:\"js\";s:0:\"\";s:18:\"current_block_list\";a:13:{i:0;s:11:\"core\/search\";i:1;s:10:\"core\/group\";i:2;s:12:\"core\/heading\";i:3;s:17:\"core\/latest-posts\";i:4;s:20:\"core\/latest-comments\";i:5;s:13:\"core\/archives\";i:6;s:15:\"core\/categories\";i:7;s:26:\"woocommerce\/filter-wrapper\";i:8;s:24:\"woocommerce\/price-filter\";i:9;s:30:\"woocommerce\/product-categories\";i:10;s:26:\"woocommerce\/active-filters\";i:11;s:23:\"essential-blocks\/social\";i:12;s:24:\"woocommerce\/stock-filter\";}s:8:\"uag_flag\";b:0;s:11:\"uag_version\";s:10:\"1776368564\";s:6:\"gfonts\";a:0:{}s:10:\"gfonts_url\";s:0:\"\";s:12:\"gfonts_files\";a:0:{}s:14:\"uag_faq_layout\";b:0;}"],"_regular_price":[8829.3],"_price":[8829.3],"_uag_css_file_name":["uag-css-10352.css"],"_max_variation_price":[""],"_max_variation_regular_price":[""],"_max_variation_sale_price":[""],"_min_variation_price":[""],"_min_variation_regular_price":[""],"_min_variation_sale_price":[""],"_sale_price":[""],"_wc_rating_count":[""],"_wc_review_count":[""],"_wc_average_rating":[0]},"uagb_featured_image_src":{"full":["https:\/\/team-meble.pl\/wp-content\/uploads\/2024\/04\/Standard-Smart-S.jpg",1534,1024,false],"thumbnail":["https:\/\/team-meble.pl\/wp-content\/uploads\/2024\/04\/Standard-Smart-S-150x150.jpg",150,150,true],"medium":["https:\/\/team-meble.pl\/wp-content\/uploads\/2024\/04\/Standard-Smart-S-300x200.jpg",300,200,true],"medium_large":["https:\/\/team-meble.pl\/wp-content\/uploads\/2024\/04\/Standard-Smart-S-768x513.jpg",768,513,true],"large":["https:\/\/team-meble.pl\/wp-content\/uploads\/2024\/04\/Standard-Smart-S-1024x684.jpg",1024,684,true],"1536x1536":["https:\/\/team-meble.pl\/wp-content\/uploads\/2024\/04\/Standard-Smart-S.jpg",1534,1024,false],"2048x2048":["https:\/\/team-meble.pl\/wp-content\/uploads\/2024\/04\/Standard-Smart-S.jpg",1534,1024,false],"mailpoet_newsletter_max":["https:\/\/team-meble.pl\/wp-content\/uploads\/2024\/04\/Standard-Smart-S-1320x881.jpg",1320,881,true],"woocommerce_thumbnail":["https:\/\/team-meble.pl\/wp-content\/uploads\/2024\/04\/Standard-Smart-S-300x300.jpg",300,300,true],"woocommerce_single":["https:\/\/team-meble.pl\/wp-content\/uploads\/2024\/04\/Standard-Smart-S-300x200.jpg",300,200,true],"woocommerce_gallery_thumbnail":["https:\/\/team-meble.pl\/wp-content\/uploads\/2024\/04\/Standard-Smart-S-100x100.jpg",100,100,true]},"uagb_author_info":{"display_name":"Wiola","author_link":"https:\/\/team-meble.pl\/cs\/author\/"},"uagb_comment_info":0,"uagb_excerpt":"Rozm\u011bry: \u0160\u00ed\u0159ka - 120 cm Hloubka - 200 cm V\u00fd\u0161ka - 23 cm Stupnice tvrdosti - tvrd\u00e1.","_links":{"self":[{"href":"https:\/\/team-meble.pl\/cs\/wp-json\/wp\/v2\/product\/10352","targetHints":{"allow":["GET"]}}],"collection":[{"href":"https:\/\/team-meble.pl\/cs\/wp-json\/wp\/v2\/product"}],"about":[{"href":"https:\/\/team-meble.pl\/cs\/wp-json\/wp\/v2\/types\/product"}],"replies":[{"embeddable":true,"href":"https:\/\/team-meble.pl\/cs\/wp-json\/wp\/v2\/comments?post=10352"}],"wp:featuredmedia":[{"embeddable":true,"href":"https:\/\/team-meble.pl\/cs\/wp-json\/wp\/v2\/media\/8009"}],"wp:attachment":[{"href":"https:\/\/team-meble.pl\/cs\/wp-json\/wp\/v2\/media?parent=10352"}],"wp:term":[{"taxonomy":"product_brand","embeddable":true,"href":"https:\/\/team-meble.pl\/cs\/wp-json\/wp\/v2\/product_brand?post=10352"},{"taxonomy":"product_cat","embeddable":true,"href":"https:\/\/team-meble.pl\/cs\/wp-json\/wp\/v2\/product_cat?post=10352"},{"taxonomy":"product_tag","embeddable":true,"href":"https:\/\/team-meble.pl\/cs\/wp-json\/wp\/v2\/product_tag?post=10352"}],"curies":[{"name":"wp","href":"https:\/\/api.w.org\/{rel}","templated":true}]}}