{"id":10442,"date":"2024-03-25T15:48:13","date_gmt":"2024-03-25T15:48:13","guid":{"rendered":"http:\/\/www.srv70508.seohost.com.pl\/produkt\/postel-sara-140x200\/"},"modified":"2024-03-25T15:48:13","modified_gmt":"2024-03-25T15:48:13","slug":"postel-sara-140x200","status":"publish","type":"product","link":"https:\/\/team-meble.pl\/cs\/produkt\/postel-sara-140x200\/","title":{"rendered":"Postel Sara 140&#215;200"},"content":{"rendered":"<p>\u010caloun\u011bn\u00e1 postel Sara je model, kter\u00fd vynik\u00e1 nad\u010dasov\u00fdm geometrick\u00fdm dekorem op\u011brky hlavy. Je\u0161t\u011b atraktivn\u011bj\u0161\u00ed jsou \u010detn\u00e9 mo\u017enosti personalizace. M\u016f\u017eete si ji p\u0159izp\u016fsobit podle sv\u00fdch preferenc\u00ed v\u00fdb\u011brem nohou, v\u00fd\u0161ky \u010dela, \u0161\u00ed\u0159ky r\u00e1mu a volbou \u00falo\u017en\u00e9ho boxu nebo r\u00e1mu. D\u00edky t\u00e9to flexibilit\u011b je postel Sara ide\u00e1ln\u00edm \u0159e\u0161en\u00edm pro ty, kte\u0159\u00ed si cht\u011bj\u00ed vytvo\u0159it kus n\u00e1bytku, kter\u00fd dokonale vyhovuje jejich vkusu a pot\u0159eb\u00e1m. D\u00edky tomuto p\u0159\u00edstupu k designu se postel Sara st\u00e1v\u00e1 nejen praktick\u00fdm kusem n\u00e1bytku na span\u00ed, ale tak\u00e9 kusem, kter\u00fd dokonale zapad\u00e1 do individu\u00e1ln\u00edho stylu ka\u017ed\u00e9ho u\u017eivatele.<\/p>\n<p>Postel Sara se dod\u00e1v\u00e1 v p\u011bti velikostech:90&#215;200,120&#215;200,140&#215;200,160&#215;200,180&#215;200.<\/p>\n<p>M\u016f\u017eete si tak\u00e9 vybrat, zda chcete postel s kontejnerem na l\u016f\u017ekoviny.<\/p>\n<p>Dal\u0161\u00ed v\u00fdhodou je, \u017ee si m\u016f\u017eete vybrat spr\u00e1vnou matraci (na v\u00fdb\u011br jsou \u010dty\u0159i typy) podle sv\u00fdch preferenc\u00ed.<\/p>\n<p>&nbsp;<\/p>\n","protected":false},"excerpt":{"rendered":"<p>Rozm\u011bry postele pro matraci 140&#215;200:<\/p>\n<p>\u0160\u00ed\u0159ka &#8211; 158 cm<\/p>\n<p>Hloubka &#8211; 223 cm<\/p>\n<p>V\u00fd\u0161ka &#8211; 106 nebo 86 cm<\/p>\n<p>Plocha na span\u00ed &#8211; 140 x 200 cm<\/p>\n<p>Uveden\u00e1 cena se vztahuje na postel bez kontejneru na lo\u017en\u00ed pr\u00e1dlo s matrac\u00ed Passion.<\/p>\n","protected":false},"featured_media":7775,"comment_status":"open","ping_status":"closed","template":"","meta":{"_eb_attr":"","_uag_custom_page_level_css":"","site-sidebar-layout":"default","site-content-layout":"","ast-site-content-layout":"default","site-content-style":"default","site-sidebar-style":"default","ast-global-header-display":"","ast-banner-title-visibility":"","ast-main-header-display":"","ast-hfb-above-header-display":"","ast-hfb-below-header-display":"","ast-hfb-mobile-header-display":"","site-post-title":"","ast-breadcrumbs-content":"","ast-featured-img":"","footer-sml-layout":"","theme-transparent-header-meta":"default","adv-header-id-meta":"","stick-header-meta":"default","header-above-stick-meta":"","header-main-stick-meta":"","header-below-stick-meta":"","astra-migrate-meta-layouts":"set","ast-page-background-enabled":"default","ast-page-background-meta":{"desktop":{"background-color":"","background-image":"","background-repeat":"repeat","background-position":"center center","background-size":"auto","background-attachment":"scroll","background-type":"","background-media":"","overlay-type":"","overlay-color":"","overlay-opacity":"","overlay-gradient":""},"tablet":{"background-color":"","background-image":"","background-repeat":"repeat","background-position":"center center","background-size":"auto","background-attachment":"scroll","background-type":"","background-media":"","overlay-type":"","overlay-color":"","overlay-opacity":"","overlay-gradient":""},"mobile":{"background-color":"","background-image":"","background-repeat":"repeat","background-position":"center center","background-size":"auto","background-attachment":"scroll","background-type":"","background-media":"","overlay-type":"","overlay-color":"","overlay-opacity":"","overlay-gradient":""}},"ast-content-background-meta":{"desktop":{"background-color":"var(--ast-global-color-5)","background-image":"","background-repeat":"repeat","background-position":"center center","background-size":"auto","background-attachment":"scroll","background-type":"","background-media":"","overlay-type":"","overlay-color":"","overlay-opacity":"","overlay-gradient":""},"tablet":{"background-color":"var(--ast-global-color-5)","background-image":"","background-repeat":"repeat","background-position":"center center","background-size":"auto","background-attachment":"scroll","background-type":"","background-media":"","overlay-type":"","overlay-color":"","overlay-opacity":"","overlay-gradient":""},"mobile":{"background-color":"var(--ast-global-color-5)","background-image":"","background-repeat":"repeat","background-position":"center center","background-size":"auto","background-attachment":"scroll","background-type":"","background-media":"","overlay-type":"","overlay-color":"","overlay-opacity":"","overlay-gradient":""}}},"product_brand":[],"product_cat":[93,94,121,107],"product_tag":[],"class_list":{"0":"post-10442","1":"product","2":"type-product","3":"status-publish","4":"has-post-thumbnail","6":"product_cat-detsky-pokoj","7":"product_cat-loznice","8":"product_cat-postele","9":"product_cat-zadna-kategorie","10":"desktop-align-left","11":"tablet-align-left","12":"mobile-align-left","13":"ast-product-gallery-layout-horizontal-slider","14":"ast-product-tabs-layout-horizontal","15":"ast-qv-on-image","17":"first","18":"onbackorder","19":"shipping-taxable","20":"purchasable","21":"product-type-simple"},"spectra_custom_meta":{"_iwo_price_last_change":["a:4:{s:5:\"price\";s:0:\"\";s:10:\"price_sale\";s:0:\"\";s:19:\"price_including_tax\";d:0;s:9:\"timestamp\";i:1721053043;}"],"_eb_reusable_block_ids":["a:0:{}"],"_alp_processed":["1721053043"],"_wcml_average_rating":[null],"_wcml_review_count":[null],"_wcml_rating_count":[null],"_backorders":["no"],"_download_limit":["-1"],"_download_expiry":["-1"],"_downloadable":["no"],"_manage_stock":["no"],"_stock_status":["onbackorder"],"_sold_individually":["no"],"_tax_class":[""],"_tax_status":["taxable"],"_virtual":["no"],"total_sales":["0"],"_regular_price":[11764.8],"_price":[11764.8],"stick-header-meta":["default"],"site-sidebar-layout":["default"],"theme-transparent-header-meta":["default"],"ast-site-content-layout":["default"],"site-content-style":["default"],"site-sidebar-style":["default"],"astra-migrate-meta-layouts":["set"],"wcml_sync_hash":["a:1:{s:15:\"postmeta_fields\";s:32:\"ad0dcac5c6352199b05167cf15b6d1d8\";}"],"attr_label_translations":["a:0:{}"],"_product_attributes":["a:0:{}"],"_default_attributes":["a:0:{}"],"_upsell_ids":["a:0:{}"],"_crosssell_ids":["a:0:{}"],"_children":["a:0:{}"],"_uag_page_assets":["a:9:{s:3:\"css\";s:263:\".uag-blocks-common-selector{z-index:var(--z-index-desktop) !important}@media (max-width: 976px){.uag-blocks-common-selector{z-index:var(--z-index-tablet) !important}}@media (max-width: 767px){.uag-blocks-common-selector{z-index:var(--z-index-mobile) !important}}\n\";s:2:\"js\";s:0:\"\";s:18:\"current_block_list\";a:13:{i:0;s:11:\"core\/search\";i:1;s:10:\"core\/group\";i:2;s:12:\"core\/heading\";i:3;s:17:\"core\/latest-posts\";i:4;s:20:\"core\/latest-comments\";i:5;s:13:\"core\/archives\";i:6;s:15:\"core\/categories\";i:7;s:26:\"woocommerce\/filter-wrapper\";i:8;s:24:\"woocommerce\/price-filter\";i:9;s:30:\"woocommerce\/product-categories\";i:10;s:26:\"woocommerce\/active-filters\";i:11;s:23:\"essential-blocks\/social\";i:12;s:24:\"woocommerce\/stock-filter\";}s:8:\"uag_flag\";b:0;s:11:\"uag_version\";s:10:\"1776354372\";s:6:\"gfonts\";a:0:{}s:10:\"gfonts_url\";s:0:\"\";s:12:\"gfonts_files\";a:0:{}s:14:\"uag_faq_layout\";b:0;}"],"_wp_attachment_metadata":[""],"_thumbnail_id":["7775"],"_max_variation_price":[""],"_max_variation_regular_price":[""],"_max_variation_sale_price":[""],"_min_variation_price":[""],"_min_variation_regular_price":[""],"_min_variation_sale_price":[""],"_sale_price":[""],"_wc_rating_count":[""],"_wc_review_count":[""],"_wc_average_rating":[0]},"uagb_featured_image_src":{"full":["https:\/\/team-meble.pl\/wp-content\/uploads\/2024\/03\/Sara_szary-1-1364x910-\u2014-kopia.jpg",1364,910,false],"thumbnail":["https:\/\/team-meble.pl\/wp-content\/uploads\/2024\/03\/Sara_szary-1-1364x910-\u2014-kopia-150x150.jpg",150,150,true],"medium":["https:\/\/team-meble.pl\/wp-content\/uploads\/2024\/03\/Sara_szary-1-1364x910-\u2014-kopia-300x200.jpg",300,200,true],"medium_large":["https:\/\/team-meble.pl\/wp-content\/uploads\/2024\/03\/Sara_szary-1-1364x910-\u2014-kopia-768x512.jpg",768,512,true],"large":["https:\/\/team-meble.pl\/wp-content\/uploads\/2024\/03\/Sara_szary-1-1364x910-\u2014-kopia-1024x683.jpg",1024,683,true],"1536x1536":["https:\/\/team-meble.pl\/wp-content\/uploads\/2024\/03\/Sara_szary-1-1364x910-\u2014-kopia.jpg",1364,910,false],"2048x2048":["https:\/\/team-meble.pl\/wp-content\/uploads\/2024\/03\/Sara_szary-1-1364x910-\u2014-kopia.jpg",1364,910,false],"mailpoet_newsletter_max":["https:\/\/team-meble.pl\/wp-content\/uploads\/2024\/03\/Sara_szary-1-1364x910-\u2014-kopia-1320x881.jpg",1320,881,true],"woocommerce_thumbnail":["https:\/\/team-meble.pl\/wp-content\/uploads\/2024\/03\/Sara_szary-1-1364x910-\u2014-kopia-300x300.jpg",300,300,true],"woocommerce_single":["https:\/\/team-meble.pl\/wp-content\/uploads\/2024\/03\/Sara_szary-1-1364x910-\u2014-kopia-300x200.jpg",300,200,true],"woocommerce_gallery_thumbnail":["https:\/\/team-meble.pl\/wp-content\/uploads\/2024\/03\/Sara_szary-1-1364x910-\u2014-kopia-100x100.jpg",100,100,true]},"uagb_author_info":{"display_name":"Wiola","author_link":"https:\/\/team-meble.pl\/cs\/author\/"},"uagb_comment_info":0,"uagb_excerpt":"Rozm\u011bry postele pro matraci 140x200: \u0160\u00ed\u0159ka - 158 cm Hloubka - 223 cm V\u00fd\u0161ka - 106 nebo 86 cm Plocha na span\u00ed - 140 x 200 cm Uveden\u00e1 cena se vztahuje na postel bez kontejneru na lo\u017en\u00ed pr\u00e1dlo s matrac\u00ed Passion.","_links":{"self":[{"href":"https:\/\/team-meble.pl\/cs\/wp-json\/wp\/v2\/product\/10442","targetHints":{"allow":["GET"]}}],"collection":[{"href":"https:\/\/team-meble.pl\/cs\/wp-json\/wp\/v2\/product"}],"about":[{"href":"https:\/\/team-meble.pl\/cs\/wp-json\/wp\/v2\/types\/product"}],"replies":[{"embeddable":true,"href":"https:\/\/team-meble.pl\/cs\/wp-json\/wp\/v2\/comments?post=10442"}],"wp:featuredmedia":[{"embeddable":true,"href":"https:\/\/team-meble.pl\/cs\/wp-json\/wp\/v2\/media\/7775"}],"wp:attachment":[{"href":"https:\/\/team-meble.pl\/cs\/wp-json\/wp\/v2\/media?parent=10442"}],"wp:term":[{"taxonomy":"product_brand","embeddable":true,"href":"https:\/\/team-meble.pl\/cs\/wp-json\/wp\/v2\/product_brand?post=10442"},{"taxonomy":"product_cat","embeddable":true,"href":"https:\/\/team-meble.pl\/cs\/wp-json\/wp\/v2\/product_cat?post=10442"},{"taxonomy":"product_tag","embeddable":true,"href":"https:\/\/team-meble.pl\/cs\/wp-json\/wp\/v2\/product_tag?post=10442"}],"curies":[{"name":"wp","href":"https:\/\/api.w.org\/{rel}","templated":true}]}}