{"id":10458,"date":"2024-03-22T13:16:48","date_gmt":"2024-03-22T13:16:48","guid":{"rendered":"http:\/\/www.srv70508.seohost.com.pl\/produkt\/rohova-jednotka-arte-v-usporadani-u\/"},"modified":"2026-04-09T14:32:45","modified_gmt":"2026-04-09T14:32:45","slug":"rohova-jednotka-arte-v-usporadani-u","status":"publish","type":"product","link":"https:\/\/team-meble.pl\/cs\/produkt\/rohova-jednotka-arte-v-usporadani-u\/","title":{"rendered":"Sedac\u00ed souprava Arte v uspo\u0159\u00e1d\u00e1n\u00ed &#8222;U&#8220;"},"content":{"rendered":"<p>Rohov\u00e1 sedac\u00ed souprava ARTE je kus n\u00e1bytku s pro\u0161\u00edvan\u00fdm sed\u00e1kem a kontejnerem na l\u016f\u017ekoviny. N\u00e1bytek m\u00e1 asistovan\u00e9 rozkl\u00e1d\u00e1n\u00ed, tak\u017ee p\u0159ipravit si ve\u010der m\u00edsto na span\u00ed nen\u00ed \u017e\u00e1dn\u00fd probl\u00e9m. Kontejner na l\u016f\u017ekoviny lze pou\u017e\u00edt tak\u00e9 k ulo\u017een\u00ed dal\u0161\u00edch pol\u0161t\u00e1\u0159\u016f, p\u0159ikr\u00fdvek nebo jin\u00fdch bytov\u00fdch textili\u00ed. N\u00e1bytek m\u00e1 10 cm nohy, tak\u017ee m\u016f\u017eete snadno udr\u017eovat spodn\u00ed \u010d\u00e1st rohu \u010distou a zabr\u00e1nit hromad\u011bn\u00ed prachu. N\u00e1\u0161 roh Arte byl vyroben z vysoce kvalitn\u00edch materi\u00e1l\u016f, kter\u00e9 zaru\u010duj\u00ed odolnost a pevnost pro dlouholet\u00e9 pou\u017e\u00edv\u00e1n\u00ed. K dispozici je \u0159ada l\u00e1tek a barev, tak\u017ee roh m\u016f\u017eete p\u0159izp\u016fsobit sv\u00e9mu interi\u00e9ru a stylu.<\/p>\n<p>K dispozici v prav\u00e9m nebo lev\u00e9m proveden\u00ed<\/p>\n","protected":false},"excerpt":{"rendered":"<p>Rozm\u011bry:<\/p>\n<p>\u0160\u00ed\u0159ka &#8211; 348 cm<\/p>\n<p>Hloubka &#8211; 200\/190 cm<\/p>\n<p>V\u00fd\u0161ka &#8211; 74\/97 cm<\/p>\n<p>Plocha na span\u00ed &#8211; 272 cm x 140 cm.<\/p>\n","protected":false},"featured_media":7697,"comment_status":"open","ping_status":"closed","template":"","meta":{"_eb_attr":"","_uag_custom_page_level_css":"","site-sidebar-layout":"default","site-content-layout":"","ast-site-content-layout":"default","site-content-style":"default","site-sidebar-style":"default","ast-global-header-display":"","ast-banner-title-visibility":"","ast-main-header-display":"","ast-hfb-above-header-display":"","ast-hfb-below-header-display":"","ast-hfb-mobile-header-display":"","site-post-title":"","ast-breadcrumbs-content":"","ast-featured-img":"","footer-sml-layout":"","theme-transparent-header-meta":"default","adv-header-id-meta":"","stick-header-meta":"default","header-above-stick-meta":"","header-main-stick-meta":"","header-below-stick-meta":"","astra-migrate-meta-layouts":"set","ast-page-background-enabled":"default","ast-page-background-meta":{"desktop":{"background-color":"","background-image":"","background-repeat":"repeat","background-position":"center center","background-size":"auto","background-attachment":"scroll","background-type":"","background-media":"","overlay-type":"","overlay-color":"","overlay-opacity":"","overlay-gradient":""},"tablet":{"background-color":"","background-image":"","background-repeat":"repeat","background-position":"center center","background-size":"auto","background-attachment":"scroll","background-type":"","background-media":"","overlay-type":"","overlay-color":"","overlay-opacity":"","overlay-gradient":""},"mobile":{"background-color":"","background-image":"","background-repeat":"repeat","background-position":"center center","background-size":"auto","background-attachment":"scroll","background-type":"","background-media":"","overlay-type":"","overlay-color":"","overlay-opacity":"","overlay-gradient":""}},"ast-content-background-meta":{"desktop":{"background-color":"var(--ast-global-color-5)","background-image":"","background-repeat":"repeat","background-position":"center center","background-size":"auto","background-attachment":"scroll","background-type":"","background-media":"","overlay-type":"","overlay-color":"","overlay-opacity":"","overlay-gradient":""},"tablet":{"background-color":"var(--ast-global-color-5)","background-image":"","background-repeat":"repeat","background-position":"center center","background-size":"auto","background-attachment":"scroll","background-type":"","background-media":"","overlay-type":"","overlay-color":"","overlay-opacity":"","overlay-gradient":""},"mobile":{"background-color":"var(--ast-global-color-5)","background-image":"","background-repeat":"repeat","background-position":"center center","background-size":"auto","background-attachment":"scroll","background-type":"","background-media":"","overlay-type":"","overlay-color":"","overlay-opacity":"","overlay-gradient":""}}},"product_brand":[],"product_cat":[104,103,116],"product_tag":[],"class_list":{"0":"post-10458","1":"product","2":"type-product","3":"status-publish","4":"has-post-thumbnail","6":"product_cat-jidelna","7":"product_cat-salon-cs","8":"product_cat-sedaci-soupravy","9":"desktop-align-left","10":"tablet-align-left","11":"mobile-align-left","12":"ast-product-gallery-layout-horizontal-slider","13":"ast-product-tabs-layout-horizontal","14":"ast-qv-on-image","16":"first","17":"onbackorder","18":"shipping-taxable","19":"purchasable","20":"product-type-simple"},"spectra_custom_meta":{"_iwo_price_last_change":["a:4:{s:5:\"price\";s:4:\"8729\";s:10:\"price_sale\";s:0:\"\";s:19:\"price_including_tax\";d:8729;s:9:\"timestamp\";i:1775745165;}"],"_eb_reusable_block_ids":["a:0:{}"],"_alp_processed":["1775745165"],"_wcml_average_rating":[null],"_wcml_review_count":[null],"_wcml_rating_count":[null],"_backorders":["no"],"_download_limit":["-1"],"_download_expiry":["-1"],"_downloadable":["no"],"_manage_stock":["no"],"_stock_status":["onbackorder"],"_sold_individually":["no"],"_tax_class":[""],"_tax_status":["taxable"],"_virtual":["no"],"total_sales":["0"],"stick-header-meta":["default"],"site-sidebar-layout":["default"],"theme-transparent-header-meta":["default"],"ast-site-content-layout":["default"],"site-content-style":["default"],"site-sidebar-style":["default"],"astra-migrate-meta-layouts":["set"],"wcml_sync_hash":["a:1:{s:15:\"postmeta_fields\";s:32:\"e29bed2e85bc7e65f4581f69cdbdf26c\";}"],"attr_label_translations":["a:0:{}"],"_crosssell_ids":["a:0:{}"],"_iwo_price_log":["a:4:{s:5:\"price\";s:4:\"8189\";s:10:\"price_sale\";s:0:\"\";s:19:\"price_including_tax\";d:8189;s:9:\"timestamp\";i:1723294180;}","a:4:{s:5:\"price\";s:4:\"8729\";s:10:\"price_sale\";s:0:\"\";s:19:\"price_including_tax\";d:8729;s:9:\"timestamp\";i:1775745165;}"],"_last_translation_edit_mode":["translation-editor"],"_wp_attachment_metadata":[""],"_thumbnail_id":["7697"],"_product_image_gallery":["7702,7697,7696,7695,7694"],"_wpml_word_count":["145"],"_uag_page_assets":["a:9:{s:3:\"css\";s:263:\".uag-blocks-common-selector{z-index:var(--z-index-desktop) !important}@media (max-width: 976px){.uag-blocks-common-selector{z-index:var(--z-index-tablet) !important}}@media (max-width: 767px){.uag-blocks-common-selector{z-index:var(--z-index-mobile) !important}}\n\";s:2:\"js\";s:0:\"\";s:18:\"current_block_list\";a:13:{i:0;s:11:\"core\/search\";i:1;s:10:\"core\/group\";i:2;s:12:\"core\/heading\";i:3;s:17:\"core\/latest-posts\";i:4;s:20:\"core\/latest-comments\";i:5;s:13:\"core\/archives\";i:6;s:15:\"core\/categories\";i:7;s:26:\"woocommerce\/filter-wrapper\";i:8;s:24:\"woocommerce\/price-filter\";i:9;s:30:\"woocommerce\/product-categories\";i:10;s:26:\"woocommerce\/active-filters\";i:11;s:23:\"essential-blocks\/social\";i:12;s:24:\"woocommerce\/stock-filter\";}s:8:\"uag_flag\";b:0;s:11:\"uag_version\";s:10:\"1776761840\";s:6:\"gfonts\";a:0:{}s:10:\"gfonts_url\";s:0:\"\";s:12:\"gfonts_files\";a:0:{}s:14:\"uag_faq_layout\";b:0;}"],"_regular_price":[53004.3],"_price":[53004.3],"_uag_css_file_name":["uag-css-10458.css"],"_max_variation_price":[""],"_max_variation_regular_price":[""],"_max_variation_sale_price":[""],"_min_variation_price":[""],"_min_variation_regular_price":[""],"_min_variation_sale_price":[""],"_sale_price":[""],"_wc_rating_count":[""],"_wc_review_count":[""],"_wc_average_rating":[0]},"uagb_featured_image_src":{"full":["https:\/\/team-meble.pl\/wp-content\/uploads\/2024\/03\/ARTE-BKL-2F-OTR-4-1.jpg",1920,1080,false],"thumbnail":["https:\/\/team-meble.pl\/wp-content\/uploads\/2024\/03\/ARTE-BKL-2F-OTR-4-1-150x150.jpg",150,150,true],"medium":["https:\/\/team-meble.pl\/wp-content\/uploads\/2024\/03\/ARTE-BKL-2F-OTR-4-1-300x169.jpg",300,169,true],"medium_large":["https:\/\/team-meble.pl\/wp-content\/uploads\/2024\/03\/ARTE-BKL-2F-OTR-4-1-768x432.jpg",768,432,true],"large":["https:\/\/team-meble.pl\/wp-content\/uploads\/2024\/03\/ARTE-BKL-2F-OTR-4-1-1024x576.jpg",1024,576,true],"1536x1536":["https:\/\/team-meble.pl\/wp-content\/uploads\/2024\/03\/ARTE-BKL-2F-OTR-4-1-1536x864.jpg",1536,864,true],"2048x2048":["https:\/\/team-meble.pl\/wp-content\/uploads\/2024\/03\/ARTE-BKL-2F-OTR-4-1.jpg",1920,1080,false],"mailpoet_newsletter_max":["https:\/\/team-meble.pl\/wp-content\/uploads\/2024\/03\/ARTE-BKL-2F-OTR-4-1-1320x743.jpg",1320,743,true],"woocommerce_thumbnail":["https:\/\/team-meble.pl\/wp-content\/uploads\/2024\/03\/ARTE-BKL-2F-OTR-4-1-300x300.jpg",300,300,true],"woocommerce_single":["https:\/\/team-meble.pl\/wp-content\/uploads\/2024\/03\/ARTE-BKL-2F-OTR-4-1-300x169.jpg",300,169,true],"woocommerce_gallery_thumbnail":["https:\/\/team-meble.pl\/wp-content\/uploads\/2024\/03\/ARTE-BKL-2F-OTR-4-1-100x100.jpg",100,100,true]},"uagb_author_info":{"display_name":"Wiola","author_link":"https:\/\/team-meble.pl\/cs\/author\/"},"uagb_comment_info":0,"uagb_excerpt":"Rozm\u011bry: \u0160\u00ed\u0159ka - 348 cm Hloubka - 200\/190 cm V\u00fd\u0161ka - 74\/97 cm Plocha na span\u00ed - 272 cm x 140 cm.","_links":{"self":[{"href":"https:\/\/team-meble.pl\/cs\/wp-json\/wp\/v2\/product\/10458","targetHints":{"allow":["GET"]}}],"collection":[{"href":"https:\/\/team-meble.pl\/cs\/wp-json\/wp\/v2\/product"}],"about":[{"href":"https:\/\/team-meble.pl\/cs\/wp-json\/wp\/v2\/types\/product"}],"replies":[{"embeddable":true,"href":"https:\/\/team-meble.pl\/cs\/wp-json\/wp\/v2\/comments?post=10458"}],"wp:featuredmedia":[{"embeddable":true,"href":"https:\/\/team-meble.pl\/cs\/wp-json\/wp\/v2\/media\/7697"}],"wp:attachment":[{"href":"https:\/\/team-meble.pl\/cs\/wp-json\/wp\/v2\/media?parent=10458"}],"wp:term":[{"taxonomy":"product_brand","embeddable":true,"href":"https:\/\/team-meble.pl\/cs\/wp-json\/wp\/v2\/product_brand?post=10458"},{"taxonomy":"product_cat","embeddable":true,"href":"https:\/\/team-meble.pl\/cs\/wp-json\/wp\/v2\/product_cat?post=10458"},{"taxonomy":"product_tag","embeddable":true,"href":"https:\/\/team-meble.pl\/cs\/wp-json\/wp\/v2\/product_tag?post=10458"}],"curies":[{"name":"wp","href":"https:\/\/api.w.org\/{rel}","templated":true}]}}