{"id":10471,"date":"2024-03-21T13:57:03","date_gmt":"2024-03-21T13:57:03","guid":{"rendered":"http:\/\/www.srv70508.seohost.com.pl\/produkt\/pohovka-grande\/"},"modified":"2025-04-17T13:30:07","modified_gmt":"2025-04-17T13:30:07","slug":"pohovka-grande","status":"publish","type":"product","link":"https:\/\/team-meble.pl\/cs\/produkt\/pohovka-grande\/","title":{"rendered":"Pohovka Grande"},"content":{"rendered":"<p>V pohovce Grande je d\u00edky pou\u017eit\u00ed dvojit\u00e9ho pru\u017een\u00ed &#8211; vlnit\u00e9 pru\u017einy a kapsov\u00e9ho bonelu &#8211; dosa\u017eeno vysok\u00e9ho komfortu pou\u017e\u00edv\u00e1n\u00ed. D\u00edky profilu op\u011bradla, ergonomii n\u00e1bytku a m\u011bkkosti v\u00fdpln\u00ed jsou vlastnosti n\u00e1bytku ide\u00e1ln\u00ed a spln\u00ed o\u010dek\u00e1v\u00e1n\u00ed n\u00e1ro\u010dn\u00e9ho z\u00e1kazn\u00edka. N\u00e1bytek je vybaven kontejnerem na l\u016f\u017ekoviny z b\u00edl\u00e9 laminovan\u00e9 desky. N\u00e1doba je vybavena automatickou pom\u016fckou pro funkci rozkl\u00e1d\u00e1n\u00ed. N\u00e1bytek m\u00e1 funkci span\u00ed typu DL.Vyberte si z velk\u00e9 nab\u00eddky l\u00e1tek v mnoha barv\u00e1ch.<\/p>\n","protected":false},"excerpt":{"rendered":"<p>Rozm\u011bry:<\/p>\n<p>\u0160\u00ed\u0159ka &#8211; 222 cm<\/p>\n<p>Hloubka &#8211; 100 cm<\/p>\n<p>V\u00fd\u0161ka &#8211; 90 cm<\/p>\n<p>Plocha na span\u00ed &#8211; 192 cm x 142 cm.<\/p>\n","protected":false},"featured_media":7655,"comment_status":"open","ping_status":"closed","template":"","meta":{"_eb_attr":"","_uag_custom_page_level_css":"","site-sidebar-layout":"default","site-content-layout":"","ast-site-content-layout":"default","site-content-style":"default","site-sidebar-style":"default","ast-global-header-display":"","ast-banner-title-visibility":"","ast-main-header-display":"","ast-hfb-above-header-display":"","ast-hfb-below-header-display":"","ast-hfb-mobile-header-display":"","site-post-title":"","ast-breadcrumbs-content":"","ast-featured-img":"","footer-sml-layout":"","theme-transparent-header-meta":"default","adv-header-id-meta":"","stick-header-meta":"default","header-above-stick-meta":"","header-main-stick-meta":"","header-below-stick-meta":"","astra-migrate-meta-layouts":"set","ast-page-background-enabled":"default","ast-page-background-meta":{"desktop":{"background-color":"","background-image":"","background-repeat":"repeat","background-position":"center center","background-size":"auto","background-attachment":"scroll","background-type":"","background-media":"","overlay-type":"","overlay-color":"","overlay-opacity":"","overlay-gradient":""},"tablet":{"background-color":"","background-image":"","background-repeat":"repeat","background-position":"center center","background-size":"auto","background-attachment":"scroll","background-type":"","background-media":"","overlay-type":"","overlay-color":"","overlay-opacity":"","overlay-gradient":""},"mobile":{"background-color":"","background-image":"","background-repeat":"repeat","background-position":"center center","background-size":"auto","background-attachment":"scroll","background-type":"","background-media":"","overlay-type":"","overlay-color":"","overlay-opacity":"","overlay-gradient":""}},"ast-content-background-meta":{"desktop":{"background-color":"var(--ast-global-color-5)","background-image":"","background-repeat":"repeat","background-position":"center center","background-size":"auto","background-attachment":"scroll","background-type":"","background-media":"","overlay-type":"","overlay-color":"","overlay-opacity":"","overlay-gradient":""},"tablet":{"background-color":"var(--ast-global-color-5)","background-image":"","background-repeat":"repeat","background-position":"center center","background-size":"auto","background-attachment":"scroll","background-type":"","background-media":"","overlay-type":"","overlay-color":"","overlay-opacity":"","overlay-gradient":""},"mobile":{"background-color":"var(--ast-global-color-5)","background-image":"","background-repeat":"repeat","background-position":"center center","background-size":"auto","background-attachment":"scroll","background-type":"","background-media":"","overlay-type":"","overlay-color":"","overlay-opacity":"","overlay-gradient":""}}},"product_brand":[],"product_cat":[104,103,117],"product_tag":[],"class_list":{"0":"post-10471","1":"product","2":"type-product","3":"status-publish","4":"has-post-thumbnail","6":"product_cat-jidelna","7":"product_cat-salon-cs","8":"product_cat-gauc","9":"desktop-align-left","10":"tablet-align-left","11":"mobile-align-left","12":"ast-product-gallery-layout-horizontal-slider","13":"ast-product-tabs-layout-horizontal","14":"ast-qv-on-image","16":"first","17":"onbackorder","18":"shipping-taxable","19":"purchasable","20":"product-type-simple"},"spectra_custom_meta":{"_iwo_price_last_change":["a:4:{s:5:\"price\";s:4:\"3689\";s:10:\"price_sale\";s:0:\"\";s:19:\"price_including_tax\";d:3689;s:9:\"timestamp\";i:1744896607;}"],"_eb_reusable_block_ids":["a:0:{}"],"_alp_processed":["1744896607"],"_wcml_average_rating":[null],"_wcml_review_count":[null],"_wcml_rating_count":[null],"_backorders":["no"],"_download_limit":["-1"],"_download_expiry":["-1"],"_downloadable":["no"],"_manage_stock":["no"],"_stock_status":["onbackorder"],"_sold_individually":["no"],"_tax_class":[""],"_tax_status":["taxable"],"_virtual":["no"],"total_sales":["0"],"stick-header-meta":["default"],"site-sidebar-layout":["default"],"theme-transparent-header-meta":["default"],"ast-site-content-layout":["default"],"site-content-style":["default"],"site-sidebar-style":["default"],"astra-migrate-meta-layouts":["set"],"wcml_sync_hash":["a:1:{s:15:\"postmeta_fields\";s:32:\"b06144c7357c3c0d65050412ccdf2ecb\";}"],"attr_label_translations":["a:0:{}"],"_product_attributes":["a:0:{}"],"_default_attributes":["a:0:{}"],"_upsell_ids":["a:0:{}"],"_crosssell_ids":["a:0:{}"],"_children":["a:0:{}"],"_wp_attachment_metadata":[""],"_thumbnail_id":["7655"],"_product_image_gallery":["7655,7654"],"_regular_price":[21027.3],"_price":[21027.3],"_iwo_price_log":["a:4:{s:5:\"price\";s:4:\"3689\";s:10:\"price_sale\";s:0:\"\";s:19:\"price_including_tax\";d:3689;s:9:\"timestamp\";i:1744896607;}"],"_last_translation_edit_mode":["translation-editor"],"_uag_page_assets":["a:9:{s:3:\"css\";s:0:\"\";s:2:\"js\";s:0:\"\";s:18:\"current_block_list\";a:13:{i:0;s:11:\"core\/search\";i:1;s:10:\"core\/group\";i:2;s:12:\"core\/heading\";i:3;s:17:\"core\/latest-posts\";i:4;s:20:\"core\/latest-comments\";i:5;s:13:\"core\/archives\";i:6;s:15:\"core\/categories\";i:7;s:26:\"woocommerce\/filter-wrapper\";i:8;s:24:\"woocommerce\/price-filter\";i:9;s:30:\"woocommerce\/product-categories\";i:10;s:26:\"woocommerce\/active-filters\";i:11;s:23:\"essential-blocks\/social\";i:12;s:24:\"woocommerce\/stock-filter\";}s:8:\"uag_flag\";b:0;s:11:\"uag_version\";s:10:\"1776298810\";s:6:\"gfonts\";a:0:{}s:10:\"gfonts_url\";s:0:\"\";s:12:\"gfonts_files\";a:0:{}s:14:\"uag_faq_layout\";b:0;}"],"_max_variation_price":[""],"_max_variation_regular_price":[""],"_max_variation_sale_price":[""],"_min_variation_price":[""],"_min_variation_regular_price":[""],"_min_variation_sale_price":[""],"_sale_price":[""],"_wc_rating_count":[""],"_wc_review_count":[""],"_wc_average_rating":[0]},"uagb_featured_image_src":{"full":["https:\/\/team-meble.pl\/wp-content\/uploads\/2024\/03\/GRANDE-3FBA-1130x635.jpg.webp",1130,635,false],"thumbnail":["https:\/\/team-meble.pl\/wp-content\/uploads\/2024\/03\/GRANDE-3FBA-1130x635.jpg-150x150.webp",150,150,true],"medium":["https:\/\/team-meble.pl\/wp-content\/uploads\/2024\/03\/GRANDE-3FBA-1130x635.jpg-300x169.webp",300,169,true],"medium_large":["https:\/\/team-meble.pl\/wp-content\/uploads\/2024\/03\/GRANDE-3FBA-1130x635.jpg-768x432.webp",768,432,true],"large":["https:\/\/team-meble.pl\/wp-content\/uploads\/2024\/03\/GRANDE-3FBA-1130x635.jpg-1024x575.webp",1024,575,true],"1536x1536":["https:\/\/team-meble.pl\/wp-content\/uploads\/2024\/03\/GRANDE-3FBA-1130x635.jpg.webp",1130,635,false],"2048x2048":["https:\/\/team-meble.pl\/wp-content\/uploads\/2024\/03\/GRANDE-3FBA-1130x635.jpg.webp",1130,635,false],"mailpoet_newsletter_max":["https:\/\/team-meble.pl\/wp-content\/uploads\/2024\/03\/GRANDE-3FBA-1130x635.jpg.webp",1130,635,false],"woocommerce_thumbnail":["https:\/\/team-meble.pl\/wp-content\/uploads\/2024\/03\/GRANDE-3FBA-1130x635.jpg-300x300.webp",300,300,true],"woocommerce_single":["https:\/\/team-meble.pl\/wp-content\/uploads\/2024\/03\/GRANDE-3FBA-1130x635.jpg-300x169.webp",300,169,true],"woocommerce_gallery_thumbnail":["https:\/\/team-meble.pl\/wp-content\/uploads\/2024\/03\/GRANDE-3FBA-1130x635.jpg-100x100.webp",100,100,true]},"uagb_author_info":{"display_name":"Wiola","author_link":"https:\/\/team-meble.pl\/cs\/author\/"},"uagb_comment_info":0,"uagb_excerpt":"Rozm\u011bry: \u0160\u00ed\u0159ka - 222 cm Hloubka - 100 cm V\u00fd\u0161ka - 90 cm Plocha na span\u00ed - 192 cm x 142 cm.","_links":{"self":[{"href":"https:\/\/team-meble.pl\/cs\/wp-json\/wp\/v2\/product\/10471","targetHints":{"allow":["GET"]}}],"collection":[{"href":"https:\/\/team-meble.pl\/cs\/wp-json\/wp\/v2\/product"}],"about":[{"href":"https:\/\/team-meble.pl\/cs\/wp-json\/wp\/v2\/types\/product"}],"replies":[{"embeddable":true,"href":"https:\/\/team-meble.pl\/cs\/wp-json\/wp\/v2\/comments?post=10471"}],"wp:featuredmedia":[{"embeddable":true,"href":"https:\/\/team-meble.pl\/cs\/wp-json\/wp\/v2\/media\/7655"}],"wp:attachment":[{"href":"https:\/\/team-meble.pl\/cs\/wp-json\/wp\/v2\/media?parent=10471"}],"wp:term":[{"taxonomy":"product_brand","embeddable":true,"href":"https:\/\/team-meble.pl\/cs\/wp-json\/wp\/v2\/product_brand?post=10471"},{"taxonomy":"product_cat","embeddable":true,"href":"https:\/\/team-meble.pl\/cs\/wp-json\/wp\/v2\/product_cat?post=10471"},{"taxonomy":"product_tag","embeddable":true,"href":"https:\/\/team-meble.pl\/cs\/wp-json\/wp\/v2\/product_tag?post=10471"}],"curies":[{"name":"wp","href":"https:\/\/api.w.org\/{rel}","templated":true}]}}