{"id":10541,"date":"2024-02-24T12:27:13","date_gmt":"2024-02-24T12:27:13","guid":{"rendered":"http:\/\/www.srv70508.seohost.com.pl\/produkt\/televizni-skrin-typ-41-halle-2s\/"},"modified":"2026-02-18T09:09:17","modified_gmt":"2026-02-18T09:09:17","slug":"televizni-skrin-typ-41-halle-2s","status":"publish","type":"product","link":"https:\/\/team-meble.pl\/cs\/produkt\/televizni-skrin-typ-41-halle-2s\/","title":{"rendered":"TV truhla 2S Halle typ 41 Helvetia"},"content":{"rendered":"<p>Komoda Halle RTV od spole\u010dnosti Helvetia je ide\u00e1ln\u00edm \u0159e\u0161en\u00edm pro ulo\u017een\u00ed audio\/video za\u0159\u00edzen\u00ed a dekorac\u00ed v ob\u00fdvac\u00edm pokoji.<\/p>\n<p>Komoda RTV je vyrobena z robustn\u00edch materi\u00e1l\u016f a poskytuje nejen funk\u010dnost, ale tak\u00e9 estetick\u00fd vzhled. M\u00e1 vhodn\u00e9 p\u0159ihr\u00e1dky a police, kter\u00e9 pom\u00e1haj\u00ed uspo\u0159\u00e1dat kabely, d\u00e1lkov\u00e9 ovlada\u010de a dal\u0161\u00ed drobn\u00e9 p\u0159\u00edslu\u0161enstv\u00ed souvisej\u00edc\u00ed s elektronikou.<\/p>\n<p>D\u00edky univerz\u00e1ln\u00edmu barevn\u00e9mu proveden\u00ed a minimalistick\u00e9mu designu se komoda RTV dokonale hod\u00ed k r\u016fzn\u00fdm styl\u016fm interi\u00e9ru. Snadno ho slad\u00edte se sv\u00fdm ob\u00fdvac\u00edm pokojem, a\u0165 u\u017e d\u00e1v\u00e1te p\u0159ednost modern\u00edmu, skandin\u00e1vsk\u00e9mu nebo klasick\u00e9mu interi\u00e9ru.Dostupn\u00e1 barva:dub Wotan<\/p>\n","protected":false},"excerpt":{"rendered":"<p>Rozm\u011bry:<\/p>\n<p>\u0161\u00ed\u0159ka &#8211; 124 cm<\/p>\n<p>hloubka &#8211; 50 cm<\/p>\n<p>v\u00fd\u0161ka &#8211; 50 cm<\/p>\n","protected":false},"featured_media":7333,"comment_status":"open","ping_status":"closed","template":"","meta":{"_eb_attr":"","_uag_custom_page_level_css":"","site-sidebar-layout":"default","site-content-layout":"","ast-site-content-layout":"default","site-content-style":"default","site-sidebar-style":"default","ast-global-header-display":"","ast-banner-title-visibility":"","ast-main-header-display":"","ast-hfb-above-header-display":"","ast-hfb-below-header-display":"","ast-hfb-mobile-header-display":"","site-post-title":"","ast-breadcrumbs-content":"","ast-featured-img":"","footer-sml-layout":"","theme-transparent-header-meta":"default","adv-header-id-meta":"","stick-header-meta":"default","header-above-stick-meta":"","header-main-stick-meta":"","header-below-stick-meta":"","astra-migrate-meta-layouts":"set","ast-page-background-enabled":"default","ast-page-background-meta":{"desktop":{"background-color":"","background-image":"","background-repeat":"repeat","background-position":"center center","background-size":"auto","background-attachment":"scroll","background-type":"","background-media":"","overlay-type":"","overlay-color":"","overlay-opacity":"","overlay-gradient":""},"tablet":{"background-color":"","background-image":"","background-repeat":"repeat","background-position":"center center","background-size":"auto","background-attachment":"scroll","background-type":"","background-media":"","overlay-type":"","overlay-color":"","overlay-opacity":"","overlay-gradient":""},"mobile":{"background-color":"","background-image":"","background-repeat":"repeat","background-position":"center center","background-size":"auto","background-attachment":"scroll","background-type":"","background-media":"","overlay-type":"","overlay-color":"","overlay-opacity":"","overlay-gradient":""}},"ast-content-background-meta":{"desktop":{"background-color":"var(--ast-global-color-5)","background-image":"","background-repeat":"repeat","background-position":"center center","background-size":"auto","background-attachment":"scroll","background-type":"","background-media":"","overlay-type":"","overlay-color":"","overlay-opacity":"","overlay-gradient":""},"tablet":{"background-color":"var(--ast-global-color-5)","background-image":"","background-repeat":"repeat","background-position":"center center","background-size":"auto","background-attachment":"scroll","background-type":"","background-media":"","overlay-type":"","overlay-color":"","overlay-opacity":"","overlay-gradient":""},"mobile":{"background-color":"var(--ast-global-color-5)","background-image":"","background-repeat":"repeat","background-position":"center center","background-size":"auto","background-attachment":"scroll","background-type":"","background-media":"","overlay-type":"","overlay-color":"","overlay-opacity":"","overlay-gradient":""}}},"product_brand":[],"product_cat":[104,94,103,110],"product_tag":[],"class_list":{"0":"post-10541","1":"product","2":"type-product","3":"status-publish","4":"has-post-thumbnail","6":"product_cat-jidelna","7":"product_cat-loznice","8":"product_cat-salon-cs","9":"product_cat-televizni-stolky","10":"desktop-align-left","11":"tablet-align-left","12":"mobile-align-left","13":"ast-product-gallery-layout-horizontal-slider","14":"ast-product-tabs-layout-horizontal","15":"ast-qv-on-image","17":"first","18":"onbackorder","19":"shipping-taxable","20":"purchasable","21":"product-type-simple"},"spectra_custom_meta":{"_iwo_price_last_change":["a:4:{s:5:\"price\";s:4:\"1269\";s:10:\"price_sale\";s:0:\"\";s:19:\"price_including_tax\";d:1269;s:9:\"timestamp\";i:1771405723;}"],"_eb_reusable_block_ids":["a:0:{}"],"_alp_processed":["1771405757"],"_wcml_average_rating":[null],"_wcml_review_count":[null],"_wcml_rating_count":[null],"_backorders":["no"],"_download_limit":["-1"],"_download_expiry":["-1"],"_downloadable":["no"],"_manage_stock":["no"],"_stock_status":["onbackorder"],"_sold_individually":["no"],"_tax_class":[""],"_tax_status":["taxable"],"_virtual":["no"],"total_sales":["0"],"_regular_price":[7233.3],"stick-header-meta":["default"],"site-sidebar-layout":["default"],"theme-transparent-header-meta":["default"],"ast-site-content-layout":["default"],"site-content-style":["default"],"site-sidebar-style":["default"],"astra-migrate-meta-layouts":["set"],"wcml_sync_hash":["a:1:{s:15:\"postmeta_fields\";s:32:\"17b3781966b0f1c4be692000de716036\";}"],"attr_label_translations":["a:0:{}"],"_crosssell_ids":["a:0:{}"],"_wp_attachment_metadata":[""],"_thumbnail_id":["7333"],"_downloadable_files":[""],"_product_image_gallery":["7333,7331,7332"],"_iwo_price_log":["a:4:{s:5:\"price\";s:4:\"1269\";s:10:\"price_sale\";s:4:\"1079\";s:19:\"price_including_tax\";d:1079;s:9:\"timestamp\";i:1747743061;}","a:4:{s:5:\"price\";s:4:\"1269\";s:10:\"price_sale\";s:0:\"\";s:19:\"price_including_tax\";d:1269;s:9:\"timestamp\";i:1771405723;}"],"_last_translation_edit_mode":["translation-editor"],"_wpml_word_count":["135"],"_price":[7233.3],"_wpml_media_duplicate":["1"],"_wpml_media_featured":["1"],"_uag_page_assets":["a:9:{s:3:\"css\";s:0:\"\";s:2:\"js\";s:0:\"\";s:18:\"current_block_list\";a:13:{i:0;s:11:\"core\/search\";i:1;s:10:\"core\/group\";i:2;s:12:\"core\/heading\";i:3;s:17:\"core\/latest-posts\";i:4;s:20:\"core\/latest-comments\";i:5;s:13:\"core\/archives\";i:6;s:15:\"core\/categories\";i:7;s:26:\"woocommerce\/filter-wrapper\";i:8;s:24:\"woocommerce\/price-filter\";i:9;s:30:\"woocommerce\/product-categories\";i:10;s:26:\"woocommerce\/active-filters\";i:11;s:23:\"essential-blocks\/social\";i:12;s:24:\"woocommerce\/stock-filter\";}s:8:\"uag_flag\";b:0;s:11:\"uag_version\";s:10:\"1776265478\";s:6:\"gfonts\";a:0:{}s:10:\"gfonts_url\";s:0:\"\";s:12:\"gfonts_files\";a:0:{}s:14:\"uag_faq_layout\";b:0;}"],"_max_variation_price":[""],"_max_variation_regular_price":[""],"_max_variation_sale_price":[""],"_min_variation_price":[""],"_min_variation_regular_price":[""],"_min_variation_sale_price":[""],"_sale_price":[""],"_wc_rating_count":[""],"_wc_review_count":[""],"_wc_average_rating":[0]},"uagb_featured_image_src":{"full":["https:\/\/team-meble.pl\/wp-content\/uploads\/2024\/02\/24N0HK41_2.jpg",1600,960,false],"thumbnail":["https:\/\/team-meble.pl\/wp-content\/uploads\/2024\/02\/24N0HK41_2-150x150.jpg",150,150,true],"medium":["https:\/\/team-meble.pl\/wp-content\/uploads\/2024\/02\/24N0HK41_2-300x180.jpg",300,180,true],"medium_large":["https:\/\/team-meble.pl\/wp-content\/uploads\/2024\/02\/24N0HK41_2-768x461.jpg",768,461,true],"large":["https:\/\/team-meble.pl\/wp-content\/uploads\/2024\/02\/24N0HK41_2-1024x614.jpg",1024,614,true],"1536x1536":["https:\/\/team-meble.pl\/wp-content\/uploads\/2024\/02\/24N0HK41_2-1536x922.jpg",1536,922,true],"2048x2048":["https:\/\/team-meble.pl\/wp-content\/uploads\/2024\/02\/24N0HK41_2.jpg",1600,960,false],"mailpoet_newsletter_max":["https:\/\/team-meble.pl\/wp-content\/uploads\/2024\/02\/24N0HK41_2-1320x792.jpg",1320,792,true],"woocommerce_thumbnail":["https:\/\/team-meble.pl\/wp-content\/uploads\/2024\/02\/24N0HK41_2-300x300.jpg",300,300,true],"woocommerce_single":["https:\/\/team-meble.pl\/wp-content\/uploads\/2024\/02\/24N0HK41_2-300x180.jpg",300,180,true],"woocommerce_gallery_thumbnail":["https:\/\/team-meble.pl\/wp-content\/uploads\/2024\/02\/24N0HK41_2-100x100.jpg",100,100,true]},"uagb_author_info":{"display_name":"Wiola","author_link":"https:\/\/team-meble.pl\/cs\/author\/"},"uagb_comment_info":0,"uagb_excerpt":"Rozm\u011bry: \u0161\u00ed\u0159ka - 124 cm hloubka - 50 cm v\u00fd\u0161ka - 50 cm","_links":{"self":[{"href":"https:\/\/team-meble.pl\/cs\/wp-json\/wp\/v2\/product\/10541","targetHints":{"allow":["GET"]}}],"collection":[{"href":"https:\/\/team-meble.pl\/cs\/wp-json\/wp\/v2\/product"}],"about":[{"href":"https:\/\/team-meble.pl\/cs\/wp-json\/wp\/v2\/types\/product"}],"replies":[{"embeddable":true,"href":"https:\/\/team-meble.pl\/cs\/wp-json\/wp\/v2\/comments?post=10541"}],"wp:featuredmedia":[{"embeddable":true,"href":"https:\/\/team-meble.pl\/cs\/wp-json\/wp\/v2\/media\/7333"}],"wp:attachment":[{"href":"https:\/\/team-meble.pl\/cs\/wp-json\/wp\/v2\/media?parent=10541"}],"wp:term":[{"taxonomy":"product_brand","embeddable":true,"href":"https:\/\/team-meble.pl\/cs\/wp-json\/wp\/v2\/product_brand?post=10541"},{"taxonomy":"product_cat","embeddable":true,"href":"https:\/\/team-meble.pl\/cs\/wp-json\/wp\/v2\/product_cat?post=10541"},{"taxonomy":"product_tag","embeddable":true,"href":"https:\/\/team-meble.pl\/cs\/wp-json\/wp\/v2\/product_tag?post=10541"}],"curies":[{"name":"wp","href":"https:\/\/api.w.org\/{rel}","templated":true}]}}