{"id":10542,"date":"2024-02-24T12:34:26","date_gmt":"2024-02-24T12:34:26","guid":{"rendered":"http:\/\/www.srv70508.seohost.com.pl\/produkt\/typ-99-konferencni-stolek-halle\/"},"modified":"2026-02-18T09:10:25","modified_gmt":"2026-02-18T09:10:25","slug":"typ-99-konferencni-stolek-halle","status":"publish","type":"product","link":"https:\/\/team-meble.pl\/cs\/produkt\/typ-99-konferencni-stolek-halle\/","title":{"rendered":"Konferen\u010dn\u00ed stolek Halle typ 99 Helvetia"},"content":{"rendered":"<p>Konferen\u010dn\u00ed stolek Halle od spole\u010dnosti Helvetia je mimo\u0159\u00e1dn\u011b v\u0161estrann\u00fd kus n\u00e1bytku, kter\u00fd dod\u00e1 kouzlo a funk\u010dnost ka\u017ed\u00e9 m\u00edstnosti. D\u00edky sv\u00fdm mal\u00fdm rozm\u011br\u016fm je ide\u00e1ln\u00ed jak do prostorn\u00fdch ob\u00fdvac\u00edch pokoj\u016f, tak do st\u00edsn\u011bn\u011bj\u0161\u00edch prostor. Je vyroben z nejkvalitn\u011bj\u0161\u00edch materi\u00e1l\u016f a vyza\u0159uje robustnost a stylov\u00fd p\u016fvab. Jeho elegantn\u00ed povrch vyroben\u00fd z odoln\u00fdch materi\u00e1l\u016f mu dod\u00e1v\u00e1 jedine\u010dn\u00fd p\u016fvab a je ide\u00e1ln\u00edm m\u00edstem pro vystaven\u00ed dekorativn\u00edch p\u0159edm\u011bt\u016f, knih nebo sklenic. Multifunk\u010dnost tohoto stolku je mimo\u0159\u00e1dn\u011b praktick\u00e1 a p\u0159\u00eddavn\u00e9 police poskytuj\u00ed praktick\u00e9 m\u00edsto pro ulo\u017een\u00ed drobnost\u00ed, d\u00e1lkov\u00fdch ovlada\u010d\u016f k televizi nebo \u010dasopis\u016f.<\/p>\n<p>Dostupn\u00e9 barvy: Dub wotan<\/p>\n","protected":false},"excerpt":{"rendered":"<p>Rozm\u011bry:<\/p>\n<p>\u0160\u00ed\u0159ka &#8211; 110 cm<\/p>\n<p>Hloubka &#8211; 60 cm<\/p>\n<p>V\u00fd\u0161ka &#8211; 50 cm<\/p>\n","protected":false},"featured_media":7336,"comment_status":"open","ping_status":"closed","template":"","meta":{"_eb_attr":"","_uag_custom_page_level_css":"","site-sidebar-layout":"default","site-content-layout":"","ast-site-content-layout":"default","site-content-style":"default","site-sidebar-style":"default","ast-global-header-display":"","ast-banner-title-visibility":"","ast-main-header-display":"","ast-hfb-above-header-display":"","ast-hfb-below-header-display":"","ast-hfb-mobile-header-display":"","site-post-title":"","ast-breadcrumbs-content":"","ast-featured-img":"","footer-sml-layout":"","theme-transparent-header-meta":"default","adv-header-id-meta":"","stick-header-meta":"default","header-above-stick-meta":"","header-main-stick-meta":"","header-below-stick-meta":"","astra-migrate-meta-layouts":"set","ast-page-background-enabled":"default","ast-page-background-meta":{"desktop":{"background-color":"","background-image":"","background-repeat":"repeat","background-position":"center center","background-size":"auto","background-attachment":"scroll","background-type":"","background-media":"","overlay-type":"","overlay-color":"","overlay-opacity":"","overlay-gradient":""},"tablet":{"background-color":"","background-image":"","background-repeat":"repeat","background-position":"center center","background-size":"auto","background-attachment":"scroll","background-type":"","background-media":"","overlay-type":"","overlay-color":"","overlay-opacity":"","overlay-gradient":""},"mobile":{"background-color":"","background-image":"","background-repeat":"repeat","background-position":"center center","background-size":"auto","background-attachment":"scroll","background-type":"","background-media":"","overlay-type":"","overlay-color":"","overlay-opacity":"","overlay-gradient":""}},"ast-content-background-meta":{"desktop":{"background-color":"var(--ast-global-color-5)","background-image":"","background-repeat":"repeat","background-position":"center center","background-size":"auto","background-attachment":"scroll","background-type":"","background-media":"","overlay-type":"","overlay-color":"","overlay-opacity":"","overlay-gradient":""},"tablet":{"background-color":"var(--ast-global-color-5)","background-image":"","background-repeat":"repeat","background-position":"center center","background-size":"auto","background-attachment":"scroll","background-type":"","background-media":"","overlay-type":"","overlay-color":"","overlay-opacity":"","overlay-gradient":""},"mobile":{"background-color":"var(--ast-global-color-5)","background-image":"","background-repeat":"repeat","background-position":"center center","background-size":"auto","background-attachment":"scroll","background-type":"","background-media":"","overlay-type":"","overlay-color":"","overlay-opacity":"","overlay-gradient":""}}},"product_brand":[],"product_cat":[104,103,112],"product_tag":[],"class_list":{"0":"post-10542","1":"product","2":"type-product","3":"status-publish","4":"has-post-thumbnail","6":"product_cat-jidelna","7":"product_cat-salon-cs","8":"product_cat-stoly-a-stolky","9":"desktop-align-left","10":"tablet-align-left","11":"mobile-align-left","12":"ast-product-gallery-layout-horizontal-slider","13":"ast-product-tabs-layout-horizontal","14":"ast-qv-on-image","16":"first","17":"onbackorder","18":"shipping-taxable","19":"purchasable","20":"product-type-simple"},"spectra_custom_meta":{"_iwo_price_last_change":["a:4:{s:5:\"price\";s:3:\"789\";s:10:\"price_sale\";s:0:\"\";s:19:\"price_including_tax\";d:789;s:9:\"timestamp\";i:1771405666;}"],"_eb_reusable_block_ids":["a:0:{}"],"_alp_processed":["1771405825"],"_wcml_average_rating":[null],"_wcml_review_count":[null],"_wcml_rating_count":[null],"_backorders":["no"],"_download_limit":["-1"],"_download_expiry":["-1"],"_downloadable":["no"],"_manage_stock":["no"],"_stock_status":["onbackorder"],"_sold_individually":["no"],"_tax_class":[""],"_tax_status":["taxable"],"_virtual":["no"],"total_sales":["0"],"_regular_price":[4497.3],"stick-header-meta":["default"],"site-sidebar-layout":["default"],"theme-transparent-header-meta":["default"],"ast-site-content-layout":["default"],"site-content-style":["default"],"site-sidebar-style":["default"],"astra-migrate-meta-layouts":["set"],"wcml_sync_hash":["a:1:{s:15:\"postmeta_fields\";s:32:\"5f5c6b9ce763ff65dcb8081bf29ec42d\";}"],"attr_label_translations":["a:0:{}"],"_crosssell_ids":["a:0:{}"],"_wp_attachment_metadata":[""],"_thumbnail_id":["7336"],"_downloadable_files":[""],"_product_image_gallery":["7336,7335"],"_iwo_price_log":["a:4:{s:5:\"price\";s:3:\"789\";s:10:\"price_sale\";s:3:\"671\";s:19:\"price_including_tax\";d:671;s:9:\"timestamp\";i:1747743038;}","a:4:{s:5:\"price\";s:3:\"789\";s:10:\"price_sale\";s:0:\"\";s:19:\"price_including_tax\";d:789;s:9:\"timestamp\";i:1771405666;}"],"_last_translation_edit_mode":["translation-editor"],"_wpml_word_count":["145"],"_price":[4497.3],"_wpml_media_duplicate":["1"],"_wpml_media_featured":["1"],"_uag_page_assets":["a:9:{s:3:\"css\";s:263:\".uag-blocks-common-selector{z-index:var(--z-index-desktop) !important}@media (max-width: 976px){.uag-blocks-common-selector{z-index:var(--z-index-tablet) !important}}@media (max-width: 767px){.uag-blocks-common-selector{z-index:var(--z-index-mobile) !important}}\n\";s:2:\"js\";s:0:\"\";s:18:\"current_block_list\";a:13:{i:0;s:11:\"core\/search\";i:1;s:10:\"core\/group\";i:2;s:12:\"core\/heading\";i:3;s:17:\"core\/latest-posts\";i:4;s:20:\"core\/latest-comments\";i:5;s:13:\"core\/archives\";i:6;s:15:\"core\/categories\";i:7;s:26:\"woocommerce\/filter-wrapper\";i:8;s:24:\"woocommerce\/price-filter\";i:9;s:30:\"woocommerce\/product-categories\";i:10;s:26:\"woocommerce\/active-filters\";i:11;s:23:\"essential-blocks\/social\";i:12;s:24:\"woocommerce\/stock-filter\";}s:8:\"uag_flag\";b:0;s:11:\"uag_version\";s:10:\"1776606789\";s:6:\"gfonts\";a:0:{}s:10:\"gfonts_url\";s:0:\"\";s:12:\"gfonts_files\";a:0:{}s:14:\"uag_faq_layout\";b:0;}"],"_uag_css_file_name":["uag-css-10542.css"],"_max_variation_price":[""],"_max_variation_regular_price":[""],"_max_variation_sale_price":[""],"_min_variation_price":[""],"_min_variation_regular_price":[""],"_min_variation_sale_price":[""],"_sale_price":[""],"_wc_rating_count":[""],"_wc_review_count":[""],"_wc_average_rating":[0]},"uagb_featured_image_src":{"full":["https:\/\/team-meble.pl\/wp-content\/uploads\/2024\/02\/24N0HK99_2.jpg",1600,1088,false],"thumbnail":["https:\/\/team-meble.pl\/wp-content\/uploads\/2024\/02\/24N0HK99_2-150x150.jpg",150,150,true],"medium":["https:\/\/team-meble.pl\/wp-content\/uploads\/2024\/02\/24N0HK99_2-300x204.jpg",300,204,true],"medium_large":["https:\/\/team-meble.pl\/wp-content\/uploads\/2024\/02\/24N0HK99_2-768x522.jpg",768,522,true],"large":["https:\/\/team-meble.pl\/wp-content\/uploads\/2024\/02\/24N0HK99_2-1024x696.jpg",1024,696,true],"1536x1536":["https:\/\/team-meble.pl\/wp-content\/uploads\/2024\/02\/24N0HK99_2-1536x1044.jpg",1536,1044,true],"2048x2048":["https:\/\/team-meble.pl\/wp-content\/uploads\/2024\/02\/24N0HK99_2.jpg",1600,1088,false],"mailpoet_newsletter_max":["https:\/\/team-meble.pl\/wp-content\/uploads\/2024\/02\/24N0HK99_2-1320x898.jpg",1320,898,true],"woocommerce_thumbnail":["https:\/\/team-meble.pl\/wp-content\/uploads\/2024\/02\/24N0HK99_2-300x300.jpg",300,300,true],"woocommerce_single":["https:\/\/team-meble.pl\/wp-content\/uploads\/2024\/02\/24N0HK99_2-300x204.jpg",300,204,true],"woocommerce_gallery_thumbnail":["https:\/\/team-meble.pl\/wp-content\/uploads\/2024\/02\/24N0HK99_2-100x100.jpg",100,100,true]},"uagb_author_info":{"display_name":"Wiola","author_link":"https:\/\/team-meble.pl\/cs\/author\/"},"uagb_comment_info":0,"uagb_excerpt":"Rozm\u011bry: \u0160\u00ed\u0159ka - 110 cm Hloubka - 60 cm V\u00fd\u0161ka - 50 cm","_links":{"self":[{"href":"https:\/\/team-meble.pl\/cs\/wp-json\/wp\/v2\/product\/10542","targetHints":{"allow":["GET"]}}],"collection":[{"href":"https:\/\/team-meble.pl\/cs\/wp-json\/wp\/v2\/product"}],"about":[{"href":"https:\/\/team-meble.pl\/cs\/wp-json\/wp\/v2\/types\/product"}],"replies":[{"embeddable":true,"href":"https:\/\/team-meble.pl\/cs\/wp-json\/wp\/v2\/comments?post=10542"}],"wp:featuredmedia":[{"embeddable":true,"href":"https:\/\/team-meble.pl\/cs\/wp-json\/wp\/v2\/media\/7336"}],"wp:attachment":[{"href":"https:\/\/team-meble.pl\/cs\/wp-json\/wp\/v2\/media?parent=10542"}],"wp:term":[{"taxonomy":"product_brand","embeddable":true,"href":"https:\/\/team-meble.pl\/cs\/wp-json\/wp\/v2\/product_brand?post=10542"},{"taxonomy":"product_cat","embeddable":true,"href":"https:\/\/team-meble.pl\/cs\/wp-json\/wp\/v2\/product_cat?post=10542"},{"taxonomy":"product_tag","embeddable":true,"href":"https:\/\/team-meble.pl\/cs\/wp-json\/wp\/v2\/product_tag?post=10542"}],"curies":[{"name":"wp","href":"https:\/\/api.w.org\/{rel}","templated":true}]}}