{"id":10552,"date":"2024-02-20T13:44:59","date_gmt":"2024-02-20T13:44:59","guid":{"rendered":"http:\/\/www.srv70508.seohost.com.pl\/produkt\/typ-05-dvoudverova-skrin-halle\/"},"modified":"2026-02-17T15:58:46","modified_gmt":"2026-02-17T15:58:46","slug":"typ-05-dvoudverova-skrin-halle","status":"publish","type":"product","link":"https:\/\/team-meble.pl\/cs\/produkt\/typ-05-dvoudverova-skrin-halle\/","title":{"rendered":"Typ 05 Halle dvoudve\u0159ov\u00e1 sk\u0159\u00ed\u0148 Helvetia"},"content":{"rendered":"<p>Vitr\u00edna Halle od spole\u010dnosti Helvetia je nejen praktick\u00fdm \u00falo\u017en\u00fdm \u0159e\u0161en\u00edm, ale tak\u00e9 kr\u00e1sn\u00fdm dekorativn\u00edm prvkem va\u0161eho interi\u00e9ru.<\/p>\n<p>Vitr\u00edna je vyrobena z vysoce kvalitn\u00edch materi\u00e1l\u016f a vypad\u00e1 elegantn\u011b a pevn\u011b. Prosklen\u00e1 dv\u00ed\u0159ka umo\u017e\u0148uj\u00ed vystavit obl\u00edben\u00e9 p\u0159edm\u011bty, jako jsou sklenice, porcel\u00e1n nebo ozdoby, a z\u00e1rove\u0148 je chr\u00e1n\u00ed p\u0159ed prachem a ne\u010distotami.<\/p>\n<p>Vnit\u0159n\u00ed prostor vitr\u00edny je funk\u010dn\u011b navr\u017een a je vybaven policemi a p\u0159ihr\u00e1dkami pro ulo\u017een\u00ed a uspo\u0159\u00e1d\u00e1n\u00ed r\u016fzn\u00fdch p\u0159edm\u011bt\u016f. M\u016f\u017eete ji pou\u017e\u00edt jako m\u00edsto pro vystaven\u00ed sb\u00edrky knih nebo bytov\u00fdch dopl\u0148k\u016f.Barvy:dub Wotan.<\/p>\n<p>&nbsp;<\/p>\n","protected":false},"excerpt":{"rendered":"<p>Rozm\u011bry:<\/p>\n<p>\u0161\u00ed\u0159ka &#8211; 64 cm<\/p>\n<p>hloubka &#8211; 45 cm<\/p>\n<p>v\u00fd\u0161ka &#8211; 190 cm<\/p>\n","protected":false},"featured_media":7306,"comment_status":"open","ping_status":"closed","template":"","meta":{"_eb_attr":"","_uag_custom_page_level_css":"","site-sidebar-layout":"default","site-content-layout":"","ast-site-content-layout":"default","site-content-style":"default","site-sidebar-style":"default","ast-global-header-display":"","ast-banner-title-visibility":"","ast-main-header-display":"","ast-hfb-above-header-display":"","ast-hfb-below-header-display":"","ast-hfb-mobile-header-display":"","site-post-title":"","ast-breadcrumbs-content":"","ast-featured-img":"","footer-sml-layout":"","theme-transparent-header-meta":"default","adv-header-id-meta":"","stick-header-meta":"default","header-above-stick-meta":"","header-main-stick-meta":"","header-below-stick-meta":"","astra-migrate-meta-layouts":"set","ast-page-background-enabled":"default","ast-page-background-meta":{"desktop":{"background-color":"","background-image":"","background-repeat":"repeat","background-position":"center center","background-size":"auto","background-attachment":"scroll","background-type":"","background-media":"","overlay-type":"","overlay-color":"","overlay-opacity":"","overlay-gradient":""},"tablet":{"background-color":"","background-image":"","background-repeat":"repeat","background-position":"center center","background-size":"auto","background-attachment":"scroll","background-type":"","background-media":"","overlay-type":"","overlay-color":"","overlay-opacity":"","overlay-gradient":""},"mobile":{"background-color":"","background-image":"","background-repeat":"repeat","background-position":"center center","background-size":"auto","background-attachment":"scroll","background-type":"","background-media":"","overlay-type":"","overlay-color":"","overlay-opacity":"","overlay-gradient":""}},"ast-content-background-meta":{"desktop":{"background-color":"var(--ast-global-color-5)","background-image":"","background-repeat":"repeat","background-position":"center center","background-size":"auto","background-attachment":"scroll","background-type":"","background-media":"","overlay-type":"","overlay-color":"","overlay-opacity":"","overlay-gradient":""},"tablet":{"background-color":"var(--ast-global-color-5)","background-image":"","background-repeat":"repeat","background-position":"center center","background-size":"auto","background-attachment":"scroll","background-type":"","background-media":"","overlay-type":"","overlay-color":"","overlay-opacity":"","overlay-gradient":""},"mobile":{"background-color":"var(--ast-global-color-5)","background-image":"","background-repeat":"repeat","background-position":"center center","background-size":"auto","background-attachment":"scroll","background-type":"","background-media":"","overlay-type":"","overlay-color":"","overlay-opacity":"","overlay-gradient":""}}},"product_brand":[],"product_cat":[104,103,109],"product_tag":[],"class_list":{"0":"post-10552","1":"product","2":"type-product","3":"status-publish","4":"has-post-thumbnail","6":"product_cat-jidelna","7":"product_cat-salon-cs","8":"product_cat-vitriny","9":"desktop-align-left","10":"tablet-align-left","11":"mobile-align-left","12":"ast-product-gallery-layout-horizontal-slider","13":"ast-product-tabs-layout-horizontal","14":"ast-qv-on-image","16":"first","17":"onbackorder","18":"shipping-taxable","19":"purchasable","20":"product-type-simple"},"spectra_custom_meta":{"_iwo_price_last_change":["a:4:{s:5:\"price\";s:4:\"1539\";s:10:\"price_sale\";s:0:\"\";s:19:\"price_including_tax\";d:1539;s:9:\"timestamp\";i:1771343926;}"],"_eb_reusable_block_ids":["a:0:{}"],"_alp_processed":["1771343926"],"_wcml_average_rating":[null],"_wcml_review_count":[null],"_wcml_rating_count":[null],"_backorders":["no"],"_download_limit":["-1"],"_download_expiry":["-1"],"_downloadable":["no"],"_manage_stock":["no"],"_stock_status":["onbackorder"],"_sold_individually":["no"],"_tax_class":[""],"_tax_status":["taxable"],"_virtual":["no"],"total_sales":["0"],"_regular_price":[8772.3],"stick-header-meta":["default"],"site-sidebar-layout":["default"],"theme-transparent-header-meta":["default"],"ast-site-content-layout":["default"],"site-content-style":["default"],"site-sidebar-style":["default"],"astra-migrate-meta-layouts":["set"],"wcml_sync_hash":["a:1:{s:15:\"postmeta_fields\";s:32:\"0be87b6a6bd54d7a1397109b09e920c2\";}"],"attr_label_translations":["a:0:{}"],"_crosssell_ids":["a:0:{}"],"_wp_attachment_metadata":[""],"_thumbnail_id":["7306"],"_downloadable_files":[""],"_product_image_gallery":["7306,7305,7304"],"_iwo_price_log":["a:4:{s:5:\"price\";s:4:\"1539\";s:10:\"price_sale\";s:4:\"1308\";s:19:\"price_including_tax\";d:1308;s:9:\"timestamp\";i:1747743282;}","a:4:{s:5:\"price\";s:4:\"1539\";s:10:\"price_sale\";s:0:\"\";s:19:\"price_including_tax\";d:1539;s:9:\"timestamp\";i:1771343926;}"],"_last_translation_edit_mode":["translation-editor"],"_wpml_word_count":["128"],"_price":[8772.3],"_wpml_media_duplicate":["1"],"_wpml_media_featured":["1"],"_uag_page_assets":["a:9:{s:3:\"css\";s:263:\".uag-blocks-common-selector{z-index:var(--z-index-desktop) !important}@media (max-width: 976px){.uag-blocks-common-selector{z-index:var(--z-index-tablet) !important}}@media (max-width: 767px){.uag-blocks-common-selector{z-index:var(--z-index-mobile) !important}}\n\";s:2:\"js\";s:0:\"\";s:18:\"current_block_list\";a:13:{i:0;s:11:\"core\/search\";i:1;s:10:\"core\/group\";i:2;s:12:\"core\/heading\";i:3;s:17:\"core\/latest-posts\";i:4;s:20:\"core\/latest-comments\";i:5;s:13:\"core\/archives\";i:6;s:15:\"core\/categories\";i:7;s:26:\"woocommerce\/filter-wrapper\";i:8;s:24:\"woocommerce\/price-filter\";i:9;s:30:\"woocommerce\/product-categories\";i:10;s:26:\"woocommerce\/active-filters\";i:11;s:23:\"essential-blocks\/social\";i:12;s:24:\"woocommerce\/stock-filter\";}s:8:\"uag_flag\";b:0;s:11:\"uag_version\";s:10:\"1776505214\";s:6:\"gfonts\";a:0:{}s:10:\"gfonts_url\";s:0:\"\";s:12:\"gfonts_files\";a:0:{}s:14:\"uag_faq_layout\";b:0;}"],"_max_variation_price":[""],"_max_variation_regular_price":[""],"_max_variation_sale_price":[""],"_min_variation_price":[""],"_min_variation_regular_price":[""],"_min_variation_sale_price":[""],"_sale_price":[""],"_wc_rating_count":[""],"_wc_review_count":[""],"_wc_average_rating":[0]},"uagb_featured_image_src":{"full":["https:\/\/team-meble.pl\/wp-content\/uploads\/2024\/02\/24N0HK05_2.jpg",1280,1600,false],"thumbnail":["https:\/\/team-meble.pl\/wp-content\/uploads\/2024\/02\/24N0HK05_2-150x150.jpg",150,150,true],"medium":["https:\/\/team-meble.pl\/wp-content\/uploads\/2024\/02\/24N0HK05_2-240x300.jpg",240,300,true],"medium_large":["https:\/\/team-meble.pl\/wp-content\/uploads\/2024\/02\/24N0HK05_2-768x960.jpg",768,960,true],"large":["https:\/\/team-meble.pl\/wp-content\/uploads\/2024\/02\/24N0HK05_2-819x1024.jpg",819,1024,true],"1536x1536":["https:\/\/team-meble.pl\/wp-content\/uploads\/2024\/02\/24N0HK05_2-1229x1536.jpg",1229,1536,true],"2048x2048":["https:\/\/team-meble.pl\/wp-content\/uploads\/2024\/02\/24N0HK05_2.jpg",1280,1600,false],"mailpoet_newsletter_max":["https:\/\/team-meble.pl\/wp-content\/uploads\/2024\/02\/24N0HK05_2.jpg",1280,1600,false],"woocommerce_thumbnail":["https:\/\/team-meble.pl\/wp-content\/uploads\/2024\/02\/24N0HK05_2-300x300.jpg",300,300,true],"woocommerce_single":["https:\/\/team-meble.pl\/wp-content\/uploads\/2024\/02\/24N0HK05_2-300x375.jpg",300,375,true],"woocommerce_gallery_thumbnail":["https:\/\/team-meble.pl\/wp-content\/uploads\/2024\/02\/24N0HK05_2-100x100.jpg",100,100,true]},"uagb_author_info":{"display_name":"Wiola","author_link":"https:\/\/team-meble.pl\/cs\/author\/"},"uagb_comment_info":0,"uagb_excerpt":"Rozm\u011bry: \u0161\u00ed\u0159ka - 64 cm hloubka - 45 cm v\u00fd\u0161ka - 190 cm","_links":{"self":[{"href":"https:\/\/team-meble.pl\/cs\/wp-json\/wp\/v2\/product\/10552","targetHints":{"allow":["GET"]}}],"collection":[{"href":"https:\/\/team-meble.pl\/cs\/wp-json\/wp\/v2\/product"}],"about":[{"href":"https:\/\/team-meble.pl\/cs\/wp-json\/wp\/v2\/types\/product"}],"replies":[{"embeddable":true,"href":"https:\/\/team-meble.pl\/cs\/wp-json\/wp\/v2\/comments?post=10552"}],"wp:featuredmedia":[{"embeddable":true,"href":"https:\/\/team-meble.pl\/cs\/wp-json\/wp\/v2\/media\/7306"}],"wp:attachment":[{"href":"https:\/\/team-meble.pl\/cs\/wp-json\/wp\/v2\/media?parent=10552"}],"wp:term":[{"taxonomy":"product_brand","embeddable":true,"href":"https:\/\/team-meble.pl\/cs\/wp-json\/wp\/v2\/product_brand?post=10552"},{"taxonomy":"product_cat","embeddable":true,"href":"https:\/\/team-meble.pl\/cs\/wp-json\/wp\/v2\/product_cat?post=10552"},{"taxonomy":"product_tag","embeddable":true,"href":"https:\/\/team-meble.pl\/cs\/wp-json\/wp\/v2\/product_tag?post=10552"}],"curies":[{"name":"wp","href":"https:\/\/api.w.org\/{rel}","templated":true}]}}