{"id":10602,"date":"2024-02-01T15:20:20","date_gmt":"2024-02-01T15:20:20","guid":{"rendered":"http:\/\/www.srv70508.seohost.com.pl\/produkt\/rohova-skrin-ayson-2d\/"},"modified":"2025-06-05T13:23:20","modified_gmt":"2025-06-05T13:23:20","slug":"rohova-skrin-ayson-2d","status":"publish","type":"product","link":"https:\/\/team-meble.pl\/cs\/produkt\/rohova-skrin-ayson-2d\/","title":{"rendered":"Rohov\u00e1 sk\u0159\u00ed\u0148 Ayson 2d"},"content":{"rendered":"<p>Nepostradateln\u00fdm kusem n\u00e1bytku v lo\u017enici, pokoji pro ml\u00e1de\u017e, d\u011btsk\u00e9m pokoji nebo \u0161atn\u011b je velk\u00e1 prostorn\u00e1 \u0161atn\u00ed sk\u0159\u00ed\u0148, do kter\u00e9 se vejde mnoho nezbytn\u00fdch v\u011bc\u00ed, p\u0159edev\u0161\u00edm oble\u010den\u00ed a dopl\u0148k\u016f. \u0160atn\u00ed sk\u0159\u00ed\u0148 z kolekce Ayson m\u00e1 krom\u011b velk\u00e9ho prostoru pro zav\u011b\u0161en\u00ed oble\u010den\u00ed tak\u00e9 prostornou z\u00e1suvku a polici. D\u0159ev\u011bn\u00fd vzor kolekce jist\u011b z\u00fatuln\u00ed interi\u00e9r, ve kter\u00e9m bude Ayson um\u00edst\u011bn. V\u00fdrazn\u00e9 suky podtrhuj\u00ed p\u0159irozen\u00fd vzhled kolekce, kter\u00fd je\u0161t\u011b umoc\u0148uj\u00ed jednoduch\u00e9 \u010dern\u00e9 rukojeti.<\/p>\n","protected":false},"excerpt":{"rendered":"<p>Rozm\u011bry:<\/p>\n<p>\u0161\u00ed\u0159ka &#8211; 96,9 cm<\/p>\n<p>\u0161\u00ed\u0159ka &#8211; 96,9 cm<\/p>\n<p>v\u00fd\u0161ka &#8211; 210,6 cm<\/p>\n","protected":false},"featured_media":7149,"comment_status":"open","ping_status":"closed","template":"","meta":{"_eb_attr":"","_uag_custom_page_level_css":"","site-sidebar-layout":"default","site-content-layout":"","ast-site-content-layout":"default","site-content-style":"default","site-sidebar-style":"default","ast-global-header-display":"","ast-banner-title-visibility":"","ast-main-header-display":"","ast-hfb-above-header-display":"","ast-hfb-below-header-display":"","ast-hfb-mobile-header-display":"","site-post-title":"","ast-breadcrumbs-content":"","ast-featured-img":"","footer-sml-layout":"","theme-transparent-header-meta":"default","adv-header-id-meta":"","stick-header-meta":"default","header-above-stick-meta":"","header-main-stick-meta":"","header-below-stick-meta":"","astra-migrate-meta-layouts":"set","ast-page-background-enabled":"default","ast-page-background-meta":{"desktop":{"background-color":"","background-image":"","background-repeat":"repeat","background-position":"center center","background-size":"auto","background-attachment":"scroll","background-type":"","background-media":"","overlay-type":"","overlay-color":"","overlay-opacity":"","overlay-gradient":""},"tablet":{"background-color":"","background-image":"","background-repeat":"repeat","background-position":"center center","background-size":"auto","background-attachment":"scroll","background-type":"","background-media":"","overlay-type":"","overlay-color":"","overlay-opacity":"","overlay-gradient":""},"mobile":{"background-color":"","background-image":"","background-repeat":"repeat","background-position":"center center","background-size":"auto","background-attachment":"scroll","background-type":"","background-media":"","overlay-type":"","overlay-color":"","overlay-opacity":"","overlay-gradient":""}},"ast-content-background-meta":{"desktop":{"background-color":"var(--ast-global-color-5)","background-image":"","background-repeat":"repeat","background-position":"center center","background-size":"auto","background-attachment":"scroll","background-type":"","background-media":"","overlay-type":"","overlay-color":"","overlay-opacity":"","overlay-gradient":""},"tablet":{"background-color":"var(--ast-global-color-5)","background-image":"","background-repeat":"repeat","background-position":"center center","background-size":"auto","background-attachment":"scroll","background-type":"","background-media":"","overlay-type":"","overlay-color":"","overlay-opacity":"","overlay-gradient":""},"mobile":{"background-color":"var(--ast-global-color-5)","background-image":"","background-repeat":"repeat","background-position":"center center","background-size":"auto","background-attachment":"scroll","background-type":"","background-media":"","overlay-type":"","overlay-color":"","overlay-opacity":"","overlay-gradient":""}}},"product_brand":[],"product_cat":[93,94,111],"product_tag":[],"class_list":{"0":"post-10602","1":"product","2":"type-product","3":"status-publish","4":"has-post-thumbnail","6":"product_cat-detsky-pokoj","7":"product_cat-loznice","8":"product_cat-satni-skrine","9":"desktop-align-left","10":"tablet-align-left","11":"mobile-align-left","12":"ast-product-gallery-layout-horizontal-slider","13":"ast-product-tabs-layout-horizontal","14":"ast-qv-on-image","16":"first","17":"onbackorder","18":"shipping-taxable","19":"purchasable","20":"product-type-simple"},"spectra_custom_meta":{"_iwo_price_last_change":["a:4:{s:5:\"price\";s:4:\"1199\";s:10:\"price_sale\";s:0:\"\";s:19:\"price_including_tax\";d:1199;s:9:\"timestamp\";i:1749129800;}"],"_eb_reusable_block_ids":["a:0:{}"],"_alp_processed":["1749129800"],"_wcml_average_rating":[null],"_wcml_review_count":[null],"_wcml_rating_count":[null],"_backorders":["no"],"_download_limit":["-1"],"_download_expiry":["-1"],"_downloadable":["no"],"_manage_stock":["no"],"_stock_status":["onbackorder"],"_sold_individually":["no"],"_tax_class":[""],"_tax_status":["taxable"],"_virtual":["no"],"total_sales":["0"],"stick-header-meta":["default"],"site-sidebar-layout":["default"],"theme-transparent-header-meta":["default"],"ast-site-content-layout":["default"],"site-content-style":["default"],"site-sidebar-style":["default"],"astra-migrate-meta-layouts":["set"],"wcml_sync_hash":["a:1:{s:15:\"postmeta_fields\";s:32:\"89457e06f9facd9f646b2e1363291e3e\";}"],"attr_label_translations":["a:0:{}"],"_crosssell_ids":["a:0:{}"],"_wp_attachment_metadata":[""],"_thumbnail_id":["7149"],"_downloadable_files":[""],"_product_image_gallery":["7149,7150,7128"],"_iwo_price_log":["a:4:{s:5:\"price\";s:4:\"1199\";s:10:\"price_sale\";s:0:\"\";s:19:\"price_including_tax\";d:1199;s:9:\"timestamp\";i:1749129800;}"],"_last_translation_edit_mode":["translation-editor"],"_wpml_word_count":["107"],"_uag_page_assets":["a:9:{s:3:\"css\";s:0:\"\";s:2:\"js\";s:0:\"\";s:18:\"current_block_list\";a:13:{i:0;s:11:\"core\/search\";i:1;s:10:\"core\/group\";i:2;s:12:\"core\/heading\";i:3;s:17:\"core\/latest-posts\";i:4;s:20:\"core\/latest-comments\";i:5;s:13:\"core\/archives\";i:6;s:15:\"core\/categories\";i:7;s:26:\"woocommerce\/filter-wrapper\";i:8;s:24:\"woocommerce\/price-filter\";i:9;s:30:\"woocommerce\/product-categories\";i:10;s:26:\"woocommerce\/active-filters\";i:11;s:23:\"essential-blocks\/social\";i:12;s:24:\"woocommerce\/stock-filter\";}s:8:\"uag_flag\";b:0;s:11:\"uag_version\";s:10:\"1776291018\";s:6:\"gfonts\";a:0:{}s:10:\"gfonts_url\";s:0:\"\";s:12:\"gfonts_files\";a:0:{}s:14:\"uag_faq_layout\";b:0;}"],"_regular_price":[7176.3],"_price":[7176.3],"_max_variation_price":[""],"_max_variation_regular_price":[""],"_max_variation_sale_price":[""],"_min_variation_price":[""],"_min_variation_regular_price":[""],"_min_variation_sale_price":[""],"_sale_price":[""],"_wc_rating_count":[""],"_wc_review_count":[""],"_wc_average_rating":[0]},"uagb_featured_image_src":{"full":["https:\/\/team-meble.pl\/wp-content\/uploads\/2024\/02\/9.webp",800,800,false],"thumbnail":["https:\/\/team-meble.pl\/wp-content\/uploads\/2024\/02\/9-150x150.webp",150,150,true],"medium":["https:\/\/team-meble.pl\/wp-content\/uploads\/2024\/02\/9-300x300.webp",300,300,true],"medium_large":["https:\/\/team-meble.pl\/wp-content\/uploads\/2024\/02\/9-768x768.webp",768,768,true],"large":["https:\/\/team-meble.pl\/wp-content\/uploads\/2024\/02\/9.webp",800,800,false],"1536x1536":["https:\/\/team-meble.pl\/wp-content\/uploads\/2024\/02\/9.webp",800,800,false],"2048x2048":["https:\/\/team-meble.pl\/wp-content\/uploads\/2024\/02\/9.webp",800,800,false],"mailpoet_newsletter_max":["https:\/\/team-meble.pl\/wp-content\/uploads\/2024\/02\/9.webp",800,800,false],"woocommerce_thumbnail":["https:\/\/team-meble.pl\/wp-content\/uploads\/2024\/02\/9-300x300.webp",300,300,true],"woocommerce_single":["https:\/\/team-meble.pl\/wp-content\/uploads\/2024\/02\/9-300x300.webp",300,300,true],"woocommerce_gallery_thumbnail":["https:\/\/team-meble.pl\/wp-content\/uploads\/2024\/02\/9-100x100.webp",100,100,true]},"uagb_author_info":{"display_name":"Wiola","author_link":"https:\/\/team-meble.pl\/cs\/author\/"},"uagb_comment_info":0,"uagb_excerpt":"Rozm\u011bry: \u0161\u00ed\u0159ka - 96,9 cm \u0161\u00ed\u0159ka - 96,9 cm v\u00fd\u0161ka - 210,6 cm","_links":{"self":[{"href":"https:\/\/team-meble.pl\/cs\/wp-json\/wp\/v2\/product\/10602","targetHints":{"allow":["GET"]}}],"collection":[{"href":"https:\/\/team-meble.pl\/cs\/wp-json\/wp\/v2\/product"}],"about":[{"href":"https:\/\/team-meble.pl\/cs\/wp-json\/wp\/v2\/types\/product"}],"replies":[{"embeddable":true,"href":"https:\/\/team-meble.pl\/cs\/wp-json\/wp\/v2\/comments?post=10602"}],"wp:featuredmedia":[{"embeddable":true,"href":"https:\/\/team-meble.pl\/cs\/wp-json\/wp\/v2\/media\/7149"}],"wp:attachment":[{"href":"https:\/\/team-meble.pl\/cs\/wp-json\/wp\/v2\/media?parent=10602"}],"wp:term":[{"taxonomy":"product_brand","embeddable":true,"href":"https:\/\/team-meble.pl\/cs\/wp-json\/wp\/v2\/product_brand?post=10602"},{"taxonomy":"product_cat","embeddable":true,"href":"https:\/\/team-meble.pl\/cs\/wp-json\/wp\/v2\/product_cat?post=10602"},{"taxonomy":"product_tag","embeddable":true,"href":"https:\/\/team-meble.pl\/cs\/wp-json\/wp\/v2\/product_tag?post=10602"}],"curies":[{"name":"wp","href":"https:\/\/api.w.org\/{rel}","templated":true}]}}