{"id":10616,"date":"2024-01-30T15:03:22","date_gmt":"2024-01-30T15:03:22","guid":{"rendered":"http:\/\/www.srv70508.seohost.com.pl\/produkt\/stul-pok-po-09\/"},"modified":"2025-05-28T11:10:34","modified_gmt":"2025-05-28T11:10:34","slug":"stul-pok-po-09","status":"publish","type":"product","link":"https:\/\/team-meble.pl\/cs\/produkt\/stul-pok-po-09\/","title":{"rendered":"St\u016fl Pok PO-09 Lenart"},"content":{"rendered":"<div id=\"#opis-produktu\" class=\"et_pb_module et_pb_text et_pb_text_7_tb_body et_pb_text_align_left et_pb_bg_layout_light\">\n<div class=\"et_pb_text_inner\">\n<div class=\"woocommerce et-dynamic-content-woo et-dynamic-content-woo--product_description\">\n<p>Modern\u00ed psac\u00ed st\u016fl do d\u011btsk\u00e9ho pokoje nebo pokoje pro teenagery. N\u00e1bytek m\u00e1 ergonomicky tvarovanou pracovn\u00ed plochu a prostornou sk\u0159\u00ed\u0148ku s dv\u00ed\u0159ky na \u0161koln\u00ed pot\u0159eby. Pod horn\u00ed deskou se nach\u00e1z\u00ed hlubok\u00e1 a snadno p\u0159\u00edstupn\u00e1 police na nejr\u016fzn\u011bj\u0161\u00ed drobnosti.<\/p>\n<p>Kombinace t\u0159\u00ed barev &#8211; sv\u011btle \u0161ed\u00e9, grafitov\u00e9 a b\u00edl\u00e9 &#8211; p\u016fsob\u00ed modern\u011b, ale z\u00e1rove\u0148 je velmi univerz\u00e1ln\u00ed a umo\u017e\u0148uje snadn\u00e9 uspo\u0159\u00e1d\u00e1n\u00ed v ka\u017ed\u00e9m interi\u00e9ru. Detaily v barv\u011b d\u0159eva dod\u00e1vaj\u00ed \u00fatulnost a dobrou energii.<\/p>\n<p>N\u00e1bytek je vyroben z odoln\u00e9 laminovan\u00e9 desky s odolnou ABS hranou. Rukojeti z bukov\u00e9ho d\u0159eva.<\/p>\n<\/div>\n<\/div>\n<\/div>\n","protected":false},"excerpt":{"rendered":"<p>Rozm\u011bry:<\/p>\n<p>\u0160\u00ed\u0159ka &#8211; 120 cm<\/p>\n<p>Hloubka &#8211; 50 cm<\/p>\n<p>V\u00fd\u0161ka &#8211; 75 cm<\/p>\n","protected":false},"featured_media":7097,"comment_status":"open","ping_status":"closed","template":"","meta":{"_eb_attr":"","_uag_custom_page_level_css":"","site-sidebar-layout":"default","site-content-layout":"","ast-site-content-layout":"default","site-content-style":"default","site-sidebar-style":"default","ast-global-header-display":"","ast-banner-title-visibility":"","ast-main-header-display":"","ast-hfb-above-header-display":"","ast-hfb-below-header-display":"","ast-hfb-mobile-header-display":"","site-post-title":"","ast-breadcrumbs-content":"","ast-featured-img":"","footer-sml-layout":"","theme-transparent-header-meta":"default","adv-header-id-meta":"","stick-header-meta":"default","header-above-stick-meta":"","header-main-stick-meta":"","header-below-stick-meta":"","astra-migrate-meta-layouts":"set","ast-page-background-enabled":"default","ast-page-background-meta":{"desktop":{"background-color":"","background-image":"","background-repeat":"repeat","background-position":"center center","background-size":"auto","background-attachment":"scroll","background-type":"","background-media":"","overlay-type":"","overlay-color":"","overlay-opacity":"","overlay-gradient":""},"tablet":{"background-color":"","background-image":"","background-repeat":"repeat","background-position":"center center","background-size":"auto","background-attachment":"scroll","background-type":"","background-media":"","overlay-type":"","overlay-color":"","overlay-opacity":"","overlay-gradient":""},"mobile":{"background-color":"","background-image":"","background-repeat":"repeat","background-position":"center center","background-size":"auto","background-attachment":"scroll","background-type":"","background-media":"","overlay-type":"","overlay-color":"","overlay-opacity":"","overlay-gradient":""}},"ast-content-background-meta":{"desktop":{"background-color":"var(--ast-global-color-5)","background-image":"","background-repeat":"repeat","background-position":"center center","background-size":"auto","background-attachment":"scroll","background-type":"","background-media":"","overlay-type":"","overlay-color":"","overlay-opacity":"","overlay-gradient":""},"tablet":{"background-color":"var(--ast-global-color-5)","background-image":"","background-repeat":"repeat","background-position":"center center","background-size":"auto","background-attachment":"scroll","background-type":"","background-media":"","overlay-type":"","overlay-color":"","overlay-opacity":"","overlay-gradient":""},"mobile":{"background-color":"var(--ast-global-color-5)","background-image":"","background-repeat":"repeat","background-position":"center center","background-size":"auto","background-attachment":"scroll","background-type":"","background-media":"","overlay-type":"","overlay-color":"","overlay-opacity":"","overlay-gradient":""}}},"product_brand":[],"product_cat":[93,123],"product_tag":[],"class_list":{"0":"post-10616","1":"product","2":"type-product","3":"status-publish","4":"has-post-thumbnail","6":"product_cat-detsky-pokoj","7":"product_cat-stoly-cs","8":"desktop-align-left","9":"tablet-align-left","10":"mobile-align-left","11":"ast-product-gallery-layout-horizontal-slider","12":"ast-product-tabs-layout-horizontal","13":"ast-qv-on-image","15":"first","16":"onbackorder","17":"shipping-taxable","18":"purchasable","19":"product-type-simple"},"spectra_custom_meta":{"_iwo_price_last_change":["a:4:{s:5:\"price\";s:3:\"529\";s:10:\"price_sale\";s:0:\"\";s:19:\"price_including_tax\";d:529;s:9:\"timestamp\";i:1748430634;}"],"_eb_reusable_block_ids":["a:0:{}"],"_alp_processed":["1748430635"],"_wcml_average_rating":[null],"_wcml_review_count":[null],"_wcml_rating_count":[null],"_backorders":["no"],"_download_limit":["-1"],"_download_expiry":["-1"],"_downloadable":["no"],"_manage_stock":["no"],"_stock_status":["onbackorder"],"_sold_individually":["no"],"_tax_class":[""],"_tax_status":["taxable"],"_virtual":["no"],"total_sales":["0"],"stick-header-meta":["default"],"site-sidebar-layout":["default"],"theme-transparent-header-meta":["default"],"ast-site-content-layout":["default"],"site-content-style":["default"],"site-sidebar-style":["default"],"astra-migrate-meta-layouts":["set"],"wcml_sync_hash":["a:1:{s:15:\"postmeta_fields\";s:32:\"c01cdc34323860b012b4098f81be9e06\";}"],"attr_label_translations":["a:0:{}"],"_product_attributes":["a:0:{}"],"_default_attributes":["a:0:{}"],"_upsell_ids":["a:0:{}"],"_crosssell_ids":["a:0:{}"],"_children":["a:0:{}"],"_wp_attachment_metadata":[""],"_thumbnail_id":["7097"],"_product_image_gallery":["7097,7096,7095,7062"],"_iwo_price_log":["a:4:{s:5:\"price\";s:3:\"423\";s:10:\"price_sale\";s:0:\"\";s:19:\"price_including_tax\";d:423;s:9:\"timestamp\";i:1747137937;}","a:4:{s:5:\"price\";s:3:\"529\";s:10:\"price_sale\";s:0:\"\";s:19:\"price_including_tax\";d:529;s:9:\"timestamp\";i:1748430634;}"],"_last_translation_edit_mode":["translation-editor"],"_regular_price":[3015.3],"_downloadable_files":[""],"_sale_price":[""],"_price":[3015.3],"_wpml_word_count":["118"],"_uag_page_assets":["a:9:{s:3:\"css\";s:263:\".uag-blocks-common-selector{z-index:var(--z-index-desktop) !important}@media (max-width: 976px){.uag-blocks-common-selector{z-index:var(--z-index-tablet) !important}}@media (max-width: 767px){.uag-blocks-common-selector{z-index:var(--z-index-mobile) !important}}\n\";s:2:\"js\";s:0:\"\";s:18:\"current_block_list\";a:13:{i:0;s:11:\"core\/search\";i:1;s:10:\"core\/group\";i:2;s:12:\"core\/heading\";i:3;s:17:\"core\/latest-posts\";i:4;s:20:\"core\/latest-comments\";i:5;s:13:\"core\/archives\";i:6;s:15:\"core\/categories\";i:7;s:26:\"woocommerce\/filter-wrapper\";i:8;s:24:\"woocommerce\/price-filter\";i:9;s:30:\"woocommerce\/product-categories\";i:10;s:26:\"woocommerce\/active-filters\";i:11;s:23:\"essential-blocks\/social\";i:12;s:24:\"woocommerce\/stock-filter\";}s:8:\"uag_flag\";b:0;s:11:\"uag_version\";s:10:\"1776321475\";s:6:\"gfonts\";a:0:{}s:10:\"gfonts_url\";s:0:\"\";s:12:\"gfonts_files\";a:0:{}s:14:\"uag_faq_layout\";b:0;}"],"_uag_css_file_name":["uag-css-10616.css"],"_max_variation_price":[""],"_max_variation_regular_price":[""],"_max_variation_sale_price":[""],"_min_variation_price":[""],"_min_variation_regular_price":[""],"_min_variation_sale_price":[""],"_wc_rating_count":[""],"_wc_review_count":[""],"_wc_average_rating":[0]},"uagb_featured_image_src":{"full":["https:\/\/team-meble.pl\/wp-content\/uploads\/2024\/01\/PO9GBI_01-1-600x600-1.jpg",600,600,false],"thumbnail":["https:\/\/team-meble.pl\/wp-content\/uploads\/2024\/01\/PO9GBI_01-1-600x600-1-150x150.jpg",150,150,true],"medium":["https:\/\/team-meble.pl\/wp-content\/uploads\/2024\/01\/PO9GBI_01-1-600x600-1-300x300.jpg",300,300,true],"medium_large":["https:\/\/team-meble.pl\/wp-content\/uploads\/2024\/01\/PO9GBI_01-1-600x600-1.jpg",600,600,false],"large":["https:\/\/team-meble.pl\/wp-content\/uploads\/2024\/01\/PO9GBI_01-1-600x600-1.jpg",600,600,false],"1536x1536":["https:\/\/team-meble.pl\/wp-content\/uploads\/2024\/01\/PO9GBI_01-1-600x600-1.jpg",600,600,false],"2048x2048":["https:\/\/team-meble.pl\/wp-content\/uploads\/2024\/01\/PO9GBI_01-1-600x600-1.jpg",600,600,false],"mailpoet_newsletter_max":["https:\/\/team-meble.pl\/wp-content\/uploads\/2024\/01\/PO9GBI_01-1-600x600-1.jpg",600,600,false],"woocommerce_thumbnail":["https:\/\/team-meble.pl\/wp-content\/uploads\/2024\/01\/PO9GBI_01-1-600x600-1-300x300.jpg",300,300,true],"woocommerce_single":["https:\/\/team-meble.pl\/wp-content\/uploads\/2024\/01\/PO9GBI_01-1-600x600-1-300x300.jpg",300,300,true],"woocommerce_gallery_thumbnail":["https:\/\/team-meble.pl\/wp-content\/uploads\/2024\/01\/PO9GBI_01-1-600x600-1-100x100.jpg",100,100,true]},"uagb_author_info":{"display_name":"Wiola","author_link":"https:\/\/team-meble.pl\/cs\/author\/"},"uagb_comment_info":0,"uagb_excerpt":"Rozm\u011bry: \u0160\u00ed\u0159ka - 120 cm Hloubka - 50 cm V\u00fd\u0161ka - 75 cm","_links":{"self":[{"href":"https:\/\/team-meble.pl\/cs\/wp-json\/wp\/v2\/product\/10616","targetHints":{"allow":["GET"]}}],"collection":[{"href":"https:\/\/team-meble.pl\/cs\/wp-json\/wp\/v2\/product"}],"about":[{"href":"https:\/\/team-meble.pl\/cs\/wp-json\/wp\/v2\/types\/product"}],"replies":[{"embeddable":true,"href":"https:\/\/team-meble.pl\/cs\/wp-json\/wp\/v2\/comments?post=10616"}],"wp:featuredmedia":[{"embeddable":true,"href":"https:\/\/team-meble.pl\/cs\/wp-json\/wp\/v2\/media\/7097"}],"wp:attachment":[{"href":"https:\/\/team-meble.pl\/cs\/wp-json\/wp\/v2\/media?parent=10616"}],"wp:term":[{"taxonomy":"product_brand","embeddable":true,"href":"https:\/\/team-meble.pl\/cs\/wp-json\/wp\/v2\/product_brand?post=10616"},{"taxonomy":"product_cat","embeddable":true,"href":"https:\/\/team-meble.pl\/cs\/wp-json\/wp\/v2\/product_cat?post=10616"},{"taxonomy":"product_tag","embeddable":true,"href":"https:\/\/team-meble.pl\/cs\/wp-json\/wp\/v2\/product_tag?post=10616"}],"curies":[{"name":"wp","href":"https:\/\/api.w.org\/{rel}","templated":true}]}}