{"id":10635,"date":"2024-01-23T14:39:27","date_gmt":"2024-01-23T14:39:27","guid":{"rendered":"http:\/\/www.srv70508.seohost.com.pl\/produkt\/qubic-police-qb-09\/"},"modified":"2025-05-28T10:59:04","modified_gmt":"2025-05-28T10:59:04","slug":"qubic-police-qb-09","status":"publish","type":"product","link":"https:\/\/team-meble.pl\/cs\/produkt\/qubic-police-qb-09\/","title":{"rendered":"Qubic QB-09 Lenart police"},"content":{"rendered":"<div id=\"#opis-produktu\" class=\"et_pb_module et_pb_text et_pb_text_7_tb_body et_pb_text_align_left et_pb_bg_layout_light\">\n<div class=\"et_pb_text_inner\">\n<div class=\"woocommerce et-dynamic-content-woo et-dynamic-content-woo--product_description\">\n<p>Praktick\u00e1 z\u00e1v\u011bsn\u00e1 police na knihy nebo dekorace. Skv\u011ble vypad\u00e1 zav\u011b\u0161en\u00fd nad jin\u00fdm n\u00e1bytkem z kolekce QUBIC &#8211; psac\u00edm stolem, postel\u00ed nebo komodou.<\/p>\n<p>Police byla vyrobena ve t\u0159ech barv\u00e1ch &#8211; sv\u011btle \u0161ed\u00e9 a v barv\u011b d\u0159eva a surov\u00e9 oceli, co\u017e j\u00ed dod\u00e1v\u00e1 zaj\u00edmav\u00fd, modern\u00ed charakter.<\/p>\n<p>N\u00e1bytek je vyroben z odoln\u00e9 laminovan\u00e9 desky s odolnou ABS hranou.<\/p>\n<\/div>\n<\/div>\n<\/div>\n","protected":false},"excerpt":{"rendered":"<p>Rozm\u011bry:<\/p>\n<p>\u0161\u00ed\u0159ka &#8211; 115 cm<\/p>\n<p>hloubka &#8211; 22 cm<\/p>\n<p>v\u00fd\u0161ka &#8211; 20 cm<\/p>\n","protected":false},"featured_media":7023,"comment_status":"open","ping_status":"closed","template":"","meta":{"_eb_attr":"","_uag_custom_page_level_css":"","site-sidebar-layout":"default","site-content-layout":"","ast-site-content-layout":"default","site-content-style":"default","site-sidebar-style":"default","ast-global-header-display":"","ast-banner-title-visibility":"","ast-main-header-display":"","ast-hfb-above-header-display":"","ast-hfb-below-header-display":"","ast-hfb-mobile-header-display":"","site-post-title":"","ast-breadcrumbs-content":"","ast-featured-img":"","footer-sml-layout":"","theme-transparent-header-meta":"default","adv-header-id-meta":"","stick-header-meta":"default","header-above-stick-meta":"","header-main-stick-meta":"","header-below-stick-meta":"","astra-migrate-meta-layouts":"set","ast-page-background-enabled":"default","ast-page-background-meta":{"desktop":{"background-color":"","background-image":"","background-repeat":"repeat","background-position":"center center","background-size":"auto","background-attachment":"scroll","background-type":"","background-media":"","overlay-type":"","overlay-color":"","overlay-opacity":"","overlay-gradient":""},"tablet":{"background-color":"","background-image":"","background-repeat":"repeat","background-position":"center center","background-size":"auto","background-attachment":"scroll","background-type":"","background-media":"","overlay-type":"","overlay-color":"","overlay-opacity":"","overlay-gradient":""},"mobile":{"background-color":"","background-image":"","background-repeat":"repeat","background-position":"center center","background-size":"auto","background-attachment":"scroll","background-type":"","background-media":"","overlay-type":"","overlay-color":"","overlay-opacity":"","overlay-gradient":""}},"ast-content-background-meta":{"desktop":{"background-color":"var(--ast-global-color-5)","background-image":"","background-repeat":"repeat","background-position":"center center","background-size":"auto","background-attachment":"scroll","background-type":"","background-media":"","overlay-type":"","overlay-color":"","overlay-opacity":"","overlay-gradient":""},"tablet":{"background-color":"var(--ast-global-color-5)","background-image":"","background-repeat":"repeat","background-position":"center center","background-size":"auto","background-attachment":"scroll","background-type":"","background-media":"","overlay-type":"","overlay-color":"","overlay-opacity":"","overlay-gradient":""},"mobile":{"background-color":"var(--ast-global-color-5)","background-image":"","background-repeat":"repeat","background-position":"center center","background-size":"auto","background-attachment":"scroll","background-type":"","background-media":"","overlay-type":"","overlay-color":"","overlay-opacity":"","overlay-gradient":""}}},"product_brand":[],"product_cat":[93,125],"product_tag":[],"class_list":{"0":"post-10635","1":"product","2":"type-product","3":"status-publish","4":"has-post-thumbnail","6":"product_cat-detsky-pokoj","7":"product_cat-police","8":"desktop-align-left","9":"tablet-align-left","10":"mobile-align-left","11":"ast-product-gallery-layout-horizontal-slider","12":"ast-product-tabs-layout-horizontal","13":"ast-qv-on-image","15":"first","16":"onbackorder","17":"shipping-taxable","18":"purchasable","19":"product-type-simple"},"spectra_custom_meta":{"_iwo_price_last_change":["a:4:{s:5:\"price\";s:3:\"199\";s:10:\"price_sale\";s:0:\"\";s:19:\"price_including_tax\";d:199;s:9:\"timestamp\";i:1748429945;}"],"_eb_reusable_block_ids":["a:0:{}"],"_alp_processed":["1748429945"],"_wcml_average_rating":[null],"_wcml_review_count":[null],"_wcml_rating_count":[null],"_backorders":["no"],"_download_limit":["-1"],"_download_expiry":["-1"],"_downloadable":["no"],"_manage_stock":["no"],"_stock_status":["onbackorder"],"_sold_individually":["no"],"_tax_class":[""],"_tax_status":["taxable"],"_virtual":["no"],"total_sales":["0"],"_regular_price":[1134.3],"stick-header-meta":["default"],"site-sidebar-layout":["default"],"theme-transparent-header-meta":["default"],"ast-site-content-layout":["default"],"site-content-style":["default"],"site-sidebar-style":["default"],"astra-migrate-meta-layouts":["set"],"wcml_sync_hash":["a:1:{s:15:\"postmeta_fields\";s:32:\"fb53feed2fea4b96183b4304741f11d2\";}"],"attr_label_translations":["a:0:{}"],"_product_attributes":["a:0:{}"],"_default_attributes":["a:0:{}"],"_upsell_ids":["a:0:{}"],"_crosssell_ids":["a:0:{}"],"_children":["a:0:{}"],"_wp_attachment_metadata":[""],"_thumbnail_id":["7023"],"_product_image_gallery":["7023,7022,7021,7020,7009"],"_iwo_price_log":["a:4:{s:5:\"price\";s:3:\"199\";s:10:\"price_sale\";s:3:\"159\";s:19:\"price_including_tax\";d:159;s:9:\"timestamp\";i:1747131594;}","a:4:{s:5:\"price\";s:3:\"199\";s:10:\"price_sale\";s:0:\"\";s:19:\"price_including_tax\";d:199;s:9:\"timestamp\";i:1748429945;}"],"_last_translation_edit_mode":["translation-editor"],"_downloadable_files":[""],"_sale_price":[""],"_price":[1134.3],"_wpml_word_count":["75"],"_uag_page_assets":["a:9:{s:3:\"css\";s:263:\".uag-blocks-common-selector{z-index:var(--z-index-desktop) !important}@media (max-width: 976px){.uag-blocks-common-selector{z-index:var(--z-index-tablet) !important}}@media (max-width: 767px){.uag-blocks-common-selector{z-index:var(--z-index-mobile) !important}}\n\";s:2:\"js\";s:0:\"\";s:18:\"current_block_list\";a:13:{i:0;s:11:\"core\/search\";i:1;s:10:\"core\/group\";i:2;s:12:\"core\/heading\";i:3;s:17:\"core\/latest-posts\";i:4;s:20:\"core\/latest-comments\";i:5;s:13:\"core\/archives\";i:6;s:15:\"core\/categories\";i:7;s:26:\"woocommerce\/filter-wrapper\";i:8;s:24:\"woocommerce\/price-filter\";i:9;s:30:\"woocommerce\/product-categories\";i:10;s:26:\"woocommerce\/active-filters\";i:11;s:23:\"essential-blocks\/social\";i:12;s:24:\"woocommerce\/stock-filter\";}s:8:\"uag_flag\";b:0;s:11:\"uag_version\";s:10:\"1776366525\";s:6:\"gfonts\";a:0:{}s:10:\"gfonts_url\";s:0:\"\";s:12:\"gfonts_files\";a:0:{}s:14:\"uag_faq_layout\";b:0;}"],"_uag_css_file_name":["uag-css-10635.css"],"_max_variation_price":[""],"_max_variation_regular_price":[""],"_max_variation_sale_price":[""],"_min_variation_price":[""],"_min_variation_regular_price":[""],"_min_variation_sale_price":[""],"_wc_rating_count":[""],"_wc_review_count":[""],"_wc_average_rating":[0]},"uagb_featured_image_src":{"full":["https:\/\/team-meble.pl\/wp-content\/uploads\/2024\/01\/QB9DA_01-1.jpg",1080,1080,false],"thumbnail":["https:\/\/team-meble.pl\/wp-content\/uploads\/2024\/01\/QB9DA_01-1-150x150.jpg",150,150,true],"medium":["https:\/\/team-meble.pl\/wp-content\/uploads\/2024\/01\/QB9DA_01-1-300x300.jpg",300,300,true],"medium_large":["https:\/\/team-meble.pl\/wp-content\/uploads\/2024\/01\/QB9DA_01-1-768x768.jpg",768,768,true],"large":["https:\/\/team-meble.pl\/wp-content\/uploads\/2024\/01\/QB9DA_01-1-1024x1024.jpg",1024,1024,true],"1536x1536":["https:\/\/team-meble.pl\/wp-content\/uploads\/2024\/01\/QB9DA_01-1.jpg",1080,1080,false],"2048x2048":["https:\/\/team-meble.pl\/wp-content\/uploads\/2024\/01\/QB9DA_01-1.jpg",1080,1080,false],"mailpoet_newsletter_max":["https:\/\/team-meble.pl\/wp-content\/uploads\/2024\/01\/QB9DA_01-1.jpg",1080,1080,false],"woocommerce_thumbnail":["https:\/\/team-meble.pl\/wp-content\/uploads\/2024\/01\/QB9DA_01-1-300x300.jpg",300,300,true],"woocommerce_single":["https:\/\/team-meble.pl\/wp-content\/uploads\/2024\/01\/QB9DA_01-1-300x300.jpg",300,300,true],"woocommerce_gallery_thumbnail":["https:\/\/team-meble.pl\/wp-content\/uploads\/2024\/01\/QB9DA_01-1-100x100.jpg",100,100,true]},"uagb_author_info":{"display_name":"Wiola","author_link":"https:\/\/team-meble.pl\/cs\/author\/"},"uagb_comment_info":0,"uagb_excerpt":"Rozm\u011bry: \u0161\u00ed\u0159ka - 115 cm hloubka - 22 cm v\u00fd\u0161ka - 20 cm","_links":{"self":[{"href":"https:\/\/team-meble.pl\/cs\/wp-json\/wp\/v2\/product\/10635","targetHints":{"allow":["GET"]}}],"collection":[{"href":"https:\/\/team-meble.pl\/cs\/wp-json\/wp\/v2\/product"}],"about":[{"href":"https:\/\/team-meble.pl\/cs\/wp-json\/wp\/v2\/types\/product"}],"replies":[{"embeddable":true,"href":"https:\/\/team-meble.pl\/cs\/wp-json\/wp\/v2\/comments?post=10635"}],"wp:featuredmedia":[{"embeddable":true,"href":"https:\/\/team-meble.pl\/cs\/wp-json\/wp\/v2\/media\/7023"}],"wp:attachment":[{"href":"https:\/\/team-meble.pl\/cs\/wp-json\/wp\/v2\/media?parent=10635"}],"wp:term":[{"taxonomy":"product_brand","embeddable":true,"href":"https:\/\/team-meble.pl\/cs\/wp-json\/wp\/v2\/product_brand?post=10635"},{"taxonomy":"product_cat","embeddable":true,"href":"https:\/\/team-meble.pl\/cs\/wp-json\/wp\/v2\/product_cat?post=10635"},{"taxonomy":"product_tag","embeddable":true,"href":"https:\/\/team-meble.pl\/cs\/wp-json\/wp\/v2\/product_tag?post=10635"}],"curies":[{"name":"wp","href":"https:\/\/api.w.org\/{rel}","templated":true}]}}