{"id":10673,"date":"2024-01-18T19:37:53","date_gmt":"2024-01-18T19:37:53","guid":{"rendered":"http:\/\/www.srv70508.seohost.com.pl\/produkt\/komoda-antica-a-2\/"},"modified":"2024-01-18T19:37:53","modified_gmt":"2024-01-18T19:37:53","slug":"komoda-antica-a-2","status":"publish","type":"product","link":"https:\/\/team-meble.pl\/cs\/produkt\/komoda-antica-a-2\/","title":{"rendered":"Komoda Antica A-2"},"content":{"rendered":"<p>Komoda se \u010dty\u0159mi prostorn\u00fdmi z\u00e1suvkami o \u0161\u00ed\u0159ce 59,6 cm a sk\u0159\u00ed\u0148ka s jednou polic\u00ed. Vejde se do n\u011bj mnoho oble\u010den\u00ed, dopl\u0148k\u016f a dokument\u016f. Komoda najde sv\u00e9 m\u00edsto v ob\u00fdvac\u00edm pokoji, lo\u017enici nebo dokonce v j\u00eddeln\u011b a d\u00edky sv\u00e9mu designu a jedine\u010dn\u00e9mu stylu bude vypadat skv\u011ble v ka\u017ed\u00e9 m\u00edstnosti. Kovov\u00e9 \u00fachytky dokonale lad\u00ed s designem a vzhledem n\u00e1bytku. Dobrou vlastnost\u00ed t\u00e9to komody je tak\u00e9 tich\u00e9 zav\u00edr\u00e1n\u00ed sk\u0159\u00edn\u011bk. K dispozici ve zlat\u00e9 barv\u011b Kraft<\/p>\n","protected":false},"excerpt":{"rendered":"<p>Rozm\u011bry:<\/p>\n<p>\u0160\u00ed\u0159ka &#8211; 114 cm<\/p>\n<p>Hloubka &#8211; 42 cm<\/p>\n<p>V\u00fd\u0161ka &#8211; 95,5 cm<\/p>\n<p>&nbsp;<\/p>\n","protected":false},"featured_media":6875,"comment_status":"open","ping_status":"closed","template":"","meta":{"_eb_attr":"","_uag_custom_page_level_css":"","site-sidebar-layout":"default","site-content-layout":"","ast-site-content-layout":"default","site-content-style":"default","site-sidebar-style":"default","ast-global-header-display":"","ast-banner-title-visibility":"","ast-main-header-display":"","ast-hfb-above-header-display":"","ast-hfb-below-header-display":"","ast-hfb-mobile-header-display":"","site-post-title":"","ast-breadcrumbs-content":"","ast-featured-img":"","footer-sml-layout":"","theme-transparent-header-meta":"default","adv-header-id-meta":"","stick-header-meta":"default","header-above-stick-meta":"","header-main-stick-meta":"","header-below-stick-meta":"","astra-migrate-meta-layouts":"set","ast-page-background-enabled":"default","ast-page-background-meta":{"desktop":{"background-color":"","background-image":"","background-repeat":"repeat","background-position":"center center","background-size":"auto","background-attachment":"scroll","background-type":"","background-media":"","overlay-type":"","overlay-color":"","overlay-opacity":"","overlay-gradient":""},"tablet":{"background-color":"","background-image":"","background-repeat":"repeat","background-position":"center center","background-size":"auto","background-attachment":"scroll","background-type":"","background-media":"","overlay-type":"","overlay-color":"","overlay-opacity":"","overlay-gradient":""},"mobile":{"background-color":"","background-image":"","background-repeat":"repeat","background-position":"center center","background-size":"auto","background-attachment":"scroll","background-type":"","background-media":"","overlay-type":"","overlay-color":"","overlay-opacity":"","overlay-gradient":""}},"ast-content-background-meta":{"desktop":{"background-color":"var(--ast-global-color-5)","background-image":"","background-repeat":"repeat","background-position":"center center","background-size":"auto","background-attachment":"scroll","background-type":"","background-media":"","overlay-type":"","overlay-color":"","overlay-opacity":"","overlay-gradient":""},"tablet":{"background-color":"var(--ast-global-color-5)","background-image":"","background-repeat":"repeat","background-position":"center center","background-size":"auto","background-attachment":"scroll","background-type":"","background-media":"","overlay-type":"","overlay-color":"","overlay-opacity":"","overlay-gradient":""},"mobile":{"background-color":"var(--ast-global-color-5)","background-image":"","background-repeat":"repeat","background-position":"center center","background-size":"auto","background-attachment":"scroll","background-type":"","background-media":"","overlay-type":"","overlay-color":"","overlay-opacity":"","overlay-gradient":""}}},"product_brand":[],"product_cat":[104,94,103,108],"product_tag":[],"class_list":{"0":"post-10673","1":"product","2":"type-product","3":"status-publish","4":"has-post-thumbnail","6":"product_cat-jidelna","7":"product_cat-loznice","8":"product_cat-salon-cs","9":"product_cat-komody-cs","10":"desktop-align-left","11":"tablet-align-left","12":"mobile-align-left","13":"ast-product-gallery-layout-horizontal-slider","14":"ast-product-tabs-layout-horizontal","15":"ast-qv-on-image","17":"first","18":"onbackorder","19":"shipping-taxable","20":"purchasable","21":"product-type-simple"},"spectra_custom_meta":{"_iwo_price_last_change":["a:4:{s:5:\"price\";s:0:\"\";s:10:\"price_sale\";s:0:\"\";s:19:\"price_including_tax\";d:0;s:9:\"timestamp\";i:1721118931;}"],"_eb_reusable_block_ids":["a:0:{}"],"_alp_processed":["1721118931"],"_wcml_average_rating":[null],"_wcml_review_count":[null],"_wcml_rating_count":[null],"_backorders":["no"],"_download_limit":["-1"],"_download_expiry":["-1"],"_downloadable":["no"],"_manage_stock":["no"],"_stock_status":["onbackorder"],"_sold_individually":["no"],"_tax_class":[""],"_tax_status":["taxable"],"_virtual":["no"],"total_sales":["0"],"_regular_price":[5637.3],"_price":[5637.3],"stick-header-meta":["default"],"site-sidebar-layout":["default"],"theme-transparent-header-meta":["default"],"ast-site-content-layout":["default"],"site-content-style":["default"],"site-sidebar-style":["default"],"astra-migrate-meta-layouts":["set"],"wcml_sync_hash":["a:1:{s:15:\"postmeta_fields\";s:32:\"b146d2550674d403e4b7afed80a91365\";}"],"attr_label_translations":["a:0:{}"],"_product_attributes":["a:0:{}"],"_default_attributes":["a:0:{}"],"_upsell_ids":["a:0:{}"],"_crosssell_ids":["a:0:{}"],"_children":["a:0:{}"],"_uag_page_assets":["a:9:{s:3:\"css\";s:0:\"\";s:2:\"js\";s:0:\"\";s:18:\"current_block_list\";a:13:{i:0;s:11:\"core\/search\";i:1;s:10:\"core\/group\";i:2;s:12:\"core\/heading\";i:3;s:17:\"core\/latest-posts\";i:4;s:20:\"core\/latest-comments\";i:5;s:13:\"core\/archives\";i:6;s:15:\"core\/categories\";i:7;s:26:\"woocommerce\/filter-wrapper\";i:8;s:24:\"woocommerce\/price-filter\";i:9;s:30:\"woocommerce\/product-categories\";i:10;s:26:\"woocommerce\/active-filters\";i:11;s:23:\"essential-blocks\/social\";i:12;s:24:\"woocommerce\/stock-filter\";}s:8:\"uag_flag\";b:0;s:11:\"uag_version\";s:10:\"1776660363\";s:6:\"gfonts\";a:0:{}s:10:\"gfonts_url\";s:0:\"\";s:12:\"gfonts_files\";a:0:{}s:14:\"uag_faq_layout\";b:0;}"],"_wp_attachment_metadata":[""],"_thumbnail_id":["6875"],"_max_variation_price":[""],"_max_variation_regular_price":[""],"_max_variation_sale_price":[""],"_min_variation_price":[""],"_min_variation_regular_price":[""],"_min_variation_sale_price":[""],"_sale_price":[""],"_wc_rating_count":[""],"_wc_review_count":[""],"_wc_average_rating":[0]},"uagb_featured_image_src":{"full":["https:\/\/team-meble.pl\/wp-content\/uploads\/2024\/01\/A2-min-1200x1200-1.webp",1200,1200,false],"thumbnail":["https:\/\/team-meble.pl\/wp-content\/uploads\/2024\/01\/A2-min-1200x1200-1-150x150.webp",150,150,true],"medium":["https:\/\/team-meble.pl\/wp-content\/uploads\/2024\/01\/A2-min-1200x1200-1-300x300.webp",300,300,true],"medium_large":["https:\/\/team-meble.pl\/wp-content\/uploads\/2024\/01\/A2-min-1200x1200-1-768x768.webp",768,768,true],"large":["https:\/\/team-meble.pl\/wp-content\/uploads\/2024\/01\/A2-min-1200x1200-1-1024x1024.webp",1024,1024,true],"1536x1536":["https:\/\/team-meble.pl\/wp-content\/uploads\/2024\/01\/A2-min-1200x1200-1.webp",1200,1200,false],"2048x2048":["https:\/\/team-meble.pl\/wp-content\/uploads\/2024\/01\/A2-min-1200x1200-1.webp",1200,1200,false],"mailpoet_newsletter_max":["https:\/\/team-meble.pl\/wp-content\/uploads\/2024\/01\/A2-min-1200x1200-1.webp",1200,1200,false],"woocommerce_thumbnail":["https:\/\/team-meble.pl\/wp-content\/uploads\/2024\/01\/A2-min-1200x1200-1-300x300.webp",300,300,true],"woocommerce_single":["https:\/\/team-meble.pl\/wp-content\/uploads\/2024\/01\/A2-min-1200x1200-1-300x300.webp",300,300,true],"woocommerce_gallery_thumbnail":["https:\/\/team-meble.pl\/wp-content\/uploads\/2024\/01\/A2-min-1200x1200-1-100x100.webp",100,100,true]},"uagb_author_info":{"display_name":"Wiola","author_link":"https:\/\/team-meble.pl\/cs\/author\/"},"uagb_comment_info":0,"uagb_excerpt":"Rozm\u011bry: \u0160\u00ed\u0159ka - 114 cm Hloubka - 42 cm V\u00fd\u0161ka - 95,5 cm &nbsp;","_links":{"self":[{"href":"https:\/\/team-meble.pl\/cs\/wp-json\/wp\/v2\/product\/10673","targetHints":{"allow":["GET"]}}],"collection":[{"href":"https:\/\/team-meble.pl\/cs\/wp-json\/wp\/v2\/product"}],"about":[{"href":"https:\/\/team-meble.pl\/cs\/wp-json\/wp\/v2\/types\/product"}],"replies":[{"embeddable":true,"href":"https:\/\/team-meble.pl\/cs\/wp-json\/wp\/v2\/comments?post=10673"}],"wp:featuredmedia":[{"embeddable":true,"href":"https:\/\/team-meble.pl\/cs\/wp-json\/wp\/v2\/media\/6875"}],"wp:attachment":[{"href":"https:\/\/team-meble.pl\/cs\/wp-json\/wp\/v2\/media?parent=10673"}],"wp:term":[{"taxonomy":"product_brand","embeddable":true,"href":"https:\/\/team-meble.pl\/cs\/wp-json\/wp\/v2\/product_brand?post=10673"},{"taxonomy":"product_cat","embeddable":true,"href":"https:\/\/team-meble.pl\/cs\/wp-json\/wp\/v2\/product_cat?post=10673"},{"taxonomy":"product_tag","embeddable":true,"href":"https:\/\/team-meble.pl\/cs\/wp-json\/wp\/v2\/product_tag?post=10673"}],"curies":[{"name":"wp","href":"https:\/\/api.w.org\/{rel}","templated":true}]}}