{"id":10685,"date":"2024-01-18T19:40:07","date_gmt":"2024-01-18T19:40:07","guid":{"rendered":"http:\/\/www.srv70508.seohost.com.pl\/produkt\/satnik-cali\/"},"modified":"2025-05-30T08:27:19","modified_gmt":"2025-05-30T08:27:19","slug":"satnik-cali","status":"publish","type":"product","link":"https:\/\/team-meble.pl\/cs\/produkt\/satnik-cali\/","title":{"rendered":"\u0160atn\u00ed sk\u0159\u00ed\u0148 Cali Jarstol"},"content":{"rendered":"<p>Modern\u00ed toaletn\u00ed stolek se zrcadlem v barv\u011b sv\u011btl\u00e9ho dubu artisan do p\u0159eds\u00edn\u011b. Ide\u00e1ln\u00ed kombinace s kolekc\u00ed CALI, kdy p\u0159i vstupu do bytu m\u00e1me p\u0159edtuchu modern\u00edho stylu s pou\u017eit\u00edm lamel a p\u0159i dal\u0161\u00edm vstupu do ob\u00fdvac\u00edho pokoje m\u016f\u017eeme roz\u0161\u00ed\u0159it design interi\u00e9ru ve stejn\u00e9m stylu. N\u00e1bytek je neuv\u011b\u0159iteln\u011b funk\u010dn\u00ed, m\u00e1 praktick\u00e9 police na boty a dv\u011b z\u00e1suvky, do kter\u00fdch m\u016f\u017eeme ulo\u017eit praktick\u00e9 v\u011bci, jako jsou \u010depice nebo rukavice. Nad sk\u0159\u00edn\u011bmi je prostorn\u00e1 sk\u0159\u00ed\u0148 na zav\u011b\u0161en\u00ed oble\u010den\u00ed. Sk\u0159\u00ed\u0148 m\u00e1 pohodln\u00e9 \u010daloun\u011bn\u00e9 sedadlo v \u010dern\u00e9 barv\u011b, kter\u00e9 lad\u00ed s pozad\u00edm, na n\u011bm\u017e jsou um\u00edst\u011bny lat\u011b. Bundy nebo kab\u00e1ty m\u016f\u017eete pov\u011bsit na t\u0159i kovov\u00e1 ram\u00ednka, kter\u00e1 jsou konstruov\u00e1na tak, abyste mohli pov\u011bsit a\u017e \u0161est od\u011bv\u016f, ka\u017ed\u00fd na samostatn\u00e9 ram\u00ednko.<\/p>\n","protected":false},"excerpt":{"rendered":"<p>Rozm\u011bry: \u0161\u00ed\u0159ka &#8211; 128,5 cm hloubka &#8211; 30 v\u00fd\u0161ka &#8211; 195 cm<\/p>\n","protected":false},"featured_media":6820,"comment_status":"open","ping_status":"closed","template":"","meta":{"_eb_attr":"","_uag_custom_page_level_css":"","site-sidebar-layout":"default","site-content-layout":"","ast-site-content-layout":"default","site-content-style":"default","site-sidebar-style":"default","ast-global-header-display":"","ast-banner-title-visibility":"","ast-main-header-display":"","ast-hfb-above-header-display":"","ast-hfb-below-header-display":"","ast-hfb-mobile-header-display":"","site-post-title":"","ast-breadcrumbs-content":"","ast-featured-img":"","footer-sml-layout":"","theme-transparent-header-meta":"default","adv-header-id-meta":"","stick-header-meta":"default","header-above-stick-meta":"","header-main-stick-meta":"","header-below-stick-meta":"","astra-migrate-meta-layouts":"set","ast-page-background-enabled":"default","ast-page-background-meta":{"desktop":{"background-color":"","background-image":"","background-repeat":"repeat","background-position":"center center","background-size":"auto","background-attachment":"scroll","background-type":"","background-media":"","overlay-type":"","overlay-color":"","overlay-opacity":"","overlay-gradient":""},"tablet":{"background-color":"","background-image":"","background-repeat":"repeat","background-position":"center center","background-size":"auto","background-attachment":"scroll","background-type":"","background-media":"","overlay-type":"","overlay-color":"","overlay-opacity":"","overlay-gradient":""},"mobile":{"background-color":"","background-image":"","background-repeat":"repeat","background-position":"center center","background-size":"auto","background-attachment":"scroll","background-type":"","background-media":"","overlay-type":"","overlay-color":"","overlay-opacity":"","overlay-gradient":""}},"ast-content-background-meta":{"desktop":{"background-color":"var(--ast-global-color-5)","background-image":"","background-repeat":"repeat","background-position":"center center","background-size":"auto","background-attachment":"scroll","background-type":"","background-media":"","overlay-type":"","overlay-color":"","overlay-opacity":"","overlay-gradient":""},"tablet":{"background-color":"var(--ast-global-color-5)","background-image":"","background-repeat":"repeat","background-position":"center center","background-size":"auto","background-attachment":"scroll","background-type":"","background-media":"","overlay-type":"","overlay-color":"","overlay-opacity":"","overlay-gradient":""},"mobile":{"background-color":"var(--ast-global-color-5)","background-image":"","background-repeat":"repeat","background-position":"center center","background-size":"auto","background-attachment":"scroll","background-type":"","background-media":"","overlay-type":"","overlay-color":"","overlay-opacity":"","overlay-gradient":""}}},"product_brand":[],"product_cat":[105],"product_tag":[],"class_list":{"0":"post-10685","1":"product","2":"type-product","3":"status-publish","4":"has-post-thumbnail","6":"product_cat-predsin","7":"desktop-align-left","8":"tablet-align-left","9":"mobile-align-left","10":"ast-product-gallery-layout-horizontal-slider","11":"ast-product-tabs-layout-horizontal","12":"ast-qv-on-image","14":"first","15":"onbackorder","16":"shipping-taxable","17":"purchasable","18":"product-type-simple"},"spectra_custom_meta":{"_iwo_price_last_change":["a:4:{s:5:\"price\";s:4:\"1119\";s:10:\"price_sale\";s:0:\"\";s:19:\"price_including_tax\";d:1119;s:9:\"timestamp\";i:1739807687;}"],"_eb_reusable_block_ids":["a:0:{}"],"_alp_processed":["1748593639"],"_wcml_average_rating":[null],"_wcml_review_count":[null],"_wcml_rating_count":[null],"_backorders":["no"],"_download_limit":["-1"],"_download_expiry":["-1"],"_downloadable":["no"],"_manage_stock":["no"],"_stock_status":["onbackorder"],"_sold_individually":["no"],"_tax_class":[""],"_tax_status":["taxable"],"_virtual":["no"],"total_sales":["0"],"_regular_price":[6378.3],"stick-header-meta":["default"],"site-sidebar-layout":["default"],"theme-transparent-header-meta":["default"],"ast-site-content-layout":["default"],"site-content-style":["default"],"site-sidebar-style":["default"],"astra-migrate-meta-layouts":["set"],"wcml_sync_hash":["a:1:{s:15:\"postmeta_fields\";s:32:\"b8a88bc90c13cccd66745cdd17a8e934\";}"],"attr_label_translations":["a:0:{}"],"_product_attributes":["a:0:{}"],"_default_attributes":["a:0:{}"],"_upsell_ids":["a:0:{}"],"_crosssell_ids":["a:0:{}"],"_children":["a:0:{}"],"_wp_attachment_metadata":[""],"_thumbnail_id":["6820"],"_product_image_gallery":["6820,6821,6822"],"_iwo_price_log":["a:4:{s:5:\"price\";s:4:\"1119\";s:10:\"price_sale\";s:0:\"\";s:19:\"price_including_tax\";d:1119;s:9:\"timestamp\";i:1739807687;}"],"_last_translation_edit_mode":["translation-editor"],"_downloadable_files":[""],"_sale_price":[""],"_price":[6378.3],"_wpml_word_count":["155"],"_uag_page_assets":["a:9:{s:3:\"css\";s:263:\".uag-blocks-common-selector{z-index:var(--z-index-desktop) !important}@media (max-width: 976px){.uag-blocks-common-selector{z-index:var(--z-index-tablet) !important}}@media (max-width: 767px){.uag-blocks-common-selector{z-index:var(--z-index-mobile) !important}}\n\";s:2:\"js\";s:0:\"\";s:18:\"current_block_list\";a:13:{i:0;s:11:\"core\/search\";i:1;s:10:\"core\/group\";i:2;s:12:\"core\/heading\";i:3;s:17:\"core\/latest-posts\";i:4;s:20:\"core\/latest-comments\";i:5;s:13:\"core\/archives\";i:6;s:15:\"core\/categories\";i:7;s:26:\"woocommerce\/filter-wrapper\";i:8;s:24:\"woocommerce\/price-filter\";i:9;s:30:\"woocommerce\/product-categories\";i:10;s:26:\"woocommerce\/active-filters\";i:11;s:23:\"essential-blocks\/social\";i:12;s:24:\"woocommerce\/stock-filter\";}s:8:\"uag_flag\";b:0;s:11:\"uag_version\";s:10:\"1776345973\";s:6:\"gfonts\";a:0:{}s:10:\"gfonts_url\";s:0:\"\";s:12:\"gfonts_files\";a:0:{}s:14:\"uag_faq_layout\";b:0;}"],"_uag_css_file_name":["uag-css-10685.css"],"_max_variation_price":[""],"_max_variation_regular_price":[""],"_max_variation_sale_price":[""],"_min_variation_price":[""],"_min_variation_regular_price":[""],"_min_variation_sale_price":[""],"_wc_rating_count":[""],"_wc_review_count":[""],"_wc_average_rating":[0]},"uagb_featured_image_src":{"full":["https:\/\/team-meble.pl\/wp-content\/uploads\/2024\/01\/CALI-scaled-1132x1536-1.webp",1132,1536,false],"thumbnail":["https:\/\/team-meble.pl\/wp-content\/uploads\/2024\/01\/CALI-scaled-1132x1536-1-150x150.webp",150,150,true],"medium":["https:\/\/team-meble.pl\/wp-content\/uploads\/2024\/01\/CALI-scaled-1132x1536-1-221x300.webp",221,300,true],"medium_large":["https:\/\/team-meble.pl\/wp-content\/uploads\/2024\/01\/CALI-scaled-1132x1536-1-768x1042.webp",768,1042,true],"large":["https:\/\/team-meble.pl\/wp-content\/uploads\/2024\/01\/CALI-scaled-1132x1536-1-755x1024.webp",755,1024,true],"1536x1536":["https:\/\/team-meble.pl\/wp-content\/uploads\/2024\/01\/CALI-scaled-1132x1536-1.webp",1132,1536,false],"2048x2048":["https:\/\/team-meble.pl\/wp-content\/uploads\/2024\/01\/CALI-scaled-1132x1536-1.webp",1132,1536,false],"mailpoet_newsletter_max":["https:\/\/team-meble.pl\/wp-content\/uploads\/2024\/01\/CALI-scaled-1132x1536-1.webp",1132,1536,false],"woocommerce_thumbnail":["https:\/\/team-meble.pl\/wp-content\/uploads\/2024\/01\/CALI-scaled-1132x1536-1-300x300.webp",300,300,true],"woocommerce_single":["https:\/\/team-meble.pl\/wp-content\/uploads\/2024\/01\/CALI-scaled-1132x1536-1-300x407.webp",300,407,true],"woocommerce_gallery_thumbnail":["https:\/\/team-meble.pl\/wp-content\/uploads\/2024\/01\/CALI-scaled-1132x1536-1-100x100.webp",100,100,true]},"uagb_author_info":{"display_name":"Wiola","author_link":"https:\/\/team-meble.pl\/cs\/author\/"},"uagb_comment_info":0,"uagb_excerpt":"Rozm\u011bry: \u0161\u00ed\u0159ka - 128,5 cm hloubka - 30 v\u00fd\u0161ka - 195 cm","_links":{"self":[{"href":"https:\/\/team-meble.pl\/cs\/wp-json\/wp\/v2\/product\/10685","targetHints":{"allow":["GET"]}}],"collection":[{"href":"https:\/\/team-meble.pl\/cs\/wp-json\/wp\/v2\/product"}],"about":[{"href":"https:\/\/team-meble.pl\/cs\/wp-json\/wp\/v2\/types\/product"}],"replies":[{"embeddable":true,"href":"https:\/\/team-meble.pl\/cs\/wp-json\/wp\/v2\/comments?post=10685"}],"wp:featuredmedia":[{"embeddable":true,"href":"https:\/\/team-meble.pl\/cs\/wp-json\/wp\/v2\/media\/6820"}],"wp:attachment":[{"href":"https:\/\/team-meble.pl\/cs\/wp-json\/wp\/v2\/media?parent=10685"}],"wp:term":[{"taxonomy":"product_brand","embeddable":true,"href":"https:\/\/team-meble.pl\/cs\/wp-json\/wp\/v2\/product_brand?post=10685"},{"taxonomy":"product_cat","embeddable":true,"href":"https:\/\/team-meble.pl\/cs\/wp-json\/wp\/v2\/product_cat?post=10685"},{"taxonomy":"product_tag","embeddable":true,"href":"https:\/\/team-meble.pl\/cs\/wp-json\/wp\/v2\/product_tag?post=10685"}],"curies":[{"name":"wp","href":"https:\/\/api.w.org\/{rel}","templated":true}]}}