{"id":10978,"date":"2024-07-19T09:03:44","date_gmt":"2024-07-19T09:03:44","guid":{"rendered":"https:\/\/team-meble.pl\/produkt\/pohovka-rewa-3f\/"},"modified":"2025-02-10T15:55:05","modified_gmt":"2025-02-10T15:55:05","slug":"pohovka-rewa-3f","status":"publish","type":"product","link":"https:\/\/team-meble.pl\/cs\/produkt\/pohovka-rewa-3f\/","title":{"rendered":"Rozkl\u00e1dac\u00ed dvoustrann\u00fd kontejner Reva 3F"},"content":{"rendered":"<p>Pohovka REWA 3F s polohovateln\u00fdmi op\u011brkami hlavy. Tento kus n\u00e1bytku se vyzna\u010duje masivn\u00edm korpusem a \u0161irok\u00fdmi boky, celek dopl\u0148uj\u00ed ozdobn\u00e9 no\u017eky (chromov\u00e9 nebo \u010dern\u00e9). Pohodl\u00ed p\u0159i u\u017e\u00edv\u00e1n\u00ed pohovky zaji\u0161\u0165uje kombinace vlnit\u00fdch a kapsov\u00fdch bonellov\u00fdch pru\u017ein. Tento kus n\u00e1bytku je vybaven funkc\u00ed span\u00ed, chyb\u00ed kontejner na l\u016f\u017ekoviny &#8211; voliteln\u011b lze objednat kontejner v boc\u00edch. Syst\u00e9m &#8222;puma&#8220; usnad\u0148uje rozkl\u00e1d\u00e1n\u00ed pohovky.<\/p>\n<p>&#8211; Lze ji tedy pou\u017e\u00edt jako plnohodnotn\u00e9 l\u016f\u017eko. V z\u00e1vislosti na \u0161\u00ed\u0159ce pou\u017eit\u00fdch bo\u010dnic z\u00edsk\u00e1me po\u017eadovanou \u0161\u00ed\u0159ku n\u00e1bytku. Dal\u0161\u00ed v\u00fdhodou je mo\u017enost pou\u017eit\u00ed \u010distic\u00edho robota. K dispozici je mnoho potahov\u00fdch l\u00e1tek.<\/p>\n","protected":false},"excerpt":{"rendered":"<p>Rozm\u011bry: \u0160\u00ed\u0159ka &#8211; 250-240-230 cm Hloubka &#8211; 98 cm V\u00fd\u0161ka &#8211; 100 cm Plocha na span\u00ed &#8211; 14 cm x 200 cm.<\/p>\n","protected":false},"featured_media":16409,"comment_status":"open","ping_status":"closed","template":"","meta":{"_eb_attr":"","_uag_custom_page_level_css":"","site-sidebar-layout":"default","site-content-layout":"","ast-site-content-layout":"default","site-content-style":"default","site-sidebar-style":"default","ast-global-header-display":"","ast-banner-title-visibility":"","ast-main-header-display":"","ast-hfb-above-header-display":"","ast-hfb-below-header-display":"","ast-hfb-mobile-header-display":"","site-post-title":"","ast-breadcrumbs-content":"","ast-featured-img":"","footer-sml-layout":"","theme-transparent-header-meta":"default","adv-header-id-meta":"","stick-header-meta":"default","header-above-stick-meta":"","header-main-stick-meta":"","header-below-stick-meta":"","astra-migrate-meta-layouts":"default","ast-page-background-enabled":"default","ast-page-background-meta":{"desktop":{"background-color":"","background-image":"","background-repeat":"repeat","background-position":"center center","background-size":"auto","background-attachment":"scroll","background-type":"","background-media":"","overlay-type":"","overlay-color":"","overlay-opacity":"","overlay-gradient":""},"tablet":{"background-color":"","background-image":"","background-repeat":"repeat","background-position":"center center","background-size":"auto","background-attachment":"scroll","background-type":"","background-media":"","overlay-type":"","overlay-color":"","overlay-opacity":"","overlay-gradient":""},"mobile":{"background-color":"","background-image":"","background-repeat":"repeat","background-position":"center center","background-size":"auto","background-attachment":"scroll","background-type":"","background-media":"","overlay-type":"","overlay-color":"","overlay-opacity":"","overlay-gradient":""}},"ast-content-background-meta":{"desktop":{"background-color":"var(--ast-global-color-5)","background-image":"","background-repeat":"repeat","background-position":"center center","background-size":"auto","background-attachment":"scroll","background-type":"","background-media":"","overlay-type":"","overlay-color":"","overlay-opacity":"","overlay-gradient":""},"tablet":{"background-color":"var(--ast-global-color-5)","background-image":"","background-repeat":"repeat","background-position":"center center","background-size":"auto","background-attachment":"scroll","background-type":"","background-media":"","overlay-type":"","overlay-color":"","overlay-opacity":"","overlay-gradient":""},"mobile":{"background-color":"var(--ast-global-color-5)","background-image":"","background-repeat":"repeat","background-position":"center center","background-size":"auto","background-attachment":"scroll","background-type":"","background-media":"","overlay-type":"","overlay-color":"","overlay-opacity":"","overlay-gradient":""}}},"product_brand":[],"product_cat":[104,103,117],"product_tag":[],"class_list":{"0":"post-10978","1":"product","2":"type-product","3":"status-publish","4":"has-post-thumbnail","6":"product_cat-jidelna","7":"product_cat-salon-cs","8":"product_cat-gauc","9":"desktop-align-left","10":"tablet-align-left","11":"mobile-align-left","12":"ast-product-gallery-layout-horizontal-slider","13":"ast-product-tabs-layout-horizontal","14":"ast-qv-on-image","16":"first","17":"onbackorder","18":"shipping-taxable","19":"purchasable","20":"product-type-simple"},"spectra_custom_meta":{"_iwo_price_last_change":["a:4:{s:5:\"price\";s:4:\"3999\";s:10:\"price_sale\";s:0:\"\";s:19:\"price_including_tax\";d:3999;s:9:\"timestamp\";i:1739202905;}"],"_eb_reusable_block_ids":["a:0:{}"],"_alp_processed":["1739202905"],"_wcml_average_rating":[null],"_wcml_review_count":[null],"_wcml_rating_count":[null],"_backorders":["no"],"_download_limit":["-1"],"_download_expiry":["-1"],"_downloadable":["no"],"_manage_stock":["no"],"_stock_status":["onbackorder"],"_sold_individually":["no"],"_tax_class":[""],"_tax_status":["taxable"],"_virtual":["no"],"total_sales":["0"],"_wpml_media_duplicate":["0"],"_wpml_media_featured":["0"],"stick-header-meta":["default"],"site-sidebar-layout":["default"],"theme-transparent-header-meta":["default"],"ast-site-content-layout":["default"],"site-content-style":["default"],"site-sidebar-style":["default"],"wcml_sync_hash":["a:1:{s:15:\"postmeta_fields\";s:32:\"f39962d47f056210b8f634103c46ad68\";}"],"attr_label_translations":["a:0:{}"],"_product_attributes":["a:0:{}"],"_default_attributes":["a:0:{}"],"_upsell_ids":["a:0:{}"],"_crosssell_ids":["a:0:{}"],"_children":["a:0:{}"],"_wp_attachment_metadata":[""],"_thumbnail_id":["16409"],"_iwo_price_log":["a:4:{s:5:\"price\";s:4:\"3999\";s:10:\"price_sale\";s:0:\"\";s:19:\"price_including_tax\";d:3999;s:9:\"timestamp\";i:1739202905;}"],"_last_translation_edit_mode":["translation-editor"],"_uag_page_assets":["a:9:{s:3:\"css\";s:263:\".uag-blocks-common-selector{z-index:var(--z-index-desktop) !important}@media (max-width: 976px){.uag-blocks-common-selector{z-index:var(--z-index-tablet) !important}}@media (max-width: 767px){.uag-blocks-common-selector{z-index:var(--z-index-mobile) !important}}\n\";s:2:\"js\";s:0:\"\";s:18:\"current_block_list\";a:13:{i:0;s:11:\"core\/search\";i:1;s:10:\"core\/group\";i:2;s:12:\"core\/heading\";i:3;s:17:\"core\/latest-posts\";i:4;s:20:\"core\/latest-comments\";i:5;s:13:\"core\/archives\";i:6;s:15:\"core\/categories\";i:7;s:26:\"woocommerce\/filter-wrapper\";i:8;s:24:\"woocommerce\/price-filter\";i:9;s:30:\"woocommerce\/product-categories\";i:10;s:26:\"woocommerce\/active-filters\";i:11;s:23:\"essential-blocks\/social\";i:12;s:24:\"woocommerce\/stock-filter\";}s:8:\"uag_flag\";b:0;s:11:\"uag_version\";s:10:\"1776763242\";s:6:\"gfonts\";a:0:{}s:10:\"gfonts_url\";s:0:\"\";s:12:\"gfonts_files\";a:0:{}s:14:\"uag_faq_layout\";b:0;}"],"_downloadable_files":[""],"_regular_price":[24424.5],"_sale_price":[""],"_price":[24424.5],"_max_variation_price":[""],"_max_variation_regular_price":[""],"_max_variation_sale_price":[""],"_min_variation_price":[""],"_min_variation_regular_price":[""],"_min_variation_sale_price":[""],"_wc_rating_count":[""],"_wc_review_count":[""],"_wc_average_rating":[0]},"uagb_featured_image_src":{"full":["https:\/\/team-meble.pl\/wp-content\/uploads\/2024\/07\/1708798416.jpg",2499,1420,false],"thumbnail":["https:\/\/team-meble.pl\/wp-content\/uploads\/2024\/07\/1708798416-150x150.jpg",150,150,true],"medium":["https:\/\/team-meble.pl\/wp-content\/uploads\/2024\/07\/1708798416-300x170.jpg",300,170,true],"medium_large":["https:\/\/team-meble.pl\/wp-content\/uploads\/2024\/07\/1708798416-768x436.jpg",768,436,true],"large":["https:\/\/team-meble.pl\/wp-content\/uploads\/2024\/07\/1708798416-1024x582.jpg",1024,582,true],"1536x1536":["https:\/\/team-meble.pl\/wp-content\/uploads\/2024\/07\/1708798416-1536x873.jpg",1536,873,true],"2048x2048":["https:\/\/team-meble.pl\/wp-content\/uploads\/2024\/07\/1708798416-2048x1164.jpg",2048,1164,true],"mailpoet_newsletter_max":["https:\/\/team-meble.pl\/wp-content\/uploads\/2024\/07\/1708798416-1320x750.jpg",1320,750,true],"woocommerce_thumbnail":["https:\/\/team-meble.pl\/wp-content\/uploads\/2024\/07\/1708798416-300x300.jpg",300,300,true],"woocommerce_single":["https:\/\/team-meble.pl\/wp-content\/uploads\/2024\/07\/1708798416-300x170.jpg",300,170,true],"woocommerce_gallery_thumbnail":["https:\/\/team-meble.pl\/wp-content\/uploads\/2024\/07\/1708798416-100x100.jpg",100,100,true]},"uagb_author_info":{"display_name":"Wiola","author_link":"https:\/\/team-meble.pl\/cs\/author\/"},"uagb_comment_info":0,"uagb_excerpt":"Rozm\u011bry: \u0160\u00ed\u0159ka - 250-240-230 cm Hloubka - 98 cm V\u00fd\u0161ka - 100 cm Plocha na span\u00ed - 14 cm x 200 cm.","_links":{"self":[{"href":"https:\/\/team-meble.pl\/cs\/wp-json\/wp\/v2\/product\/10978","targetHints":{"allow":["GET"]}}],"collection":[{"href":"https:\/\/team-meble.pl\/cs\/wp-json\/wp\/v2\/product"}],"about":[{"href":"https:\/\/team-meble.pl\/cs\/wp-json\/wp\/v2\/types\/product"}],"replies":[{"embeddable":true,"href":"https:\/\/team-meble.pl\/cs\/wp-json\/wp\/v2\/comments?post=10978"}],"wp:featuredmedia":[{"embeddable":true,"href":"https:\/\/team-meble.pl\/cs\/wp-json\/wp\/v2\/media\/16409"}],"wp:attachment":[{"href":"https:\/\/team-meble.pl\/cs\/wp-json\/wp\/v2\/media?parent=10978"}],"wp:term":[{"taxonomy":"product_brand","embeddable":true,"href":"https:\/\/team-meble.pl\/cs\/wp-json\/wp\/v2\/product_brand?post=10978"},{"taxonomy":"product_cat","embeddable":true,"href":"https:\/\/team-meble.pl\/cs\/wp-json\/wp\/v2\/product_cat?post=10978"},{"taxonomy":"product_tag","embeddable":true,"href":"https:\/\/team-meble.pl\/cs\/wp-json\/wp\/v2\/product_tag?post=10978"}],"curies":[{"name":"wp","href":"https:\/\/api.w.org\/{rel}","templated":true}]}}