{"id":10985,"date":"2024-07-19T10:53:09","date_gmt":"2024-07-19T10:53:09","guid":{"rendered":"https:\/\/team-meble.pl\/produkt\/pohovka-rubio-3f\/"},"modified":"2024-07-19T10:53:09","modified_gmt":"2024-07-19T10:53:09","slug":"pohovka-rubio-3f","status":"publish","type":"product","link":"https:\/\/team-meble.pl\/cs\/produkt\/pohovka-rubio-3f\/","title":{"rendered":"Pohovka Rubio 3F"},"content":{"rendered":"<p>Pohovka RUBIO je kus n\u00e1bytku, kter\u00fd byl navr\u017een a vyroben speci\u00e1ln\u011b pro v\u00e1s.<\/p>\n<p>Pohovka RUBIO 3F je k dispozici s r\u016fzn\u00fdmi \u0161\u00ed\u0159kami bo\u010dnic, tak\u017ee m\u00e1 t\u0159i r\u016fzn\u00e9 rozm\u011bry<strong>.<\/strong><\/p>\n<p>Design\u00e9\u0159i p\u0159i navrhov\u00e1n\u00ed tohoto vynikaj\u00edc\u00edho kusu n\u00e1bytku dbali na ka\u017ed\u00fd detail, tak\u017ee v\u00e1\u0161 ob\u00fdvac\u00ed pokoj, ob\u00fdvac\u00ed pokoj ani \u017e\u00e1dn\u00e1 jin\u00e1 m\u00edstnost, kde bude pohovka RUBIO um\u00edst\u011bna, nebude postr\u00e1dat vyt\u0159\u00edben\u00fd vkus a eleganci.<\/p>\n<p>N\u00e1bytek s funkc\u00ed span\u00ed &#8211; byl vyroben na vlnit\u00fdch pru\u017ein\u00e1ch + ta\u0161ti\u010dkov\u00fdch pru\u017ein\u00e1ch a vysoce elastick\u00e9 HR p\u011bn\u011b, co\u017e se projevuje v komfortu, pohodl\u00ed a spokojenosti s pou\u017e\u00edv\u00e1n\u00edm t\u00e9to jedine\u010dn\u00e9 a atmosf\u00e9rick\u00e9 pohovky.<\/p>\n<p>V\u00fdrobce se postaral o dal\u0161\u00ed funk\u010dnost a nab\u00edz\u00ed mo\u017enost zakoupit: <strong>bo\u010dnice s kontejnerem a bo\u010dnice s polic\u00ed na notebook.<\/strong><\/p>\n<p>Na v\u00fdb\u011br je mnoho potahov\u00fdch l\u00e1tek.<\/p>\n<p><strong><em>(V\u0161imn\u011bte si, \u017ee p\u0159i v\u00fdb\u011bru mo\u017enosti &#8222;strana kontejneru&#8220; nebude na boc\u00edch \u017e\u00e1dn\u00e9 pro\u0161it\u00ed jako na p\u0159ilo\u017een\u00fdch obr\u00e1zc\u00edch &#8211; povrch bok\u016f pak bude hladk\u00fd.)<\/em><\/strong><\/p>\n<p>&nbsp;<\/p>\n","protected":false},"excerpt":{"rendered":"<p>Rozm\u011bry:<\/p>\n<p>\u0160\u00ed\u0159ka -252-242-232 cm<\/p>\n<p>Hloubka &#8211; 93 cm<\/p>\n<p>V\u00fd\u0161ka &#8211; 102 cm<\/p>\n<p>Plocha na span\u00ed &#8211; 140 cm x 200 cm<\/p>\n","protected":false},"featured_media":16421,"comment_status":"open","ping_status":"closed","template":"","meta":{"_eb_attr":"","_uag_custom_page_level_css":"","site-sidebar-layout":"default","site-content-layout":"","ast-site-content-layout":"default","site-content-style":"default","site-sidebar-style":"default","ast-global-header-display":"","ast-banner-title-visibility":"","ast-main-header-display":"","ast-hfb-above-header-display":"","ast-hfb-below-header-display":"","ast-hfb-mobile-header-display":"","site-post-title":"","ast-breadcrumbs-content":"","ast-featured-img":"","footer-sml-layout":"","theme-transparent-header-meta":"default","adv-header-id-meta":"","stick-header-meta":"default","header-above-stick-meta":"","header-main-stick-meta":"","header-below-stick-meta":"","astra-migrate-meta-layouts":"default","ast-page-background-enabled":"default","ast-page-background-meta":{"desktop":{"background-color":"","background-image":"","background-repeat":"repeat","background-position":"center center","background-size":"auto","background-attachment":"scroll","background-type":"","background-media":"","overlay-type":"","overlay-color":"","overlay-opacity":"","overlay-gradient":""},"tablet":{"background-color":"","background-image":"","background-repeat":"repeat","background-position":"center center","background-size":"auto","background-attachment":"scroll","background-type":"","background-media":"","overlay-type":"","overlay-color":"","overlay-opacity":"","overlay-gradient":""},"mobile":{"background-color":"","background-image":"","background-repeat":"repeat","background-position":"center center","background-size":"auto","background-attachment":"scroll","background-type":"","background-media":"","overlay-type":"","overlay-color":"","overlay-opacity":"","overlay-gradient":""}},"ast-content-background-meta":{"desktop":{"background-color":"var(--ast-global-color-5)","background-image":"","background-repeat":"repeat","background-position":"center center","background-size":"auto","background-attachment":"scroll","background-type":"","background-media":"","overlay-type":"","overlay-color":"","overlay-opacity":"","overlay-gradient":""},"tablet":{"background-color":"var(--ast-global-color-5)","background-image":"","background-repeat":"repeat","background-position":"center center","background-size":"auto","background-attachment":"scroll","background-type":"","background-media":"","overlay-type":"","overlay-color":"","overlay-opacity":"","overlay-gradient":""},"mobile":{"background-color":"var(--ast-global-color-5)","background-image":"","background-repeat":"repeat","background-position":"center center","background-size":"auto","background-attachment":"scroll","background-type":"","background-media":"","overlay-type":"","overlay-color":"","overlay-opacity":"","overlay-gradient":""}}},"product_brand":[],"product_cat":[104,103,117,132],"product_tag":[],"class_list":{"0":"post-10985","1":"product","2":"type-product","3":"status-publish","4":"has-post-thumbnail","6":"product_cat-jidelna","7":"product_cat-salon-cs","8":"product_cat-gauc","9":"product_cat-kancelar","10":"desktop-align-left","11":"tablet-align-left","12":"mobile-align-left","13":"ast-product-gallery-layout-horizontal-slider","14":"ast-product-tabs-layout-horizontal","15":"ast-qv-on-image","17":"first","18":"onbackorder","19":"shipping-taxable","20":"purchasable","21":"product-type-simple"},"spectra_custom_meta":{"_iwo_price_last_change":["a:4:{s:5:\"price\";s:0:\"\";s:10:\"price_sale\";s:0:\"\";s:19:\"price_including_tax\";d:0;s:9:\"timestamp\";i:1721403296;}"],"_eb_reusable_block_ids":["a:0:{}"],"_alp_processed":["1721403296"],"_wcml_average_rating":[null],"_wcml_review_count":[null],"_wcml_rating_count":[null],"_backorders":["no"],"_download_limit":["-1"],"_download_expiry":["-1"],"_downloadable":["no"],"_manage_stock":["no"],"_stock_status":["onbackorder"],"_sold_individually":["no"],"_tax_class":[""],"_tax_status":["taxable"],"_virtual":["no"],"total_sales":["0"],"_wpml_media_duplicate":["0"],"_wpml_media_featured":["0"],"stick-header-meta":["default"],"site-sidebar-layout":["default"],"theme-transparent-header-meta":["default"],"ast-site-content-layout":["default"],"site-content-style":["default"],"site-sidebar-style":["default"],"wcml_sync_hash":["a:1:{s:15:\"postmeta_fields\";s:32:\"eebc1ff9b3f159db0908edf7e442c422\";}"],"attr_label_translations":["a:0:{}"],"_product_attributes":["a:0:{}"],"_default_attributes":["a:0:{}"],"_upsell_ids":["a:0:{}"],"_crosssell_ids":["a:0:{}"],"_children":["a:0:{}"],"_uag_page_assets":["a:9:{s:3:\"css\";s:263:\".uag-blocks-common-selector{z-index:var(--z-index-desktop) !important}@media (max-width: 976px){.uag-blocks-common-selector{z-index:var(--z-index-tablet) !important}}@media (max-width: 767px){.uag-blocks-common-selector{z-index:var(--z-index-mobile) !important}}\n\";s:2:\"js\";s:0:\"\";s:18:\"current_block_list\";a:13:{i:0;s:11:\"core\/search\";i:1;s:10:\"core\/group\";i:2;s:12:\"core\/heading\";i:3;s:17:\"core\/latest-posts\";i:4;s:20:\"core\/latest-comments\";i:5;s:13:\"core\/archives\";i:6;s:15:\"core\/categories\";i:7;s:26:\"woocommerce\/filter-wrapper\";i:8;s:24:\"woocommerce\/price-filter\";i:9;s:30:\"woocommerce\/product-categories\";i:10;s:26:\"woocommerce\/active-filters\";i:11;s:23:\"essential-blocks\/social\";i:12;s:24:\"woocommerce\/stock-filter\";}s:8:\"uag_flag\";b:0;s:11:\"uag_version\";s:10:\"1776411035\";s:6:\"gfonts\";a:0:{}s:10:\"gfonts_url\";s:0:\"\";s:12:\"gfonts_files\";a:0:{}s:14:\"uag_faq_layout\";b:0;}"],"_wp_attachment_metadata":[""],"_thumbnail_id":["16421"],"_downloadable_files":[""],"_regular_price":[22344],"_price":[22344],"_uag_css_file_name":["uag-css-10985.css"],"_max_variation_price":[""],"_max_variation_regular_price":[""],"_max_variation_sale_price":[""],"_min_variation_price":[""],"_min_variation_regular_price":[""],"_min_variation_sale_price":[""],"_sale_price":[""],"_wc_rating_count":[""],"_wc_review_count":[""],"_wc_average_rating":[0]},"uagb_featured_image_src":{"full":["https:\/\/team-meble.pl\/wp-content\/uploads\/2024\/07\/1708800371.jpg",2499,1420,false],"thumbnail":["https:\/\/team-meble.pl\/wp-content\/uploads\/2024\/07\/1708800371-150x150.jpg",150,150,true],"medium":["https:\/\/team-meble.pl\/wp-content\/uploads\/2024\/07\/1708800371-300x170.jpg",300,170,true],"medium_large":["https:\/\/team-meble.pl\/wp-content\/uploads\/2024\/07\/1708800371-768x436.jpg",768,436,true],"large":["https:\/\/team-meble.pl\/wp-content\/uploads\/2024\/07\/1708800371-1024x582.jpg",1024,582,true],"1536x1536":["https:\/\/team-meble.pl\/wp-content\/uploads\/2024\/07\/1708800371-1536x873.jpg",1536,873,true],"2048x2048":["https:\/\/team-meble.pl\/wp-content\/uploads\/2024\/07\/1708800371-2048x1164.jpg",2048,1164,true],"mailpoet_newsletter_max":["https:\/\/team-meble.pl\/wp-content\/uploads\/2024\/07\/1708800371-1320x750.jpg",1320,750,true],"woocommerce_thumbnail":["https:\/\/team-meble.pl\/wp-content\/uploads\/2024\/07\/1708800371-300x300.jpg",300,300,true],"woocommerce_single":["https:\/\/team-meble.pl\/wp-content\/uploads\/2024\/07\/1708800371-300x170.jpg",300,170,true],"woocommerce_gallery_thumbnail":["https:\/\/team-meble.pl\/wp-content\/uploads\/2024\/07\/1708800371-100x100.jpg",100,100,true]},"uagb_author_info":{"display_name":"Wiola","author_link":"https:\/\/team-meble.pl\/cs\/author\/"},"uagb_comment_info":0,"uagb_excerpt":"Rozm\u011bry: \u0160\u00ed\u0159ka -252-242-232 cm Hloubka - 93 cm V\u00fd\u0161ka - 102 cm Plocha na span\u00ed - 140 cm x 200 cm","_links":{"self":[{"href":"https:\/\/team-meble.pl\/cs\/wp-json\/wp\/v2\/product\/10985","targetHints":{"allow":["GET"]}}],"collection":[{"href":"https:\/\/team-meble.pl\/cs\/wp-json\/wp\/v2\/product"}],"about":[{"href":"https:\/\/team-meble.pl\/cs\/wp-json\/wp\/v2\/types\/product"}],"replies":[{"embeddable":true,"href":"https:\/\/team-meble.pl\/cs\/wp-json\/wp\/v2\/comments?post=10985"}],"wp:featuredmedia":[{"embeddable":true,"href":"https:\/\/team-meble.pl\/cs\/wp-json\/wp\/v2\/media\/16421"}],"wp:attachment":[{"href":"https:\/\/team-meble.pl\/cs\/wp-json\/wp\/v2\/media?parent=10985"}],"wp:term":[{"taxonomy":"product_brand","embeddable":true,"href":"https:\/\/team-meble.pl\/cs\/wp-json\/wp\/v2\/product_brand?post=10985"},{"taxonomy":"product_cat","embeddable":true,"href":"https:\/\/team-meble.pl\/cs\/wp-json\/wp\/v2\/product_cat?post=10985"},{"taxonomy":"product_tag","embeddable":true,"href":"https:\/\/team-meble.pl\/cs\/wp-json\/wp\/v2\/product_tag?post=10985"}],"curies":[{"name":"wp","href":"https:\/\/api.w.org\/{rel}","templated":true}]}}