{"id":10994,"date":"2024-07-19T12:27:49","date_gmt":"2024-07-19T12:27:49","guid":{"rendered":"https:\/\/team-meble.pl\/produkt\/pohovka-york-3f\/"},"modified":"2024-07-19T12:27:49","modified_gmt":"2024-07-19T12:27:49","slug":"pohovka-york-3f","status":"publish","type":"product","link":"https:\/\/team-meble.pl\/cs\/produkt\/pohovka-york-3f\/","title":{"rendered":"Pohovka York 3F"},"content":{"rendered":"<p>Pohodl\u00ed, design, robustnost, v\u0161estrannost &#8211; to v\u0161e jsou p\u0159ednosti t\u0159\u00edm\u00edstn\u00e9 rozkl\u00e1dac\u00ed pohovky York.<br \/>\nVelk\u00e1 plocha sed\u00e1ku vypln\u011bn\u00e1 bonelov\u00fdmi a vlnit\u00fdmi pru\u017einami (dvojit\u00e9 pru\u017een\u00ed) umo\u017e\u0148uje pohodln\u00e9 pou\u017e\u00edv\u00e1n\u00ed n\u00e1bytku t\u0159emi dosp\u011bl\u00fdmi osobami, zat\u00edmco nastaviteln\u00e9 op\u011brky hlavy umo\u017e\u0148uj\u00ed zaujmout p\u0159i relaxaci co nejpohodln\u011bj\u0161\u00ed polohu.<\/p>\n<p>Nejkvalitn\u011bj\u0161\u00ed materi\u00e1ly a komponenty pou\u017eit\u00e9 p\u0159i v\u00fdrob\u011b tohoto kusu n\u00e1bytku zaji\u0161\u0165uj\u00ed jeho dlouhou \u017eivotnost a bezporuchovost a rozkl\u00e1dac\u00ed syst\u00e9m typu &#8222;puma&#8220; v kombinaci s vyj\u00edmateln\u00fdmi op\u011brn\u00fdmi pol\u0161t\u00e1\u0159i z \u0159ezan\u00e9 a profilovan\u00e9 p\u011bny nejvy\u0161\u0161\u00ed kvality umo\u017e\u0148uj\u00ed pohovku pou\u017e\u00edvat tak\u00e9 jako n\u00e1hradn\u00ed, ale pohodln\u00e9 m\u00edsto na span\u00ed pro hosty.<\/p>\n<p>\u0160\u00ed\u0159ku n\u00e1bytku lze upravit v\u00fdb\u011brem stran vhodn\u00e9 \u0161\u00ed\u0159ky.<\/p>\n<p>Na v\u00fdb\u011br je mnoho barevn\u00fdch proveden\u00ed.<\/p>\n","protected":false},"excerpt":{"rendered":"<p>Rozm\u011bry:<\/p>\n<p>\u0160\u00ed\u0159ka &#8211; 250-240-230 cm<\/p>\n<p>Hloubka &#8211; 92 cm<\/p>\n<p>V\u00fd\u0161ka &#8211; 98 cm<\/p>\n","protected":false},"featured_media":16444,"comment_status":"open","ping_status":"closed","template":"","meta":{"_eb_attr":"","_uag_custom_page_level_css":"","site-sidebar-layout":"default","site-content-layout":"","ast-site-content-layout":"default","site-content-style":"default","site-sidebar-style":"default","ast-global-header-display":"","ast-banner-title-visibility":"","ast-main-header-display":"","ast-hfb-above-header-display":"","ast-hfb-below-header-display":"","ast-hfb-mobile-header-display":"","site-post-title":"","ast-breadcrumbs-content":"","ast-featured-img":"","footer-sml-layout":"","theme-transparent-header-meta":"default","adv-header-id-meta":"","stick-header-meta":"default","header-above-stick-meta":"","header-main-stick-meta":"","header-below-stick-meta":"","astra-migrate-meta-layouts":"default","ast-page-background-enabled":"default","ast-page-background-meta":{"desktop":{"background-color":"","background-image":"","background-repeat":"repeat","background-position":"center center","background-size":"auto","background-attachment":"scroll","background-type":"","background-media":"","overlay-type":"","overlay-color":"","overlay-opacity":"","overlay-gradient":""},"tablet":{"background-color":"","background-image":"","background-repeat":"repeat","background-position":"center center","background-size":"auto","background-attachment":"scroll","background-type":"","background-media":"","overlay-type":"","overlay-color":"","overlay-opacity":"","overlay-gradient":""},"mobile":{"background-color":"","background-image":"","background-repeat":"repeat","background-position":"center center","background-size":"auto","background-attachment":"scroll","background-type":"","background-media":"","overlay-type":"","overlay-color":"","overlay-opacity":"","overlay-gradient":""}},"ast-content-background-meta":{"desktop":{"background-color":"var(--ast-global-color-5)","background-image":"","background-repeat":"repeat","background-position":"center center","background-size":"auto","background-attachment":"scroll","background-type":"","background-media":"","overlay-type":"","overlay-color":"","overlay-opacity":"","overlay-gradient":""},"tablet":{"background-color":"var(--ast-global-color-5)","background-image":"","background-repeat":"repeat","background-position":"center center","background-size":"auto","background-attachment":"scroll","background-type":"","background-media":"","overlay-type":"","overlay-color":"","overlay-opacity":"","overlay-gradient":""},"mobile":{"background-color":"var(--ast-global-color-5)","background-image":"","background-repeat":"repeat","background-position":"center center","background-size":"auto","background-attachment":"scroll","background-type":"","background-media":"","overlay-type":"","overlay-color":"","overlay-opacity":"","overlay-gradient":""}}},"product_brand":[],"product_cat":[104,103,117,132],"product_tag":[],"class_list":{"0":"post-10994","1":"product","2":"type-product","3":"status-publish","4":"has-post-thumbnail","6":"product_cat-jidelna","7":"product_cat-salon-cs","8":"product_cat-gauc","9":"product_cat-kancelar","10":"desktop-align-left","11":"tablet-align-left","12":"mobile-align-left","13":"ast-product-gallery-layout-horizontal-slider","14":"ast-product-tabs-layout-horizontal","15":"ast-qv-on-image","17":"first","18":"onbackorder","19":"shipping-taxable","20":"purchasable","21":"product-type-simple"},"spectra_custom_meta":{"_iwo_price_last_change":["a:4:{s:5:\"price\";s:0:\"\";s:10:\"price_sale\";s:0:\"\";s:19:\"price_including_tax\";d:0;s:9:\"timestamp\";i:1721403399;}"],"_eb_reusable_block_ids":["a:0:{}"],"_alp_processed":["1721403399"],"_wcml_average_rating":[null],"_wcml_review_count":[null],"_wcml_rating_count":[null],"_backorders":["no"],"_download_limit":["-1"],"_download_expiry":["-1"],"_downloadable":["no"],"_manage_stock":["no"],"_stock_status":["onbackorder"],"_sold_individually":["no"],"_tax_class":[""],"_tax_status":["taxable"],"_virtual":["no"],"total_sales":["0"],"_wpml_media_duplicate":["0"],"_wpml_media_featured":["0"],"stick-header-meta":["default"],"site-sidebar-layout":["default"],"theme-transparent-header-meta":["default"],"ast-site-content-layout":["default"],"site-content-style":["default"],"site-sidebar-style":["default"],"wcml_sync_hash":["a:1:{s:15:\"postmeta_fields\";s:32:\"6321034f04b54f311f957ace5d2e552b\";}"],"attr_label_translations":["a:0:{}"],"_product_attributes":["a:0:{}"],"_default_attributes":["a:0:{}"],"_upsell_ids":["a:0:{}"],"_crosssell_ids":["a:0:{}"],"_children":["a:0:{}"],"_uag_page_assets":["a:9:{s:3:\"css\";s:263:\".uag-blocks-common-selector{z-index:var(--z-index-desktop) !important}@media (max-width: 976px){.uag-blocks-common-selector{z-index:var(--z-index-tablet) !important}}@media (max-width: 767px){.uag-blocks-common-selector{z-index:var(--z-index-mobile) !important}}\n\";s:2:\"js\";s:0:\"\";s:18:\"current_block_list\";a:13:{i:0;s:11:\"core\/search\";i:1;s:10:\"core\/group\";i:2;s:12:\"core\/heading\";i:3;s:17:\"core\/latest-posts\";i:4;s:20:\"core\/latest-comments\";i:5;s:13:\"core\/archives\";i:6;s:15:\"core\/categories\";i:7;s:26:\"woocommerce\/filter-wrapper\";i:8;s:24:\"woocommerce\/price-filter\";i:9;s:30:\"woocommerce\/product-categories\";i:10;s:26:\"woocommerce\/active-filters\";i:11;s:23:\"essential-blocks\/social\";i:12;s:24:\"woocommerce\/stock-filter\";}s:8:\"uag_flag\";b:0;s:11:\"uag_version\";s:10:\"1776344874\";s:6:\"gfonts\";a:0:{}s:10:\"gfonts_url\";s:0:\"\";s:12:\"gfonts_files\";a:0:{}s:14:\"uag_faq_layout\";b:0;}"],"_wp_attachment_metadata":[""],"_thumbnail_id":["16444"],"_downloadable_files":[""],"_regular_price":[21603],"_price":[21603],"_max_variation_price":[""],"_max_variation_regular_price":[""],"_max_variation_sale_price":[""],"_min_variation_price":[""],"_min_variation_regular_price":[""],"_min_variation_sale_price":[""],"_sale_price":[""],"_wc_rating_count":[""],"_wc_review_count":[""],"_wc_average_rating":[0]},"uagb_featured_image_src":{"full":["https:\/\/team-meble.pl\/wp-content\/uploads\/2024\/07\/1708801458.jpg",2499,1420,false],"thumbnail":["https:\/\/team-meble.pl\/wp-content\/uploads\/2024\/07\/1708801458-150x150.jpg",150,150,true],"medium":["https:\/\/team-meble.pl\/wp-content\/uploads\/2024\/07\/1708801458-300x170.jpg",300,170,true],"medium_large":["https:\/\/team-meble.pl\/wp-content\/uploads\/2024\/07\/1708801458-768x436.jpg",768,436,true],"large":["https:\/\/team-meble.pl\/wp-content\/uploads\/2024\/07\/1708801458-1024x582.jpg",1024,582,true],"1536x1536":["https:\/\/team-meble.pl\/wp-content\/uploads\/2024\/07\/1708801458-1536x873.jpg",1536,873,true],"2048x2048":["https:\/\/team-meble.pl\/wp-content\/uploads\/2024\/07\/1708801458-2048x1164.jpg",2048,1164,true],"mailpoet_newsletter_max":["https:\/\/team-meble.pl\/wp-content\/uploads\/2024\/07\/1708801458-1320x750.jpg",1320,750,true],"woocommerce_thumbnail":["https:\/\/team-meble.pl\/wp-content\/uploads\/2024\/07\/1708801458-300x300.jpg",300,300,true],"woocommerce_single":["https:\/\/team-meble.pl\/wp-content\/uploads\/2024\/07\/1708801458-300x170.jpg",300,170,true],"woocommerce_gallery_thumbnail":["https:\/\/team-meble.pl\/wp-content\/uploads\/2024\/07\/1708801458-100x100.jpg",100,100,true]},"uagb_author_info":{"display_name":"Wiola","author_link":"https:\/\/team-meble.pl\/cs\/author\/"},"uagb_comment_info":0,"uagb_excerpt":"Rozm\u011bry: \u0160\u00ed\u0159ka - 250-240-230 cm Hloubka - 92 cm V\u00fd\u0161ka - 98 cm","_links":{"self":[{"href":"https:\/\/team-meble.pl\/cs\/wp-json\/wp\/v2\/product\/10994","targetHints":{"allow":["GET"]}}],"collection":[{"href":"https:\/\/team-meble.pl\/cs\/wp-json\/wp\/v2\/product"}],"about":[{"href":"https:\/\/team-meble.pl\/cs\/wp-json\/wp\/v2\/types\/product"}],"replies":[{"embeddable":true,"href":"https:\/\/team-meble.pl\/cs\/wp-json\/wp\/v2\/comments?post=10994"}],"wp:featuredmedia":[{"embeddable":true,"href":"https:\/\/team-meble.pl\/cs\/wp-json\/wp\/v2\/media\/16444"}],"wp:attachment":[{"href":"https:\/\/team-meble.pl\/cs\/wp-json\/wp\/v2\/media?parent=10994"}],"wp:term":[{"taxonomy":"product_brand","embeddable":true,"href":"https:\/\/team-meble.pl\/cs\/wp-json\/wp\/v2\/product_brand?post=10994"},{"taxonomy":"product_cat","embeddable":true,"href":"https:\/\/team-meble.pl\/cs\/wp-json\/wp\/v2\/product_cat?post=10994"},{"taxonomy":"product_tag","embeddable":true,"href":"https:\/\/team-meble.pl\/cs\/wp-json\/wp\/v2\/product_tag?post=10994"}],"curies":[{"name":"wp","href":"https:\/\/api.w.org\/{rel}","templated":true}]}}