{"id":11200,"date":"2024-07-22T14:34:58","date_gmt":"2024-07-22T14:34:58","guid":{"rendered":"https:\/\/team-meble.pl\/produkt\/pohovka-kano\/"},"modified":"2024-07-22T14:34:58","modified_gmt":"2024-07-22T14:34:58","slug":"pohovka-kano","status":"publish","type":"product","link":"https:\/\/team-meble.pl\/cs\/produkt\/pohovka-kano\/","title":{"rendered":"Pohovka Kano"},"content":{"rendered":"<p>Pohovka Kano 3FP je ur\u010dena pro z\u00e1kazn\u00edky, kte\u0159\u00ed si cen\u00ed v\u0161estrannosti, pohodl\u00ed a kvality zpracov\u00e1n\u00ed.Modern\u00ed design zv\u00fdrazn\u011bn\u00fd ozdobn\u00fdm pro\u0161\u00edv\u00e1n\u00edm na sed\u00e1ku a op\u011br\u00e1ku dob\u0159e lad\u00ed s vysok\u00fdmi kovov\u00fdmi nohami a dv\u011bma voln\u00fdmi bo\u010dn\u00edmi pol\u0161t\u00e1\u0159i. V\u00fdpl\u0148 pohovky tvo\u0159\u00ed bonellov\u00e9 pru\u017einy, pru\u017einov\u00e9 p\u00e1sy a polyuretanov\u00e1 p\u011bna vynikaj\u00edc\u00ed kvality, tyto materi\u00e1ly zaru\u010duj\u00ed vysokou pru\u017enost, odolnost a pohodl\u00ed p\u0159i pou\u017e\u00edv\u00e1n\u00ed. Z\u00e1dov\u00e9 pol\u0161t\u00e1\u0159e jsou vyrobeny z tvarovan\u00e9 p\u011bny, co\u017e znamen\u00e1, \u017ee se z\u00e1da v pr\u016fb\u011bhu \u010dasu nedeformuj\u00ed ani nepohybuj\u00ed jako pol\u0161t\u00e1\u0159e z p\u011bny roz\u0159ezan\u00e9 na mal\u00e9 kousky. Vysok\u00e9 nohy umo\u017e\u0148uj\u00ed samostatn\u00fdm vysava\u010d\u016fm vjet pod n\u00e1bytek, co\u017e je skv\u011bl\u00e9 pro z\u00e1kazn\u00edky, kte\u0159\u00ed si cen\u00ed \u010distoty. Rozkl\u00e1dac\u00ed syst\u00e9m DL umo\u017e\u0148uje &#8222;postavit&#8220; velkou (275 litr\u016f) n\u00e1dobu na l\u016f\u017ekoviny a velmi velkou plochu na span\u00ed<strong>. <\/strong> V\u00fdb\u011br z mnoha potahov\u00fdch l\u00e1tek.<\/p>\n","protected":false},"excerpt":{"rendered":"<p>Rozm\u011bry: \u0161\u00ed\u0159ka &#8211; 200 cm hloubka &#8211; 109 cm v\u00fd\u0161ka &#8211; 89 cm<\/p>\n","protected":false},"featured_media":16534,"comment_status":"open","ping_status":"closed","template":"","meta":{"_eb_attr":"","_uag_custom_page_level_css":"","site-sidebar-layout":"default","site-content-layout":"","ast-site-content-layout":"default","site-content-style":"default","site-sidebar-style":"default","ast-global-header-display":"","ast-banner-title-visibility":"","ast-main-header-display":"","ast-hfb-above-header-display":"","ast-hfb-below-header-display":"","ast-hfb-mobile-header-display":"","site-post-title":"","ast-breadcrumbs-content":"","ast-featured-img":"","footer-sml-layout":"","theme-transparent-header-meta":"default","adv-header-id-meta":"","stick-header-meta":"default","header-above-stick-meta":"","header-main-stick-meta":"","header-below-stick-meta":"","astra-migrate-meta-layouts":"default","ast-page-background-enabled":"default","ast-page-background-meta":{"desktop":{"background-color":"","background-image":"","background-repeat":"repeat","background-position":"center center","background-size":"auto","background-attachment":"scroll","background-type":"","background-media":"","overlay-type":"","overlay-color":"","overlay-opacity":"","overlay-gradient":""},"tablet":{"background-color":"","background-image":"","background-repeat":"repeat","background-position":"center center","background-size":"auto","background-attachment":"scroll","background-type":"","background-media":"","overlay-type":"","overlay-color":"","overlay-opacity":"","overlay-gradient":""},"mobile":{"background-color":"","background-image":"","background-repeat":"repeat","background-position":"center center","background-size":"auto","background-attachment":"scroll","background-type":"","background-media":"","overlay-type":"","overlay-color":"","overlay-opacity":"","overlay-gradient":""}},"ast-content-background-meta":{"desktop":{"background-color":"var(--ast-global-color-5)","background-image":"","background-repeat":"repeat","background-position":"center center","background-size":"auto","background-attachment":"scroll","background-type":"","background-media":"","overlay-type":"","overlay-color":"","overlay-opacity":"","overlay-gradient":""},"tablet":{"background-color":"var(--ast-global-color-5)","background-image":"","background-repeat":"repeat","background-position":"center center","background-size":"auto","background-attachment":"scroll","background-type":"","background-media":"","overlay-type":"","overlay-color":"","overlay-opacity":"","overlay-gradient":""},"mobile":{"background-color":"var(--ast-global-color-5)","background-image":"","background-repeat":"repeat","background-position":"center center","background-size":"auto","background-attachment":"scroll","background-type":"","background-media":"","overlay-type":"","overlay-color":"","overlay-opacity":"","overlay-gradient":""}}},"product_brand":[],"product_cat":[104,103,117,132],"product_tag":[],"class_list":{"0":"post-11200","1":"product","2":"type-product","3":"status-publish","4":"has-post-thumbnail","6":"product_cat-jidelna","7":"product_cat-salon-cs","8":"product_cat-gauc","9":"product_cat-kancelar","10":"desktop-align-left","11":"tablet-align-left","12":"mobile-align-left","13":"ast-product-gallery-layout-horizontal-slider","14":"ast-product-tabs-layout-horizontal","15":"ast-qv-on-image","17":"first","18":"onbackorder","19":"shipping-taxable","20":"purchasable","21":"product-type-simple"},"spectra_custom_meta":{"_iwo_price_last_change":["a:4:{s:5:\"price\";s:0:\"\";s:10:\"price_sale\";s:0:\"\";s:19:\"price_including_tax\";d:0;s:9:\"timestamp\";i:1721672869;}"],"_eb_reusable_block_ids":["a:0:{}"],"_alp_processed":["1721672869"],"_wcml_average_rating":[null],"_wcml_review_count":[null],"_wcml_rating_count":[null],"_backorders":["no"],"_download_limit":["-1"],"_download_expiry":["-1"],"_downloadable":["no"],"_manage_stock":["no"],"_stock_status":["onbackorder"],"_sold_individually":["no"],"_tax_class":[""],"_tax_status":["taxable"],"_virtual":["no"],"total_sales":["0"],"_wpml_media_duplicate":["0"],"_wpml_media_featured":["0"],"stick-header-meta":["default"],"site-sidebar-layout":["default"],"theme-transparent-header-meta":["default"],"ast-site-content-layout":["default"],"site-content-style":["default"],"site-sidebar-style":["default"],"wcml_sync_hash":["a:1:{s:15:\"postmeta_fields\";s:32:\"5199e7edf20465a6fabd82940feb279f\";}"],"attr_label_translations":["a:0:{}"],"_product_attributes":["a:0:{}"],"_default_attributes":["a:0:{}"],"_upsell_ids":["a:0:{}"],"_crosssell_ids":["a:0:{}"],"_children":["a:0:{}"],"_uag_page_assets":["a:9:{s:3:\"css\";s:263:\".uag-blocks-common-selector{z-index:var(--z-index-desktop) !important}@media (max-width: 976px){.uag-blocks-common-selector{z-index:var(--z-index-tablet) !important}}@media (max-width: 767px){.uag-blocks-common-selector{z-index:var(--z-index-mobile) !important}}\n\";s:2:\"js\";s:0:\"\";s:18:\"current_block_list\";a:13:{i:0;s:11:\"core\/search\";i:1;s:10:\"core\/group\";i:2;s:12:\"core\/heading\";i:3;s:17:\"core\/latest-posts\";i:4;s:20:\"core\/latest-comments\";i:5;s:13:\"core\/archives\";i:6;s:15:\"core\/categories\";i:7;s:26:\"woocommerce\/filter-wrapper\";i:8;s:24:\"woocommerce\/price-filter\";i:9;s:30:\"woocommerce\/product-categories\";i:10;s:26:\"woocommerce\/active-filters\";i:11;s:23:\"essential-blocks\/social\";i:12;s:24:\"woocommerce\/stock-filter\";}s:8:\"uag_flag\";b:0;s:11:\"uag_version\";s:10:\"1776414508\";s:6:\"gfonts\";a:0:{}s:10:\"gfonts_url\";s:0:\"\";s:12:\"gfonts_files\";a:0:{}s:14:\"uag_faq_layout\";b:0;}"],"_wpml_word_count":["{\"total\":136,\"to_translate\":{\"pl\":136}}"],"_wp_attachment_metadata":[""],"_thumbnail_id":["16534"],"_downloadable_files":[""],"_regular_price":[18411],"_price":[18411],"_uag_css_file_name":["uag-css-11200.css"],"_max_variation_price":[""],"_max_variation_regular_price":[""],"_max_variation_sale_price":[""],"_min_variation_price":[""],"_min_variation_regular_price":[""],"_min_variation_sale_price":[""],"_sale_price":[""],"_wc_rating_count":[""],"_wc_review_count":[""],"_wc_average_rating":[0]},"uagb_featured_image_src":{"full":["https:\/\/team-meble.pl\/wp-content\/uploads\/2024\/07\/1708848272.jpg",2499,1420,false],"thumbnail":["https:\/\/team-meble.pl\/wp-content\/uploads\/2024\/07\/1708848272-150x150.jpg",150,150,true],"medium":["https:\/\/team-meble.pl\/wp-content\/uploads\/2024\/07\/1708848272-300x170.jpg",300,170,true],"medium_large":["https:\/\/team-meble.pl\/wp-content\/uploads\/2024\/07\/1708848272-768x436.jpg",768,436,true],"large":["https:\/\/team-meble.pl\/wp-content\/uploads\/2024\/07\/1708848272-1024x582.jpg",1024,582,true],"1536x1536":["https:\/\/team-meble.pl\/wp-content\/uploads\/2024\/07\/1708848272-1536x873.jpg",1536,873,true],"2048x2048":["https:\/\/team-meble.pl\/wp-content\/uploads\/2024\/07\/1708848272-2048x1164.jpg",2048,1164,true],"mailpoet_newsletter_max":["https:\/\/team-meble.pl\/wp-content\/uploads\/2024\/07\/1708848272-1320x750.jpg",1320,750,true],"woocommerce_thumbnail":["https:\/\/team-meble.pl\/wp-content\/uploads\/2024\/07\/1708848272-300x300.jpg",300,300,true],"woocommerce_single":["https:\/\/team-meble.pl\/wp-content\/uploads\/2024\/07\/1708848272-300x170.jpg",300,170,true],"woocommerce_gallery_thumbnail":["https:\/\/team-meble.pl\/wp-content\/uploads\/2024\/07\/1708848272-100x100.jpg",100,100,true]},"uagb_author_info":{"display_name":"Wiola","author_link":"https:\/\/team-meble.pl\/cs\/author\/"},"uagb_comment_info":0,"uagb_excerpt":"Rozm\u011bry: \u0161\u00ed\u0159ka - 200 cm hloubka - 109 cm v\u00fd\u0161ka - 89 cm","_links":{"self":[{"href":"https:\/\/team-meble.pl\/cs\/wp-json\/wp\/v2\/product\/11200","targetHints":{"allow":["GET"]}}],"collection":[{"href":"https:\/\/team-meble.pl\/cs\/wp-json\/wp\/v2\/product"}],"about":[{"href":"https:\/\/team-meble.pl\/cs\/wp-json\/wp\/v2\/types\/product"}],"replies":[{"embeddable":true,"href":"https:\/\/team-meble.pl\/cs\/wp-json\/wp\/v2\/comments?post=11200"}],"wp:featuredmedia":[{"embeddable":true,"href":"https:\/\/team-meble.pl\/cs\/wp-json\/wp\/v2\/media\/16534"}],"wp:attachment":[{"href":"https:\/\/team-meble.pl\/cs\/wp-json\/wp\/v2\/media?parent=11200"}],"wp:term":[{"taxonomy":"product_brand","embeddable":true,"href":"https:\/\/team-meble.pl\/cs\/wp-json\/wp\/v2\/product_brand?post=11200"},{"taxonomy":"product_cat","embeddable":true,"href":"https:\/\/team-meble.pl\/cs\/wp-json\/wp\/v2\/product_cat?post=11200"},{"taxonomy":"product_tag","embeddable":true,"href":"https:\/\/team-meble.pl\/cs\/wp-json\/wp\/v2\/product_tag?post=11200"}],"curies":[{"name":"wp","href":"https:\/\/api.w.org\/{rel}","templated":true}]}}