{"id":11252,"date":"2024-07-23T11:23:42","date_gmt":"2024-07-23T11:23:42","guid":{"rendered":"https:\/\/team-meble.pl\/produkt\/deli-h-pouffe\/"},"modified":"2024-07-23T11:23:42","modified_gmt":"2024-07-23T11:23:42","slug":"deli-h-pouffe","status":"publish","type":"product","link":"https:\/\/team-meble.pl\/cs\/produkt\/deli-h-pouffe\/","title":{"rendered":"Deli H pouffe"},"content":{"rendered":"<p>Praktick\u00fd a stylov\u00fd<strong> puf DELI na kovov\u00fdch no\u017ek\u00e1ch<\/strong> zaujme na prvn\u00ed pohled sv\u00fdm jednoduch\u00fdm tvarem a jedine\u010dn\u00fdm \u010daloun\u011bn\u00edm.Pokud hled\u00e1te dal\u0161\u00ed m\u00edsto k sezen\u00ed v ob\u00fdvac\u00edm pokoji nebo praktickou podno\u017eku ke k\u0159eslu \u010di rohov\u00e9 pohovce, puf DELI bude skv\u011blou volbou. D\u00edky kompaktn\u00edm rozm\u011br\u016fm si puf najde m\u00edsto v ka\u017ed\u00e9m interi\u00e9ru. . P\u0159i v\u00fdrob\u011b pufu jsou pou\u017eity dva typy pru\u017ein &#8211; vlnit\u00e9 a bonellov\u00e9 &#8211; odoln\u00e9 proti deformaci. D\u00edky syst\u00e9mu modern\u00edch pru\u017ein se puf p\u0159izp\u016fsob\u00ed r\u016fzn\u00fdm hmotnostem. Povrch pufu m\u016f\u017ee b\u00fdt vyroben z potahov\u00fdch materi\u00e1l\u016f odoln\u00fdch proti skvrn\u00e1m a snadno \u010distiteln\u00fdch. Za p\u0159\u00edplatek lze vyrobit otev\u00edrac\u00ed puf s \u00falo\u017en\u00fdm prostorem.<\/p>\n","protected":false},"excerpt":{"rendered":"<p>Rozm\u011bry: \u0161\u00ed\u0159ka &#8211; 55 cm hloubka &#8211; 55 cm v\u00fd\u0161ka &#8211; 42 cm<\/p>\n","protected":false},"featured_media":16555,"comment_status":"open","ping_status":"closed","template":"","meta":{"_eb_attr":"","_uag_custom_page_level_css":"","site-sidebar-layout":"default","site-content-layout":"","ast-site-content-layout":"default","site-content-style":"default","site-sidebar-style":"default","ast-global-header-display":"","ast-banner-title-visibility":"","ast-main-header-display":"","ast-hfb-above-header-display":"","ast-hfb-below-header-display":"","ast-hfb-mobile-header-display":"","site-post-title":"","ast-breadcrumbs-content":"","ast-featured-img":"","footer-sml-layout":"","theme-transparent-header-meta":"default","adv-header-id-meta":"","stick-header-meta":"default","header-above-stick-meta":"","header-main-stick-meta":"","header-below-stick-meta":"","astra-migrate-meta-layouts":"default","ast-page-background-enabled":"default","ast-page-background-meta":{"desktop":{"background-color":"","background-image":"","background-repeat":"repeat","background-position":"center center","background-size":"auto","background-attachment":"scroll","background-type":"","background-media":"","overlay-type":"","overlay-color":"","overlay-opacity":"","overlay-gradient":""},"tablet":{"background-color":"","background-image":"","background-repeat":"repeat","background-position":"center center","background-size":"auto","background-attachment":"scroll","background-type":"","background-media":"","overlay-type":"","overlay-color":"","overlay-opacity":"","overlay-gradient":""},"mobile":{"background-color":"","background-image":"","background-repeat":"repeat","background-position":"center center","background-size":"auto","background-attachment":"scroll","background-type":"","background-media":"","overlay-type":"","overlay-color":"","overlay-opacity":"","overlay-gradient":""}},"ast-content-background-meta":{"desktop":{"background-color":"var(--ast-global-color-5)","background-image":"","background-repeat":"repeat","background-position":"center center","background-size":"auto","background-attachment":"scroll","background-type":"","background-media":"","overlay-type":"","overlay-color":"","overlay-opacity":"","overlay-gradient":""},"tablet":{"background-color":"var(--ast-global-color-5)","background-image":"","background-repeat":"repeat","background-position":"center center","background-size":"auto","background-attachment":"scroll","background-type":"","background-media":"","overlay-type":"","overlay-color":"","overlay-opacity":"","overlay-gradient":""},"mobile":{"background-color":"var(--ast-global-color-5)","background-image":"","background-repeat":"repeat","background-position":"center center","background-size":"auto","background-attachment":"scroll","background-type":"","background-media":"","overlay-type":"","overlay-color":"","overlay-opacity":"","overlay-gradient":""}}},"product_brand":[],"product_cat":[104,94,103,132,120],"product_tag":[],"class_list":{"0":"post-11252","1":"product","2":"type-product","3":"status-publish","4":"has-post-thumbnail","6":"product_cat-jidelna","7":"product_cat-loznice","8":"product_cat-salon-cs","9":"product_cat-kancelar","10":"product_cat-kresla-usi-a-tasticky","11":"desktop-align-left","12":"tablet-align-left","13":"mobile-align-left","14":"ast-product-gallery-layout-horizontal-slider","15":"ast-product-tabs-layout-horizontal","16":"ast-qv-on-image","18":"first","19":"onbackorder","20":"shipping-taxable","21":"purchasable","22":"product-type-simple"},"spectra_custom_meta":{"_iwo_price_last_change":["a:4:{s:5:\"price\";s:0:\"\";s:10:\"price_sale\";s:0:\"\";s:19:\"price_including_tax\";d:0;s:9:\"timestamp\";i:1721733829;}"],"_eb_reusable_block_ids":["a:0:{}"],"_alp_processed":["1721733829"],"_wcml_average_rating":[null],"_wcml_review_count":[null],"_wcml_rating_count":[null],"_backorders":["no"],"_download_limit":["-1"],"_download_expiry":["-1"],"_downloadable":["no"],"_manage_stock":["no"],"_stock_status":["onbackorder"],"_sold_individually":["no"],"_tax_class":[""],"_tax_status":["taxable"],"_virtual":["no"],"total_sales":["0"],"_wpml_media_duplicate":["0"],"_wpml_media_featured":["0"],"stick-header-meta":["default"],"site-sidebar-layout":["default"],"theme-transparent-header-meta":["default"],"ast-site-content-layout":["default"],"site-content-style":["default"],"site-sidebar-style":["default"],"wcml_sync_hash":["a:1:{s:15:\"postmeta_fields\";s:32:\"6f7dd3ac3a18c7fe276a5998969376f5\";}"],"attr_label_translations":["a:0:{}"],"_product_attributes":["a:0:{}"],"_default_attributes":["a:0:{}"],"_upsell_ids":["a:0:{}"],"_crosssell_ids":["a:0:{}"],"_children":["a:0:{}"],"_uag_page_assets":["a:9:{s:3:\"css\";s:263:\".uag-blocks-common-selector{z-index:var(--z-index-desktop) !important}@media (max-width: 976px){.uag-blocks-common-selector{z-index:var(--z-index-tablet) !important}}@media (max-width: 767px){.uag-blocks-common-selector{z-index:var(--z-index-mobile) !important}}\n\";s:2:\"js\";s:0:\"\";s:18:\"current_block_list\";a:13:{i:0;s:11:\"core\/search\";i:1;s:10:\"core\/group\";i:2;s:12:\"core\/heading\";i:3;s:17:\"core\/latest-posts\";i:4;s:20:\"core\/latest-comments\";i:5;s:13:\"core\/archives\";i:6;s:15:\"core\/categories\";i:7;s:26:\"woocommerce\/filter-wrapper\";i:8;s:24:\"woocommerce\/price-filter\";i:9;s:30:\"woocommerce\/product-categories\";i:10;s:26:\"woocommerce\/active-filters\";i:11;s:23:\"essential-blocks\/social\";i:12;s:24:\"woocommerce\/stock-filter\";}s:8:\"uag_flag\";b:0;s:11:\"uag_version\";s:10:\"1776772480\";s:6:\"gfonts\";a:0:{}s:10:\"gfonts_url\";s:0:\"\";s:12:\"gfonts_files\";a:0:{}s:14:\"uag_faq_layout\";b:0;}"],"_wpml_word_count":["{\"total\":112,\"to_translate\":{\"pl\":112}}"],"_wp_attachment_metadata":[""],"_thumbnail_id":["16555"],"_downloadable_files":[""],"_regular_price":[3049.5],"_price":[3049.5],"_uag_css_file_name":["uag-css-11252.css"],"_max_variation_price":[""],"_max_variation_regular_price":[""],"_max_variation_sale_price":[""],"_min_variation_price":[""],"_min_variation_regular_price":[""],"_min_variation_sale_price":[""],"_sale_price":[""],"_wc_rating_count":[""],"_wc_review_count":[""],"_wc_average_rating":[0]},"uagb_featured_image_src":{"full":["https:\/\/team-meble.pl\/wp-content\/uploads\/2024\/07\/7c3c45bf77b2ebd00f30d391f80272a49842cad5.webp",140,140,false],"thumbnail":["https:\/\/team-meble.pl\/wp-content\/uploads\/2024\/07\/7c3c45bf77b2ebd00f30d391f80272a49842cad5.webp",140,140,false],"medium":["https:\/\/team-meble.pl\/wp-content\/uploads\/2024\/07\/7c3c45bf77b2ebd00f30d391f80272a49842cad5.webp",140,140,false],"medium_large":["https:\/\/team-meble.pl\/wp-content\/uploads\/2024\/07\/7c3c45bf77b2ebd00f30d391f80272a49842cad5.webp",140,140,false],"large":["https:\/\/team-meble.pl\/wp-content\/uploads\/2024\/07\/7c3c45bf77b2ebd00f30d391f80272a49842cad5.webp",140,140,false],"1536x1536":["https:\/\/team-meble.pl\/wp-content\/uploads\/2024\/07\/7c3c45bf77b2ebd00f30d391f80272a49842cad5.webp",140,140,false],"2048x2048":["https:\/\/team-meble.pl\/wp-content\/uploads\/2024\/07\/7c3c45bf77b2ebd00f30d391f80272a49842cad5.webp",140,140,false],"mailpoet_newsletter_max":["https:\/\/team-meble.pl\/wp-content\/uploads\/2024\/07\/7c3c45bf77b2ebd00f30d391f80272a49842cad5.webp",140,140,false],"woocommerce_thumbnail":["https:\/\/team-meble.pl\/wp-content\/uploads\/2024\/07\/7c3c45bf77b2ebd00f30d391f80272a49842cad5.webp",140,140,false],"woocommerce_single":["https:\/\/team-meble.pl\/wp-content\/uploads\/2024\/07\/7c3c45bf77b2ebd00f30d391f80272a49842cad5.webp",140,140,false],"woocommerce_gallery_thumbnail":["https:\/\/team-meble.pl\/wp-content\/uploads\/2024\/07\/7c3c45bf77b2ebd00f30d391f80272a49842cad5-100x100.webp",100,100,true]},"uagb_author_info":{"display_name":"Wiola","author_link":"https:\/\/team-meble.pl\/cs\/author\/"},"uagb_comment_info":0,"uagb_excerpt":"Rozm\u011bry: \u0161\u00ed\u0159ka - 55 cm hloubka - 55 cm v\u00fd\u0161ka - 42 cm","_links":{"self":[{"href":"https:\/\/team-meble.pl\/cs\/wp-json\/wp\/v2\/product\/11252","targetHints":{"allow":["GET"]}}],"collection":[{"href":"https:\/\/team-meble.pl\/cs\/wp-json\/wp\/v2\/product"}],"about":[{"href":"https:\/\/team-meble.pl\/cs\/wp-json\/wp\/v2\/types\/product"}],"replies":[{"embeddable":true,"href":"https:\/\/team-meble.pl\/cs\/wp-json\/wp\/v2\/comments?post=11252"}],"wp:featuredmedia":[{"embeddable":true,"href":"https:\/\/team-meble.pl\/cs\/wp-json\/wp\/v2\/media\/16555"}],"wp:attachment":[{"href":"https:\/\/team-meble.pl\/cs\/wp-json\/wp\/v2\/media?parent=11252"}],"wp:term":[{"taxonomy":"product_brand","embeddable":true,"href":"https:\/\/team-meble.pl\/cs\/wp-json\/wp\/v2\/product_brand?post=11252"},{"taxonomy":"product_cat","embeddable":true,"href":"https:\/\/team-meble.pl\/cs\/wp-json\/wp\/v2\/product_cat?post=11252"},{"taxonomy":"product_tag","embeddable":true,"href":"https:\/\/team-meble.pl\/cs\/wp-json\/wp\/v2\/product_tag?post=11252"}],"curies":[{"name":"wp","href":"https:\/\/api.w.org\/{rel}","templated":true}]}}