{"id":12160,"date":"2024-08-12T14:02:56","date_gmt":"2024-08-12T14:02:56","guid":{"rendered":"https:\/\/team-meble.pl\/produkt\/vysoka-komoda-2d2s-rave\/"},"modified":"2024-08-12T14:02:56","modified_gmt":"2024-08-12T14:02:56","slug":"vysoka-komoda-2d2s-rave","status":"publish","type":"product","link":"https:\/\/team-meble.pl\/cs\/produkt\/vysoka-komoda-2d2s-rave\/","title":{"rendered":"Vysok\u00e1 komoda 2D2S Rave"},"content":{"rendered":"<p>Kombinace p\u0159\u00edrodn\u00edho odst\u00ednu \u0159emesln\u011b zpracovan\u00e9ho dubu s hloubkou m\u00f3dn\u00ed \u010dern\u00e9 upout\u00e1 pozornost p\u0159\u00edznivc\u016f origin\u00e1ln\u00edch interi\u00e9r\u016f. Kolekce RAVE vd\u011b\u010d\u00ed za svou kr\u00e1su tak\u00e9 dr\u00e1\u017ekovan\u00fdm \u010del\u016fm z MDF, matn\u011b \u010dern\u00fdm asymetricky um\u00edst\u011bn\u00fdm \u00fachytk\u00e1m a \u0161t\u00edhl\u00fdm kovov\u00fdm no\u017ek\u00e1m, kter\u00e9 dod\u00e1vaj\u00ed lehkost. Tento n\u00e1bytek je pozv\u00e1nkou do sv\u011bta, kter\u00fd je nekonven\u010dn\u00ed, ale nesm\u00edrn\u011b \u00fatuln\u00fd a fenomen\u00e1ln\u00ed. Syst\u00e9m je k dispozici ve dvou kombinac\u00edch: b\u00e9\u017eov\u00e1 + dub viking a \u010dern\u00e1 + dub artisan.<\/p>\n","protected":false},"excerpt":{"rendered":"<p>Rozm\u011bry: \u0161\u00ed\u0159ka &#8211; 103,3 cm hloubka &#8211; 39,5 cm v\u00fd\u0161ka &#8211; 123,4 cm<\/p>\n","protected":false},"featured_media":16872,"comment_status":"open","ping_status":"closed","template":"","meta":{"_eb_attr":"","_uag_custom_page_level_css":"","site-sidebar-layout":"default","site-content-layout":"","ast-site-content-layout":"default","site-content-style":"default","site-sidebar-style":"default","ast-global-header-display":"","ast-banner-title-visibility":"","ast-main-header-display":"","ast-hfb-above-header-display":"","ast-hfb-below-header-display":"","ast-hfb-mobile-header-display":"","site-post-title":"","ast-breadcrumbs-content":"","ast-featured-img":"","footer-sml-layout":"","theme-transparent-header-meta":"default","adv-header-id-meta":"","stick-header-meta":"default","header-above-stick-meta":"","header-main-stick-meta":"","header-below-stick-meta":"","astra-migrate-meta-layouts":"default","ast-page-background-enabled":"default","ast-page-background-meta":{"desktop":{"background-color":"","background-image":"","background-repeat":"repeat","background-position":"center center","background-size":"auto","background-attachment":"scroll","background-type":"","background-media":"","overlay-type":"","overlay-color":"","overlay-opacity":"","overlay-gradient":""},"tablet":{"background-color":"","background-image":"","background-repeat":"repeat","background-position":"center center","background-size":"auto","background-attachment":"scroll","background-type":"","background-media":"","overlay-type":"","overlay-color":"","overlay-opacity":"","overlay-gradient":""},"mobile":{"background-color":"","background-image":"","background-repeat":"repeat","background-position":"center center","background-size":"auto","background-attachment":"scroll","background-type":"","background-media":"","overlay-type":"","overlay-color":"","overlay-opacity":"","overlay-gradient":""}},"ast-content-background-meta":{"desktop":{"background-color":"var(--ast-global-color-5)","background-image":"","background-repeat":"repeat","background-position":"center center","background-size":"auto","background-attachment":"scroll","background-type":"","background-media":"","overlay-type":"","overlay-color":"","overlay-opacity":"","overlay-gradient":""},"tablet":{"background-color":"var(--ast-global-color-5)","background-image":"","background-repeat":"repeat","background-position":"center center","background-size":"auto","background-attachment":"scroll","background-type":"","background-media":"","overlay-type":"","overlay-color":"","overlay-opacity":"","overlay-gradient":""},"mobile":{"background-color":"var(--ast-global-color-5)","background-image":"","background-repeat":"repeat","background-position":"center center","background-size":"auto","background-attachment":"scroll","background-type":"","background-media":"","overlay-type":"","overlay-color":"","overlay-opacity":"","overlay-gradient":""}}},"product_brand":[],"product_cat":[104,94,103,132,108],"product_tag":[],"class_list":{"0":"post-12160","1":"product","2":"type-product","3":"status-publish","4":"has-post-thumbnail","6":"product_cat-jidelna","7":"product_cat-loznice","8":"product_cat-salon-cs","9":"product_cat-kancelar","10":"product_cat-komody-cs","11":"desktop-align-left","12":"tablet-align-left","13":"mobile-align-left","14":"ast-product-gallery-layout-horizontal-slider","15":"ast-product-tabs-layout-horizontal","16":"ast-qv-on-image","18":"first","19":"instock","20":"shipping-taxable","21":"purchasable","22":"product-type-simple"},"spectra_custom_meta":{"_iwo_price_last_change":["a:4:{s:5:\"price\";s:0:\"\";s:10:\"price_sale\";s:0:\"\";s:19:\"price_including_tax\";d:0;s:9:\"timestamp\";i:1723471392;}"],"_eb_reusable_block_ids":["a:0:{}"],"_alp_processed":["1723471393"],"_wcml_average_rating":[null],"_wcml_review_count":[null],"_wcml_rating_count":[null],"_backorders":["no"],"_download_limit":["-1"],"_download_expiry":["-1"],"_downloadable":["no"],"_manage_stock":["no"],"_stock_status":["instock"],"_sold_individually":["no"],"_tax_class":[""],"_tax_status":["taxable"],"_virtual":["no"],"total_sales":["0"],"_wpml_media_duplicate":["0"],"_wpml_media_featured":["0"],"stick-header-meta":["default"],"site-sidebar-layout":["default"],"theme-transparent-header-meta":["default"],"ast-site-content-layout":["default"],"site-content-style":["default"],"site-sidebar-style":["default"],"wcml_sync_hash":["a:1:{s:15:\"postmeta_fields\";s:32:\"09359cab9d855e9ee3f1043e958903c0\";}"],"attr_label_translations":["a:0:{}"],"_product_attributes":["a:0:{}"],"_default_attributes":["a:0:{}"],"_upsell_ids":["a:0:{}"],"_crosssell_ids":["a:0:{}"],"_children":["a:0:{}"],"_regular_price":[6948.3],"_price":[6948.3],"_uag_page_assets":["a:9:{s:3:\"css\";s:263:\".uag-blocks-common-selector{z-index:var(--z-index-desktop) !important}@media (max-width: 976px){.uag-blocks-common-selector{z-index:var(--z-index-tablet) !important}}@media (max-width: 767px){.uag-blocks-common-selector{z-index:var(--z-index-mobile) !important}}\n\";s:2:\"js\";s:0:\"\";s:18:\"current_block_list\";a:13:{i:0;s:11:\"core\/search\";i:1;s:10:\"core\/group\";i:2;s:12:\"core\/heading\";i:3;s:17:\"core\/latest-posts\";i:4;s:20:\"core\/latest-comments\";i:5;s:13:\"core\/archives\";i:6;s:15:\"core\/categories\";i:7;s:26:\"woocommerce\/filter-wrapper\";i:8;s:24:\"woocommerce\/price-filter\";i:9;s:30:\"woocommerce\/product-categories\";i:10;s:26:\"woocommerce\/active-filters\";i:11;s:23:\"essential-blocks\/social\";i:12;s:24:\"woocommerce\/stock-filter\";}s:8:\"uag_flag\";b:0;s:11:\"uag_version\";s:10:\"1776407243\";s:6:\"gfonts\";a:0:{}s:10:\"gfonts_url\";s:0:\"\";s:12:\"gfonts_files\";a:0:{}s:14:\"uag_faq_layout\";b:0;}"],"_wp_attachment_metadata":[""],"_thumbnail_id":["16872"],"_uag_css_file_name":["uag-css-12160.css"],"_max_variation_price":[""],"_max_variation_regular_price":[""],"_max_variation_sale_price":[""],"_min_variation_price":[""],"_min_variation_regular_price":[""],"_min_variation_sale_price":[""],"_sale_price":[""],"_wc_rating_count":[""],"_wc_review_count":[""],"_wc_average_rating":[0]},"uagb_featured_image_src":{"full":["https:\/\/team-meble.pl\/wp-content\/uploads\/2024\/08\/gal64240d309092frave-czarny-a-komoda-wysoka-2d2s-3.jpg",2000,1200,false],"thumbnail":["https:\/\/team-meble.pl\/wp-content\/uploads\/2024\/08\/gal64240d309092frave-czarny-a-komoda-wysoka-2d2s-3-150x150.jpg",150,150,true],"medium":["https:\/\/team-meble.pl\/wp-content\/uploads\/2024\/08\/gal64240d309092frave-czarny-a-komoda-wysoka-2d2s-3-300x180.jpg",300,180,true],"medium_large":["https:\/\/team-meble.pl\/wp-content\/uploads\/2024\/08\/gal64240d309092frave-czarny-a-komoda-wysoka-2d2s-3-768x461.jpg",768,461,true],"large":["https:\/\/team-meble.pl\/wp-content\/uploads\/2024\/08\/gal64240d309092frave-czarny-a-komoda-wysoka-2d2s-3-1024x614.jpg",1024,614,true],"1536x1536":["https:\/\/team-meble.pl\/wp-content\/uploads\/2024\/08\/gal64240d309092frave-czarny-a-komoda-wysoka-2d2s-3-1536x922.jpg",1536,922,true],"2048x2048":["https:\/\/team-meble.pl\/wp-content\/uploads\/2024\/08\/gal64240d309092frave-czarny-a-komoda-wysoka-2d2s-3.jpg",2000,1200,false],"mailpoet_newsletter_max":["https:\/\/team-meble.pl\/wp-content\/uploads\/2024\/08\/gal64240d309092frave-czarny-a-komoda-wysoka-2d2s-3-1320x792.jpg",1320,792,true],"woocommerce_thumbnail":["https:\/\/team-meble.pl\/wp-content\/uploads\/2024\/08\/gal64240d309092frave-czarny-a-komoda-wysoka-2d2s-3-300x300.jpg",300,300,true],"woocommerce_single":["https:\/\/team-meble.pl\/wp-content\/uploads\/2024\/08\/gal64240d309092frave-czarny-a-komoda-wysoka-2d2s-3-300x180.jpg",300,180,true],"woocommerce_gallery_thumbnail":["https:\/\/team-meble.pl\/wp-content\/uploads\/2024\/08\/gal64240d309092frave-czarny-a-komoda-wysoka-2d2s-3-100x100.jpg",100,100,true]},"uagb_author_info":{"display_name":"Wiola","author_link":"https:\/\/team-meble.pl\/cs\/author\/"},"uagb_comment_info":0,"uagb_excerpt":"Rozm\u011bry: \u0161\u00ed\u0159ka - 103,3 cm hloubka - 39,5 cm v\u00fd\u0161ka - 123,4 cm","_links":{"self":[{"href":"https:\/\/team-meble.pl\/cs\/wp-json\/wp\/v2\/product\/12160","targetHints":{"allow":["GET"]}}],"collection":[{"href":"https:\/\/team-meble.pl\/cs\/wp-json\/wp\/v2\/product"}],"about":[{"href":"https:\/\/team-meble.pl\/cs\/wp-json\/wp\/v2\/types\/product"}],"replies":[{"embeddable":true,"href":"https:\/\/team-meble.pl\/cs\/wp-json\/wp\/v2\/comments?post=12160"}],"wp:featuredmedia":[{"embeddable":true,"href":"https:\/\/team-meble.pl\/cs\/wp-json\/wp\/v2\/media\/16872"}],"wp:attachment":[{"href":"https:\/\/team-meble.pl\/cs\/wp-json\/wp\/v2\/media?parent=12160"}],"wp:term":[{"taxonomy":"product_brand","embeddable":true,"href":"https:\/\/team-meble.pl\/cs\/wp-json\/wp\/v2\/product_brand?post=12160"},{"taxonomy":"product_cat","embeddable":true,"href":"https:\/\/team-meble.pl\/cs\/wp-json\/wp\/v2\/product_cat?post=12160"},{"taxonomy":"product_tag","embeddable":true,"href":"https:\/\/team-meble.pl\/cs\/wp-json\/wp\/v2\/product_tag?post=12160"}],"curies":[{"name":"wp","href":"https:\/\/api.w.org\/{rel}","templated":true}]}}