{"id":12293,"date":"2024-08-14T10:11:03","date_gmt":"2024-08-14T10:11:03","guid":{"rendered":"https:\/\/team-meble.pl\/produkt\/webove-stranky-scandi\/"},"modified":"2025-07-12T07:41:37","modified_gmt":"2025-07-12T07:41:37","slug":"webove-stranky-scandi","status":"publish","type":"product","link":"https:\/\/team-meble.pl\/cs\/produkt\/webove-stranky-scandi\/","title":{"rendered":"Scandi vitr\u00edna &#8211; Posledn\u00ed kus !"},"content":{"rendered":"<p>Kolekce SCANDI p\u0159edstavuje modern\u00ed n\u00e1dech klasiky. P\u0159\u00edrodn\u00ed barevnost tepl\u00e9ho dubov\u00e9ho d\u0159eva byla rozbita \u010dern\u00fdmi jemn\u00fdmi \u00fachyty a kovov\u00fdmi no\u017ekami. Originalitu a jedine\u010dn\u00e9 kouzlo v\u0161ak kolekci dod\u00e1v\u00e1 zejm\u00e9na jemn\u00fd vzor ryb\u00ed kosti na p\u0159edn\u00edch stran\u00e1ch. Vzor dopl\u0148uje jedine\u010dn\u00fd styl a celkov\u00fd design ukradne srdce milovn\u00edk\u016fm origin\u00e1ln\u00edch designov\u00fdch trend\u016f.<\/p>\n<p>Barvy &#8211; dub scandi + jedle scandi<\/p>\n","protected":false},"excerpt":{"rendered":"<p>Rozm\u011bry: \u0161\u00ed\u0159ka &#8211; 107 cm hloubka &#8211; 39,5 cm v\u00fd\u0161ka &#8211; 12,4 cm<\/p>\n","protected":false},"featured_media":16907,"comment_status":"open","ping_status":"closed","template":"","meta":{"_eb_attr":"","_uag_custom_page_level_css":"","site-sidebar-layout":"default","site-content-layout":"","ast-site-content-layout":"default","site-content-style":"default","site-sidebar-style":"default","ast-global-header-display":"","ast-banner-title-visibility":"","ast-main-header-display":"","ast-hfb-above-header-display":"","ast-hfb-below-header-display":"","ast-hfb-mobile-header-display":"","site-post-title":"","ast-breadcrumbs-content":"","ast-featured-img":"","footer-sml-layout":"","theme-transparent-header-meta":"default","adv-header-id-meta":"","stick-header-meta":"default","header-above-stick-meta":"","header-main-stick-meta":"","header-below-stick-meta":"","astra-migrate-meta-layouts":"default","ast-page-background-enabled":"default","ast-page-background-meta":{"desktop":{"background-color":"","background-image":"","background-repeat":"repeat","background-position":"center center","background-size":"auto","background-attachment":"scroll","background-type":"","background-media":"","overlay-type":"","overlay-color":"","overlay-opacity":"","overlay-gradient":""},"tablet":{"background-color":"","background-image":"","background-repeat":"repeat","background-position":"center center","background-size":"auto","background-attachment":"scroll","background-type":"","background-media":"","overlay-type":"","overlay-color":"","overlay-opacity":"","overlay-gradient":""},"mobile":{"background-color":"","background-image":"","background-repeat":"repeat","background-position":"center center","background-size":"auto","background-attachment":"scroll","background-type":"","background-media":"","overlay-type":"","overlay-color":"","overlay-opacity":"","overlay-gradient":""}},"ast-content-background-meta":{"desktop":{"background-color":"var(--ast-global-color-5)","background-image":"","background-repeat":"repeat","background-position":"center center","background-size":"auto","background-attachment":"scroll","background-type":"","background-media":"","overlay-type":"","overlay-color":"","overlay-opacity":"","overlay-gradient":""},"tablet":{"background-color":"var(--ast-global-color-5)","background-image":"","background-repeat":"repeat","background-position":"center center","background-size":"auto","background-attachment":"scroll","background-type":"","background-media":"","overlay-type":"","overlay-color":"","overlay-opacity":"","overlay-gradient":""},"mobile":{"background-color":"var(--ast-global-color-5)","background-image":"","background-repeat":"repeat","background-position":"center center","background-size":"auto","background-attachment":"scroll","background-type":"","background-media":"","overlay-type":"","overlay-color":"","overlay-opacity":"","overlay-gradient":""}}},"product_brand":[],"product_cat":[104,103,109],"product_tag":[],"class_list":{"0":"post-12293","1":"product","2":"type-product","3":"status-publish","4":"has-post-thumbnail","6":"product_cat-jidelna","7":"product_cat-salon-cs","8":"product_cat-vitriny","9":"desktop-align-left","10":"tablet-align-left","11":"mobile-align-left","12":"ast-product-gallery-layout-horizontal-slider","13":"ast-product-tabs-layout-horizontal","14":"ast-qv-on-image","16":"first","17":"instock","18":"sale","19":"shipping-taxable","20":"purchasable","21":"product-type-simple"},"spectra_custom_meta":{"_iwo_price_last_change":["a:4:{s:5:\"price\";s:3:\"829\";s:10:\"price_sale\";s:3:\"509\";s:19:\"price_including_tax\";d:509;s:9:\"timestamp\";i:1752306097;}"],"_eb_reusable_block_ids":["a:0:{}"],"_alp_processed":["1752306097"],"_wcml_average_rating":[null],"_wcml_review_count":[null],"_wcml_rating_count":[null],"_backorders":["no"],"_download_limit":["-1"],"_download_expiry":["-1"],"_downloadable":["no"],"_manage_stock":["no"],"_stock_status":["instock"],"_sold_individually":["no"],"_tax_class":[""],"_tax_status":["taxable"],"_virtual":["no"],"total_sales":["0"],"_wpml_media_duplicate":["0"],"_wpml_media_featured":["0"],"stick-header-meta":["default"],"site-sidebar-layout":["default"],"theme-transparent-header-meta":["default"],"ast-site-content-layout":["default"],"site-content-style":["default"],"site-sidebar-style":["default"],"wcml_sync_hash":["a:1:{s:15:\"postmeta_fields\";s:32:\"78233569de8103df1cc55103d3990602\";}"],"attr_label_translations":["a:0:{}"],"_product_attributes":["a:0:{}"],"_default_attributes":["a:0:{}"],"_upsell_ids":["a:0:{}"],"_crosssell_ids":["a:0:{}"],"_children":["a:0:{}"],"_regular_price":[4725.3],"_iwo_price_log":["a:4:{s:5:\"price\";s:3:\"829\";s:10:\"price_sale\";s:3:\"669\";s:19:\"price_including_tax\";d:669;s:9:\"timestamp\";i:1723630437;}","a:4:{s:5:\"price\";s:3:\"829\";s:10:\"price_sale\";s:3:\"509\";s:19:\"price_including_tax\";d:509;s:9:\"timestamp\";i:1752306097;}"],"_last_translation_edit_mode":["translation-editor"],"_wp_attachment_metadata":[""],"_thumbnail_id":["16907"],"_downloadable_files":[""],"_sale_price":[2901.3],"_price":[2901.3],"_wpml_word_count":["88"],"_uag_page_assets":["a:9:{s:3:\"css\";s:263:\".uag-blocks-common-selector{z-index:var(--z-index-desktop) !important}@media (max-width: 976px){.uag-blocks-common-selector{z-index:var(--z-index-tablet) !important}}@media (max-width: 767px){.uag-blocks-common-selector{z-index:var(--z-index-mobile) !important}}\n\";s:2:\"js\";s:0:\"\";s:18:\"current_block_list\";a:13:{i:0;s:11:\"core\/search\";i:1;s:10:\"core\/group\";i:2;s:12:\"core\/heading\";i:3;s:17:\"core\/latest-posts\";i:4;s:20:\"core\/latest-comments\";i:5;s:13:\"core\/archives\";i:6;s:15:\"core\/categories\";i:7;s:26:\"woocommerce\/filter-wrapper\";i:8;s:24:\"woocommerce\/price-filter\";i:9;s:30:\"woocommerce\/product-categories\";i:10;s:26:\"woocommerce\/active-filters\";i:11;s:23:\"essential-blocks\/social\";i:12;s:24:\"woocommerce\/stock-filter\";}s:8:\"uag_flag\";b:0;s:11:\"uag_version\";s:10:\"1776784291\";s:6:\"gfonts\";a:0:{}s:10:\"gfonts_url\";s:0:\"\";s:12:\"gfonts_files\";a:0:{}s:14:\"uag_faq_layout\";b:0;}"],"_uag_css_file_name":["uag-css-12293.css"],"_max_variation_price":[""],"_max_variation_regular_price":[""],"_max_variation_sale_price":[""],"_min_variation_price":[""],"_min_variation_regular_price":[""],"_min_variation_sale_price":[""],"_wc_rating_count":[""],"_wc_review_count":[""],"_wc_average_rating":[0]},"uagb_featured_image_src":{"full":["https:\/\/team-meble.pl\/wp-content\/uploads\/2024\/08\/gal6423ff1b9f20bscandi-a-witryna-3.jpg",2000,1200,false],"thumbnail":["https:\/\/team-meble.pl\/wp-content\/uploads\/2024\/08\/gal6423ff1b9f20bscandi-a-witryna-3-150x150.jpg",150,150,true],"medium":["https:\/\/team-meble.pl\/wp-content\/uploads\/2024\/08\/gal6423ff1b9f20bscandi-a-witryna-3-300x180.jpg",300,180,true],"medium_large":["https:\/\/team-meble.pl\/wp-content\/uploads\/2024\/08\/gal6423ff1b9f20bscandi-a-witryna-3-768x461.jpg",768,461,true],"large":["https:\/\/team-meble.pl\/wp-content\/uploads\/2024\/08\/gal6423ff1b9f20bscandi-a-witryna-3-1024x614.jpg",1024,614,true],"1536x1536":["https:\/\/team-meble.pl\/wp-content\/uploads\/2024\/08\/gal6423ff1b9f20bscandi-a-witryna-3-1536x922.jpg",1536,922,true],"2048x2048":["https:\/\/team-meble.pl\/wp-content\/uploads\/2024\/08\/gal6423ff1b9f20bscandi-a-witryna-3.jpg",2000,1200,false],"mailpoet_newsletter_max":["https:\/\/team-meble.pl\/wp-content\/uploads\/2024\/08\/gal6423ff1b9f20bscandi-a-witryna-3-1320x792.jpg",1320,792,true],"woocommerce_thumbnail":["https:\/\/team-meble.pl\/wp-content\/uploads\/2024\/08\/gal6423ff1b9f20bscandi-a-witryna-3-300x300.jpg",300,300,true],"woocommerce_single":["https:\/\/team-meble.pl\/wp-content\/uploads\/2024\/08\/gal6423ff1b9f20bscandi-a-witryna-3-300x180.jpg",300,180,true],"woocommerce_gallery_thumbnail":["https:\/\/team-meble.pl\/wp-content\/uploads\/2024\/08\/gal6423ff1b9f20bscandi-a-witryna-3-100x100.jpg",100,100,true]},"uagb_author_info":{"display_name":"Wiola","author_link":"https:\/\/team-meble.pl\/cs\/author\/"},"uagb_comment_info":0,"uagb_excerpt":"Rozm\u011bry: \u0161\u00ed\u0159ka - 107 cm hloubka - 39,5 cm v\u00fd\u0161ka - 12,4 cm","_links":{"self":[{"href":"https:\/\/team-meble.pl\/cs\/wp-json\/wp\/v2\/product\/12293","targetHints":{"allow":["GET"]}}],"collection":[{"href":"https:\/\/team-meble.pl\/cs\/wp-json\/wp\/v2\/product"}],"about":[{"href":"https:\/\/team-meble.pl\/cs\/wp-json\/wp\/v2\/types\/product"}],"replies":[{"embeddable":true,"href":"https:\/\/team-meble.pl\/cs\/wp-json\/wp\/v2\/comments?post=12293"}],"wp:featuredmedia":[{"embeddable":true,"href":"https:\/\/team-meble.pl\/cs\/wp-json\/wp\/v2\/media\/16907"}],"wp:attachment":[{"href":"https:\/\/team-meble.pl\/cs\/wp-json\/wp\/v2\/media?parent=12293"}],"wp:term":[{"taxonomy":"product_brand","embeddable":true,"href":"https:\/\/team-meble.pl\/cs\/wp-json\/wp\/v2\/product_brand?post=12293"},{"taxonomy":"product_cat","embeddable":true,"href":"https:\/\/team-meble.pl\/cs\/wp-json\/wp\/v2\/product_cat?post=12293"},{"taxonomy":"product_tag","embeddable":true,"href":"https:\/\/team-meble.pl\/cs\/wp-json\/wp\/v2\/product_tag?post=12293"}],"curies":[{"name":"wp","href":"https:\/\/api.w.org\/{rel}","templated":true}]}}