{"id":12369,"date":"2024-08-14T12:20:20","date_gmt":"2024-08-14T12:20:20","guid":{"rendered":"https:\/\/team-meble.pl\/produkt\/velky-stul-hewi-160cm4x60\/"},"modified":"2024-08-14T12:20:20","modified_gmt":"2024-08-14T12:20:20","slug":"velky-stul-hewi-160cm4x60","status":"publish","type":"product","link":"https:\/\/team-meble.pl\/cs\/produkt\/velky-stul-hewi-160cm4x60\/","title":{"rendered":"Velk\u00fd st\u016fl Hewi 160cm+4&#215;60"},"content":{"rendered":"<p>Velk\u00fd st\u016fl do j\u00eddelny nebo konferen\u010dn\u00ed m\u00edstnosti.<br \/>\nStabiln\u00ed s 8 nohami. Nohy jsou vyrobeny z bukov\u00e9ho d\u0159eva, deska je z laminovan\u00e9 desky a deska stolu je povrchov\u011b upravena PVC d\u00fdhou. <\/p>\n","protected":false},"excerpt":{"rendered":"<p>Rozm\u011bry: \u0161\u00ed\u0159ka &#8211; 160 cm+4&#215;60 cm = 400 cm hloubka &#8211; 100 cm v\u00fd\u0161ka &#8211; 78 cm<\/p>\n","protected":false},"featured_media":16927,"comment_status":"open","ping_status":"closed","template":"","meta":{"_eb_attr":"","_uag_custom_page_level_css":"","site-sidebar-layout":"default","site-content-layout":"","ast-site-content-layout":"default","site-content-style":"default","site-sidebar-style":"default","ast-global-header-display":"","ast-banner-title-visibility":"","ast-main-header-display":"","ast-hfb-above-header-display":"","ast-hfb-below-header-display":"","ast-hfb-mobile-header-display":"","site-post-title":"","ast-breadcrumbs-content":"","ast-featured-img":"","footer-sml-layout":"","theme-transparent-header-meta":"default","adv-header-id-meta":"","stick-header-meta":"default","header-above-stick-meta":"","header-main-stick-meta":"","header-below-stick-meta":"","astra-migrate-meta-layouts":"default","ast-page-background-enabled":"default","ast-page-background-meta":{"desktop":{"background-color":"","background-image":"","background-repeat":"repeat","background-position":"center center","background-size":"auto","background-attachment":"scroll","background-type":"","background-media":"","overlay-type":"","overlay-color":"","overlay-opacity":"","overlay-gradient":""},"tablet":{"background-color":"","background-image":"","background-repeat":"repeat","background-position":"center center","background-size":"auto","background-attachment":"scroll","background-type":"","background-media":"","overlay-type":"","overlay-color":"","overlay-opacity":"","overlay-gradient":""},"mobile":{"background-color":"","background-image":"","background-repeat":"repeat","background-position":"center center","background-size":"auto","background-attachment":"scroll","background-type":"","background-media":"","overlay-type":"","overlay-color":"","overlay-opacity":"","overlay-gradient":""}},"ast-content-background-meta":{"desktop":{"background-color":"var(--ast-global-color-5)","background-image":"","background-repeat":"repeat","background-position":"center center","background-size":"auto","background-attachment":"scroll","background-type":"","background-media":"","overlay-type":"","overlay-color":"","overlay-opacity":"","overlay-gradient":""},"tablet":{"background-color":"var(--ast-global-color-5)","background-image":"","background-repeat":"repeat","background-position":"center center","background-size":"auto","background-attachment":"scroll","background-type":"","background-media":"","overlay-type":"","overlay-color":"","overlay-opacity":"","overlay-gradient":""},"mobile":{"background-color":"var(--ast-global-color-5)","background-image":"","background-repeat":"repeat","background-position":"center center","background-size":"auto","background-attachment":"scroll","background-type":"","background-media":"","overlay-type":"","overlay-color":"","overlay-opacity":"","overlay-gradient":""}}},"product_brand":[],"product_cat":[107],"product_tag":[],"class_list":{"0":"post-12369","1":"product","2":"type-product","3":"status-publish","4":"has-post-thumbnail","6":"product_cat-zadna-kategorie","7":"desktop-align-left","8":"tablet-align-left","9":"mobile-align-left","10":"ast-product-gallery-layout-horizontal-slider","11":"ast-product-tabs-layout-horizontal","12":"ast-qv-on-image","14":"first","15":"instock","16":"shipping-taxable","17":"purchasable","18":"product-type-simple"},"spectra_custom_meta":{"_iwo_price_last_change":["a:4:{s:5:\"price\";s:0:\"\";s:10:\"price_sale\";s:0:\"\";s:19:\"price_including_tax\";d:0;s:9:\"timestamp\";i:1723638031;}"],"_eb_reusable_block_ids":["a:0:{}"],"_alp_processed":["1723638032"],"_wcml_average_rating":[null],"_wcml_review_count":[null],"_wcml_rating_count":[null],"_backorders":["no"],"_download_limit":["-1"],"_download_expiry":["-1"],"_downloadable":["no"],"_manage_stock":["no"],"_stock_status":["instock"],"_sold_individually":["no"],"_tax_class":[""],"_tax_status":["taxable"],"_virtual":["no"],"total_sales":["0"],"_wpml_media_duplicate":["0"],"_wpml_media_featured":["0"],"stick-header-meta":["default"],"site-sidebar-layout":["default"],"theme-transparent-header-meta":["default"],"ast-site-content-layout":["default"],"site-content-style":["default"],"site-sidebar-style":["default"],"wcml_sync_hash":["a:1:{s:15:\"postmeta_fields\";s:32:\"9f102238af9d07f3aefcb4c31dce697e\";}"],"attr_label_translations":["a:0:{}"],"_product_attributes":["a:0:{}"],"_default_attributes":["a:0:{}"],"_upsell_ids":["a:0:{}"],"_crosssell_ids":["a:0:{}"],"_children":["a:0:{}"],"_regular_price":[11394.3],"_price":[11394.3],"_uag_page_assets":["a:9:{s:3:\"css\";s:0:\"\";s:2:\"js\";s:0:\"\";s:18:\"current_block_list\";a:13:{i:0;s:11:\"core\/search\";i:1;s:10:\"core\/group\";i:2;s:12:\"core\/heading\";i:3;s:17:\"core\/latest-posts\";i:4;s:20:\"core\/latest-comments\";i:5;s:13:\"core\/archives\";i:6;s:15:\"core\/categories\";i:7;s:26:\"woocommerce\/filter-wrapper\";i:8;s:24:\"woocommerce\/price-filter\";i:9;s:30:\"woocommerce\/product-categories\";i:10;s:26:\"woocommerce\/active-filters\";i:11;s:23:\"essential-blocks\/social\";i:12;s:24:\"woocommerce\/stock-filter\";}s:8:\"uag_flag\";b:0;s:11:\"uag_version\";s:10:\"1776259669\";s:6:\"gfonts\";a:0:{}s:10:\"gfonts_url\";s:0:\"\";s:12:\"gfonts_files\";a:0:{}s:14:\"uag_faq_layout\";b:0;}"],"_wp_attachment_metadata":[""],"_thumbnail_id":["16927"],"_max_variation_price":[""],"_max_variation_regular_price":[""],"_max_variation_sale_price":[""],"_min_variation_price":[""],"_min_variation_regular_price":[""],"_min_variation_sale_price":[""],"_sale_price":[""],"_wc_rating_count":[""],"_wc_review_count":[""],"_wc_average_rating":[0]},"uagb_featured_image_src":{"full":["https:\/\/team-meble.pl\/wp-content\/uploads\/2024\/08\/11352032160_64b68a564826b6c41289bf84b53f.jpg",1413,942,false],"thumbnail":["https:\/\/team-meble.pl\/wp-content\/uploads\/2024\/08\/11352032160_64b68a564826b6c41289bf84b53f-150x150.jpg",150,150,true],"medium":["https:\/\/team-meble.pl\/wp-content\/uploads\/2024\/08\/11352032160_64b68a564826b6c41289bf84b53f-300x200.jpg",300,200,true],"medium_large":["https:\/\/team-meble.pl\/wp-content\/uploads\/2024\/08\/11352032160_64b68a564826b6c41289bf84b53f-768x512.jpg",768,512,true],"large":["https:\/\/team-meble.pl\/wp-content\/uploads\/2024\/08\/11352032160_64b68a564826b6c41289bf84b53f-1024x683.jpg",1024,683,true],"1536x1536":["https:\/\/team-meble.pl\/wp-content\/uploads\/2024\/08\/11352032160_64b68a564826b6c41289bf84b53f.jpg",1413,942,false],"2048x2048":["https:\/\/team-meble.pl\/wp-content\/uploads\/2024\/08\/11352032160_64b68a564826b6c41289bf84b53f.jpg",1413,942,false],"mailpoet_newsletter_max":["https:\/\/team-meble.pl\/wp-content\/uploads\/2024\/08\/11352032160_64b68a564826b6c41289bf84b53f-1320x880.jpg",1320,880,true],"woocommerce_thumbnail":["https:\/\/team-meble.pl\/wp-content\/uploads\/2024\/08\/11352032160_64b68a564826b6c41289bf84b53f-300x300.jpg",300,300,true],"woocommerce_single":["https:\/\/team-meble.pl\/wp-content\/uploads\/2024\/08\/11352032160_64b68a564826b6c41289bf84b53f-300x200.jpg",300,200,true],"woocommerce_gallery_thumbnail":["https:\/\/team-meble.pl\/wp-content\/uploads\/2024\/08\/11352032160_64b68a564826b6c41289bf84b53f-100x100.jpg",100,100,true]},"uagb_author_info":{"display_name":"Wiola","author_link":"https:\/\/team-meble.pl\/cs\/author\/"},"uagb_comment_info":0,"uagb_excerpt":"Rozm\u011bry: \u0161\u00ed\u0159ka - 160 cm+4x60 cm = 400 cm hloubka - 100 cm v\u00fd\u0161ka - 78 cm","_links":{"self":[{"href":"https:\/\/team-meble.pl\/cs\/wp-json\/wp\/v2\/product\/12369","targetHints":{"allow":["GET"]}}],"collection":[{"href":"https:\/\/team-meble.pl\/cs\/wp-json\/wp\/v2\/product"}],"about":[{"href":"https:\/\/team-meble.pl\/cs\/wp-json\/wp\/v2\/types\/product"}],"replies":[{"embeddable":true,"href":"https:\/\/team-meble.pl\/cs\/wp-json\/wp\/v2\/comments?post=12369"}],"wp:featuredmedia":[{"embeddable":true,"href":"https:\/\/team-meble.pl\/cs\/wp-json\/wp\/v2\/media\/16927"}],"wp:attachment":[{"href":"https:\/\/team-meble.pl\/cs\/wp-json\/wp\/v2\/media?parent=12369"}],"wp:term":[{"taxonomy":"product_brand","embeddable":true,"href":"https:\/\/team-meble.pl\/cs\/wp-json\/wp\/v2\/product_brand?post=12369"},{"taxonomy":"product_cat","embeddable":true,"href":"https:\/\/team-meble.pl\/cs\/wp-json\/wp\/v2\/product_cat?post=12369"},{"taxonomy":"product_tag","embeddable":true,"href":"https:\/\/team-meble.pl\/cs\/wp-json\/wp\/v2\/product_tag?post=12369"}],"curies":[{"name":"wp","href":"https:\/\/api.w.org\/{rel}","templated":true}]}}