{"id":13332,"date":"2024-08-30T08:10:19","date_gmt":"2024-08-30T08:10:19","guid":{"rendered":"https:\/\/team-meble.pl\/produkt\/borg-1d3s-komoda\/"},"modified":"2024-12-03T20:00:11","modified_gmt":"2024-12-03T20:00:11","slug":"borg-1d3s-komoda","status":"publish","type":"product","link":"https:\/\/team-meble.pl\/cs\/produkt\/borg-1d3s-komoda\/","title":{"rendered":"Borg 1d3s komoda"},"content":{"rendered":"<p>Pokud hled\u00e1te kus n\u00e1bytku, kter\u00fd v sob\u011b spojuje eleganci, modern\u00ed design a funk\u010dnost, komoda Borg je ide\u00e1ln\u00ed volbou.<br \/>\nTato jedine\u010dn\u00e1 komoda je ide\u00e1ln\u00edm \u0159e\u0161en\u00edm pro ka\u017ed\u00fd interi\u00e9r, kter\u00fd pot\u0159ebuje stylov\u00fd dopln\u011bk i praktick\u00fd \u00falo\u017en\u00fd prostor.<br \/>\nKomoda Borg se vyzna\u010duje modern\u00edm minimalistick\u00fdm designem, kter\u00fd dokonale zapad\u00e1 do sou\u010dasn\u00fdch interi\u00e9rov\u00fdch trend\u016f.<br \/>\nJej\u00ed elegantn\u00ed tvar a pe\u010dliv\u00e1 povrchov\u00e1 \u00faprava z n\u00ed \u010din\u00ed ozdobu ka\u017ed\u00e9 m\u00edstnosti &#8211; od ob\u00fdvac\u00edho pokoje p\u0159es lo\u017enici a\u017e po p\u0159eds\u00ed\u0148.<br \/>\nKomodu lze sestavit na pravou nebo levou stranu.<br \/>\nK dispozici ve dvou barevn\u00fdch proveden\u00edch: b\u00edl\u00e1, dub artisan.     <\/p>\n","protected":false},"excerpt":{"rendered":"<p>Rozm\u011bry: \u0160\u00ed\u0159ka &#8211; 110 cm Hloubka &#8211; 38,8 cm V\u00fd\u0161ka &#8211; 78,4 cm <strong>Cena komody v barv\u011b dub artisan &#8211; 439 z\u0142.<\/strong><\/p>\n","protected":false},"featured_media":17308,"comment_status":"open","ping_status":"closed","template":"","meta":{"_eb_attr":"","_uag_custom_page_level_css":"","site-sidebar-layout":"default","site-content-layout":"","ast-site-content-layout":"default","site-content-style":"default","site-sidebar-style":"default","ast-global-header-display":"","ast-banner-title-visibility":"","ast-main-header-display":"","ast-hfb-above-header-display":"","ast-hfb-below-header-display":"","ast-hfb-mobile-header-display":"","site-post-title":"","ast-breadcrumbs-content":"","ast-featured-img":"","footer-sml-layout":"","theme-transparent-header-meta":"default","adv-header-id-meta":"","stick-header-meta":"default","header-above-stick-meta":"","header-main-stick-meta":"","header-below-stick-meta":"","astra-migrate-meta-layouts":"default","ast-page-background-enabled":"default","ast-page-background-meta":{"desktop":{"background-color":"","background-image":"","background-repeat":"repeat","background-position":"center center","background-size":"auto","background-attachment":"scroll","background-type":"","background-media":"","overlay-type":"","overlay-color":"","overlay-opacity":"","overlay-gradient":""},"tablet":{"background-color":"","background-image":"","background-repeat":"repeat","background-position":"center center","background-size":"auto","background-attachment":"scroll","background-type":"","background-media":"","overlay-type":"","overlay-color":"","overlay-opacity":"","overlay-gradient":""},"mobile":{"background-color":"","background-image":"","background-repeat":"repeat","background-position":"center center","background-size":"auto","background-attachment":"scroll","background-type":"","background-media":"","overlay-type":"","overlay-color":"","overlay-opacity":"","overlay-gradient":""}},"ast-content-background-meta":{"desktop":{"background-color":"var(--ast-global-color-5)","background-image":"","background-repeat":"repeat","background-position":"center center","background-size":"auto","background-attachment":"scroll","background-type":"","background-media":"","overlay-type":"","overlay-color":"","overlay-opacity":"","overlay-gradient":""},"tablet":{"background-color":"var(--ast-global-color-5)","background-image":"","background-repeat":"repeat","background-position":"center center","background-size":"auto","background-attachment":"scroll","background-type":"","background-media":"","overlay-type":"","overlay-color":"","overlay-opacity":"","overlay-gradient":""},"mobile":{"background-color":"var(--ast-global-color-5)","background-image":"","background-repeat":"repeat","background-position":"center center","background-size":"auto","background-attachment":"scroll","background-type":"","background-media":"","overlay-type":"","overlay-color":"","overlay-opacity":"","overlay-gradient":""}}},"product_brand":[],"product_cat":[93,104,94,105,103,132,108],"product_tag":[],"class_list":{"0":"post-13332","1":"product","2":"type-product","3":"status-publish","4":"has-post-thumbnail","6":"product_cat-detsky-pokoj","7":"product_cat-jidelna","8":"product_cat-loznice","9":"product_cat-predsin","10":"product_cat-salon-cs","11":"product_cat-kancelar","12":"product_cat-komody-cs","13":"desktop-align-left","14":"tablet-align-left","15":"mobile-align-left","16":"ast-product-gallery-layout-horizontal-slider","17":"ast-product-tabs-layout-horizontal","18":"ast-qv-on-image","20":"first","21":"instock","22":"shipping-taxable","23":"purchasable","24":"product-type-simple"},"spectra_custom_meta":{"_iwo_price_last_change":["a:4:{s:5:\"price\";s:3:\"409\";s:10:\"price_sale\";s:0:\"\";s:19:\"price_including_tax\";d:409;s:9:\"timestamp\";i:1725005724;}"],"_eb_reusable_block_ids":["a:0:{}"],"_alp_processed":["1733256011"],"_wcml_average_rating":[null],"_wcml_review_count":[null],"_wcml_rating_count":[null],"_backorders":["no"],"_download_limit":["-1"],"_download_expiry":["-1"],"_downloadable":["no"],"_manage_stock":["no"],"_stock_status":["instock"],"_sold_individually":["no"],"_tax_class":[""],"_tax_status":["taxable"],"_virtual":["no"],"total_sales":["0"],"_wpml_media_duplicate":["0"],"_wpml_media_featured":["0"],"stick-header-meta":["default"],"site-sidebar-layout":["default"],"theme-transparent-header-meta":["default"],"ast-site-content-layout":["default"],"site-content-style":["default"],"site-sidebar-style":["default"],"wcml_sync_hash":["a:1:{s:15:\"postmeta_fields\";s:32:\"97ac3f2f8b3148874a822c93d6e8ed89\";}"],"attr_label_translations":["a:0:{}"],"_crosssell_ids":["a:0:{}"],"_iwo_price_log":["a:4:{s:5:\"price\";s:3:\"409\";s:10:\"price_sale\";s:0:\"\";s:19:\"price_including_tax\";d:409;s:9:\"timestamp\";i:1725005724;}"],"_last_translation_edit_mode":["translation-editor"],"_uag_page_assets":["a:9:{s:3:\"css\";s:263:\".uag-blocks-common-selector{z-index:var(--z-index-desktop) !important}@media (max-width: 976px){.uag-blocks-common-selector{z-index:var(--z-index-tablet) !important}}@media (max-width: 767px){.uag-blocks-common-selector{z-index:var(--z-index-mobile) !important}}\n\";s:2:\"js\";s:0:\"\";s:18:\"current_block_list\";a:13:{i:0;s:11:\"core\/search\";i:1;s:10:\"core\/group\";i:2;s:12:\"core\/heading\";i:3;s:17:\"core\/latest-posts\";i:4;s:20:\"core\/latest-comments\";i:5;s:13:\"core\/archives\";i:6;s:15:\"core\/categories\";i:7;s:26:\"woocommerce\/filter-wrapper\";i:8;s:24:\"woocommerce\/price-filter\";i:9;s:30:\"woocommerce\/product-categories\";i:10;s:26:\"woocommerce\/active-filters\";i:11;s:23:\"essential-blocks\/social\";i:12;s:24:\"woocommerce\/stock-filter\";}s:8:\"uag_flag\";b:0;s:11:\"uag_version\";s:10:\"1776340661\";s:6:\"gfonts\";a:0:{}s:10:\"gfonts_url\";s:0:\"\";s:12:\"gfonts_files\";a:0:{}s:14:\"uag_faq_layout\";b:0;}"],"_wp_attachment_metadata":[""],"_thumbnail_id":["17308"],"_regular_price":[2673.3],"_price":[2673.3],"_uag_css_file_name":["uag-css-13332.css"],"_max_variation_price":[""],"_max_variation_regular_price":[""],"_max_variation_sale_price":[""],"_min_variation_price":[""],"_min_variation_regular_price":[""],"_min_variation_sale_price":[""],"_sale_price":[""],"_wc_rating_count":[""],"_wc_review_count":[""],"_wc_average_rating":[0]},"uagb_featured_image_src":{"full":["https:\/\/team-meble.pl\/wp-content\/uploads\/2024\/08\/Komoda-z-szufladami-BORG-1d3s-Bialy-MebelBos.jpg",709,662,false],"thumbnail":["https:\/\/team-meble.pl\/wp-content\/uploads\/2024\/08\/Komoda-z-szufladami-BORG-1d3s-Bialy-MebelBos-150x150.jpg",150,150,true],"medium":["https:\/\/team-meble.pl\/wp-content\/uploads\/2024\/08\/Komoda-z-szufladami-BORG-1d3s-Bialy-MebelBos-300x280.jpg",300,280,true],"medium_large":["https:\/\/team-meble.pl\/wp-content\/uploads\/2024\/08\/Komoda-z-szufladami-BORG-1d3s-Bialy-MebelBos.jpg",709,662,false],"large":["https:\/\/team-meble.pl\/wp-content\/uploads\/2024\/08\/Komoda-z-szufladami-BORG-1d3s-Bialy-MebelBos.jpg",709,662,false],"1536x1536":["https:\/\/team-meble.pl\/wp-content\/uploads\/2024\/08\/Komoda-z-szufladami-BORG-1d3s-Bialy-MebelBos.jpg",709,662,false],"2048x2048":["https:\/\/team-meble.pl\/wp-content\/uploads\/2024\/08\/Komoda-z-szufladami-BORG-1d3s-Bialy-MebelBos.jpg",709,662,false],"mailpoet_newsletter_max":["https:\/\/team-meble.pl\/wp-content\/uploads\/2024\/08\/Komoda-z-szufladami-BORG-1d3s-Bialy-MebelBos.jpg",709,662,false],"woocommerce_thumbnail":["https:\/\/team-meble.pl\/wp-content\/uploads\/2024\/08\/Komoda-z-szufladami-BORG-1d3s-Bialy-MebelBos-300x300.jpg",300,300,true],"woocommerce_single":["https:\/\/team-meble.pl\/wp-content\/uploads\/2024\/08\/Komoda-z-szufladami-BORG-1d3s-Bialy-MebelBos-300x280.jpg",300,280,true],"woocommerce_gallery_thumbnail":["https:\/\/team-meble.pl\/wp-content\/uploads\/2024\/08\/Komoda-z-szufladami-BORG-1d3s-Bialy-MebelBos-100x100.jpg",100,100,true]},"uagb_author_info":{"display_name":"Wiola","author_link":"https:\/\/team-meble.pl\/cs\/author\/"},"uagb_comment_info":0,"uagb_excerpt":"Rozm\u011bry: \u0160\u00ed\u0159ka - 110 cm Hloubka - 38,8 cm V\u00fd\u0161ka - 78,4 cm Cena komody v barv\u011b dub artisan - 439 z\u0142.","_links":{"self":[{"href":"https:\/\/team-meble.pl\/cs\/wp-json\/wp\/v2\/product\/13332","targetHints":{"allow":["GET"]}}],"collection":[{"href":"https:\/\/team-meble.pl\/cs\/wp-json\/wp\/v2\/product"}],"about":[{"href":"https:\/\/team-meble.pl\/cs\/wp-json\/wp\/v2\/types\/product"}],"replies":[{"embeddable":true,"href":"https:\/\/team-meble.pl\/cs\/wp-json\/wp\/v2\/comments?post=13332"}],"wp:featuredmedia":[{"embeddable":true,"href":"https:\/\/team-meble.pl\/cs\/wp-json\/wp\/v2\/media\/17308"}],"wp:attachment":[{"href":"https:\/\/team-meble.pl\/cs\/wp-json\/wp\/v2\/media?parent=13332"}],"wp:term":[{"taxonomy":"product_brand","embeddable":true,"href":"https:\/\/team-meble.pl\/cs\/wp-json\/wp\/v2\/product_brand?post=13332"},{"taxonomy":"product_cat","embeddable":true,"href":"https:\/\/team-meble.pl\/cs\/wp-json\/wp\/v2\/product_cat?post=13332"},{"taxonomy":"product_tag","embeddable":true,"href":"https:\/\/team-meble.pl\/cs\/wp-json\/wp\/v2\/product_tag?post=13332"}],"curies":[{"name":"wp","href":"https:\/\/api.w.org\/{rel}","templated":true}]}}