{"id":13549,"date":"2024-09-03T10:03:42","date_gmt":"2024-09-03T10:03:42","guid":{"rendered":"https:\/\/team-meble.pl\/produkt\/lavicka-oreo-z-cerneho-mramoru\/"},"modified":"2024-09-03T10:03:42","modified_gmt":"2024-09-03T10:03:42","slug":"lavicka-oreo-z-cerneho-mramoru","status":"publish","type":"product","link":"https:\/\/team-meble.pl\/cs\/produkt\/lavicka-oreo-z-cerneho-mramoru\/","title":{"rendered":"Lavi\u010dka Oreo z \u010dern\u00e9ho mramoru"},"content":{"rendered":"<p>Seznamte se se sadou dvou lavic OREO, kter\u00e1 kombinuje modern\u00ed design s v\u00fdjime\u010dnou funk\u010dnost\u00ed.<br \/>\nJe ide\u00e1ln\u00ed do ka\u017ed\u00e9ho ob\u00fdvac\u00edho pokoje, lo\u017enice nebo kancel\u00e1\u0159e a vnese do interi\u00e9ru eleganci a styl.<br \/>\nSouprava OREO se vyzna\u010duje d\u00fdhovanou deskou z MDF v proveden\u00ed \u010dern\u00fd mramor, kter\u00e1 interi\u00e9ru dod\u00e1 luxusn\u00ed a modern\u00ed vzhled.<br \/>\nDeska je hladk\u00e1 a p\u0159\u00edjemn\u00e1 na dotek, tak\u017ee ka\u017ed\u00e1 chv\u00edle str\u00e1ven\u00e1 u t\u011bchto lavic bude \u010dist\u00fdm pot\u011b\u0161en\u00edm.<br \/>\nPevn\u00fd r\u00e1m z \u010dern\u00e9 pr\u00e1\u0161kov\u011b lakovan\u00e9 oceli zaji\u0161\u0165uje stabilitu a odolnost po dlouh\u00e1 l\u00e9ta.<br \/>\nSada OREO nejen kr\u00e1sn\u011b vypad\u00e1, ale nab\u00edz\u00ed tak\u00e9 praktick\u00e9 \u0159e\u0161en\u00ed, proto\u017ee men\u0161\u00ed lavici lze zasunout pod v\u011bt\u0161\u00ed a u\u0161et\u0159it tak m\u00edsto.<br \/>\nJe ide\u00e1ln\u00ed pro serv\u00edrov\u00e1n\u00ed k\u00e1vy, vystavov\u00e1n\u00ed dekorac\u00ed nebo ukl\u00e1d\u00e1n\u00ed knih a \u010dasopis\u016f.      <\/p>\n","protected":false},"excerpt":{"rendered":"<p>Rozm\u011bry: \u0161\u00ed\u0159ka &#8211; 53 cm hloubka &#8211; 53 cm v\u00fd\u0161ka &#8211; 45 cm  &nbsp;<\/p>\n","protected":false},"featured_media":17416,"comment_status":"open","ping_status":"closed","template":"","meta":{"_eb_attr":"","_uag_custom_page_level_css":"","site-sidebar-layout":"default","site-content-layout":"","ast-site-content-layout":"default","site-content-style":"default","site-sidebar-style":"default","ast-global-header-display":"","ast-banner-title-visibility":"","ast-main-header-display":"","ast-hfb-above-header-display":"","ast-hfb-below-header-display":"","ast-hfb-mobile-header-display":"","site-post-title":"","ast-breadcrumbs-content":"","ast-featured-img":"","footer-sml-layout":"","theme-transparent-header-meta":"default","adv-header-id-meta":"","stick-header-meta":"default","header-above-stick-meta":"","header-main-stick-meta":"","header-below-stick-meta":"","astra-migrate-meta-layouts":"default","ast-page-background-enabled":"default","ast-page-background-meta":{"desktop":{"background-color":"","background-image":"","background-repeat":"repeat","background-position":"center center","background-size":"auto","background-attachment":"scroll","background-type":"","background-media":"","overlay-type":"","overlay-color":"","overlay-opacity":"","overlay-gradient":""},"tablet":{"background-color":"","background-image":"","background-repeat":"repeat","background-position":"center center","background-size":"auto","background-attachment":"scroll","background-type":"","background-media":"","overlay-type":"","overlay-color":"","overlay-opacity":"","overlay-gradient":""},"mobile":{"background-color":"","background-image":"","background-repeat":"repeat","background-position":"center center","background-size":"auto","background-attachment":"scroll","background-type":"","background-media":"","overlay-type":"","overlay-color":"","overlay-opacity":"","overlay-gradient":""}},"ast-content-background-meta":{"desktop":{"background-color":"var(--ast-global-color-5)","background-image":"","background-repeat":"repeat","background-position":"center center","background-size":"auto","background-attachment":"scroll","background-type":"","background-media":"","overlay-type":"","overlay-color":"","overlay-opacity":"","overlay-gradient":""},"tablet":{"background-color":"var(--ast-global-color-5)","background-image":"","background-repeat":"repeat","background-position":"center center","background-size":"auto","background-attachment":"scroll","background-type":"","background-media":"","overlay-type":"","overlay-color":"","overlay-opacity":"","overlay-gradient":""},"mobile":{"background-color":"var(--ast-global-color-5)","background-image":"","background-repeat":"repeat","background-position":"center center","background-size":"auto","background-attachment":"scroll","background-type":"","background-media":"","overlay-type":"","overlay-color":"","overlay-opacity":"","overlay-gradient":""}}},"product_brand":[],"product_cat":[104,103,132,112],"product_tag":[],"class_list":{"0":"post-13549","1":"product","2":"type-product","3":"status-publish","4":"has-post-thumbnail","6":"product_cat-jidelna","7":"product_cat-salon-cs","8":"product_cat-kancelar","9":"product_cat-stoly-a-stolky","10":"desktop-align-left","11":"tablet-align-left","12":"mobile-align-left","13":"ast-product-gallery-layout-horizontal-slider","14":"ast-product-tabs-layout-horizontal","15":"ast-qv-on-image","17":"first","18":"onbackorder","19":"shipping-taxable","20":"purchasable","21":"product-type-simple"},"spectra_custom_meta":{"_iwo_price_last_change":["a:4:{s:5:\"price\";s:0:\"\";s:10:\"price_sale\";s:0:\"\";s:19:\"price_including_tax\";d:0;s:9:\"timestamp\";i:1725357871;}"],"_eb_reusable_block_ids":["a:0:{}"],"_alp_processed":["1725357871"],"_wcml_average_rating":[null],"_wcml_review_count":[null],"_wcml_rating_count":[null],"_backorders":["no"],"_download_limit":["-1"],"_download_expiry":["-1"],"_downloadable":["no"],"_manage_stock":["no"],"_stock_status":["onbackorder"],"_sold_individually":["no"],"_tax_class":[""],"_tax_status":["taxable"],"_virtual":["no"],"total_sales":["0"],"_regular_price":[2274.3],"_price":[2274.3],"_wpml_media_duplicate":["0"],"_wpml_media_featured":["0"],"stick-header-meta":["default"],"site-sidebar-layout":["default"],"theme-transparent-header-meta":["default"],"ast-site-content-layout":["default"],"site-content-style":["default"],"site-sidebar-style":["default"],"wcml_sync_hash":["a:1:{s:15:\"postmeta_fields\";s:32:\"19abaf254fdcf164d924cd637f6596fb\";}"],"attr_label_translations":["a:0:{}"],"_product_attributes":["a:0:{}"],"_default_attributes":["a:0:{}"],"_upsell_ids":["a:0:{}"],"_crosssell_ids":["a:0:{}"],"_children":["a:0:{}"],"_wpml_word_count":["{\"total\":134,\"to_translate\":{\"pl\":134}}"],"_uag_page_assets":["a:9:{s:3:\"css\";s:263:\".uag-blocks-common-selector{z-index:var(--z-index-desktop) !important}@media (max-width: 976px){.uag-blocks-common-selector{z-index:var(--z-index-tablet) !important}}@media (max-width: 767px){.uag-blocks-common-selector{z-index:var(--z-index-mobile) !important}}\n\";s:2:\"js\";s:0:\"\";s:18:\"current_block_list\";a:13:{i:0;s:11:\"core\/search\";i:1;s:10:\"core\/group\";i:2;s:12:\"core\/heading\";i:3;s:17:\"core\/latest-posts\";i:4;s:20:\"core\/latest-comments\";i:5;s:13:\"core\/archives\";i:6;s:15:\"core\/categories\";i:7;s:26:\"woocommerce\/filter-wrapper\";i:8;s:24:\"woocommerce\/price-filter\";i:9;s:30:\"woocommerce\/product-categories\";i:10;s:26:\"woocommerce\/active-filters\";i:11;s:23:\"essential-blocks\/social\";i:12;s:24:\"woocommerce\/stock-filter\";}s:8:\"uag_flag\";b:0;s:11:\"uag_version\";s:10:\"1776829882\";s:6:\"gfonts\";a:0:{}s:10:\"gfonts_url\";s:0:\"\";s:12:\"gfonts_files\";a:0:{}s:14:\"uag_faq_layout\";b:0;}"],"_wp_attachment_metadata":[""],"_thumbnail_id":["17416"],"_uag_css_file_name":["uag-css-13549.css"],"_max_variation_price":[""],"_max_variation_regular_price":[""],"_max_variation_sale_price":[""],"_min_variation_price":[""],"_min_variation_regular_price":[""],"_min_variation_sale_price":[""],"_sale_price":[""],"_wc_rating_count":[""],"_wc_review_count":[""],"_wc_average_rating":[0]},"uagb_featured_image_src":{"full":["https:\/\/team-meble.pl\/wp-content\/uploads\/2024\/09\/2010001200574_1.jpg",2000,1491,false],"thumbnail":["https:\/\/team-meble.pl\/wp-content\/uploads\/2024\/09\/2010001200574_1-150x150.jpg",150,150,true],"medium":["https:\/\/team-meble.pl\/wp-content\/uploads\/2024\/09\/2010001200574_1-300x224.jpg",300,224,true],"medium_large":["https:\/\/team-meble.pl\/wp-content\/uploads\/2024\/09\/2010001200574_1-768x573.jpg",768,573,true],"large":["https:\/\/team-meble.pl\/wp-content\/uploads\/2024\/09\/2010001200574_1-1024x763.jpg",1024,763,true],"1536x1536":["https:\/\/team-meble.pl\/wp-content\/uploads\/2024\/09\/2010001200574_1-1536x1145.jpg",1536,1145,true],"2048x2048":["https:\/\/team-meble.pl\/wp-content\/uploads\/2024\/09\/2010001200574_1.jpg",2000,1491,false],"mailpoet_newsletter_max":["https:\/\/team-meble.pl\/wp-content\/uploads\/2024\/09\/2010001200574_1-1320x984.jpg",1320,984,true],"woocommerce_thumbnail":["https:\/\/team-meble.pl\/wp-content\/uploads\/2024\/09\/2010001200574_1-300x300.jpg",300,300,true],"woocommerce_single":["https:\/\/team-meble.pl\/wp-content\/uploads\/2024\/09\/2010001200574_1-300x224.jpg",300,224,true],"woocommerce_gallery_thumbnail":["https:\/\/team-meble.pl\/wp-content\/uploads\/2024\/09\/2010001200574_1-100x100.jpg",100,100,true]},"uagb_author_info":{"display_name":"Wiola","author_link":"https:\/\/team-meble.pl\/cs\/author\/"},"uagb_comment_info":0,"uagb_excerpt":"Rozm\u011bry: \u0161\u00ed\u0159ka - 53 cm hloubka - 53 cm v\u00fd\u0161ka - 45 cm &nbsp;","_links":{"self":[{"href":"https:\/\/team-meble.pl\/cs\/wp-json\/wp\/v2\/product\/13549","targetHints":{"allow":["GET"]}}],"collection":[{"href":"https:\/\/team-meble.pl\/cs\/wp-json\/wp\/v2\/product"}],"about":[{"href":"https:\/\/team-meble.pl\/cs\/wp-json\/wp\/v2\/types\/product"}],"replies":[{"embeddable":true,"href":"https:\/\/team-meble.pl\/cs\/wp-json\/wp\/v2\/comments?post=13549"}],"wp:featuredmedia":[{"embeddable":true,"href":"https:\/\/team-meble.pl\/cs\/wp-json\/wp\/v2\/media\/17416"}],"wp:attachment":[{"href":"https:\/\/team-meble.pl\/cs\/wp-json\/wp\/v2\/media?parent=13549"}],"wp:term":[{"taxonomy":"product_brand","embeddable":true,"href":"https:\/\/team-meble.pl\/cs\/wp-json\/wp\/v2\/product_brand?post=13549"},{"taxonomy":"product_cat","embeddable":true,"href":"https:\/\/team-meble.pl\/cs\/wp-json\/wp\/v2\/product_cat?post=13549"},{"taxonomy":"product_tag","embeddable":true,"href":"https:\/\/team-meble.pl\/cs\/wp-json\/wp\/v2\/product_tag?post=13549"}],"curies":[{"name":"wp","href":"https:\/\/api.w.org\/{rel}","templated":true}]}}