{"id":15945,"date":"2024-09-06T11:01:57","date_gmt":"2024-09-06T11:01:57","guid":{"rendered":"https:\/\/team-meble.pl\/produkt\/otevrena-police-1d-evo\/"},"modified":"2026-02-11T13:31:44","modified_gmt":"2026-02-11T13:31:44","slug":"otevrena-police-1d-evo","status":"publish","type":"product","link":"https:\/\/team-meble.pl\/cs\/produkt\/otevrena-police-1d-evo\/","title":{"rendered":"Otev\u0159en\u00e1 police 1d Evo"},"content":{"rendered":"<p>Vysok\u00e1 otev\u0159en\u00e1 knihovna EVO je ide\u00e1ln\u00edm \u0159e\u0161en\u00edm pro ty, kte\u0159\u00ed pot\u0159ebuj\u00ed jak otev\u0159en\u00fd prostor pro vystavov\u00e1n\u00ed, tak uzav\u0159enou sk\u0159\u00ed\u0148ku pro ukl\u00e1d\u00e1n\u00ed.<br \/>\nHorn\u00ed \u010d\u00e1st knihovny se \u0161esti policemi nab\u00edz\u00ed dostatek prostoru pro knihy, dekorace nebo jin\u00e9 p\u0159edm\u011bty, kter\u00e9 chcete m\u00edt na o\u010d\u00edch, a esteticky organizuje prostor.<br \/>\nSk\u0159\u00ed\u0148ka ve spodn\u00ed \u010d\u00e1sti knihovny, opat\u0159en\u00e1 dr\u00e1\u017ekovan\u00fdm \u010delem, poskytuje diskr\u00e9tn\u00ed \u00falo\u017en\u00fd prostor pro p\u0159edm\u011bty, kter\u00e9 nen\u00ed t\u0159eba vystavovat.<br \/>\nKnihovna EVO tak spojuje funk\u010dnost s pohodl\u00edm a umo\u017e\u0148uje efektivn\u00ed spr\u00e1vu prostoru v dom\u00e1cnosti nebo kancel\u00e1\u0159i.<br \/>\nJedn\u00e1 se o kus n\u00e1bytku, kter\u00fd se skv\u011ble hod\u00ed do ob\u00fdvac\u00edho pokoje, lo\u017enice i pracovny a pom\u00e1h\u00e1 udr\u017eovat po\u0159\u00e1dek a organizaci.    <\/p>\n","protected":false},"excerpt":{"rendered":"<p>Rozm\u011bry: \u0160\u00ed\u0159ka &#8211; 63,4 cm Hloubka &#8211; 40 cm V\u00fd\u0161ka.<\/p>\n","protected":false},"featured_media":17511,"comment_status":"open","ping_status":"closed","template":"","meta":{"_eb_attr":"","_uag_custom_page_level_css":"","site-sidebar-layout":"default","site-content-layout":"","ast-site-content-layout":"default","site-content-style":"default","site-sidebar-style":"default","ast-global-header-display":"","ast-banner-title-visibility":"","ast-main-header-display":"","ast-hfb-above-header-display":"","ast-hfb-below-header-display":"","ast-hfb-mobile-header-display":"","site-post-title":"","ast-breadcrumbs-content":"","ast-featured-img":"","footer-sml-layout":"","theme-transparent-header-meta":"default","adv-header-id-meta":"","stick-header-meta":"default","header-above-stick-meta":"","header-main-stick-meta":"","header-below-stick-meta":"","astra-migrate-meta-layouts":"default","ast-page-background-enabled":"default","ast-page-background-meta":{"desktop":{"background-color":"","background-image":"","background-repeat":"repeat","background-position":"center center","background-size":"auto","background-attachment":"scroll","background-type":"","background-media":"","overlay-type":"","overlay-color":"","overlay-opacity":"","overlay-gradient":""},"tablet":{"background-color":"","background-image":"","background-repeat":"repeat","background-position":"center center","background-size":"auto","background-attachment":"scroll","background-type":"","background-media":"","overlay-type":"","overlay-color":"","overlay-opacity":"","overlay-gradient":""},"mobile":{"background-color":"","background-image":"","background-repeat":"repeat","background-position":"center center","background-size":"auto","background-attachment":"scroll","background-type":"","background-media":"","overlay-type":"","overlay-color":"","overlay-opacity":"","overlay-gradient":""}},"ast-content-background-meta":{"desktop":{"background-color":"var(--ast-global-color-5)","background-image":"","background-repeat":"repeat","background-position":"center center","background-size":"auto","background-attachment":"scroll","background-type":"","background-media":"","overlay-type":"","overlay-color":"","overlay-opacity":"","overlay-gradient":""},"tablet":{"background-color":"var(--ast-global-color-5)","background-image":"","background-repeat":"repeat","background-position":"center center","background-size":"auto","background-attachment":"scroll","background-type":"","background-media":"","overlay-type":"","overlay-color":"","overlay-opacity":"","overlay-gradient":""},"mobile":{"background-color":"var(--ast-global-color-5)","background-image":"","background-repeat":"repeat","background-position":"center center","background-size":"auto","background-attachment":"scroll","background-type":"","background-media":"","overlay-type":"","overlay-color":"","overlay-opacity":"","overlay-gradient":""}}},"product_brand":[],"product_cat":[107],"product_tag":[],"class_list":{"0":"post-15945","1":"product","2":"type-product","3":"status-publish","4":"has-post-thumbnail","6":"product_cat-zadna-kategorie","7":"desktop-align-left","8":"tablet-align-left","9":"mobile-align-left","10":"ast-product-gallery-layout-horizontal-slider","11":"ast-product-tabs-layout-horizontal","12":"ast-qv-on-image","14":"first","15":"onbackorder","16":"shipping-taxable","17":"purchasable","18":"product-type-simple"},"spectra_custom_meta":{"_iwo_price_last_change":["a:4:{s:5:\"price\";s:3:\"449\";s:10:\"price_sale\";s:0:\"\";s:19:\"price_including_tax\";d:449;s:9:\"timestamp\";i:1770816704;}"],"_eb_reusable_block_ids":["a:0:{}"],"_alp_processed":["1770816704"],"_wcml_average_rating":[null],"_wcml_review_count":[null],"_wcml_rating_count":[null],"_backorders":["no"],"_download_limit":["-1"],"_download_expiry":["-1"],"_downloadable":["no"],"_manage_stock":["no"],"_stock_status":["onbackorder"],"_sold_individually":["no"],"_tax_class":[""],"_tax_status":["taxable"],"_virtual":["no"],"total_sales":["0"],"_wpml_media_duplicate":["0"],"_wpml_media_featured":["0"],"stick-header-meta":["default"],"site-sidebar-layout":["default"],"theme-transparent-header-meta":["default"],"ast-site-content-layout":["default"],"site-content-style":["default"],"site-sidebar-style":["default"],"wcml_sync_hash":["a:1:{s:15:\"postmeta_fields\";s:32:\"07bfdc1d4e41227a39437e7138e6273f\";}"],"attr_label_translations":["a:0:{}"],"_crosssell_ids":["a:0:{}"],"_wp_attachment_metadata":[""],"_thumbnail_id":["17511"],"_iwo_price_log":["a:4:{s:5:\"price\";s:3:\"449\";s:10:\"price_sale\";s:0:\"\";s:19:\"price_including_tax\";d:449;s:9:\"timestamp\";i:1770816704;}"],"_last_translation_edit_mode":["translation-editor"],"_wpml_word_count":["145"],"_uag_page_assets":["a:9:{s:3:\"css\";s:263:\".uag-blocks-common-selector{z-index:var(--z-index-desktop) !important}@media (max-width: 976px){.uag-blocks-common-selector{z-index:var(--z-index-tablet) !important}}@media (max-width: 767px){.uag-blocks-common-selector{z-index:var(--z-index-mobile) !important}}\n\";s:2:\"js\";s:0:\"\";s:18:\"current_block_list\";a:13:{i:0;s:11:\"core\/search\";i:1;s:10:\"core\/group\";i:2;s:12:\"core\/heading\";i:3;s:17:\"core\/latest-posts\";i:4;s:20:\"core\/latest-comments\";i:5;s:13:\"core\/archives\";i:6;s:15:\"core\/categories\";i:7;s:26:\"woocommerce\/filter-wrapper\";i:8;s:24:\"woocommerce\/price-filter\";i:9;s:30:\"woocommerce\/product-categories\";i:10;s:26:\"woocommerce\/active-filters\";i:11;s:23:\"essential-blocks\/social\";i:12;s:24:\"woocommerce\/stock-filter\";}s:8:\"uag_flag\";b:0;s:11:\"uag_version\";s:10:\"1776347523\";s:6:\"gfonts\";a:0:{}s:10:\"gfonts_url\";s:0:\"\";s:12:\"gfonts_files\";a:0:{}s:14:\"uag_faq_layout\";b:0;}"],"_regular_price":[2730.3],"_price":[2730.3],"_max_variation_price":[""],"_max_variation_regular_price":[""],"_max_variation_sale_price":[""],"_min_variation_price":[""],"_min_variation_regular_price":[""],"_min_variation_sale_price":[""],"_sale_price":[""],"_wc_rating_count":[""],"_wc_review_count":[""],"_wc_average_rating":[0]},"uagb_featured_image_src":{"full":["https:\/\/team-meble.pl\/wp-content\/uploads\/2024\/09\/2_max-2.jpg",2000,2000,false],"thumbnail":["https:\/\/team-meble.pl\/wp-content\/uploads\/2024\/09\/2_max-2-150x150.jpg",150,150,true],"medium":["https:\/\/team-meble.pl\/wp-content\/uploads\/2024\/09\/2_max-2-300x300.jpg",300,300,true],"medium_large":["https:\/\/team-meble.pl\/wp-content\/uploads\/2024\/09\/2_max-2-768x768.jpg",768,768,true],"large":["https:\/\/team-meble.pl\/wp-content\/uploads\/2024\/09\/2_max-2-1024x1024.jpg",1024,1024,true],"1536x1536":["https:\/\/team-meble.pl\/wp-content\/uploads\/2024\/09\/2_max-2-1536x1536.jpg",1536,1536,true],"2048x2048":["https:\/\/team-meble.pl\/wp-content\/uploads\/2024\/09\/2_max-2.jpg",2000,2000,false],"mailpoet_newsletter_max":["https:\/\/team-meble.pl\/wp-content\/uploads\/2024\/09\/2_max-2-1320x1320.jpg",1320,1320,true],"woocommerce_thumbnail":["https:\/\/team-meble.pl\/wp-content\/uploads\/2024\/09\/2_max-2-300x300.jpg",300,300,true],"woocommerce_single":["https:\/\/team-meble.pl\/wp-content\/uploads\/2024\/09\/2_max-2-300x300.jpg",300,300,true],"woocommerce_gallery_thumbnail":["https:\/\/team-meble.pl\/wp-content\/uploads\/2024\/09\/2_max-2-100x100.jpg",100,100,true]},"uagb_author_info":{"display_name":"Wiola","author_link":"https:\/\/team-meble.pl\/cs\/author\/"},"uagb_comment_info":0,"uagb_excerpt":"Rozm\u011bry: \u0160\u00ed\u0159ka - 63,4 cm Hloubka - 40 cm V\u00fd\u0161ka.","_links":{"self":[{"href":"https:\/\/team-meble.pl\/cs\/wp-json\/wp\/v2\/product\/15945","targetHints":{"allow":["GET"]}}],"collection":[{"href":"https:\/\/team-meble.pl\/cs\/wp-json\/wp\/v2\/product"}],"about":[{"href":"https:\/\/team-meble.pl\/cs\/wp-json\/wp\/v2\/types\/product"}],"replies":[{"embeddable":true,"href":"https:\/\/team-meble.pl\/cs\/wp-json\/wp\/v2\/comments?post=15945"}],"wp:featuredmedia":[{"embeddable":true,"href":"https:\/\/team-meble.pl\/cs\/wp-json\/wp\/v2\/media\/17511"}],"wp:attachment":[{"href":"https:\/\/team-meble.pl\/cs\/wp-json\/wp\/v2\/media?parent=15945"}],"wp:term":[{"taxonomy":"product_brand","embeddable":true,"href":"https:\/\/team-meble.pl\/cs\/wp-json\/wp\/v2\/product_brand?post=15945"},{"taxonomy":"product_cat","embeddable":true,"href":"https:\/\/team-meble.pl\/cs\/wp-json\/wp\/v2\/product_cat?post=15945"},{"taxonomy":"product_tag","embeddable":true,"href":"https:\/\/team-meble.pl\/cs\/wp-json\/wp\/v2\/product_tag?post=15945"}],"curies":[{"name":"wp","href":"https:\/\/api.w.org\/{rel}","templated":true}]}}