{"id":15968,"date":"2024-09-12T12:45:01","date_gmt":"2024-09-12T12:45:01","guid":{"rendered":"https:\/\/team-meble.pl\/produkt\/pohovka-loretto\/"},"modified":"2024-09-12T12:45:01","modified_gmt":"2024-09-12T12:45:01","slug":"pohovka-loretto","status":"publish","type":"product","link":"https:\/\/team-meble.pl\/cs\/produkt\/pohovka-loretto\/","title":{"rendered":"Pohovka Loretto"},"content":{"rendered":"<p>Pohovka Loretto je synonymem minimalistick\u00e9ho designu.<br \/>\nJej\u00ed jednoduchost podtrhuje jemn\u011b proveden\u00e1 kedra na okraj\u00edch, kter\u00e1 n\u00e1bytku dod\u00e1v\u00e1 charakter a styl.<br \/>\nPro tento model je charakteristick\u00e9 pevn\u00e9 op\u011bradlo a sed\u00e1k p\u0159ekr\u00fdvaj\u00edc\u00ed podru\u010dky.<br \/>\nFunkce span\u00ed, kter\u00e1 se nav\u00edc rozkl\u00e1d\u00e1 pomoc\u00ed mechanismu &#8222;puma&#8220;, d\u011bl\u00e1 z t\u00e9to pohovky nejen stylov\u00fd kus n\u00e1bytku do ob\u00fdvac\u00edho pokoje, ale tak\u00e9 praktick\u00e9 m\u00edsto k odpo\u010dinku a sp\u00e1nku.<br \/>\nFunkci span\u00ed lze snadno otev\u0159\u00edt jedin\u00fdm pohybem, co\u017e nejen usnad\u0148uje skl\u00e1d\u00e1n\u00ed a rozkl\u00e1d\u00e1n\u00ed n\u00e1bytku, ale tak\u00e9 chr\u00e1n\u00ed podlahu p\u0159ed p\u0159\u00edpadn\u00fdm po\u0161kozen\u00edm. pohovka Loretto je dokonalou kombinac\u00ed minimalistick\u00e9ho designu, funk\u010dnosti a pohodl\u00ed, kter\u00e1 uspokoj\u00ed i ty nejn\u00e1ro\u010dn\u011bj\u0161\u00ed u\u017eivatele.    <\/p>\n","protected":false},"excerpt":{"rendered":"<p>Rozm\u011bry: \u0160\u00ed\u0159ka &#8211; 248 cm Hloubka &#8211; 99 cm V\u00fd\u0161ka &#8211; 87 cm Plocha na span\u00ed &#8211; 145 cm x 196 cm.<\/p>\n","protected":false},"featured_media":17621,"comment_status":"open","ping_status":"closed","template":"","meta":{"_eb_attr":"","_uag_custom_page_level_css":"","site-sidebar-layout":"default","site-content-layout":"","ast-site-content-layout":"default","site-content-style":"default","site-sidebar-style":"default","ast-global-header-display":"","ast-banner-title-visibility":"","ast-main-header-display":"","ast-hfb-above-header-display":"","ast-hfb-below-header-display":"","ast-hfb-mobile-header-display":"","site-post-title":"","ast-breadcrumbs-content":"","ast-featured-img":"","footer-sml-layout":"","theme-transparent-header-meta":"default","adv-header-id-meta":"","stick-header-meta":"default","header-above-stick-meta":"","header-main-stick-meta":"","header-below-stick-meta":"","astra-migrate-meta-layouts":"default","ast-page-background-enabled":"default","ast-page-background-meta":{"desktop":{"background-color":"","background-image":"","background-repeat":"repeat","background-position":"center center","background-size":"auto","background-attachment":"scroll","background-type":"","background-media":"","overlay-type":"","overlay-color":"","overlay-opacity":"","overlay-gradient":""},"tablet":{"background-color":"","background-image":"","background-repeat":"repeat","background-position":"center center","background-size":"auto","background-attachment":"scroll","background-type":"","background-media":"","overlay-type":"","overlay-color":"","overlay-opacity":"","overlay-gradient":""},"mobile":{"background-color":"","background-image":"","background-repeat":"repeat","background-position":"center center","background-size":"auto","background-attachment":"scroll","background-type":"","background-media":"","overlay-type":"","overlay-color":"","overlay-opacity":"","overlay-gradient":""}},"ast-content-background-meta":{"desktop":{"background-color":"var(--ast-global-color-5)","background-image":"","background-repeat":"repeat","background-position":"center center","background-size":"auto","background-attachment":"scroll","background-type":"","background-media":"","overlay-type":"","overlay-color":"","overlay-opacity":"","overlay-gradient":""},"tablet":{"background-color":"var(--ast-global-color-5)","background-image":"","background-repeat":"repeat","background-position":"center center","background-size":"auto","background-attachment":"scroll","background-type":"","background-media":"","overlay-type":"","overlay-color":"","overlay-opacity":"","overlay-gradient":""},"mobile":{"background-color":"var(--ast-global-color-5)","background-image":"","background-repeat":"repeat","background-position":"center center","background-size":"auto","background-attachment":"scroll","background-type":"","background-media":"","overlay-type":"","overlay-color":"","overlay-opacity":"","overlay-gradient":""}}},"product_brand":[],"product_cat":[104,103,117],"product_tag":[],"class_list":{"0":"post-15968","1":"product","2":"type-product","3":"status-publish","4":"has-post-thumbnail","6":"product_cat-jidelna","7":"product_cat-salon-cs","8":"product_cat-gauc","9":"desktop-align-left","10":"tablet-align-left","11":"mobile-align-left","12":"ast-product-gallery-layout-horizontal-slider","13":"ast-product-tabs-layout-horizontal","14":"ast-qv-on-image","16":"first","17":"onbackorder","18":"shipping-taxable","19":"purchasable","20":"product-type-simple"},"spectra_custom_meta":{"_iwo_price_last_change":["a:4:{s:5:\"price\";s:0:\"\";s:10:\"price_sale\";s:0:\"\";s:19:\"price_including_tax\";d:0;s:9:\"timestamp\";i:1733256189;}"],"_eb_reusable_block_ids":["a:0:{}"],"_alp_processed":["1733256189"],"_wcml_average_rating":[null],"_wcml_review_count":[null],"_wcml_rating_count":[null],"_backorders":["no"],"_download_limit":["-1"],"_download_expiry":["-1"],"_downloadable":["no"],"_manage_stock":["no"],"_stock_status":["onbackorder"],"_sold_individually":["no"],"_tax_class":[""],"_tax_status":["taxable"],"_virtual":["no"],"total_sales":["0"],"_wpml_media_duplicate":["0"],"_wpml_media_featured":["0"],"stick-header-meta":["default"],"site-sidebar-layout":["default"],"theme-transparent-header-meta":["default"],"ast-site-content-layout":["default"],"site-content-style":["default"],"site-sidebar-style":["default"],"wcml_sync_hash":["a:1:{s:15:\"postmeta_fields\";s:32:\"5c32d141d441e01ec14b6a8e14ffee5f\";}"],"attr_label_translations":["a:0:{}"],"_product_attributes":["a:0:{}"],"_default_attributes":["a:0:{}"],"_upsell_ids":["a:0:{}"],"_crosssell_ids":["a:0:{}"],"_children":["a:0:{}"],"_uag_page_assets":["a:9:{s:3:\"css\";s:263:\".uag-blocks-common-selector{z-index:var(--z-index-desktop) !important}@media (max-width: 976px){.uag-blocks-common-selector{z-index:var(--z-index-tablet) !important}}@media (max-width: 767px){.uag-blocks-common-selector{z-index:var(--z-index-mobile) !important}}\n\";s:2:\"js\";s:0:\"\";s:18:\"current_block_list\";a:13:{i:0;s:11:\"core\/search\";i:1;s:10:\"core\/group\";i:2;s:12:\"core\/heading\";i:3;s:17:\"core\/latest-posts\";i:4;s:20:\"core\/latest-comments\";i:5;s:13:\"core\/archives\";i:6;s:15:\"core\/categories\";i:7;s:26:\"woocommerce\/filter-wrapper\";i:8;s:24:\"woocommerce\/price-filter\";i:9;s:30:\"woocommerce\/product-categories\";i:10;s:26:\"woocommerce\/active-filters\";i:11;s:23:\"essential-blocks\/social\";i:12;s:24:\"woocommerce\/stock-filter\";}s:8:\"uag_flag\";b:0;s:11:\"uag_version\";s:10:\"1776351526\";s:6:\"gfonts\";a:0:{}s:10:\"gfonts_url\";s:0:\"\";s:12:\"gfonts_files\";a:0:{}s:14:\"uag_faq_layout\";b:0;}"],"_wp_attachment_metadata":[""],"_thumbnail_id":["17621"],"_regular_price":[21084.3],"_price":[21084.3],"_max_variation_price":[""],"_max_variation_regular_price":[""],"_max_variation_sale_price":[""],"_min_variation_price":[""],"_min_variation_regular_price":[""],"_min_variation_sale_price":[""],"_sale_price":[""],"_wc_rating_count":[""],"_wc_review_count":[""],"_wc_average_rating":[0]},"uagb_featured_image_src":{"full":["https:\/\/team-meble.pl\/wp-content\/uploads\/2024\/09\/Loretto_Perfect-harmony-59_High-res-2-414x276-1.jpg",414,276,false],"thumbnail":["https:\/\/team-meble.pl\/wp-content\/uploads\/2024\/09\/Loretto_Perfect-harmony-59_High-res-2-414x276-1-150x150.jpg",150,150,true],"medium":["https:\/\/team-meble.pl\/wp-content\/uploads\/2024\/09\/Loretto_Perfect-harmony-59_High-res-2-414x276-1-300x200.jpg",300,200,true],"medium_large":["https:\/\/team-meble.pl\/wp-content\/uploads\/2024\/09\/Loretto_Perfect-harmony-59_High-res-2-414x276-1.jpg",414,276,false],"large":["https:\/\/team-meble.pl\/wp-content\/uploads\/2024\/09\/Loretto_Perfect-harmony-59_High-res-2-414x276-1.jpg",414,276,false],"1536x1536":["https:\/\/team-meble.pl\/wp-content\/uploads\/2024\/09\/Loretto_Perfect-harmony-59_High-res-2-414x276-1.jpg",414,276,false],"2048x2048":["https:\/\/team-meble.pl\/wp-content\/uploads\/2024\/09\/Loretto_Perfect-harmony-59_High-res-2-414x276-1.jpg",414,276,false],"mailpoet_newsletter_max":["https:\/\/team-meble.pl\/wp-content\/uploads\/2024\/09\/Loretto_Perfect-harmony-59_High-res-2-414x276-1.jpg",414,276,false],"woocommerce_thumbnail":["https:\/\/team-meble.pl\/wp-content\/uploads\/2024\/09\/Loretto_Perfect-harmony-59_High-res-2-414x276-1-300x276.jpg",300,276,true],"woocommerce_single":["https:\/\/team-meble.pl\/wp-content\/uploads\/2024\/09\/Loretto_Perfect-harmony-59_High-res-2-414x276-1-300x200.jpg",300,200,true],"woocommerce_gallery_thumbnail":["https:\/\/team-meble.pl\/wp-content\/uploads\/2024\/09\/Loretto_Perfect-harmony-59_High-res-2-414x276-1-100x100.jpg",100,100,true]},"uagb_author_info":{"display_name":"Wiola","author_link":"https:\/\/team-meble.pl\/cs\/author\/"},"uagb_comment_info":0,"uagb_excerpt":"Rozm\u011bry: \u0160\u00ed\u0159ka - 248 cm Hloubka - 99 cm V\u00fd\u0161ka - 87 cm Plocha na span\u00ed - 145 cm x 196 cm.","_links":{"self":[{"href":"https:\/\/team-meble.pl\/cs\/wp-json\/wp\/v2\/product\/15968","targetHints":{"allow":["GET"]}}],"collection":[{"href":"https:\/\/team-meble.pl\/cs\/wp-json\/wp\/v2\/product"}],"about":[{"href":"https:\/\/team-meble.pl\/cs\/wp-json\/wp\/v2\/types\/product"}],"replies":[{"embeddable":true,"href":"https:\/\/team-meble.pl\/cs\/wp-json\/wp\/v2\/comments?post=15968"}],"wp:featuredmedia":[{"embeddable":true,"href":"https:\/\/team-meble.pl\/cs\/wp-json\/wp\/v2\/media\/17621"}],"wp:attachment":[{"href":"https:\/\/team-meble.pl\/cs\/wp-json\/wp\/v2\/media?parent=15968"}],"wp:term":[{"taxonomy":"product_brand","embeddable":true,"href":"https:\/\/team-meble.pl\/cs\/wp-json\/wp\/v2\/product_brand?post=15968"},{"taxonomy":"product_cat","embeddable":true,"href":"https:\/\/team-meble.pl\/cs\/wp-json\/wp\/v2\/product_cat?post=15968"},{"taxonomy":"product_tag","embeddable":true,"href":"https:\/\/team-meble.pl\/cs\/wp-json\/wp\/v2\/product_tag?post=15968"}],"curies":[{"name":"wp","href":"https:\/\/api.w.org\/{rel}","templated":true}]}}