{"id":15980,"date":"2024-09-13T14:15:09","date_gmt":"2024-09-13T14:15:09","guid":{"rendered":"https:\/\/team-meble.pl\/produkt\/komoda-ole-s-prebalovacim-pultem\/"},"modified":"2024-09-13T14:15:09","modified_gmt":"2024-09-13T14:15:09","slug":"komoda-ole-s-prebalovacim-pultem","status":"publish","type":"product","link":"https:\/\/team-meble.pl\/cs\/produkt\/komoda-ole-s-prebalovacim-pultem\/","title":{"rendered":"Komoda Ole s p\u0159ebalovac\u00edm pultem"},"content":{"rendered":"<p>Komoda s p\u0159ebalovac\u00edm pultem 2S z kolekce OLE je elegantn\u00ed a funk\u010dn\u00ed kus n\u00e1bytku, kter\u00fd se skv\u011ble hod\u00ed do d\u011btsk\u00e9ho pokoje.<br \/>\n\u00dast\u0159edn\u00edm prvkem komody je prostorn\u00fd p\u0159ebalovac\u00ed pult, kter\u00fd byl pe\u010dliv\u011b uzav\u0159en speci\u00e1ln\u00edmi lamelami, aby byla zaji\u0161t\u011bna bezpe\u010dnost va\u0161eho batolete p\u0159i p\u0159ebalov\u00e1n\u00ed.<br \/>\nKrom\u011b toho je komoda vybavena otev\u0159enou polic\u00ed a dv\u011bma prostorn\u00fdmi z\u00e1suvkami, kter\u00e9 poskytuj\u00ed dostatek \u00falo\u017en\u00e9ho prostoru pro d\u011btsk\u00e9 oble\u010den\u00ed, pleny, pe\u010duj\u00edc\u00ed p\u0159\u00edpravky a dal\u0161\u00ed nezbytnosti.<br \/>\nV\u0161e je tak snadno dostupn\u00e9 a v\u017edy po ruce.<br \/>\nMatn\u00e1 b\u00edl\u00e1 barva komody a jej\u00ed jednoduch\u00fd design vytv\u00e1\u0159ej\u00ed v d\u011btsk\u00e9m pokoji veselou a uklid\u0148uj\u00edc\u00ed atmosf\u00e9ru.<br \/>\nKomoda dokonale lad\u00ed s ostatn\u00edm n\u00e1bytkem z kolekce OLE a vytv\u00e1\u0159\u00ed tak ucelen\u00e9 a harmonick\u00e9 uspo\u0159\u00e1d\u00e1n\u00ed.<br \/>\nNo\u017ei\u010dky vedouc\u00ed pod\u00e9l korpusu a ozdobn\u00e9 kovov\u00e9 \u00fachytky nav\u00edc dod\u00e1vaj\u00ed n\u00e1bytku styl a obohacuj\u00ed jeho vzhled.<br \/>\nKomoda s p\u0159ebalovac\u00edm pultem z kolekce OLE pln\u00ed nejen praktickou funkci p\u0159ebalov\u00e1n\u00ed, ale je tak\u00e9 estetick\u00fdm dekorativn\u00edm prvkem.<br \/>\nJej\u00ed pevn\u00e1 konstrukce a pe\u010dliv\u00e9 zpracov\u00e1n\u00ed zaji\u0161\u0165uj\u00ed odolnost a dlouhou \u017eivotnost.<br \/>\nD\u00edky tomu se pokoj va\u0161eho d\u00edt\u011bte stane kompletn\u00edm a funk\u010dn\u00edm a z\u00e1rove\u0148 bude vypadat vkusn\u011b a stylov\u011b.         <\/p>\n","protected":false},"excerpt":{"rendered":"<p>Rozm\u011bry: \u0161\u00ed\u0159ka &#8211; 90 cm hloubka &#8211; 78 cm v\u00fd\u0161ka &#8211; 104 cm<\/p>\n","protected":false},"featured_media":17639,"comment_status":"open","ping_status":"closed","template":"","meta":{"_eb_attr":"","_uag_custom_page_level_css":"","site-sidebar-layout":"default","site-content-layout":"","ast-site-content-layout":"default","site-content-style":"default","site-sidebar-style":"default","ast-global-header-display":"","ast-banner-title-visibility":"","ast-main-header-display":"","ast-hfb-above-header-display":"","ast-hfb-below-header-display":"","ast-hfb-mobile-header-display":"","site-post-title":"","ast-breadcrumbs-content":"","ast-featured-img":"","footer-sml-layout":"","theme-transparent-header-meta":"default","adv-header-id-meta":"","stick-header-meta":"default","header-above-stick-meta":"","header-main-stick-meta":"","header-below-stick-meta":"","astra-migrate-meta-layouts":"default","ast-page-background-enabled":"default","ast-page-background-meta":{"desktop":{"background-color":"","background-image":"","background-repeat":"repeat","background-position":"center center","background-size":"auto","background-attachment":"scroll","background-type":"","background-media":"","overlay-type":"","overlay-color":"","overlay-opacity":"","overlay-gradient":""},"tablet":{"background-color":"","background-image":"","background-repeat":"repeat","background-position":"center center","background-size":"auto","background-attachment":"scroll","background-type":"","background-media":"","overlay-type":"","overlay-color":"","overlay-opacity":"","overlay-gradient":""},"mobile":{"background-color":"","background-image":"","background-repeat":"repeat","background-position":"center center","background-size":"auto","background-attachment":"scroll","background-type":"","background-media":"","overlay-type":"","overlay-color":"","overlay-opacity":"","overlay-gradient":""}},"ast-content-background-meta":{"desktop":{"background-color":"var(--ast-global-color-5)","background-image":"","background-repeat":"repeat","background-position":"center center","background-size":"auto","background-attachment":"scroll","background-type":"","background-media":"","overlay-type":"","overlay-color":"","overlay-opacity":"","overlay-gradient":""},"tablet":{"background-color":"var(--ast-global-color-5)","background-image":"","background-repeat":"repeat","background-position":"center center","background-size":"auto","background-attachment":"scroll","background-type":"","background-media":"","overlay-type":"","overlay-color":"","overlay-opacity":"","overlay-gradient":""},"mobile":{"background-color":"var(--ast-global-color-5)","background-image":"","background-repeat":"repeat","background-position":"center center","background-size":"auto","background-attachment":"scroll","background-type":"","background-media":"","overlay-type":"","overlay-color":"","overlay-opacity":"","overlay-gradient":""}}},"product_brand":[],"product_cat":[93,94,108],"product_tag":[],"class_list":{"0":"post-15980","1":"product","2":"type-product","3":"status-publish","4":"has-post-thumbnail","6":"product_cat-detsky-pokoj","7":"product_cat-loznice","8":"product_cat-komody-cs","9":"desktop-align-left","10":"tablet-align-left","11":"mobile-align-left","12":"ast-product-gallery-layout-horizontal-slider","13":"ast-product-tabs-layout-horizontal","14":"ast-qv-on-image","16":"first","17":"onbackorder","18":"shipping-taxable","19":"purchasable","20":"product-type-simple"},"spectra_custom_meta":{"_iwo_price_last_change":["a:4:{s:5:\"price\";s:0:\"\";s:10:\"price_sale\";s:0:\"\";s:19:\"price_including_tax\";d:0;s:9:\"timestamp\";i:1733256198;}"],"_eb_reusable_block_ids":["a:0:{}"],"_alp_processed":["1733256198"],"_wcml_average_rating":[null],"_wcml_review_count":[null],"_wcml_rating_count":[null],"_backorders":["no"],"_download_limit":["-1"],"_download_expiry":["-1"],"_downloadable":["no"],"_manage_stock":["no"],"_stock_status":["onbackorder"],"_sold_individually":["no"],"_tax_class":[""],"_tax_status":["taxable"],"_virtual":["no"],"total_sales":["0"],"_regular_price":[4554.3],"_price":[4554.3],"_wpml_media_duplicate":["0"],"_wpml_media_featured":["0"],"stick-header-meta":["default"],"site-sidebar-layout":["default"],"theme-transparent-header-meta":["default"],"ast-site-content-layout":["default"],"site-content-style":["default"],"site-sidebar-style":["default"],"wcml_sync_hash":["a:1:{s:15:\"postmeta_fields\";s:32:\"5d7d5746975f345b46e11e85b7fa2acb\";}"],"attr_label_translations":["a:0:{}"],"_product_attributes":["a:0:{}"],"_default_attributes":["a:0:{}"],"_upsell_ids":["a:0:{}"],"_crosssell_ids":["a:0:{}"],"_children":["a:0:{}"],"_uag_page_assets":["a:9:{s:3:\"css\";s:263:\".uag-blocks-common-selector{z-index:var(--z-index-desktop) !important}@media (max-width: 976px){.uag-blocks-common-selector{z-index:var(--z-index-tablet) !important}}@media (max-width: 767px){.uag-blocks-common-selector{z-index:var(--z-index-mobile) !important}}\n\";s:2:\"js\";s:0:\"\";s:18:\"current_block_list\";a:13:{i:0;s:11:\"core\/search\";i:1;s:10:\"core\/group\";i:2;s:12:\"core\/heading\";i:3;s:17:\"core\/latest-posts\";i:4;s:20:\"core\/latest-comments\";i:5;s:13:\"core\/archives\";i:6;s:15:\"core\/categories\";i:7;s:26:\"woocommerce\/filter-wrapper\";i:8;s:24:\"woocommerce\/price-filter\";i:9;s:30:\"woocommerce\/product-categories\";i:10;s:26:\"woocommerce\/active-filters\";i:11;s:23:\"essential-blocks\/social\";i:12;s:24:\"woocommerce\/stock-filter\";}s:8:\"uag_flag\";b:0;s:11:\"uag_version\";s:10:\"1776805888\";s:6:\"gfonts\";a:0:{}s:10:\"gfonts_url\";s:0:\"\";s:12:\"gfonts_files\";a:0:{}s:14:\"uag_faq_layout\";b:0;}"],"_wp_attachment_metadata":[""],"_thumbnail_id":["17639"],"_uag_css_file_name":["uag-css-15980.css"],"_max_variation_price":[""],"_max_variation_regular_price":[""],"_max_variation_sale_price":[""],"_min_variation_price":[""],"_min_variation_regular_price":[""],"_min_variation_sale_price":[""],"_sale_price":[""],"_wc_rating_count":[""],"_wc_review_count":[""],"_wc_average_rating":[0]},"uagb_featured_image_src":{"full":["https:\/\/team-meble.pl\/wp-content\/uploads\/2024\/09\/110248-zrzut-ekranu-2023-02-14-110233_fcut.jpg.wq90.webp",791,523,false],"thumbnail":["https:\/\/team-meble.pl\/wp-content\/uploads\/2024\/09\/110248-zrzut-ekranu-2023-02-14-110233_fcut.jpg.wq90-150x150.webp",150,150,true],"medium":["https:\/\/team-meble.pl\/wp-content\/uploads\/2024\/09\/110248-zrzut-ekranu-2023-02-14-110233_fcut.jpg.wq90-300x198.webp",300,198,true],"medium_large":["https:\/\/team-meble.pl\/wp-content\/uploads\/2024\/09\/110248-zrzut-ekranu-2023-02-14-110233_fcut.jpg.wq90-768x508.webp",768,508,true],"large":["https:\/\/team-meble.pl\/wp-content\/uploads\/2024\/09\/110248-zrzut-ekranu-2023-02-14-110233_fcut.jpg.wq90.webp",791,523,false],"1536x1536":["https:\/\/team-meble.pl\/wp-content\/uploads\/2024\/09\/110248-zrzut-ekranu-2023-02-14-110233_fcut.jpg.wq90.webp",791,523,false],"2048x2048":["https:\/\/team-meble.pl\/wp-content\/uploads\/2024\/09\/110248-zrzut-ekranu-2023-02-14-110233_fcut.jpg.wq90.webp",791,523,false],"mailpoet_newsletter_max":["https:\/\/team-meble.pl\/wp-content\/uploads\/2024\/09\/110248-zrzut-ekranu-2023-02-14-110233_fcut.jpg.wq90.webp",791,523,false],"woocommerce_thumbnail":["https:\/\/team-meble.pl\/wp-content\/uploads\/2024\/09\/110248-zrzut-ekranu-2023-02-14-110233_fcut.jpg.wq90-300x300.webp",300,300,true],"woocommerce_single":["https:\/\/team-meble.pl\/wp-content\/uploads\/2024\/09\/110248-zrzut-ekranu-2023-02-14-110233_fcut.jpg.wq90-300x198.webp",300,198,true],"woocommerce_gallery_thumbnail":["https:\/\/team-meble.pl\/wp-content\/uploads\/2024\/09\/110248-zrzut-ekranu-2023-02-14-110233_fcut.jpg.wq90-100x100.webp",100,100,true]},"uagb_author_info":{"display_name":"Wiola","author_link":"https:\/\/team-meble.pl\/cs\/author\/"},"uagb_comment_info":0,"uagb_excerpt":"Rozm\u011bry: \u0161\u00ed\u0159ka - 90 cm hloubka - 78 cm v\u00fd\u0161ka - 104 cm","_links":{"self":[{"href":"https:\/\/team-meble.pl\/cs\/wp-json\/wp\/v2\/product\/15980","targetHints":{"allow":["GET"]}}],"collection":[{"href":"https:\/\/team-meble.pl\/cs\/wp-json\/wp\/v2\/product"}],"about":[{"href":"https:\/\/team-meble.pl\/cs\/wp-json\/wp\/v2\/types\/product"}],"replies":[{"embeddable":true,"href":"https:\/\/team-meble.pl\/cs\/wp-json\/wp\/v2\/comments?post=15980"}],"wp:featuredmedia":[{"embeddable":true,"href":"https:\/\/team-meble.pl\/cs\/wp-json\/wp\/v2\/media\/17639"}],"wp:attachment":[{"href":"https:\/\/team-meble.pl\/cs\/wp-json\/wp\/v2\/media?parent=15980"}],"wp:term":[{"taxonomy":"product_brand","embeddable":true,"href":"https:\/\/team-meble.pl\/cs\/wp-json\/wp\/v2\/product_brand?post=15980"},{"taxonomy":"product_cat","embeddable":true,"href":"https:\/\/team-meble.pl\/cs\/wp-json\/wp\/v2\/product_cat?post=15980"},{"taxonomy":"product_tag","embeddable":true,"href":"https:\/\/team-meble.pl\/cs\/wp-json\/wp\/v2\/product_tag?post=15980"}],"curies":[{"name":"wp","href":"https:\/\/api.w.org\/{rel}","templated":true}]}}