{"id":16004,"date":"2024-09-18T09:04:28","date_gmt":"2024-09-18T09:04:28","guid":{"rendered":"https:\/\/team-meble.pl\/produkt\/rtv-stul-1s-indigo\/"},"modified":"2024-09-18T09:04:28","modified_gmt":"2024-09-18T09:04:28","slug":"rtv-stul-1s-indigo","status":"publish","type":"product","link":"https:\/\/team-meble.pl\/cs\/produkt\/rtv-stul-1s-indigo\/","title":{"rendered":"RTV st\u016fl 1S Indigo"},"content":{"rendered":"<p>RTV1S s trojrozm\u011brn\u00fdm efektem d\u00edky zapu\u0161t\u011bn\u00fdm \u010del\u016fm sk\u0159\u00edn\u011bk a odkryt\u00e9 z\u00e1suvce, kter\u00e1 se skv\u011ble hod\u00ed na drobn\u00e9 p\u0159\u00edslu\u0161enstv\u00ed RTV, dv\u011b sk\u0159\u00ed\u0148ky, kter\u00e9 nab\u00edzej\u00ed dal\u0161\u00ed \u00falo\u017en\u00fd prostor.<br \/>\nZ\u00e1suvky maj\u00ed funkci pln\u00e9ho v\u00fdsuvu, kter\u00e1 v\u00fdrazn\u011b usnad\u0148uje p\u0159\u00edstup k p\u0159edm\u011bt\u016fm uvnit\u0159.<br \/>\nVysok\u00e9 no\u017eky umo\u017e\u0148uj\u00ed snadn\u00fd p\u0159\u00edstup pro \u010distic\u00ed roboty.<br \/>\nKovov\u00e9 \u00fachytky v matn\u011b zlat\u00e9 barv\u011b a ergonomick\u00e9m tvaru dod\u00e1vaj\u00ed sk\u0159\u00edni na eleganci.<br \/>\nP\u0159irozen\u00e9 zbarven\u00ed tepl\u00e9ho dekoru dubu Wotan na korpusu n\u00e1bytku v kombinaci s jednobarevnou b\u00e9\u017eovou nebo zelenou barvou dle vlastn\u00edho v\u00fdb\u011bru \u010din\u00ed kolekci p\u0159irozen\u011b kr\u00e1snou.    <\/p>\n","protected":false},"excerpt":{"rendered":"<p>Rozm\u011bry: \u0161\u00ed\u0159ka &#8211; 138 cm hloubka &#8211; 40 cm v\u00fd\u0161ka &#8211; 49 cm<\/p>\n","protected":false},"featured_media":17714,"comment_status":"open","ping_status":"closed","template":"","meta":{"_eb_attr":"","_uag_custom_page_level_css":"","site-sidebar-layout":"default","site-content-layout":"","ast-site-content-layout":"default","site-content-style":"default","site-sidebar-style":"default","ast-global-header-display":"","ast-banner-title-visibility":"","ast-main-header-display":"","ast-hfb-above-header-display":"","ast-hfb-below-header-display":"","ast-hfb-mobile-header-display":"","site-post-title":"","ast-breadcrumbs-content":"","ast-featured-img":"","footer-sml-layout":"","theme-transparent-header-meta":"default","adv-header-id-meta":"","stick-header-meta":"default","header-above-stick-meta":"","header-main-stick-meta":"","header-below-stick-meta":"","astra-migrate-meta-layouts":"default","ast-page-background-enabled":"default","ast-page-background-meta":{"desktop":{"background-color":"","background-image":"","background-repeat":"repeat","background-position":"center center","background-size":"auto","background-attachment":"scroll","background-type":"","background-media":"","overlay-type":"","overlay-color":"","overlay-opacity":"","overlay-gradient":""},"tablet":{"background-color":"","background-image":"","background-repeat":"repeat","background-position":"center center","background-size":"auto","background-attachment":"scroll","background-type":"","background-media":"","overlay-type":"","overlay-color":"","overlay-opacity":"","overlay-gradient":""},"mobile":{"background-color":"","background-image":"","background-repeat":"repeat","background-position":"center center","background-size":"auto","background-attachment":"scroll","background-type":"","background-media":"","overlay-type":"","overlay-color":"","overlay-opacity":"","overlay-gradient":""}},"ast-content-background-meta":{"desktop":{"background-color":"var(--ast-global-color-5)","background-image":"","background-repeat":"repeat","background-position":"center center","background-size":"auto","background-attachment":"scroll","background-type":"","background-media":"","overlay-type":"","overlay-color":"","overlay-opacity":"","overlay-gradient":""},"tablet":{"background-color":"var(--ast-global-color-5)","background-image":"","background-repeat":"repeat","background-position":"center center","background-size":"auto","background-attachment":"scroll","background-type":"","background-media":"","overlay-type":"","overlay-color":"","overlay-opacity":"","overlay-gradient":""},"mobile":{"background-color":"var(--ast-global-color-5)","background-image":"","background-repeat":"repeat","background-position":"center center","background-size":"auto","background-attachment":"scroll","background-type":"","background-media":"","overlay-type":"","overlay-color":"","overlay-opacity":"","overlay-gradient":""}}},"product_brand":[],"product_cat":[93,104,94,103,132,110],"product_tag":[],"class_list":{"0":"post-16004","1":"product","2":"type-product","3":"status-publish","4":"has-post-thumbnail","6":"product_cat-detsky-pokoj","7":"product_cat-jidelna","8":"product_cat-loznice","9":"product_cat-salon-cs","10":"product_cat-kancelar","11":"product_cat-televizni-stolky","12":"desktop-align-left","13":"tablet-align-left","14":"mobile-align-left","15":"ast-product-gallery-layout-horizontal-slider","16":"ast-product-tabs-layout-horizontal","17":"ast-qv-on-image","19":"first","20":"onbackorder","21":"shipping-taxable","22":"purchasable","23":"product-type-simple"},"spectra_custom_meta":{"_iwo_price_last_change":["a:4:{s:5:\"price\";s:0:\"\";s:10:\"price_sale\";s:0:\"\";s:19:\"price_including_tax\";d:0;s:9:\"timestamp\";i:1733256219;}"],"_eb_reusable_block_ids":["a:0:{}"],"_alp_processed":["1733256219"],"_wcml_average_rating":[null],"_wcml_review_count":[null],"_wcml_rating_count":[null],"_backorders":["no"],"_download_limit":["-1"],"_download_expiry":["-1"],"_downloadable":["no"],"_manage_stock":["no"],"_stock_status":["onbackorder"],"_sold_individually":["no"],"_tax_class":[""],"_tax_status":["taxable"],"_virtual":["no"],"total_sales":["0"],"_wpml_media_duplicate":["0"],"_wpml_media_featured":["0"],"stick-header-meta":["default"],"site-sidebar-layout":["default"],"theme-transparent-header-meta":["default"],"ast-site-content-layout":["default"],"site-content-style":["default"],"site-sidebar-style":["default"],"wcml_sync_hash":["a:1:{s:15:\"postmeta_fields\";s:32:\"8cc6ac085e4f32279c03dd831b38225d\";}"],"attr_label_translations":["a:0:{}"],"_crosssell_ids":["a:0:{}"],"_uag_page_assets":["a:9:{s:3:\"css\";s:263:\".uag-blocks-common-selector{z-index:var(--z-index-desktop) !important}@media (max-width: 976px){.uag-blocks-common-selector{z-index:var(--z-index-tablet) !important}}@media (max-width: 767px){.uag-blocks-common-selector{z-index:var(--z-index-mobile) !important}}\n\";s:2:\"js\";s:0:\"\";s:18:\"current_block_list\";a:13:{i:0;s:11:\"core\/search\";i:1;s:10:\"core\/group\";i:2;s:12:\"core\/heading\";i:3;s:17:\"core\/latest-posts\";i:4;s:20:\"core\/latest-comments\";i:5;s:13:\"core\/archives\";i:6;s:15:\"core\/categories\";i:7;s:26:\"woocommerce\/filter-wrapper\";i:8;s:24:\"woocommerce\/price-filter\";i:9;s:30:\"woocommerce\/product-categories\";i:10;s:26:\"woocommerce\/active-filters\";i:11;s:23:\"essential-blocks\/social\";i:12;s:24:\"woocommerce\/stock-filter\";}s:8:\"uag_flag\";b:0;s:11:\"uag_version\";s:10:\"1776591033\";s:6:\"gfonts\";a:0:{}s:10:\"gfonts_url\";s:0:\"\";s:12:\"gfonts_files\";a:0:{}s:14:\"uag_faq_layout\";b:0;}"],"_wp_attachment_metadata":[""],"_thumbnail_id":["17714"],"_regular_price":[2713.2],"_price":[2713.2],"_max_variation_price":[""],"_max_variation_regular_price":[""],"_max_variation_sale_price":[""],"_min_variation_price":[""],"_min_variation_regular_price":[""],"_min_variation_sale_price":[""],"_sale_price":[""],"_wc_rating_count":[""],"_wc_review_count":[""],"_wc_average_rating":[0]},"uagb_featured_image_src":{"full":["https:\/\/team-meble.pl\/wp-content\/uploads\/2024\/09\/Biurko-INDYGO-B2S-dwie-szufladki-BEIGE-WOTAN-Gala-Meble-Marka-Gala-Meble.jpg",1600,1100,false],"thumbnail":["https:\/\/team-meble.pl\/wp-content\/uploads\/2024\/09\/Biurko-INDYGO-B2S-dwie-szufladki-BEIGE-WOTAN-Gala-Meble-Marka-Gala-Meble-150x150.jpg",150,150,true],"medium":["https:\/\/team-meble.pl\/wp-content\/uploads\/2024\/09\/Biurko-INDYGO-B2S-dwie-szufladki-BEIGE-WOTAN-Gala-Meble-Marka-Gala-Meble-300x206.jpg",300,206,true],"medium_large":["https:\/\/team-meble.pl\/wp-content\/uploads\/2024\/09\/Biurko-INDYGO-B2S-dwie-szufladki-BEIGE-WOTAN-Gala-Meble-Marka-Gala-Meble-768x528.jpg",768,528,true],"large":["https:\/\/team-meble.pl\/wp-content\/uploads\/2024\/09\/Biurko-INDYGO-B2S-dwie-szufladki-BEIGE-WOTAN-Gala-Meble-Marka-Gala-Meble-1024x704.jpg",1024,704,true],"1536x1536":["https:\/\/team-meble.pl\/wp-content\/uploads\/2024\/09\/Biurko-INDYGO-B2S-dwie-szufladki-BEIGE-WOTAN-Gala-Meble-Marka-Gala-Meble-1536x1056.jpg",1536,1056,true],"2048x2048":["https:\/\/team-meble.pl\/wp-content\/uploads\/2024\/09\/Biurko-INDYGO-B2S-dwie-szufladki-BEIGE-WOTAN-Gala-Meble-Marka-Gala-Meble.jpg",1600,1100,false],"mailpoet_newsletter_max":["https:\/\/team-meble.pl\/wp-content\/uploads\/2024\/09\/Biurko-INDYGO-B2S-dwie-szufladki-BEIGE-WOTAN-Gala-Meble-Marka-Gala-Meble-1320x908.jpg",1320,908,true],"woocommerce_thumbnail":["https:\/\/team-meble.pl\/wp-content\/uploads\/2024\/09\/Biurko-INDYGO-B2S-dwie-szufladki-BEIGE-WOTAN-Gala-Meble-Marka-Gala-Meble-300x300.jpg",300,300,true],"woocommerce_single":["https:\/\/team-meble.pl\/wp-content\/uploads\/2024\/09\/Biurko-INDYGO-B2S-dwie-szufladki-BEIGE-WOTAN-Gala-Meble-Marka-Gala-Meble-300x206.jpg",300,206,true],"woocommerce_gallery_thumbnail":["https:\/\/team-meble.pl\/wp-content\/uploads\/2024\/09\/Biurko-INDYGO-B2S-dwie-szufladki-BEIGE-WOTAN-Gala-Meble-Marka-Gala-Meble-100x100.jpg",100,100,true]},"uagb_author_info":{"display_name":"Wiola","author_link":"https:\/\/team-meble.pl\/cs\/author\/"},"uagb_comment_info":0,"uagb_excerpt":"Rozm\u011bry: \u0161\u00ed\u0159ka - 138 cm hloubka - 40 cm v\u00fd\u0161ka - 49 cm","_links":{"self":[{"href":"https:\/\/team-meble.pl\/cs\/wp-json\/wp\/v2\/product\/16004","targetHints":{"allow":["GET"]}}],"collection":[{"href":"https:\/\/team-meble.pl\/cs\/wp-json\/wp\/v2\/product"}],"about":[{"href":"https:\/\/team-meble.pl\/cs\/wp-json\/wp\/v2\/types\/product"}],"replies":[{"embeddable":true,"href":"https:\/\/team-meble.pl\/cs\/wp-json\/wp\/v2\/comments?post=16004"}],"wp:featuredmedia":[{"embeddable":true,"href":"https:\/\/team-meble.pl\/cs\/wp-json\/wp\/v2\/media\/17714"}],"wp:attachment":[{"href":"https:\/\/team-meble.pl\/cs\/wp-json\/wp\/v2\/media?parent=16004"}],"wp:term":[{"taxonomy":"product_brand","embeddable":true,"href":"https:\/\/team-meble.pl\/cs\/wp-json\/wp\/v2\/product_brand?post=16004"},{"taxonomy":"product_cat","embeddable":true,"href":"https:\/\/team-meble.pl\/cs\/wp-json\/wp\/v2\/product_cat?post=16004"},{"taxonomy":"product_tag","embeddable":true,"href":"https:\/\/team-meble.pl\/cs\/wp-json\/wp\/v2\/product_tag?post=16004"}],"curies":[{"name":"wp","href":"https:\/\/api.w.org\/{rel}","templated":true}]}}