{"id":16017,"date":"2024-09-18T14:30:06","date_gmt":"2024-09-18T14:30:06","guid":{"rendered":"https:\/\/team-meble.pl\/produkt\/komoda-k2d-montana\/"},"modified":"2024-09-18T14:30:06","modified_gmt":"2024-09-18T14:30:06","slug":"komoda-k2d-montana","status":"publish","type":"product","link":"https:\/\/team-meble.pl\/cs\/produkt\/komoda-k2d-montana\/","title":{"rendered":"Komoda K2D Montana"},"content":{"rendered":"<p>Komoda MONTANA pat\u0159\u00ed do modern\u00ed kolekce n\u00e1bytku zalo\u017een\u00e9 na jednoduchosti a eleganci masivn\u00edch materi\u00e1l\u016f.<br \/>\nT\u0159i barevn\u00e9 varianty v\u00e1m umo\u017en\u00ed sladit n\u00e1bytek s designem interi\u00e9ru, ve kter\u00e9m bude pou\u017eit.<br \/>\nT\u0159i z\u00e1suvky spolu s prosklen\u00fdmi sk\u0159\u00ed\u0148kami vytv\u00e1\u0159ej\u00ed prostor, kter\u00fd lze snadno uspo\u0159\u00e1dat.<br \/>\nD\u00edky bez\u00fachytkov\u00e9mu proveden\u00ed je syst\u00e9m MONTANA minimalisti\u010dt\u011bj\u0161\u00ed a masivn\u011bj\u0161\u00ed, co\u017e mu neub\u00edr\u00e1 na p\u016fvabu, ale naopak ho origin\u00e1ln\u00edm zp\u016fsobem umoc\u0148uje.<br \/>\nTento kus n\u00e1bytku je vybaven dv\u011bma prosklen\u00fdmi sk\u0159\u00ed\u0148kami a t\u0159emi z\u00e1suvkami, kter\u00e9 v\u00e1m umo\u017en\u00ed uspo\u0159\u00e1dat v\u011bci ka\u017edodenn\u00ed pot\u0159eby.<br \/>\nPolice a \u0161irok\u00e1 horn\u00ed deska v\u00e1m umo\u017en\u00ed vystavit dekorativn\u00ed prvky.<br \/>\nBarva desky: D\u0159ev\u011bn\u00e1 deska je vyrobena z kvalitn\u00edho d\u0159eva:        <\/p>\n<ul>\n<li><strong>  Dub Lefkas \/ Hladk\u00e1 \u0161ed\u00e1  <\/strong><\/li>\n<li><strong>  Dub Lefkas  <\/strong><\/li>\n<li><strong>  Lan\u00fd\u017eov\u00fd dub<\/strong><\/li>\n<\/ul>\n","protected":false},"excerpt":{"rendered":"<p>Rozm\u011bry: \u0161\u00ed\u0159ka &#8211; 140 cm hloubka &#8211; 43 cm v\u00fd\u0161ka &#8211; 80 cm<\/p>\n","protected":false},"featured_media":17785,"comment_status":"open","ping_status":"closed","template":"","meta":{"_eb_attr":"","_uag_custom_page_level_css":"","site-sidebar-layout":"default","site-content-layout":"","ast-site-content-layout":"default","site-content-style":"default","site-sidebar-style":"default","ast-global-header-display":"","ast-banner-title-visibility":"","ast-main-header-display":"","ast-hfb-above-header-display":"","ast-hfb-below-header-display":"","ast-hfb-mobile-header-display":"","site-post-title":"","ast-breadcrumbs-content":"","ast-featured-img":"","footer-sml-layout":"","theme-transparent-header-meta":"default","adv-header-id-meta":"","stick-header-meta":"default","header-above-stick-meta":"","header-main-stick-meta":"","header-below-stick-meta":"","astra-migrate-meta-layouts":"default","ast-page-background-enabled":"default","ast-page-background-meta":{"desktop":{"background-color":"","background-image":"","background-repeat":"repeat","background-position":"center center","background-size":"auto","background-attachment":"scroll","background-type":"","background-media":"","overlay-type":"","overlay-color":"","overlay-opacity":"","overlay-gradient":""},"tablet":{"background-color":"","background-image":"","background-repeat":"repeat","background-position":"center center","background-size":"auto","background-attachment":"scroll","background-type":"","background-media":"","overlay-type":"","overlay-color":"","overlay-opacity":"","overlay-gradient":""},"mobile":{"background-color":"","background-image":"","background-repeat":"repeat","background-position":"center center","background-size":"auto","background-attachment":"scroll","background-type":"","background-media":"","overlay-type":"","overlay-color":"","overlay-opacity":"","overlay-gradient":""}},"ast-content-background-meta":{"desktop":{"background-color":"var(--ast-global-color-5)","background-image":"","background-repeat":"repeat","background-position":"center center","background-size":"auto","background-attachment":"scroll","background-type":"","background-media":"","overlay-type":"","overlay-color":"","overlay-opacity":"","overlay-gradient":""},"tablet":{"background-color":"var(--ast-global-color-5)","background-image":"","background-repeat":"repeat","background-position":"center center","background-size":"auto","background-attachment":"scroll","background-type":"","background-media":"","overlay-type":"","overlay-color":"","overlay-opacity":"","overlay-gradient":""},"mobile":{"background-color":"var(--ast-global-color-5)","background-image":"","background-repeat":"repeat","background-position":"center center","background-size":"auto","background-attachment":"scroll","background-type":"","background-media":"","overlay-type":"","overlay-color":"","overlay-opacity":"","overlay-gradient":""}}},"product_brand":[],"product_cat":[93,104,94,105,103,132,108],"product_tag":[],"class_list":{"0":"post-16017","1":"product","2":"type-product","3":"status-publish","4":"has-post-thumbnail","6":"product_cat-detsky-pokoj","7":"product_cat-jidelna","8":"product_cat-loznice","9":"product_cat-predsin","10":"product_cat-salon-cs","11":"product_cat-kancelar","12":"product_cat-komody-cs","13":"desktop-align-left","14":"tablet-align-left","15":"mobile-align-left","16":"ast-product-gallery-layout-horizontal-slider","17":"ast-product-tabs-layout-horizontal","18":"ast-qv-on-image","20":"first","21":"onbackorder","22":"shipping-taxable","23":"purchasable","24":"product-type-simple"},"spectra_custom_meta":{"_iwo_price_last_change":["a:4:{s:5:\"price\";s:0:\"\";s:10:\"price_sale\";s:0:\"\";s:19:\"price_including_tax\";d:0;s:9:\"timestamp\";i:1733256229;}"],"_eb_reusable_block_ids":["a:0:{}"],"_alp_processed":["1733256229"],"_wcml_average_rating":[null],"_wcml_review_count":[null],"_wcml_rating_count":[null],"_backorders":["no"],"_download_limit":["-1"],"_download_expiry":["-1"],"_downloadable":["no"],"_manage_stock":["no"],"_stock_status":["onbackorder"],"_sold_individually":["no"],"_tax_class":[""],"_tax_status":["taxable"],"_virtual":["no"],"total_sales":["0"],"_wpml_media_duplicate":["0"],"_wpml_media_featured":["0"],"stick-header-meta":["default"],"site-sidebar-layout":["default"],"theme-transparent-header-meta":["default"],"ast-site-content-layout":["default"],"site-content-style":["default"],"site-sidebar-style":["default"],"wcml_sync_hash":["a:1:{s:15:\"postmeta_fields\";s:32:\"079025b4e276848b45df9da872653946\";}"],"attr_label_translations":["a:0:{}"],"_product_attributes":["a:0:{}"],"_default_attributes":["a:0:{}"],"_upsell_ids":["a:0:{}"],"_crosssell_ids":["a:0:{}"],"_children":["a:0:{}"],"_uag_page_assets":["a:9:{s:3:\"css\";s:263:\".uag-blocks-common-selector{z-index:var(--z-index-desktop) !important}@media (max-width: 976px){.uag-blocks-common-selector{z-index:var(--z-index-tablet) !important}}@media (max-width: 767px){.uag-blocks-common-selector{z-index:var(--z-index-mobile) !important}}\n\";s:2:\"js\";s:0:\"\";s:18:\"current_block_list\";a:13:{i:0;s:11:\"core\/search\";i:1;s:10:\"core\/group\";i:2;s:12:\"core\/heading\";i:3;s:17:\"core\/latest-posts\";i:4;s:20:\"core\/latest-comments\";i:5;s:13:\"core\/archives\";i:6;s:15:\"core\/categories\";i:7;s:26:\"woocommerce\/filter-wrapper\";i:8;s:24:\"woocommerce\/price-filter\";i:9;s:30:\"woocommerce\/product-categories\";i:10;s:26:\"woocommerce\/active-filters\";i:11;s:23:\"essential-blocks\/social\";i:12;s:24:\"woocommerce\/stock-filter\";}s:8:\"uag_flag\";b:0;s:11:\"uag_version\";s:10:\"1776798415\";s:6:\"gfonts\";a:0:{}s:10:\"gfonts_url\";s:0:\"\";s:12:\"gfonts_files\";a:0:{}s:14:\"uag_faq_layout\";b:0;}"],"_wp_attachment_metadata":[""],"_thumbnail_id":["17785"],"_regular_price":[4639.8],"_price":[4639.8],"_uag_css_file_name":["uag-css-16017.css"],"_max_variation_price":[""],"_max_variation_regular_price":[""],"_max_variation_sale_price":[""],"_min_variation_price":[""],"_min_variation_regular_price":[""],"_min_variation_sale_price":[""],"_sale_price":[""],"_wc_rating_count":[""],"_wc_review_count":[""],"_wc_average_rating":[0]},"uagb_featured_image_src":{"full":["https:\/\/team-meble.pl\/wp-content\/uploads\/2024\/09\/Komoda-Montana-K2D-dab-lefkas.jpg",858,584,false],"thumbnail":["https:\/\/team-meble.pl\/wp-content\/uploads\/2024\/09\/Komoda-Montana-K2D-dab-lefkas-150x150.jpg",150,150,true],"medium":["https:\/\/team-meble.pl\/wp-content\/uploads\/2024\/09\/Komoda-Montana-K2D-dab-lefkas-300x204.jpg",300,204,true],"medium_large":["https:\/\/team-meble.pl\/wp-content\/uploads\/2024\/09\/Komoda-Montana-K2D-dab-lefkas-768x523.jpg",768,523,true],"large":["https:\/\/team-meble.pl\/wp-content\/uploads\/2024\/09\/Komoda-Montana-K2D-dab-lefkas.jpg",858,584,false],"1536x1536":["https:\/\/team-meble.pl\/wp-content\/uploads\/2024\/09\/Komoda-Montana-K2D-dab-lefkas.jpg",858,584,false],"2048x2048":["https:\/\/team-meble.pl\/wp-content\/uploads\/2024\/09\/Komoda-Montana-K2D-dab-lefkas.jpg",858,584,false],"mailpoet_newsletter_max":["https:\/\/team-meble.pl\/wp-content\/uploads\/2024\/09\/Komoda-Montana-K2D-dab-lefkas.jpg",858,584,false],"woocommerce_thumbnail":["https:\/\/team-meble.pl\/wp-content\/uploads\/2024\/09\/Komoda-Montana-K2D-dab-lefkas-300x300.jpg",300,300,true],"woocommerce_single":["https:\/\/team-meble.pl\/wp-content\/uploads\/2024\/09\/Komoda-Montana-K2D-dab-lefkas-300x204.jpg",300,204,true],"woocommerce_gallery_thumbnail":["https:\/\/team-meble.pl\/wp-content\/uploads\/2024\/09\/Komoda-Montana-K2D-dab-lefkas-100x100.jpg",100,100,true]},"uagb_author_info":{"display_name":"Wiola","author_link":"https:\/\/team-meble.pl\/cs\/author\/"},"uagb_comment_info":0,"uagb_excerpt":"Rozm\u011bry: \u0161\u00ed\u0159ka - 140 cm hloubka - 43 cm v\u00fd\u0161ka - 80 cm","_links":{"self":[{"href":"https:\/\/team-meble.pl\/cs\/wp-json\/wp\/v2\/product\/16017","targetHints":{"allow":["GET"]}}],"collection":[{"href":"https:\/\/team-meble.pl\/cs\/wp-json\/wp\/v2\/product"}],"about":[{"href":"https:\/\/team-meble.pl\/cs\/wp-json\/wp\/v2\/types\/product"}],"replies":[{"embeddable":true,"href":"https:\/\/team-meble.pl\/cs\/wp-json\/wp\/v2\/comments?post=16017"}],"wp:featuredmedia":[{"embeddable":true,"href":"https:\/\/team-meble.pl\/cs\/wp-json\/wp\/v2\/media\/17785"}],"wp:attachment":[{"href":"https:\/\/team-meble.pl\/cs\/wp-json\/wp\/v2\/media?parent=16017"}],"wp:term":[{"taxonomy":"product_brand","embeddable":true,"href":"https:\/\/team-meble.pl\/cs\/wp-json\/wp\/v2\/product_brand?post=16017"},{"taxonomy":"product_cat","embeddable":true,"href":"https:\/\/team-meble.pl\/cs\/wp-json\/wp\/v2\/product_cat?post=16017"},{"taxonomy":"product_tag","embeddable":true,"href":"https:\/\/team-meble.pl\/cs\/wp-json\/wp\/v2\/product_tag?post=16017"}],"curies":[{"name":"wp","href":"https:\/\/api.w.org\/{rel}","templated":true}]}}