{"id":16036,"date":"2024-09-21T11:28:14","date_gmt":"2024-09-21T11:28:14","guid":{"rendered":"https:\/\/team-meble.pl\/produkt\/2mistna-pohovka-punto\/"},"modified":"2024-09-21T11:28:14","modified_gmt":"2024-09-21T11:28:14","slug":"2mistna-pohovka-punto","status":"publish","type":"product","link":"https:\/\/team-meble.pl\/cs\/produkt\/2mistna-pohovka-punto\/","title":{"rendered":"2m\u00edstn\u00e1 pohovka Punto"},"content":{"rendered":"<p>Dvoum\u00edstn\u00e1 pohovka Punto je n\u00e1vrhem pro mal\u00fd interi\u00e9r.<br \/>\nD\u00edky sv\u00fdm mal\u00fdm rozm\u011br\u016fm m\u016f\u017ee b\u00fdt tento kus n\u00e1bytku alternativou ke standardn\u00edm pohovk\u00e1m.<br \/>\nD\u00edky pou\u017eit\u00fdm \u0159e\u0161en\u00edm je n\u00e1bytek ide\u00e1ln\u00ed pro ka\u017edodenn\u00ed span\u00ed.<br \/>\nPou\u017eit\u00ed dvojit\u00e9ho pru\u017een\u00ed (pru\u017einov\u00e9 lamely a bonell) poskytuje pohodl\u00ed p\u0159i sezen\u00ed i span\u00ed, zat\u00edmco op\u011brn\u00e9 pol\u0161t\u00e1\u0159e vypln\u011bn\u00e9 vysoce pru\u017enou p\u011bnou dod\u00e1vaj\u00ed pocit m\u011bkkosti a zaji\u0161\u0165uj\u00ed p\u0159\u00edjemn\u00fd odpo\u010dinek.<br \/>\nN\u00e1bytek m\u00e1 funkci span\u00ed na voz\u00edku.<br \/>\nDekorativn\u00edm prvkem je pro\u0161it\u00ed na boc\u00edch proveden\u00e9 kontrastn\u00ed nit\u00ed.<br \/>\nJemn\u00e1 vlo\u017eka na pol\u0161t\u00e1\u0159i v kontrastn\u00ed barv\u011b rozb\u00edj\u00ed monot\u00f3nnost a dod\u00e1v\u00e1 eleganci.<br \/>\nPohovka je vybavena kontejnerem na l\u016f\u017ekoviny.       <\/p>\n","protected":false},"excerpt":{"rendered":"<p>Rozm\u011bry: \u0160\u00ed\u0159ka -150 cm Hloubka &#8211; 97 cm V\u00fd\u0161ka &#8211; 92 cm Plocha na span\u00ed &#8211; 196 cm x 125 cm.<\/p>\n","protected":false},"featured_media":17854,"comment_status":"open","ping_status":"closed","template":"","meta":{"_eb_attr":"","_uag_custom_page_level_css":"","site-sidebar-layout":"default","site-content-layout":"","ast-site-content-layout":"default","site-content-style":"default","site-sidebar-style":"default","ast-global-header-display":"","ast-banner-title-visibility":"","ast-main-header-display":"","ast-hfb-above-header-display":"","ast-hfb-below-header-display":"","ast-hfb-mobile-header-display":"","site-post-title":"","ast-breadcrumbs-content":"","ast-featured-img":"","footer-sml-layout":"","theme-transparent-header-meta":"default","adv-header-id-meta":"","stick-header-meta":"default","header-above-stick-meta":"","header-main-stick-meta":"","header-below-stick-meta":"","astra-migrate-meta-layouts":"default","ast-page-background-enabled":"default","ast-page-background-meta":{"desktop":{"background-color":"","background-image":"","background-repeat":"repeat","background-position":"center center","background-size":"auto","background-attachment":"scroll","background-type":"","background-media":"","overlay-type":"","overlay-color":"","overlay-opacity":"","overlay-gradient":""},"tablet":{"background-color":"","background-image":"","background-repeat":"repeat","background-position":"center center","background-size":"auto","background-attachment":"scroll","background-type":"","background-media":"","overlay-type":"","overlay-color":"","overlay-opacity":"","overlay-gradient":""},"mobile":{"background-color":"","background-image":"","background-repeat":"repeat","background-position":"center center","background-size":"auto","background-attachment":"scroll","background-type":"","background-media":"","overlay-type":"","overlay-color":"","overlay-opacity":"","overlay-gradient":""}},"ast-content-background-meta":{"desktop":{"background-color":"var(--ast-global-color-5)","background-image":"","background-repeat":"repeat","background-position":"center center","background-size":"auto","background-attachment":"scroll","background-type":"","background-media":"","overlay-type":"","overlay-color":"","overlay-opacity":"","overlay-gradient":""},"tablet":{"background-color":"var(--ast-global-color-5)","background-image":"","background-repeat":"repeat","background-position":"center center","background-size":"auto","background-attachment":"scroll","background-type":"","background-media":"","overlay-type":"","overlay-color":"","overlay-opacity":"","overlay-gradient":""},"mobile":{"background-color":"var(--ast-global-color-5)","background-image":"","background-repeat":"repeat","background-position":"center center","background-size":"auto","background-attachment":"scroll","background-type":"","background-media":"","overlay-type":"","overlay-color":"","overlay-opacity":"","overlay-gradient":""}}},"product_brand":[],"product_cat":[93,94,117],"product_tag":[],"class_list":{"0":"post-16036","1":"product","2":"type-product","3":"status-publish","4":"has-post-thumbnail","6":"product_cat-detsky-pokoj","7":"product_cat-loznice","8":"product_cat-gauc","9":"desktop-align-left","10":"tablet-align-left","11":"mobile-align-left","12":"ast-product-gallery-layout-horizontal-slider","13":"ast-product-tabs-layout-horizontal","14":"ast-qv-on-image","16":"first","17":"onbackorder","18":"shipping-taxable","19":"purchasable","20":"product-type-simple"},"spectra_custom_meta":{"_iwo_price_last_change":["a:4:{s:5:\"price\";s:0:\"\";s:10:\"price_sale\";s:0:\"\";s:19:\"price_including_tax\";d:0;s:9:\"timestamp\";i:1733256245;}"],"_eb_reusable_block_ids":["a:0:{}"],"_alp_processed":["1733256245"],"_wcml_average_rating":[null],"_wcml_review_count":[null],"_wcml_rating_count":[null],"_backorders":["no"],"_download_limit":["-1"],"_download_expiry":["-1"],"_downloadable":["no"],"_manage_stock":["no"],"_stock_status":["onbackorder"],"_sold_individually":["no"],"_tax_class":[""],"_tax_status":["taxable"],"_virtual":["no"],"total_sales":["0"],"_wpml_media_duplicate":["0"],"_wpml_media_featured":["0"],"stick-header-meta":["default"],"site-sidebar-layout":["default"],"theme-transparent-header-meta":["default"],"ast-site-content-layout":["default"],"site-content-style":["default"],"site-sidebar-style":["default"],"wcml_sync_hash":["a:1:{s:15:\"postmeta_fields\";s:32:\"1da8fbb3fc2d5e7e827083daf2289631\";}"],"attr_label_translations":["a:0:{}"],"_product_attributes":["a:0:{}"],"_default_attributes":["a:0:{}"],"_upsell_ids":["a:0:{}"],"_crosssell_ids":["a:0:{}"],"_children":["a:0:{}"],"_uag_page_assets":["a:9:{s:3:\"css\";s:263:\".uag-blocks-common-selector{z-index:var(--z-index-desktop) !important}@media (max-width: 976px){.uag-blocks-common-selector{z-index:var(--z-index-tablet) !important}}@media (max-width: 767px){.uag-blocks-common-selector{z-index:var(--z-index-mobile) !important}}\n\";s:2:\"js\";s:0:\"\";s:18:\"current_block_list\";a:13:{i:0;s:11:\"core\/search\";i:1;s:10:\"core\/group\";i:2;s:12:\"core\/heading\";i:3;s:17:\"core\/latest-posts\";i:4;s:20:\"core\/latest-comments\";i:5;s:13:\"core\/archives\";i:6;s:15:\"core\/categories\";i:7;s:26:\"woocommerce\/filter-wrapper\";i:8;s:24:\"woocommerce\/price-filter\";i:9;s:30:\"woocommerce\/product-categories\";i:10;s:26:\"woocommerce\/active-filters\";i:11;s:23:\"essential-blocks\/social\";i:12;s:24:\"woocommerce\/stock-filter\";}s:8:\"uag_flag\";b:0;s:11:\"uag_version\";s:10:\"1776232575\";s:6:\"gfonts\";a:0:{}s:10:\"gfonts_url\";s:0:\"\";s:12:\"gfonts_files\";a:0:{}s:14:\"uag_faq_layout\";b:0;}"],"_wp_attachment_metadata":[""],"_thumbnail_id":["17854"],"_regular_price":[16296.3],"_price":[16296.3],"_max_variation_price":[""],"_max_variation_regular_price":[""],"_max_variation_sale_price":[""],"_min_variation_price":[""],"_min_variation_regular_price":[""],"_min_variation_sale_price":[""],"_sale_price":[""],"_wc_rating_count":[""],"_wc_review_count":[""],"_wc_average_rating":[0]},"uagb_featured_image_src":{"full":["https:\/\/team-meble.pl\/wp-content\/uploads\/2024\/09\/PUNTO-2FBK-1536x864-1.webp",1536,864,false],"thumbnail":["https:\/\/team-meble.pl\/wp-content\/uploads\/2024\/09\/PUNTO-2FBK-1536x864-1-150x150.webp",150,150,true],"medium":["https:\/\/team-meble.pl\/wp-content\/uploads\/2024\/09\/PUNTO-2FBK-1536x864-1-300x169.webp",300,169,true],"medium_large":["https:\/\/team-meble.pl\/wp-content\/uploads\/2024\/09\/PUNTO-2FBK-1536x864-1-768x432.webp",768,432,true],"large":["https:\/\/team-meble.pl\/wp-content\/uploads\/2024\/09\/PUNTO-2FBK-1536x864-1-1024x576.webp",1024,576,true],"1536x1536":["https:\/\/team-meble.pl\/wp-content\/uploads\/2024\/09\/PUNTO-2FBK-1536x864-1.webp",1536,864,false],"2048x2048":["https:\/\/team-meble.pl\/wp-content\/uploads\/2024\/09\/PUNTO-2FBK-1536x864-1.webp",1536,864,false],"mailpoet_newsletter_max":["https:\/\/team-meble.pl\/wp-content\/uploads\/2024\/09\/PUNTO-2FBK-1536x864-1-1320x743.webp",1320,743,true],"woocommerce_thumbnail":["https:\/\/team-meble.pl\/wp-content\/uploads\/2024\/09\/PUNTO-2FBK-1536x864-1-300x300.webp",300,300,true],"woocommerce_single":["https:\/\/team-meble.pl\/wp-content\/uploads\/2024\/09\/PUNTO-2FBK-1536x864-1-300x169.webp",300,169,true],"woocommerce_gallery_thumbnail":["https:\/\/team-meble.pl\/wp-content\/uploads\/2024\/09\/PUNTO-2FBK-1536x864-1-100x100.webp",100,100,true]},"uagb_author_info":{"display_name":"Wiola","author_link":"https:\/\/team-meble.pl\/cs\/author\/"},"uagb_comment_info":0,"uagb_excerpt":"Rozm\u011bry: \u0160\u00ed\u0159ka -150 cm Hloubka - 97 cm V\u00fd\u0161ka - 92 cm Plocha na span\u00ed - 196 cm x 125 cm.","_links":{"self":[{"href":"https:\/\/team-meble.pl\/cs\/wp-json\/wp\/v2\/product\/16036","targetHints":{"allow":["GET"]}}],"collection":[{"href":"https:\/\/team-meble.pl\/cs\/wp-json\/wp\/v2\/product"}],"about":[{"href":"https:\/\/team-meble.pl\/cs\/wp-json\/wp\/v2\/types\/product"}],"replies":[{"embeddable":true,"href":"https:\/\/team-meble.pl\/cs\/wp-json\/wp\/v2\/comments?post=16036"}],"wp:featuredmedia":[{"embeddable":true,"href":"https:\/\/team-meble.pl\/cs\/wp-json\/wp\/v2\/media\/17854"}],"wp:attachment":[{"href":"https:\/\/team-meble.pl\/cs\/wp-json\/wp\/v2\/media?parent=16036"}],"wp:term":[{"taxonomy":"product_brand","embeddable":true,"href":"https:\/\/team-meble.pl\/cs\/wp-json\/wp\/v2\/product_brand?post=16036"},{"taxonomy":"product_cat","embeddable":true,"href":"https:\/\/team-meble.pl\/cs\/wp-json\/wp\/v2\/product_cat?post=16036"},{"taxonomy":"product_tag","embeddable":true,"href":"https:\/\/team-meble.pl\/cs\/wp-json\/wp\/v2\/product_tag?post=16036"}],"curies":[{"name":"wp","href":"https:\/\/api.w.org\/{rel}","templated":true}]}}