{"id":16125,"date":"2024-10-03T10:09:29","date_gmt":"2024-10-03T10:09:29","guid":{"rendered":"https:\/\/team-meble.pl\/produkt\/tabulka-60-kruhova-etna\/"},"modified":"2024-10-03T10:09:29","modified_gmt":"2024-10-03T10:09:29","slug":"tabulka-60-kruhova-etna","status":"publish","type":"product","link":"https:\/\/team-meble.pl\/cs\/produkt\/tabulka-60-kruhova-etna\/","title":{"rendered":"Tabulka 60 kruhov\u00e1 Etna"},"content":{"rendered":"<p>Kolekce Etna p\u0159edstavuje jedine\u010dn\u00fd n\u00e1bytek do ob\u00fdvac\u00edho pokoje, j\u00eddelny a lo\u017enice z masivn\u00edho d\u0159eva a p\u0159\u00edrodn\u00ed d\u00fdhy.<br \/>\nVyzna\u010duje se fascinuj\u00edc\u00edmi tvary inspirovan\u00fdmi industri\u00e1ln\u00edm stylem a origin\u00e1ln\u00ed barevnou paletou, v n\u00ed\u017e se p\u0159\u00edrodn\u00ed dub snoub\u00ed s tmav\u011b \u010dern\u00fdm sklem.<br \/>\nD\u0159ev\u011bn\u00e9 prvky vyroben\u00e9 z dubov\u00e9ho d\u0159eva byly pe\u010dliv\u011b strukturov\u00e1ny a podrobeny procesu mo\u0159en\u00ed, co\u017e jim dod\u00e1v\u00e1 jedine\u010dn\u00fd charakter.<br \/>\nKovov\u00e9 nohy a origin\u00e1ln\u00ed \u00fachytky z \u010dern\u00e9ho skla dokonale odr\u00e1\u017eej\u00ed estetiku kolekce a dod\u00e1vaj\u00ed n\u00e1bytku lehkost a designov\u00fd v\u00fdraz.<br \/>\nDesky stol\u016f jsou nejen trvanliv\u00e9 a odoln\u00e9 v\u016f\u010di teplu a alkoholu, ale tak\u00e9 vypadaj\u00ed elegantn\u011b.      &nbsp;<\/p>\n","protected":false},"excerpt":{"rendered":"<p>Rozm\u011bry: \u0161\u00ed\u0159ka &#8211; 60 cm hloubka &#8211; 60 cm v\u00fd\u0161ka &#8211; 50 cm<\/p>\n","protected":false},"featured_media":17952,"comment_status":"open","ping_status":"closed","template":"","meta":{"_eb_attr":"","_uag_custom_page_level_css":"","site-sidebar-layout":"default","site-content-layout":"","ast-site-content-layout":"default","site-content-style":"default","site-sidebar-style":"default","ast-global-header-display":"","ast-banner-title-visibility":"","ast-main-header-display":"","ast-hfb-above-header-display":"","ast-hfb-below-header-display":"","ast-hfb-mobile-header-display":"","site-post-title":"","ast-breadcrumbs-content":"","ast-featured-img":"","footer-sml-layout":"","theme-transparent-header-meta":"default","adv-header-id-meta":"","stick-header-meta":"default","header-above-stick-meta":"","header-main-stick-meta":"","header-below-stick-meta":"","astra-migrate-meta-layouts":"default","ast-page-background-enabled":"default","ast-page-background-meta":{"desktop":{"background-color":"","background-image":"","background-repeat":"repeat","background-position":"center center","background-size":"auto","background-attachment":"scroll","background-type":"","background-media":"","overlay-type":"","overlay-color":"","overlay-opacity":"","overlay-gradient":""},"tablet":{"background-color":"","background-image":"","background-repeat":"repeat","background-position":"center center","background-size":"auto","background-attachment":"scroll","background-type":"","background-media":"","overlay-type":"","overlay-color":"","overlay-opacity":"","overlay-gradient":""},"mobile":{"background-color":"","background-image":"","background-repeat":"repeat","background-position":"center center","background-size":"auto","background-attachment":"scroll","background-type":"","background-media":"","overlay-type":"","overlay-color":"","overlay-opacity":"","overlay-gradient":""}},"ast-content-background-meta":{"desktop":{"background-color":"var(--ast-global-color-5)","background-image":"","background-repeat":"repeat","background-position":"center center","background-size":"auto","background-attachment":"scroll","background-type":"","background-media":"","overlay-type":"","overlay-color":"","overlay-opacity":"","overlay-gradient":""},"tablet":{"background-color":"var(--ast-global-color-5)","background-image":"","background-repeat":"repeat","background-position":"center center","background-size":"auto","background-attachment":"scroll","background-type":"","background-media":"","overlay-type":"","overlay-color":"","overlay-opacity":"","overlay-gradient":""},"mobile":{"background-color":"var(--ast-global-color-5)","background-image":"","background-repeat":"repeat","background-position":"center center","background-size":"auto","background-attachment":"scroll","background-type":"","background-media":"","overlay-type":"","overlay-color":"","overlay-opacity":"","overlay-gradient":""}}},"product_brand":[],"product_cat":[104,103,112],"product_tag":[],"class_list":{"0":"post-16125","1":"product","2":"type-product","3":"status-publish","4":"has-post-thumbnail","6":"product_cat-jidelna","7":"product_cat-salon-cs","8":"product_cat-stoly-a-stolky","9":"desktop-align-left","10":"tablet-align-left","11":"mobile-align-left","12":"ast-product-gallery-layout-horizontal-slider","13":"ast-product-tabs-layout-horizontal","14":"ast-qv-on-image","16":"first","17":"onbackorder","18":"shipping-taxable","19":"purchasable","20":"product-type-simple"},"spectra_custom_meta":{"_iwo_price_last_change":["a:4:{s:5:\"price\";s:0:\"\";s:10:\"price_sale\";s:0:\"\";s:19:\"price_including_tax\";d:0;s:9:\"timestamp\";i:1733256321;}"],"_eb_reusable_block_ids":["a:0:{}"],"_alp_processed":["1733256321"],"_wcml_average_rating":[null],"_wcml_review_count":[null],"_wcml_rating_count":[null],"_backorders":["no"],"_download_limit":["-1"],"_download_expiry":["-1"],"_downloadable":["no"],"_manage_stock":["no"],"_stock_status":["onbackorder"],"_sold_individually":["no"],"_tax_class":[""],"_tax_status":["taxable"],"_virtual":["no"],"total_sales":["0"],"_regular_price":[5244],"_price":[5244],"_wpml_media_duplicate":["0"],"_wpml_media_featured":["0"],"stick-header-meta":["default"],"site-sidebar-layout":["default"],"theme-transparent-header-meta":["default"],"ast-site-content-layout":["default"],"site-content-style":["default"],"site-sidebar-style":["default"],"wcml_sync_hash":["a:1:{s:15:\"postmeta_fields\";s:32:\"b3f139be830f8dc683733a9a78adf5c9\";}"],"attr_label_translations":["a:0:{}"],"_product_attributes":["a:0:{}"],"_default_attributes":["a:0:{}"],"_upsell_ids":["a:0:{}"],"_crosssell_ids":["a:0:{}"],"_children":["a:0:{}"],"_uag_page_assets":["a:9:{s:3:\"css\";s:263:\".uag-blocks-common-selector{z-index:var(--z-index-desktop) !important}@media (max-width: 976px){.uag-blocks-common-selector{z-index:var(--z-index-tablet) !important}}@media (max-width: 767px){.uag-blocks-common-selector{z-index:var(--z-index-mobile) !important}}\n\";s:2:\"js\";s:0:\"\";s:18:\"current_block_list\";a:13:{i:0;s:11:\"core\/search\";i:1;s:10:\"core\/group\";i:2;s:12:\"core\/heading\";i:3;s:17:\"core\/latest-posts\";i:4;s:20:\"core\/latest-comments\";i:5;s:13:\"core\/archives\";i:6;s:15:\"core\/categories\";i:7;s:26:\"woocommerce\/filter-wrapper\";i:8;s:24:\"woocommerce\/price-filter\";i:9;s:30:\"woocommerce\/product-categories\";i:10;s:26:\"woocommerce\/active-filters\";i:11;s:23:\"essential-blocks\/social\";i:12;s:24:\"woocommerce\/stock-filter\";}s:8:\"uag_flag\";b:0;s:11:\"uag_version\";s:10:\"1776366525\";s:6:\"gfonts\";a:0:{}s:10:\"gfonts_url\";s:0:\"\";s:12:\"gfonts_files\";a:0:{}s:14:\"uag_faq_layout\";b:0;}"],"_wp_attachment_metadata":[""],"_thumbnail_id":["17952"],"_uag_css_file_name":["uag-css-16125.css"],"_max_variation_price":[""],"_max_variation_regular_price":[""],"_max_variation_sale_price":[""],"_min_variation_price":[""],"_min_variation_regular_price":[""],"_min_variation_sale_price":[""],"_sale_price":[""],"_wc_rating_count":[""],"_wc_review_count":[""],"_wc_average_rating":[0]},"uagb_featured_image_src":{"full":["https:\/\/team-meble.pl\/wp-content\/uploads\/2024\/10\/mebin-etna-sa-2.jpg",1000,707,false],"thumbnail":["https:\/\/team-meble.pl\/wp-content\/uploads\/2024\/10\/mebin-etna-sa-2-150x150.jpg",150,150,true],"medium":["https:\/\/team-meble.pl\/wp-content\/uploads\/2024\/10\/mebin-etna-sa-2-300x212.jpg",300,212,true],"medium_large":["https:\/\/team-meble.pl\/wp-content\/uploads\/2024\/10\/mebin-etna-sa-2-768x543.jpg",768,543,true],"large":["https:\/\/team-meble.pl\/wp-content\/uploads\/2024\/10\/mebin-etna-sa-2.jpg",1000,707,false],"1536x1536":["https:\/\/team-meble.pl\/wp-content\/uploads\/2024\/10\/mebin-etna-sa-2.jpg",1000,707,false],"2048x2048":["https:\/\/team-meble.pl\/wp-content\/uploads\/2024\/10\/mebin-etna-sa-2.jpg",1000,707,false],"mailpoet_newsletter_max":["https:\/\/team-meble.pl\/wp-content\/uploads\/2024\/10\/mebin-etna-sa-2.jpg",1000,707,false],"woocommerce_thumbnail":["https:\/\/team-meble.pl\/wp-content\/uploads\/2024\/10\/mebin-etna-sa-2-300x300.jpg",300,300,true],"woocommerce_single":["https:\/\/team-meble.pl\/wp-content\/uploads\/2024\/10\/mebin-etna-sa-2-300x212.jpg",300,212,true],"woocommerce_gallery_thumbnail":["https:\/\/team-meble.pl\/wp-content\/uploads\/2024\/10\/mebin-etna-sa-2-100x100.jpg",100,100,true]},"uagb_author_info":{"display_name":"Wiola","author_link":"https:\/\/team-meble.pl\/cs\/author\/"},"uagb_comment_info":0,"uagb_excerpt":"Rozm\u011bry: \u0161\u00ed\u0159ka - 60 cm hloubka - 60 cm v\u00fd\u0161ka - 50 cm","_links":{"self":[{"href":"https:\/\/team-meble.pl\/cs\/wp-json\/wp\/v2\/product\/16125","targetHints":{"allow":["GET"]}}],"collection":[{"href":"https:\/\/team-meble.pl\/cs\/wp-json\/wp\/v2\/product"}],"about":[{"href":"https:\/\/team-meble.pl\/cs\/wp-json\/wp\/v2\/types\/product"}],"replies":[{"embeddable":true,"href":"https:\/\/team-meble.pl\/cs\/wp-json\/wp\/v2\/comments?post=16125"}],"wp:featuredmedia":[{"embeddable":true,"href":"https:\/\/team-meble.pl\/cs\/wp-json\/wp\/v2\/media\/17952"}],"wp:attachment":[{"href":"https:\/\/team-meble.pl\/cs\/wp-json\/wp\/v2\/media?parent=16125"}],"wp:term":[{"taxonomy":"product_brand","embeddable":true,"href":"https:\/\/team-meble.pl\/cs\/wp-json\/wp\/v2\/product_brand?post=16125"},{"taxonomy":"product_cat","embeddable":true,"href":"https:\/\/team-meble.pl\/cs\/wp-json\/wp\/v2\/product_cat?post=16125"},{"taxonomy":"product_tag","embeddable":true,"href":"https:\/\/team-meble.pl\/cs\/wp-json\/wp\/v2\/product_tag?post=16125"}],"curies":[{"name":"wp","href":"https:\/\/api.w.org\/{rel}","templated":true}]}}