{"id":18741,"date":"2025-01-14T15:21:19","date_gmt":"2025-01-14T15:21:19","guid":{"rendered":"https:\/\/team-meble.pl\/produkt\/postel-typu-halle-51\/"},"modified":"2025-05-20T12:10:13","modified_gmt":"2025-05-20T12:10:13","slug":"postel-typu-halle-51","status":"publish","type":"product","link":"https:\/\/team-meble.pl\/cs\/produkt\/postel-typu-halle-51\/","title":{"rendered":"Halle S typ 51 l\u016f\u017eko Helvetia"},"content":{"rendered":"<p>Syst\u00e9m Halle pro podkrovn\u00ed postele je k dispozici ve 3 \u0161\u00ed\u0159k\u00e1ch s r\u00e1mem matrace v cen\u011b<\/p>\n<p>Voliteln\u011b je k dispozici kontejner na podest\u00fdlku a v t\u00e9to verzi je r\u00e1m zved\u00e1n pomoc\u00ed servomotoru.<\/p>\n<div class=\"P7h3LX0\">\n<div class=\"aldZoDf\">\n<p>Kolekce n\u00e1bytku HALLE byla vytvo\u0159ena pro lidi, kte\u0159\u00ed oce\u0148uj\u00ed sou\u010dasn\u00fd loftov\u00fd styl a industri\u00e1ln\u00ed interi\u00e9ry, syst\u00e9m inspirovan\u00fd postindustri\u00e1ln\u00edmi prostory se syrov\u00fdm charakterem.<\/p>\n<p>Harmonick\u00fd duet p\u0159\u00edrodn\u00edho zbarven\u00ed d\u0159eva s chladn\u00fdm \u010dern\u00fdm kovov\u00fdm povrchem.<\/p>\n<p>Kolekce HALLE je v p\u0159\u00edrodn\u00ed barv\u011b dubu WOTAN s v\u00fdraznou kresbou.<\/p>\n<p>Zd\u00e1nliv\u011b masivn\u00ed konstrukce n\u00e1bytku je zalo\u017eena na \u010dern\u00fdch kovov\u00fdch noh\u00e1ch, kter\u00e9 dokonale lad\u00ed s dal\u0161\u00edmi akcenty industri\u00e1ln\u00edho designu, jako jsou lampy na trojno\u017ece, kovov\u00e9 \u017eidle a rohy ve stylu LOFT.<\/p>\n<p>Sada n\u00e1bytku HALLE nejen inspiruje, ale tak\u00e9 poskytuje hotov\u00e1 \u0159e\u0161en\u00ed pro pokoj, ob\u00fdvac\u00ed pokoj nebo j\u00eddelnu.<\/p>\n<p>Na v\u00fdb\u011br m\u00e1te ze t\u0159\u00ed \u0161\u00ed\u0159ek:<\/p>\n<p>140&#215;200 &#8211; 2139 PLN<\/p>\n<p>160&#215;200 &#8211; 2239 z\u0142<\/p>\n<p>180&#215;200 &#8211; 2339 z\u0142<\/p>\n<\/div>\n<\/div>\n","protected":false},"excerpt":{"rendered":"<p>Rozm\u011bry: \u0160\u00ed\u0159ka &#8211; 168 cm Hloubka &#8211; 209 cm V\u00fd\u0161ka &#8211; 94 cm Plocha na span\u00ed &#8211; 160 cm x 200 cm.<\/p>\n","protected":false},"featured_media":18732,"comment_status":"open","ping_status":"closed","template":"","meta":{"_eb_attr":"","_uag_custom_page_level_css":"","site-sidebar-layout":"default","site-content-layout":"","ast-site-content-layout":"default","site-content-style":"default","site-sidebar-style":"default","ast-global-header-display":"","ast-banner-title-visibility":"","ast-main-header-display":"","ast-hfb-above-header-display":"","ast-hfb-below-header-display":"","ast-hfb-mobile-header-display":"","site-post-title":"","ast-breadcrumbs-content":"","ast-featured-img":"","footer-sml-layout":"","theme-transparent-header-meta":"default","adv-header-id-meta":"","stick-header-meta":"default","header-above-stick-meta":"","header-main-stick-meta":"","header-below-stick-meta":"","astra-migrate-meta-layouts":"default","ast-page-background-enabled":"default","ast-page-background-meta":{"desktop":{"background-color":"","background-image":"","background-repeat":"repeat","background-position":"center center","background-size":"auto","background-attachment":"scroll","background-type":"","background-media":"","overlay-type":"","overlay-color":"","overlay-opacity":"","overlay-gradient":""},"tablet":{"background-color":"","background-image":"","background-repeat":"repeat","background-position":"center center","background-size":"auto","background-attachment":"scroll","background-type":"","background-media":"","overlay-type":"","overlay-color":"","overlay-opacity":"","overlay-gradient":""},"mobile":{"background-color":"","background-image":"","background-repeat":"repeat","background-position":"center center","background-size":"auto","background-attachment":"scroll","background-type":"","background-media":"","overlay-type":"","overlay-color":"","overlay-opacity":"","overlay-gradient":""}},"ast-content-background-meta":{"desktop":{"background-color":"var(--ast-global-color-5)","background-image":"","background-repeat":"repeat","background-position":"center center","background-size":"auto","background-attachment":"scroll","background-type":"","background-media":"","overlay-type":"","overlay-color":"","overlay-opacity":"","overlay-gradient":""},"tablet":{"background-color":"var(--ast-global-color-5)","background-image":"","background-repeat":"repeat","background-position":"center center","background-size":"auto","background-attachment":"scroll","background-type":"","background-media":"","overlay-type":"","overlay-color":"","overlay-opacity":"","overlay-gradient":""},"mobile":{"background-color":"var(--ast-global-color-5)","background-image":"","background-repeat":"repeat","background-position":"center center","background-size":"auto","background-attachment":"scroll","background-type":"","background-media":"","overlay-type":"","overlay-color":"","overlay-opacity":"","overlay-gradient":""}}},"product_brand":[],"product_cat":[94,121],"product_tag":[],"class_list":{"0":"post-18741","1":"product","2":"type-product","3":"status-publish","4":"has-post-thumbnail","6":"product_cat-loznice","7":"product_cat-postele","8":"desktop-align-left","9":"tablet-align-left","10":"mobile-align-left","11":"ast-product-gallery-layout-horizontal-slider","12":"ast-product-tabs-layout-horizontal","13":"ast-qv-on-image","15":"first","16":"onbackorder","17":"shipping-taxable","18":"purchasable","19":"product-type-simple"},"spectra_custom_meta":{"_iwo_price_last_change":["a:4:{s:5:\"price\";s:4:\"2239\";s:10:\"price_sale\";s:4:\"1903\";s:19:\"price_including_tax\";d:1903;s:9:\"timestamp\";i:1747743013;}"],"_alp_processed":["1747743013"],"_wcml_average_rating":[null],"_wcml_review_count":[null],"_wcml_rating_count":[null],"_backorders":["no"],"_download_limit":["-1"],"_download_expiry":["-1"],"_downloadable":["no"],"_manage_stock":["no"],"_stock_status":["onbackorder"],"_sold_individually":["no"],"_tax_class":[""],"_tax_status":["taxable"],"_virtual":["no"],"total_sales":["0"],"_wpml_media_duplicate":["1"],"_wpml_media_featured":["1"],"stick-header-meta":["default"],"site-sidebar-layout":["default"],"theme-transparent-header-meta":["default"],"ast-site-content-layout":["default"],"site-content-style":["default"],"site-sidebar-style":["default"],"wcml_sync_hash":["a:1:{s:15:\"postmeta_fields\";s:32:\"6872a3289be852cc8c8cafdc1de436c7\";}"],"attr_label_translations":["a:0:{}"],"_product_attributes":["a:0:{}"],"_thumbnail_id":["18732"],"_product_image_gallery":["18734,18736,18738"],"_default_attributes":["a:0:{}"],"_upsell_ids":["a:0:{}"],"_crosssell_ids":["a:0:{}"],"_children":["a:0:{}"],"_regular_price":[12762.3],"_iwo_price_log":["a:4:{s:5:\"price\";s:4:\"2239\";s:10:\"price_sale\";s:0:\"\";s:19:\"price_including_tax\";d:2239;s:9:\"timestamp\";i:1736868183;}","a:4:{s:5:\"price\";s:4:\"2239\";s:10:\"price_sale\";s:4:\"1903\";s:19:\"price_including_tax\";d:1903;s:9:\"timestamp\";i:1747743013;}"],"_last_translation_edit_mode":["translation-editor"],"_eb_reusable_block_ids":["a:0:{}"],"_downloadable_files":[""],"_wpml_word_count":["180"],"_sale_price":[""],"_price":[12762.3],"_uag_page_assets":["a:9:{s:3:\"css\";s:263:\".uag-blocks-common-selector{z-index:var(--z-index-desktop) !important}@media (max-width: 976px){.uag-blocks-common-selector{z-index:var(--z-index-tablet) !important}}@media (max-width: 767px){.uag-blocks-common-selector{z-index:var(--z-index-mobile) !important}}\n\";s:2:\"js\";s:0:\"\";s:18:\"current_block_list\";a:13:{i:0;s:11:\"core\/search\";i:1;s:10:\"core\/group\";i:2;s:12:\"core\/heading\";i:3;s:17:\"core\/latest-posts\";i:4;s:20:\"core\/latest-comments\";i:5;s:13:\"core\/archives\";i:6;s:15:\"core\/categories\";i:7;s:26:\"woocommerce\/filter-wrapper\";i:8;s:24:\"woocommerce\/price-filter\";i:9;s:30:\"woocommerce\/product-categories\";i:10;s:26:\"woocommerce\/active-filters\";i:11;s:23:\"essential-blocks\/social\";i:12;s:24:\"woocommerce\/stock-filter\";}s:8:\"uag_flag\";b:0;s:11:\"uag_version\";s:10:\"1776778139\";s:6:\"gfonts\";a:0:{}s:10:\"gfonts_url\";s:0:\"\";s:12:\"gfonts_files\";a:0:{}s:14:\"uag_faq_layout\";b:0;}"],"_uag_css_file_name":["uag-css-18741.css"],"_max_variation_price":[""],"_max_variation_regular_price":[""],"_max_variation_sale_price":[""],"_min_variation_price":[""],"_min_variation_regular_price":[""],"_min_variation_sale_price":[""],"_wc_rating_count":[""],"_wc_review_count":[""],"_wc_average_rating":[0]},"uagb_featured_image_src":{"full":["https:\/\/team-meble.pl\/wp-content\/uploads\/2025\/01\/lozko-loftowe-halle.jpg",800,800,false],"thumbnail":["https:\/\/team-meble.pl\/wp-content\/uploads\/2025\/01\/lozko-loftowe-halle-150x150.jpg",150,150,true],"medium":["https:\/\/team-meble.pl\/wp-content\/uploads\/2025\/01\/lozko-loftowe-halle-300x300.jpg",300,300,true],"medium_large":["https:\/\/team-meble.pl\/wp-content\/uploads\/2025\/01\/lozko-loftowe-halle-768x768.jpg",768,768,true],"large":["https:\/\/team-meble.pl\/wp-content\/uploads\/2025\/01\/lozko-loftowe-halle.jpg",800,800,false],"1536x1536":["https:\/\/team-meble.pl\/wp-content\/uploads\/2025\/01\/lozko-loftowe-halle.jpg",800,800,false],"2048x2048":["https:\/\/team-meble.pl\/wp-content\/uploads\/2025\/01\/lozko-loftowe-halle.jpg",800,800,false],"mailpoet_newsletter_max":["https:\/\/team-meble.pl\/wp-content\/uploads\/2025\/01\/lozko-loftowe-halle.jpg",800,800,false],"woocommerce_thumbnail":["https:\/\/team-meble.pl\/wp-content\/uploads\/2025\/01\/lozko-loftowe-halle-300x300.jpg",300,300,true],"woocommerce_single":["https:\/\/team-meble.pl\/wp-content\/uploads\/2025\/01\/lozko-loftowe-halle-300x300.jpg",300,300,true],"woocommerce_gallery_thumbnail":["https:\/\/team-meble.pl\/wp-content\/uploads\/2025\/01\/lozko-loftowe-halle-100x100.jpg",100,100,true]},"uagb_author_info":{"display_name":"Wiola","author_link":"https:\/\/team-meble.pl\/cs\/author\/"},"uagb_comment_info":0,"uagb_excerpt":"Rozm\u011bry: \u0160\u00ed\u0159ka - 168 cm Hloubka - 209 cm V\u00fd\u0161ka - 94 cm Plocha na span\u00ed - 160 cm x 200 cm.","_links":{"self":[{"href":"https:\/\/team-meble.pl\/cs\/wp-json\/wp\/v2\/product\/18741","targetHints":{"allow":["GET"]}}],"collection":[{"href":"https:\/\/team-meble.pl\/cs\/wp-json\/wp\/v2\/product"}],"about":[{"href":"https:\/\/team-meble.pl\/cs\/wp-json\/wp\/v2\/types\/product"}],"replies":[{"embeddable":true,"href":"https:\/\/team-meble.pl\/cs\/wp-json\/wp\/v2\/comments?post=18741"}],"wp:featuredmedia":[{"embeddable":true,"href":"https:\/\/team-meble.pl\/cs\/wp-json\/wp\/v2\/media\/18732"}],"wp:attachment":[{"href":"https:\/\/team-meble.pl\/cs\/wp-json\/wp\/v2\/media?parent=18741"}],"wp:term":[{"taxonomy":"product_brand","embeddable":true,"href":"https:\/\/team-meble.pl\/cs\/wp-json\/wp\/v2\/product_brand?post=18741"},{"taxonomy":"product_cat","embeddable":true,"href":"https:\/\/team-meble.pl\/cs\/wp-json\/wp\/v2\/product_cat?post=18741"},{"taxonomy":"product_tag","embeddable":true,"href":"https:\/\/team-meble.pl\/cs\/wp-json\/wp\/v2\/product_tag?post=18741"}],"curies":[{"name":"wp","href":"https:\/\/api.w.org\/{rel}","templated":true}]}}