{"id":19487,"date":"2025-03-01T10:32:29","date_gmt":"2025-03-01T10:32:29","guid":{"rendered":"https:\/\/team-meble.pl\/produkt\/stul-kleo-1d1s\/"},"modified":"2025-03-01T10:32:29","modified_gmt":"2025-03-01T10:32:29","slug":"stul-kleo-1d1s","status":"publish","type":"product","link":"https:\/\/team-meble.pl\/cs\/produkt\/stul-kleo-1d1s\/","title":{"rendered":"St\u016fl Kleo 1d1s"},"content":{"rendered":"<p>Kolekce Kleo je dokonalou kombinac\u00ed funk\u010dnosti a modern\u00edho designu, kter\u00e1 p\u0159in\u00e1\u0161\u00ed eleganci a prakti\u010dnost do ka\u017ed\u00e9ho interi\u00e9ru. Vyzna\u010duje se minimalistick\u00fdm stylem, kter\u00fd se dokonale hod\u00ed do modern\u00edch i klasick\u00fdch uspo\u0159\u00e1d\u00e1n\u00ed, co\u017e z n\u00e1bytku \u010din\u00ed univerz\u00e1ln\u00ed \u0159e\u0161en\u00ed pro r\u016fzn\u00e9 m\u00edstnosti. Kolekce obsahuje: elegantn\u00ed psac\u00ed st\u016fl Kleo do pracovny, kter\u00fd poskytuje pohodl\u00ed p\u0159i pr\u00e1ci, r\u016fzn\u00e9 komody do ob\u00fdvac\u00edho pokoje, kter\u00e9 nab\u00edzej\u00ed dostatek \u00falo\u017en\u00e9ho prostoru, stylovou lavici, kter\u00e1 se stane st\u0159edobodem ka\u017ed\u00e9ho ob\u00fdvac\u00edho pokoje, a praktickou z\u00e1v\u011bsnou polici pro vystaven\u00ed va\u0161ich obl\u00edben\u00fdch ozdob. Sou\u010d\u00e1st\u00ed kolekce je tak\u00e9 prostorn\u00e1 knihovna, kter\u00e1 je ide\u00e1ln\u00ed pro ukl\u00e1d\u00e1n\u00ed knih, prostorn\u00e1 sk\u0159\u00ed\u0148 do lo\u017enice, kter\u00e1 v\u00e1m pom\u016f\u017ee uspo\u0159\u00e1dat oble\u010den\u00ed, a no\u010dn\u00ed stolek, kter\u00fd dopln\u00ed v\u00fdzdobu va\u0161\u00ed lo\u017enice. Dopl\u0148uje je funk\u010dn\u00ed sk\u0159\u00ed\u0148ka RTV a elegantn\u00ed vitr\u00edna do ob\u00fdvac\u00edho pokoje, kter\u00e9 podtrhuj\u00ed estetick\u00fd charakter kolekce. Ka\u017ed\u00fd z t\u011bchto kus\u016f byl navr\u017een s d\u016frazem na detail, aby vytvo\u0159il ucelen\u00fd a stylov\u00fd prostor.     <\/p>\n<p>Barva desky &#8211; Taupe<\/p>\n","protected":false},"excerpt":{"rendered":"<p>Rozm\u011bry:<\/p>\n<p>\u0160\u00ed\u0159ka &#8211; 120 cm<\/p>\n<p>Hloubka &#8211; 56 cm<\/p>\n<p>V\u00fd\u0161ka &#8211; 75 cm<\/p>\n","protected":false},"featured_media":19489,"comment_status":"open","ping_status":"closed","template":"","meta":{"_eb_attr":"","_uag_custom_page_level_css":"","site-sidebar-layout":"default","site-content-layout":"","ast-site-content-layout":"default","site-content-style":"default","site-sidebar-style":"default","ast-global-header-display":"","ast-banner-title-visibility":"","ast-main-header-display":"","ast-hfb-above-header-display":"","ast-hfb-below-header-display":"","ast-hfb-mobile-header-display":"","site-post-title":"","ast-breadcrumbs-content":"","ast-featured-img":"","footer-sml-layout":"","theme-transparent-header-meta":"default","adv-header-id-meta":"","stick-header-meta":"default","header-above-stick-meta":"","header-main-stick-meta":"","header-below-stick-meta":"","astra-migrate-meta-layouts":"default","ast-page-background-enabled":"default","ast-page-background-meta":{"desktop":{"background-color":"","background-image":"","background-repeat":"repeat","background-position":"center center","background-size":"auto","background-attachment":"scroll","background-type":"","background-media":"","overlay-type":"","overlay-color":"","overlay-opacity":"","overlay-gradient":""},"tablet":{"background-color":"","background-image":"","background-repeat":"repeat","background-position":"center center","background-size":"auto","background-attachment":"scroll","background-type":"","background-media":"","overlay-type":"","overlay-color":"","overlay-opacity":"","overlay-gradient":""},"mobile":{"background-color":"","background-image":"","background-repeat":"repeat","background-position":"center center","background-size":"auto","background-attachment":"scroll","background-type":"","background-media":"","overlay-type":"","overlay-color":"","overlay-opacity":"","overlay-gradient":""}},"ast-content-background-meta":{"desktop":{"background-color":"var(--ast-global-color-5)","background-image":"","background-repeat":"repeat","background-position":"center center","background-size":"auto","background-attachment":"scroll","background-type":"","background-media":"","overlay-type":"","overlay-color":"","overlay-opacity":"","overlay-gradient":""},"tablet":{"background-color":"var(--ast-global-color-5)","background-image":"","background-repeat":"repeat","background-position":"center center","background-size":"auto","background-attachment":"scroll","background-type":"","background-media":"","overlay-type":"","overlay-color":"","overlay-opacity":"","overlay-gradient":""},"mobile":{"background-color":"var(--ast-global-color-5)","background-image":"","background-repeat":"repeat","background-position":"center center","background-size":"auto","background-attachment":"scroll","background-type":"","background-media":"","overlay-type":"","overlay-color":"","overlay-opacity":"","overlay-gradient":""}}},"product_brand":[],"product_cat":[93,94,132,123],"product_tag":[],"class_list":{"0":"post-19487","1":"product","2":"type-product","3":"status-publish","4":"has-post-thumbnail","6":"product_cat-detsky-pokoj","7":"product_cat-loznice","8":"product_cat-kancelar","9":"product_cat-stoly-cs","10":"desktop-align-left","11":"tablet-align-left","12":"mobile-align-left","13":"ast-product-gallery-layout-horizontal-slider","14":"ast-product-tabs-layout-horizontal","15":"ast-qv-on-image","17":"first","18":"onbackorder","19":"shipping-taxable","20":"purchasable","21":"product-type-simple"},"spectra_custom_meta":{"_iwo_price_last_change":["a:4:{s:5:\"price\";s:0:\"\";s:10:\"price_sale\";s:0:\"\";s:19:\"price_including_tax\";d:0;s:9:\"timestamp\";i:1740825158;}"],"_alp_processed":["1740825158"],"_wcml_average_rating":[null],"_wcml_review_count":[null],"_wcml_rating_count":[null],"_backorders":["no"],"_download_limit":["-1"],"_download_expiry":["-1"],"_downloadable":["no"],"_manage_stock":["no"],"_stock_status":["onbackorder"],"_sold_individually":["no"],"_tax_class":[""],"_tax_status":["taxable"],"_virtual":["no"],"total_sales":["0"],"_wpml_media_duplicate":["1"],"_wpml_media_featured":["1"],"stick-header-meta":["default"],"site-sidebar-layout":["default"],"theme-transparent-header-meta":["default"],"ast-site-content-layout":["default"],"site-content-style":["default"],"site-sidebar-style":["default"],"wcml_sync_hash":["a:1:{s:15:\"postmeta_fields\";s:32:\"9d96475837fa973169d1bfc2ce0b3294\";}"],"attr_label_translations":["a:0:{}"],"_product_attributes":["a:0:{}"],"_thumbnail_id":["19489"],"_product_image_gallery":["19480,19484,19491"],"_default_attributes":["a:0:{}"],"_upsell_ids":["a:0:{}"],"_crosssell_ids":["a:0:{}"],"_children":["a:0:{}"],"_regular_price":[3072.3],"_price":[3072.3],"_eb_reusable_block_ids":["a:0:{}"],"_uag_page_assets":["a:9:{s:3:\"css\";s:0:\"\";s:2:\"js\";s:0:\"\";s:18:\"current_block_list\";a:13:{i:0;s:11:\"core\/search\";i:1;s:10:\"core\/group\";i:2;s:12:\"core\/heading\";i:3;s:17:\"core\/latest-posts\";i:4;s:20:\"core\/latest-comments\";i:5;s:13:\"core\/archives\";i:6;s:15:\"core\/categories\";i:7;s:26:\"woocommerce\/filter-wrapper\";i:8;s:24:\"woocommerce\/price-filter\";i:9;s:30:\"woocommerce\/product-categories\";i:10;s:26:\"woocommerce\/active-filters\";i:11;s:23:\"essential-blocks\/social\";i:12;s:24:\"woocommerce\/stock-filter\";}s:8:\"uag_flag\";b:0;s:11:\"uag_version\";s:10:\"1776278141\";s:6:\"gfonts\";a:0:{}s:10:\"gfonts_url\";s:0:\"\";s:12:\"gfonts_files\";a:0:{}s:14:\"uag_faq_layout\";b:0;}"],"_max_variation_price":[""],"_max_variation_regular_price":[""],"_max_variation_sale_price":[""],"_min_variation_price":[""],"_min_variation_regular_price":[""],"_min_variation_sale_price":[""],"_sale_price":[""],"_wc_rating_count":[""],"_wc_review_count":[""],"_wc_average_rating":[0]},"uagb_featured_image_src":{"full":["https:\/\/team-meble.pl\/wp-content\/uploads\/2025\/03\/system-kleo-biurko-1d1s120-t-taupe0_fcut.jpg.wq90.webp",1000,696,false],"thumbnail":["https:\/\/team-meble.pl\/wp-content\/uploads\/2025\/03\/system-kleo-biurko-1d1s120-t-taupe0_fcut.jpg.wq90-150x150.webp",150,150,true],"medium":["https:\/\/team-meble.pl\/wp-content\/uploads\/2025\/03\/system-kleo-biurko-1d1s120-t-taupe0_fcut.jpg.wq90-300x209.webp",300,209,true],"medium_large":["https:\/\/team-meble.pl\/wp-content\/uploads\/2025\/03\/system-kleo-biurko-1d1s120-t-taupe0_fcut.jpg.wq90-768x535.webp",768,535,true],"large":["https:\/\/team-meble.pl\/wp-content\/uploads\/2025\/03\/system-kleo-biurko-1d1s120-t-taupe0_fcut.jpg.wq90.webp",1000,696,false],"1536x1536":["https:\/\/team-meble.pl\/wp-content\/uploads\/2025\/03\/system-kleo-biurko-1d1s120-t-taupe0_fcut.jpg.wq90.webp",1000,696,false],"2048x2048":["https:\/\/team-meble.pl\/wp-content\/uploads\/2025\/03\/system-kleo-biurko-1d1s120-t-taupe0_fcut.jpg.wq90.webp",1000,696,false],"mailpoet_newsletter_max":["https:\/\/team-meble.pl\/wp-content\/uploads\/2025\/03\/system-kleo-biurko-1d1s120-t-taupe0_fcut.jpg.wq90.webp",1000,696,false],"woocommerce_thumbnail":["https:\/\/team-meble.pl\/wp-content\/uploads\/2025\/03\/system-kleo-biurko-1d1s120-t-taupe0_fcut.jpg.wq90-300x300.webp",300,300,true],"woocommerce_single":["https:\/\/team-meble.pl\/wp-content\/uploads\/2025\/03\/system-kleo-biurko-1d1s120-t-taupe0_fcut.jpg.wq90-300x209.webp",300,209,true],"woocommerce_gallery_thumbnail":["https:\/\/team-meble.pl\/wp-content\/uploads\/2025\/03\/system-kleo-biurko-1d1s120-t-taupe0_fcut.jpg.wq90-100x100.webp",100,100,true]},"uagb_author_info":{"display_name":"Wiola","author_link":"https:\/\/team-meble.pl\/cs\/author\/"},"uagb_comment_info":0,"uagb_excerpt":"Rozm\u011bry: \u0160\u00ed\u0159ka - 120 cm Hloubka - 56 cm V\u00fd\u0161ka - 75 cm","_links":{"self":[{"href":"https:\/\/team-meble.pl\/cs\/wp-json\/wp\/v2\/product\/19487","targetHints":{"allow":["GET"]}}],"collection":[{"href":"https:\/\/team-meble.pl\/cs\/wp-json\/wp\/v2\/product"}],"about":[{"href":"https:\/\/team-meble.pl\/cs\/wp-json\/wp\/v2\/types\/product"}],"replies":[{"embeddable":true,"href":"https:\/\/team-meble.pl\/cs\/wp-json\/wp\/v2\/comments?post=19487"}],"wp:featuredmedia":[{"embeddable":true,"href":"https:\/\/team-meble.pl\/cs\/wp-json\/wp\/v2\/media\/19489"}],"wp:attachment":[{"href":"https:\/\/team-meble.pl\/cs\/wp-json\/wp\/v2\/media?parent=19487"}],"wp:term":[{"taxonomy":"product_brand","embeddable":true,"href":"https:\/\/team-meble.pl\/cs\/wp-json\/wp\/v2\/product_brand?post=19487"},{"taxonomy":"product_cat","embeddable":true,"href":"https:\/\/team-meble.pl\/cs\/wp-json\/wp\/v2\/product_cat?post=19487"},{"taxonomy":"product_tag","embeddable":true,"href":"https:\/\/team-meble.pl\/cs\/wp-json\/wp\/v2\/product_tag?post=19487"}],"curies":[{"name":"wp","href":"https:\/\/api.w.org\/{rel}","templated":true}]}}