{"id":19710,"date":"2025-03-04T14:02:16","date_gmt":"2025-03-04T14:02:16","guid":{"rendered":"https:\/\/team-meble.pl\/produkt\/malumi-mm-6-rtv-skrin-new\/"},"modified":"2025-05-30T08:34:43","modified_gmt":"2025-05-30T08:34:43","slug":"malumi-mm-6-rtv-skrin-new","status":"publish","type":"product","link":"https:\/\/team-meble.pl\/cs\/produkt\/malumi-mm-6-rtv-skrin-new\/","title":{"rendered":"Malumi MM-6 RTV sk\u0159\u00ed\u0148 New ! Jarstol"},"content":{"rendered":"<p>Sk\u0159\u00ed\u0148ka RTV Malumi je modern\u00ed a praktick\u00e9 \u0159e\u0161en\u00ed pro v\u00e1\u0161 ob\u00fdvac\u00ed pokoj. D\u00edky jednoduch\u00e9mu, minimalistick\u00e9mu designu v kombinaci se stylov\u00fdm vzorem na p\u0159edn\u00ed stran\u011b n\u00e1bytek dokonale zapad\u00e1 do sou\u010dasn\u00fdch interi\u00e9rov\u00fdch trend\u016f. Objemn\u00fd otev\u0159en\u00fd prostor s policemi pro elektronick\u00e9 vybaven\u00ed, jako jsou dekod\u00e9ry, konzole nebo p\u0159ehr\u00e1va\u010de. Jedna uzamykateln\u00e1 sk\u0159\u00ed\u0148ka poskytuje prostor pro p\u0159\u00edslu\u0161enstv\u00ed, kabely a dal\u0161\u00ed drobn\u00e9 p\u0159edm\u011bty. Dekorativn\u00ed p\u0159edn\u00ed strana s elegantn\u00edm vzorem ryb\u00ed kosti podtrhuje modern\u00ed charakter n\u00e1bytku. Robustn\u00ed nohy a vysoce kvalitn\u00ed materi\u00e1ly zaru\u010duj\u00ed odolnost a bezpe\u010dnost p\u0159i pou\u017e\u00edv\u00e1n\u00ed. Syt\u011b \u010dern\u00e1 barva dod\u00e1v\u00e1 interi\u00e9ru eleganci a dokonale lad\u00ed s r\u016fzn\u00fdmi designov\u00fdmi styly. Pro\u010d stoj\u00ed za to? Sk\u0159\u00ed\u0148ka MALUMI MM-6 RTV je kus n\u00e1bytku, kter\u00fd spojuje funk\u010dnost s estetikou. Je ide\u00e1ln\u00ed volbou pro ty, kte\u0159\u00ed si cen\u00ed elegantn\u00edho stylu a po\u0159\u00e1dku v prostoru. D\u00edky promy\u0161len\u00e9mu designu se bude hodit do mal\u00fdch i velk\u00fdch ob\u00fdvac\u00edch pokoj\u016f. Vsa\u010fte na kvalitu a modern\u00ed design &#8211; objedn\u00e1vejte nyn\u00ed!           <\/p>\n<p>K dispozici tak\u00e9 v ka\u0161m\u00edrov\u00e9 barv\u011b.<\/p>\n","protected":false},"excerpt":{"rendered":"<p>Rozm\u011bry:<\/p>\n<p>\u0160\u00ed\u0159ka &#8211; 135 cm<\/p>\n<p>Hloubka &#8211; 40,5 cm<\/p>\n<p>V\u00fd\u0161ka &#8211; 57 cm<\/p>\n","protected":false},"featured_media":19699,"comment_status":"open","ping_status":"closed","template":"","meta":{"_eb_attr":"","_uag_custom_page_level_css":"","site-sidebar-layout":"default","site-content-layout":"","ast-site-content-layout":"default","site-content-style":"default","site-sidebar-style":"default","ast-global-header-display":"","ast-banner-title-visibility":"","ast-main-header-display":"","ast-hfb-above-header-display":"","ast-hfb-below-header-display":"","ast-hfb-mobile-header-display":"","site-post-title":"","ast-breadcrumbs-content":"","ast-featured-img":"","footer-sml-layout":"","theme-transparent-header-meta":"default","adv-header-id-meta":"","stick-header-meta":"default","header-above-stick-meta":"","header-main-stick-meta":"","header-below-stick-meta":"","astra-migrate-meta-layouts":"default","ast-page-background-enabled":"default","ast-page-background-meta":{"desktop":{"background-color":"","background-image":"","background-repeat":"repeat","background-position":"center center","background-size":"auto","background-attachment":"scroll","background-type":"","background-media":"","overlay-type":"","overlay-color":"","overlay-opacity":"","overlay-gradient":""},"tablet":{"background-color":"","background-image":"","background-repeat":"repeat","background-position":"center center","background-size":"auto","background-attachment":"scroll","background-type":"","background-media":"","overlay-type":"","overlay-color":"","overlay-opacity":"","overlay-gradient":""},"mobile":{"background-color":"","background-image":"","background-repeat":"repeat","background-position":"center center","background-size":"auto","background-attachment":"scroll","background-type":"","background-media":"","overlay-type":"","overlay-color":"","overlay-opacity":"","overlay-gradient":""}},"ast-content-background-meta":{"desktop":{"background-color":"var(--ast-global-color-5)","background-image":"","background-repeat":"repeat","background-position":"center center","background-size":"auto","background-attachment":"scroll","background-type":"","background-media":"","overlay-type":"","overlay-color":"","overlay-opacity":"","overlay-gradient":""},"tablet":{"background-color":"var(--ast-global-color-5)","background-image":"","background-repeat":"repeat","background-position":"center center","background-size":"auto","background-attachment":"scroll","background-type":"","background-media":"","overlay-type":"","overlay-color":"","overlay-opacity":"","overlay-gradient":""},"mobile":{"background-color":"var(--ast-global-color-5)","background-image":"","background-repeat":"repeat","background-position":"center center","background-size":"auto","background-attachment":"scroll","background-type":"","background-media":"","overlay-type":"","overlay-color":"","overlay-opacity":"","overlay-gradient":""}}},"product_brand":[],"product_cat":[104,94,103,132,110],"product_tag":[],"class_list":{"0":"post-19710","1":"product","2":"type-product","3":"status-publish","4":"has-post-thumbnail","6":"product_cat-jidelna","7":"product_cat-loznice","8":"product_cat-salon-cs","9":"product_cat-kancelar","10":"product_cat-televizni-stolky","11":"desktop-align-left","12":"tablet-align-left","13":"mobile-align-left","14":"ast-product-gallery-layout-horizontal-slider","15":"ast-product-tabs-layout-horizontal","16":"ast-qv-on-image","18":"first","19":"onbackorder","20":"shipping-taxable","21":"purchasable","22":"product-type-simple"},"spectra_custom_meta":{"_iwo_price_last_change":["a:4:{s:5:\"price\";s:3:\"519\";s:10:\"price_sale\";s:0:\"\";s:19:\"price_including_tax\";d:519;s:9:\"timestamp\";i:1748594083;}"],"_alp_processed":["1748594083"],"_wcml_average_rating":[null],"_wcml_review_count":[null],"_wcml_rating_count":[null],"_backorders":["no"],"_download_limit":["-1"],"_download_expiry":["-1"],"_downloadable":["no"],"_manage_stock":["no"],"_stock_status":["onbackorder"],"_sold_individually":["no"],"_tax_class":[""],"_tax_status":["taxable"],"_virtual":["no"],"total_sales":["0"],"_wpml_media_duplicate":["1"],"_wpml_media_featured":["1"],"stick-header-meta":["default"],"site-sidebar-layout":["default"],"theme-transparent-header-meta":["default"],"ast-site-content-layout":["default"],"site-content-style":["default"],"site-sidebar-style":["default"],"wcml_sync_hash":["a:1:{s:15:\"postmeta_fields\";s:32:\"dab9fd3882c1d8ed629a5ee962f09a34\";}"],"attr_label_translations":["a:0:{}"],"_product_attributes":["a:0:{}"],"_thumbnail_id":["19699"],"_product_image_gallery":["19703,19705,19707,19701,19650,19648,19636,19638"],"_default_attributes":["a:0:{}"],"_upsell_ids":["a:0:{}"],"_crosssell_ids":["a:0:{}"],"_children":["a:0:{}"],"_regular_price":[2958.3],"_eb_reusable_block_ids":["a:0:{}"],"_downloadable_files":[""],"_sale_price":[""],"_price":[2958.3],"_iwo_price_log":["a:4:{s:5:\"price\";s:3:\"519\";s:10:\"price_sale\";s:0:\"\";s:19:\"price_including_tax\";d:519;s:9:\"timestamp\";i:1748594083;}"],"_last_translation_edit_mode":["translation-editor"],"_wpml_word_count":["214"],"_uag_page_assets":["a:9:{s:3:\"css\";s:263:\".uag-blocks-common-selector{z-index:var(--z-index-desktop) !important}@media (max-width: 976px){.uag-blocks-common-selector{z-index:var(--z-index-tablet) !important}}@media (max-width: 767px){.uag-blocks-common-selector{z-index:var(--z-index-mobile) !important}}\n\";s:2:\"js\";s:0:\"\";s:18:\"current_block_list\";a:13:{i:0;s:11:\"core\/search\";i:1;s:10:\"core\/group\";i:2;s:12:\"core\/heading\";i:3;s:17:\"core\/latest-posts\";i:4;s:20:\"core\/latest-comments\";i:5;s:13:\"core\/archives\";i:6;s:15:\"core\/categories\";i:7;s:26:\"woocommerce\/filter-wrapper\";i:8;s:24:\"woocommerce\/price-filter\";i:9;s:30:\"woocommerce\/product-categories\";i:10;s:26:\"woocommerce\/active-filters\";i:11;s:23:\"essential-blocks\/social\";i:12;s:24:\"woocommerce\/stock-filter\";}s:8:\"uag_flag\";b:0;s:11:\"uag_version\";s:10:\"1776835388\";s:6:\"gfonts\";a:0:{}s:10:\"gfonts_url\";s:0:\"\";s:12:\"gfonts_files\";a:0:{}s:14:\"uag_faq_layout\";b:0;}"],"_uag_css_file_name":["uag-css-19710.css"],"_max_variation_price":[""],"_max_variation_regular_price":[""],"_max_variation_sale_price":[""],"_min_variation_price":[""],"_min_variation_regular_price":[""],"_min_variation_sale_price":[""],"_wc_rating_count":[""],"_wc_review_count":[""],"_wc_average_rating":[0]},"uagb_featured_image_src":{"full":["https:\/\/team-meble.pl\/wp-content\/uploads\/2025\/03\/M6-1200x1200-2.webp",1200,1200,false],"thumbnail":["https:\/\/team-meble.pl\/wp-content\/uploads\/2025\/03\/M6-1200x1200-2-150x150.webp",150,150,true],"medium":["https:\/\/team-meble.pl\/wp-content\/uploads\/2025\/03\/M6-1200x1200-2-300x300.webp",300,300,true],"medium_large":["https:\/\/team-meble.pl\/wp-content\/uploads\/2025\/03\/M6-1200x1200-2-768x768.webp",768,768,true],"large":["https:\/\/team-meble.pl\/wp-content\/uploads\/2025\/03\/M6-1200x1200-2-1024x1024.webp",1024,1024,true],"1536x1536":["https:\/\/team-meble.pl\/wp-content\/uploads\/2025\/03\/M6-1200x1200-2.webp",1200,1200,false],"2048x2048":["https:\/\/team-meble.pl\/wp-content\/uploads\/2025\/03\/M6-1200x1200-2.webp",1200,1200,false],"mailpoet_newsletter_max":["https:\/\/team-meble.pl\/wp-content\/uploads\/2025\/03\/M6-1200x1200-2.webp",1200,1200,false],"woocommerce_thumbnail":["https:\/\/team-meble.pl\/wp-content\/uploads\/2025\/03\/M6-1200x1200-2-300x300.webp",300,300,true],"woocommerce_single":["https:\/\/team-meble.pl\/wp-content\/uploads\/2025\/03\/M6-1200x1200-2-300x300.webp",300,300,true],"woocommerce_gallery_thumbnail":["https:\/\/team-meble.pl\/wp-content\/uploads\/2025\/03\/M6-1200x1200-2-100x100.webp",100,100,true]},"uagb_author_info":{"display_name":"Wiola","author_link":"https:\/\/team-meble.pl\/cs\/author\/"},"uagb_comment_info":0,"uagb_excerpt":"Rozm\u011bry: \u0160\u00ed\u0159ka - 135 cm Hloubka - 40,5 cm V\u00fd\u0161ka - 57 cm","_links":{"self":[{"href":"https:\/\/team-meble.pl\/cs\/wp-json\/wp\/v2\/product\/19710","targetHints":{"allow":["GET"]}}],"collection":[{"href":"https:\/\/team-meble.pl\/cs\/wp-json\/wp\/v2\/product"}],"about":[{"href":"https:\/\/team-meble.pl\/cs\/wp-json\/wp\/v2\/types\/product"}],"replies":[{"embeddable":true,"href":"https:\/\/team-meble.pl\/cs\/wp-json\/wp\/v2\/comments?post=19710"}],"wp:featuredmedia":[{"embeddable":true,"href":"https:\/\/team-meble.pl\/cs\/wp-json\/wp\/v2\/media\/19699"}],"wp:attachment":[{"href":"https:\/\/team-meble.pl\/cs\/wp-json\/wp\/v2\/media?parent=19710"}],"wp:term":[{"taxonomy":"product_brand","embeddable":true,"href":"https:\/\/team-meble.pl\/cs\/wp-json\/wp\/v2\/product_brand?post=19710"},{"taxonomy":"product_cat","embeddable":true,"href":"https:\/\/team-meble.pl\/cs\/wp-json\/wp\/v2\/product_cat?post=19710"},{"taxonomy":"product_tag","embeddable":true,"href":"https:\/\/team-meble.pl\/cs\/wp-json\/wp\/v2\/product_tag?post=19710"}],"curies":[{"name":"wp","href":"https:\/\/api.w.org\/{rel}","templated":true}]}}