{"id":20410,"date":"2025-04-22T14:01:34","date_gmt":"2025-04-22T14:01:34","guid":{"rendered":"https:\/\/team-meble.pl\/produkt\/pribornik-brando-b-04\/"},"modified":"2025-04-22T14:01:34","modified_gmt":"2025-04-22T14:01:34","slug":"pribornik-brando-b-04","status":"publish","type":"product","link":"https:\/\/team-meble.pl\/cs\/produkt\/pribornik-brando-b-04\/","title":{"rendered":"P\u0159\u00edborn\u00edk Brando B 04"},"content":{"rendered":"<p>P\u0159\u00edborn\u00edk BRANDO B04 vnese do va\u0161eho interi\u00e9ru z\u00e1van sv\u011b\u017eesti a d\u00edky dostatku \u00falo\u017en\u00e9ho prostoru dokonale dopln\u00ed uspo\u0159\u00e1d\u00e1n\u00ed ob\u00fdvac\u00edho pokoje a j\u00eddelny. Jeho vnit\u0159n\u00ed prostor je rozd\u011blen na dv\u011b uzav\u00edrateln\u00e9 \u010d\u00e1sti: vitr\u00ednu a u\u017eitkovou \u010d\u00e1st. Ve spodn\u00ed \u010d\u00e1sti se nach\u00e1z\u00ed prostorn\u00fd v\u00fdklenek s polic\u00ed, kter\u00fd zv\u011bt\u0161uje \u00falo\u017en\u00fd prostor a udr\u017euje po\u0159\u00e1dek v ob\u00fdvac\u00edm pokoji nebo j\u00eddeln\u011b. Za prosklenou \u010d\u00e1st\u00ed dv\u00ed\u0159ek m\u016f\u017eete na sklen\u011bn\u00fdch polic\u00edch kr\u00e1sn\u011b vystavit prvky bytov\u00e9 dekorace a standardn\u011b dod\u00e1van\u00e9 LED osv\u011btlen\u00ed zv\u00fdrazn\u00ed p\u0159edm\u011bty um\u00edst\u011bn\u00e9 uvnit\u0159. Modern\u00ed vzhled p\u0159\u00edborn\u00edku zaji\u0161\u0165uj\u00ed fr\u00e9zovan\u00e1 \u010dela, kter\u00e1 slou\u017e\u00ed jako \u00fachytky pro otev\u00edr\u00e1n\u00ed. Univerz\u00e1ln\u00ed vzhled n\u00e1bytku lad\u00ed s ostatn\u00edmi barvami, co\u017e umo\u017en\u00ed neomezen\u00e9 mo\u017enosti uspo\u0159\u00e1d\u00e1n\u00ed. P\u0159\u00edborn\u00edk se bude skv\u011ble vyj\u00edmat v kombinaci s dal\u0161\u00edmi kusy z kolekce BRANDO nebo jako samostatn\u00fd kus n\u00e1bytku, kter\u00fd si m\u016f\u017eete upravit podle vlastn\u00edch p\u0159edstav.      <\/p>\n","protected":false},"excerpt":{"rendered":"<p>P\u0159\u00edborn\u00edk BRANDO B04 vnese do va\u0161eho interi\u00e9ru z\u00e1van sv\u011b\u017eesti a d\u00edky dostatku \u00falo\u017en\u00e9ho prostoru dokonale dopln\u00ed uspo\u0159\u00e1d\u00e1n\u00ed ob\u00fdvac\u00edho pokoje a j\u00eddelny. Jeho vnit\u0159n\u00ed prostor je rozd\u011blen na dv\u011b uzav\u00edrateln\u00e9 \u010d\u00e1sti: vitr\u00ednu a u\u017eitkovou \u010d\u00e1st. Ve spodn\u00ed \u010d\u00e1sti se nach\u00e1z\u00ed prostorn\u00fd v\u00fdklenek s polic\u00ed, kter\u00fd zv\u011bt\u0161uje \u00falo\u017en\u00fd prostor a udr\u017euje po\u0159\u00e1dek v ob\u00fdvac\u00edm pokoji nebo j\u00eddeln\u011b. [&hellip;]<\/p>\n","protected":false},"featured_media":20405,"comment_status":"open","ping_status":"closed","template":"","meta":{"_eb_attr":"","_uag_custom_page_level_css":"","site-sidebar-layout":"default","site-content-layout":"","ast-site-content-layout":"default","site-content-style":"default","site-sidebar-style":"default","ast-global-header-display":"","ast-banner-title-visibility":"","ast-main-header-display":"","ast-hfb-above-header-display":"","ast-hfb-below-header-display":"","ast-hfb-mobile-header-display":"","site-post-title":"","ast-breadcrumbs-content":"","ast-featured-img":"","footer-sml-layout":"","theme-transparent-header-meta":"default","adv-header-id-meta":"","stick-header-meta":"default","header-above-stick-meta":"","header-main-stick-meta":"","header-below-stick-meta":"","astra-migrate-meta-layouts":"default","ast-page-background-enabled":"default","ast-page-background-meta":{"desktop":{"background-color":"","background-image":"","background-repeat":"repeat","background-position":"center center","background-size":"auto","background-attachment":"scroll","background-type":"","background-media":"","overlay-type":"","overlay-color":"","overlay-opacity":"","overlay-gradient":""},"tablet":{"background-color":"","background-image":"","background-repeat":"repeat","background-position":"center center","background-size":"auto","background-attachment":"scroll","background-type":"","background-media":"","overlay-type":"","overlay-color":"","overlay-opacity":"","overlay-gradient":""},"mobile":{"background-color":"","background-image":"","background-repeat":"repeat","background-position":"center center","background-size":"auto","background-attachment":"scroll","background-type":"","background-media":"","overlay-type":"","overlay-color":"","overlay-opacity":"","overlay-gradient":""}},"ast-content-background-meta":{"desktop":{"background-color":"var(--ast-global-color-5)","background-image":"","background-repeat":"repeat","background-position":"center center","background-size":"auto","background-attachment":"scroll","background-type":"","background-media":"","overlay-type":"","overlay-color":"","overlay-opacity":"","overlay-gradient":""},"tablet":{"background-color":"var(--ast-global-color-5)","background-image":"","background-repeat":"repeat","background-position":"center center","background-size":"auto","background-attachment":"scroll","background-type":"","background-media":"","overlay-type":"","overlay-color":"","overlay-opacity":"","overlay-gradient":""},"mobile":{"background-color":"var(--ast-global-color-5)","background-image":"","background-repeat":"repeat","background-position":"center center","background-size":"auto","background-attachment":"scroll","background-type":"","background-media":"","overlay-type":"","overlay-color":"","overlay-opacity":"","overlay-gradient":""}}},"product_brand":[],"product_cat":[104,103,132,108,109],"product_tag":[],"class_list":{"0":"post-20410","1":"product","2":"type-product","3":"status-publish","4":"has-post-thumbnail","6":"product_cat-jidelna","7":"product_cat-salon-cs","8":"product_cat-kancelar","9":"product_cat-komody-cs","10":"product_cat-vitriny","11":"desktop-align-left","12":"tablet-align-left","13":"mobile-align-left","14":"ast-product-gallery-layout-horizontal-slider","15":"ast-product-tabs-layout-horizontal","16":"ast-qv-on-image","18":"first","19":"instock","20":"shipping-taxable","21":"purchasable","22":"product-type-simple"},"spectra_custom_meta":{"_iwo_price_last_change":["a:4:{s:5:\"price\";s:0:\"\";s:10:\"price_sale\";s:0:\"\";s:19:\"price_including_tax\";d:0;s:9:\"timestamp\";i:1745330501;}"],"_alp_processed":["1745330501"],"_wcml_average_rating":[null],"_wcml_review_count":[null],"_wcml_rating_count":[null],"_backorders":["no"],"_download_limit":["-1"],"_download_expiry":["-1"],"_downloadable":["no"],"_manage_stock":["no"],"_stock_status":["instock"],"_sold_individually":["no"],"_tax_class":[""],"_tax_status":["taxable"],"_virtual":["no"],"total_sales":["0"],"_wpml_media_duplicate":["1"],"_wpml_media_featured":["1"],"stick-header-meta":["default"],"site-sidebar-layout":["default"],"theme-transparent-header-meta":["default"],"ast-site-content-layout":["default"],"site-content-style":["default"],"site-sidebar-style":["default"],"wcml_sync_hash":["a:1:{s:15:\"postmeta_fields\";s:32:\"bf297f5ad9f81e4d738e77832af8b44d\";}"],"attr_label_translations":["a:0:{}"],"_product_attributes":["a:0:{}"],"_thumbnail_id":["20405"],"_product_image_gallery":["20387,20407"],"_default_attributes":["a:0:{}"],"_upsell_ids":["a:0:{}"],"_crosssell_ids":["a:0:{}"],"_children":["a:0:{}"],"_regular_price":[7062.3],"_price":[7062.3],"_eb_reusable_block_ids":["a:0:{}"],"_uag_page_assets":["a:9:{s:3:\"css\";s:263:\".uag-blocks-common-selector{z-index:var(--z-index-desktop) !important}@media (max-width: 976px){.uag-blocks-common-selector{z-index:var(--z-index-tablet) !important}}@media (max-width: 767px){.uag-blocks-common-selector{z-index:var(--z-index-mobile) !important}}\n\";s:2:\"js\";s:0:\"\";s:18:\"current_block_list\";a:13:{i:0;s:11:\"core\/search\";i:1;s:10:\"core\/group\";i:2;s:12:\"core\/heading\";i:3;s:17:\"core\/latest-posts\";i:4;s:20:\"core\/latest-comments\";i:5;s:13:\"core\/archives\";i:6;s:15:\"core\/categories\";i:7;s:26:\"woocommerce\/filter-wrapper\";i:8;s:24:\"woocommerce\/price-filter\";i:9;s:30:\"woocommerce\/product-categories\";i:10;s:26:\"woocommerce\/active-filters\";i:11;s:23:\"essential-blocks\/social\";i:12;s:24:\"woocommerce\/stock-filter\";}s:8:\"uag_flag\";b:0;s:11:\"uag_version\";s:10:\"1776362670\";s:6:\"gfonts\";a:0:{}s:10:\"gfonts_url\";s:0:\"\";s:12:\"gfonts_files\";a:0:{}s:14:\"uag_faq_layout\";b:0;}"],"_uag_css_file_name":["uag-css-20410.css"],"_max_variation_price":[""],"_max_variation_regular_price":[""],"_max_variation_sale_price":[""],"_min_variation_price":[""],"_min_variation_regular_price":[""],"_min_variation_sale_price":[""],"_sale_price":[""],"_wc_rating_count":[""],"_wc_review_count":[""],"_wc_average_rating":[0]},"uagb_featured_image_src":{"full":["https:\/\/team-meble.pl\/wp-content\/uploads\/2025\/04\/brando-b-4-bialybetonbialy-polysk-kredens-kpl.jpg",1372,1372,false],"thumbnail":["https:\/\/team-meble.pl\/wp-content\/uploads\/2025\/04\/brando-b-4-bialybetonbialy-polysk-kredens-kpl-150x150.jpg",150,150,true],"medium":["https:\/\/team-meble.pl\/wp-content\/uploads\/2025\/04\/brando-b-4-bialybetonbialy-polysk-kredens-kpl-300x300.jpg",300,300,true],"medium_large":["https:\/\/team-meble.pl\/wp-content\/uploads\/2025\/04\/brando-b-4-bialybetonbialy-polysk-kredens-kpl-768x768.jpg",768,768,true],"large":["https:\/\/team-meble.pl\/wp-content\/uploads\/2025\/04\/brando-b-4-bialybetonbialy-polysk-kredens-kpl-1024x1024.jpg",1024,1024,true],"1536x1536":["https:\/\/team-meble.pl\/wp-content\/uploads\/2025\/04\/brando-b-4-bialybetonbialy-polysk-kredens-kpl.jpg",1372,1372,false],"2048x2048":["https:\/\/team-meble.pl\/wp-content\/uploads\/2025\/04\/brando-b-4-bialybetonbialy-polysk-kredens-kpl.jpg",1372,1372,false],"mailpoet_newsletter_max":["https:\/\/team-meble.pl\/wp-content\/uploads\/2025\/04\/brando-b-4-bialybetonbialy-polysk-kredens-kpl.jpg",1320,1320,false],"woocommerce_thumbnail":["https:\/\/team-meble.pl\/wp-content\/uploads\/2025\/04\/brando-b-4-bialybetonbialy-polysk-kredens-kpl-300x300.jpg",300,300,true],"woocommerce_single":["https:\/\/team-meble.pl\/wp-content\/uploads\/2025\/04\/brando-b-4-bialybetonbialy-polysk-kredens-kpl-300x300.jpg",300,300,true],"woocommerce_gallery_thumbnail":["https:\/\/team-meble.pl\/wp-content\/uploads\/2025\/04\/brando-b-4-bialybetonbialy-polysk-kredens-kpl-100x100.jpg",100,100,true]},"uagb_author_info":{"display_name":"Wiola","author_link":"https:\/\/team-meble.pl\/cs\/author\/"},"uagb_comment_info":0,"uagb_excerpt":"P\u0159\u00edborn\u00edk BRANDO B04 vnese do va\u0161eho interi\u00e9ru z\u00e1van sv\u011b\u017eesti a d\u00edky dostatku \u00falo\u017en\u00e9ho prostoru dokonale dopln\u00ed uspo\u0159\u00e1d\u00e1n\u00ed ob\u00fdvac\u00edho pokoje a j\u00eddelny. Jeho vnit\u0159n\u00ed prostor je rozd\u011blen na dv\u011b uzav\u00edrateln\u00e9 \u010d\u00e1sti: vitr\u00ednu a u\u017eitkovou \u010d\u00e1st. Ve spodn\u00ed \u010d\u00e1sti se nach\u00e1z\u00ed prostorn\u00fd v\u00fdklenek s polic\u00ed, kter\u00fd zv\u011bt\u0161uje \u00falo\u017en\u00fd prostor a udr\u017euje po\u0159\u00e1dek v ob\u00fdvac\u00edm pokoji nebo j\u00eddeln\u011b.&hellip;","_links":{"self":[{"href":"https:\/\/team-meble.pl\/cs\/wp-json\/wp\/v2\/product\/20410","targetHints":{"allow":["GET"]}}],"collection":[{"href":"https:\/\/team-meble.pl\/cs\/wp-json\/wp\/v2\/product"}],"about":[{"href":"https:\/\/team-meble.pl\/cs\/wp-json\/wp\/v2\/types\/product"}],"replies":[{"embeddable":true,"href":"https:\/\/team-meble.pl\/cs\/wp-json\/wp\/v2\/comments?post=20410"}],"wp:featuredmedia":[{"embeddable":true,"href":"https:\/\/team-meble.pl\/cs\/wp-json\/wp\/v2\/media\/20405"}],"wp:attachment":[{"href":"https:\/\/team-meble.pl\/cs\/wp-json\/wp\/v2\/media?parent=20410"}],"wp:term":[{"taxonomy":"product_brand","embeddable":true,"href":"https:\/\/team-meble.pl\/cs\/wp-json\/wp\/v2\/product_brand?post=20410"},{"taxonomy":"product_cat","embeddable":true,"href":"https:\/\/team-meble.pl\/cs\/wp-json\/wp\/v2\/product_cat?post=20410"},{"taxonomy":"product_tag","embeddable":true,"href":"https:\/\/team-meble.pl\/cs\/wp-json\/wp\/v2\/product_tag?post=20410"}],"curies":[{"name":"wp","href":"https:\/\/api.w.org\/{rel}","templated":true}]}}