{"id":20602,"date":"2025-04-23T12:40:49","date_gmt":"2025-04-23T12:40:49","guid":{"rendered":"https:\/\/team-meble.pl\/produkt\/zavrena-knihovna-irma-im-08\/"},"modified":"2025-04-23T12:40:49","modified_gmt":"2025-04-23T12:40:49","slug":"zavrena-knihovna-irma-im-08","status":"publish","type":"product","link":"https:\/\/team-meble.pl\/cs\/produkt\/zavrena-knihovna-irma-im-08\/","title":{"rendered":"Zav\u0159en\u00e1 knihovna Irma IM 08"},"content":{"rendered":"<p>Knihovna IRMA IM08 je univerz\u00e1ln\u00edm a funk\u010dn\u00edm designov\u00fdm prvkem do ob\u00fdvac\u00edho pokoje nebo lo\u017enice. D\u00edky \u0161t\u00edhl\u00e9mu designu s uzav\u00edrateln\u00fdmi policemi se skv\u011ble hod\u00ed k ukl\u00e1d\u00e1n\u00ed n\u00e1dob\u00ed, dokument\u016f a drobn\u00fdch \u0161atn\u00edch p\u0159edm\u011bt\u016f. Sk\u0159\u00ed\u0148ka je vybavena tich\u00fdm syst\u00e9mem zav\u00edr\u00e1n\u00ed dv\u00ed\u0159ek a energeticky \u00fasporn\u00fdm LED osv\u011btlen\u00edm horn\u00edho okraje ve studen\u00e9 b\u00edl\u00e9 barv\u011b. Celkov\u00fd design sk\u0159\u00edn\u011b podtrhuj\u00ed p\u016fsobiv\u00e9 spodn\u00ed li\u0161ty na \u010delech, kter\u00e9 nahradily tradi\u010dn\u00ed \u00fachytky. Klasick\u00e1 kombinace matn\u00e9 a leskl\u00e9 b\u00edl\u00e9 dokonale zapadne do sou\u010dasn\u00fdch trend\u016f a dod\u00e1 sk\u0159\u00ed\u0148ce neuv\u011b\u0159iteln\u00fd \u0161arm a sv\u011b\u017eest, zat\u00edmco reflexn\u00ed sv\u011btlo vnese do interi\u00e9ru n\u00e1dech chladn\u00e9 elegance. Standardn\u011b jsou k dispozici dv\u011b barvy vlo\u017eek &#8211; b\u00edl\u00e1 a dub maggia &#8211; kter\u00e9 si m\u016f\u017eete vybrat podle vlastn\u00edho uv\u00e1\u017een\u00ed. Sk\u0159\u00ed\u0148ka RTV se bude skv\u011ble vyj\u00edmat v kombinaci s dal\u0161\u00edmi kusy z \u0159ady IRMA nebo jako samostatn\u00fd kus n\u00e1bytku, kter\u00fd m\u016f\u017eete sladit s vlastn\u00edm designem interi\u00e9ru.      <\/p>\n","protected":false},"excerpt":{"rendered":"<p>Rozm\u011bry:<\/p>\n<p>\u0161\u00ed\u0159ka &#8211; 60 cm<\/p>\n<p>hloubka &#8211; 39 cm<\/p>\n<p>v\u00fd\u0161ka &#8211; 195,5 cm<\/p>\n","protected":false},"featured_media":20592,"comment_status":"open","ping_status":"closed","template":"","meta":{"_eb_attr":"","_uag_custom_page_level_css":"","site-sidebar-layout":"default","site-content-layout":"","ast-site-content-layout":"default","site-content-style":"default","site-sidebar-style":"default","ast-global-header-display":"","ast-banner-title-visibility":"","ast-main-header-display":"","ast-hfb-above-header-display":"","ast-hfb-below-header-display":"","ast-hfb-mobile-header-display":"","site-post-title":"","ast-breadcrumbs-content":"","ast-featured-img":"","footer-sml-layout":"","theme-transparent-header-meta":"default","adv-header-id-meta":"","stick-header-meta":"default","header-above-stick-meta":"","header-main-stick-meta":"","header-below-stick-meta":"","astra-migrate-meta-layouts":"default","ast-page-background-enabled":"default","ast-page-background-meta":{"desktop":{"background-color":"","background-image":"","background-repeat":"repeat","background-position":"center center","background-size":"auto","background-attachment":"scroll","background-type":"","background-media":"","overlay-type":"","overlay-color":"","overlay-opacity":"","overlay-gradient":""},"tablet":{"background-color":"","background-image":"","background-repeat":"repeat","background-position":"center center","background-size":"auto","background-attachment":"scroll","background-type":"","background-media":"","overlay-type":"","overlay-color":"","overlay-opacity":"","overlay-gradient":""},"mobile":{"background-color":"","background-image":"","background-repeat":"repeat","background-position":"center center","background-size":"auto","background-attachment":"scroll","background-type":"","background-media":"","overlay-type":"","overlay-color":"","overlay-opacity":"","overlay-gradient":""}},"ast-content-background-meta":{"desktop":{"background-color":"var(--ast-global-color-5)","background-image":"","background-repeat":"repeat","background-position":"center center","background-size":"auto","background-attachment":"scroll","background-type":"","background-media":"","overlay-type":"","overlay-color":"","overlay-opacity":"","overlay-gradient":""},"tablet":{"background-color":"var(--ast-global-color-5)","background-image":"","background-repeat":"repeat","background-position":"center center","background-size":"auto","background-attachment":"scroll","background-type":"","background-media":"","overlay-type":"","overlay-color":"","overlay-opacity":"","overlay-gradient":""},"mobile":{"background-color":"var(--ast-global-color-5)","background-image":"","background-repeat":"repeat","background-position":"center center","background-size":"auto","background-attachment":"scroll","background-type":"","background-media":"","overlay-type":"","overlay-color":"","overlay-opacity":"","overlay-gradient":""}}},"product_brand":[],"product_cat":[104,94,105,101,103],"product_tag":[],"class_list":{"0":"post-20602","1":"product","2":"type-product","3":"status-publish","4":"has-post-thumbnail","6":"product_cat-jidelna","7":"product_cat-loznice","8":"product_cat-predsin","9":"product_cat-regaly-cs","10":"product_cat-salon-cs","11":"desktop-align-left","12":"tablet-align-left","13":"mobile-align-left","14":"ast-product-gallery-layout-horizontal-slider","15":"ast-product-tabs-layout-horizontal","16":"ast-qv-on-image","18":"first","19":"onbackorder","20":"shipping-taxable","21":"purchasable","22":"product-type-simple"},"spectra_custom_meta":{"_iwo_price_last_change":["a:4:{s:5:\"price\";s:0:\"\";s:10:\"price_sale\";s:0:\"\";s:19:\"price_including_tax\";d:0;s:9:\"timestamp\";i:1745412108;}"],"_alp_processed":["1745412108"],"_wcml_average_rating":[null],"_wcml_review_count":[null],"_wcml_rating_count":[null],"_backorders":["no"],"_download_limit":["-1"],"_download_expiry":["-1"],"_downloadable":["no"],"_manage_stock":["no"],"_stock_status":["onbackorder"],"_sold_individually":["no"],"_tax_class":[""],"_tax_status":["taxable"],"_virtual":["no"],"total_sales":["0"],"_regular_price":[6435.3],"_price":[6435.3],"_wpml_media_duplicate":["1"],"_wpml_media_featured":["1"],"stick-header-meta":["default"],"site-sidebar-layout":["default"],"theme-transparent-header-meta":["default"],"ast-site-content-layout":["default"],"site-content-style":["default"],"site-sidebar-style":["default"],"wcml_sync_hash":["a:1:{s:15:\"postmeta_fields\";s:32:\"7507667b56e63269dec18d098843b838\";}"],"attr_label_translations":["a:0:{}"],"_product_attributes":["a:0:{}"],"_thumbnail_id":["20592"],"_product_image_gallery":["20594,20596,20540,20598"],"_default_attributes":["a:0:{}"],"_upsell_ids":["a:0:{}"],"_crosssell_ids":["a:0:{}"],"_children":["a:0:{}"],"_eb_reusable_block_ids":["a:0:{}"],"_uag_page_assets":["a:9:{s:3:\"css\";s:263:\".uag-blocks-common-selector{z-index:var(--z-index-desktop) !important}@media (max-width: 976px){.uag-blocks-common-selector{z-index:var(--z-index-tablet) !important}}@media (max-width: 767px){.uag-blocks-common-selector{z-index:var(--z-index-mobile) !important}}\n\";s:2:\"js\";s:0:\"\";s:18:\"current_block_list\";a:13:{i:0;s:11:\"core\/search\";i:1;s:10:\"core\/group\";i:2;s:12:\"core\/heading\";i:3;s:17:\"core\/latest-posts\";i:4;s:20:\"core\/latest-comments\";i:5;s:13:\"core\/archives\";i:6;s:15:\"core\/categories\";i:7;s:26:\"woocommerce\/filter-wrapper\";i:8;s:24:\"woocommerce\/price-filter\";i:9;s:30:\"woocommerce\/product-categories\";i:10;s:26:\"woocommerce\/active-filters\";i:11;s:23:\"essential-blocks\/social\";i:12;s:24:\"woocommerce\/stock-filter\";}s:8:\"uag_flag\";b:0;s:11:\"uag_version\";s:10:\"1776350978\";s:6:\"gfonts\";a:0:{}s:10:\"gfonts_url\";s:0:\"\";s:12:\"gfonts_files\";a:0:{}s:14:\"uag_faq_layout\";b:0;}"],"_max_variation_price":[""],"_max_variation_regular_price":[""],"_max_variation_sale_price":[""],"_min_variation_price":[""],"_min_variation_regular_price":[""],"_min_variation_sale_price":[""],"_sale_price":[""],"_wc_rating_count":[""],"_wc_review_count":[""],"_wc_average_rating":[0]},"uagb_featured_image_src":{"full":["https:\/\/team-meble.pl\/wp-content\/uploads\/2025\/04\/irma-im08-regal-zamkniety-dabbialy-polysk.jpg",1372,1372,false],"thumbnail":["https:\/\/team-meble.pl\/wp-content\/uploads\/2025\/04\/irma-im08-regal-zamkniety-dabbialy-polysk-150x150.jpg",150,150,true],"medium":["https:\/\/team-meble.pl\/wp-content\/uploads\/2025\/04\/irma-im08-regal-zamkniety-dabbialy-polysk-300x300.jpg",300,300,true],"medium_large":["https:\/\/team-meble.pl\/wp-content\/uploads\/2025\/04\/irma-im08-regal-zamkniety-dabbialy-polysk-768x768.jpg",768,768,true],"large":["https:\/\/team-meble.pl\/wp-content\/uploads\/2025\/04\/irma-im08-regal-zamkniety-dabbialy-polysk-1024x1024.jpg",1024,1024,true],"1536x1536":["https:\/\/team-meble.pl\/wp-content\/uploads\/2025\/04\/irma-im08-regal-zamkniety-dabbialy-polysk.jpg",1372,1372,false],"2048x2048":["https:\/\/team-meble.pl\/wp-content\/uploads\/2025\/04\/irma-im08-regal-zamkniety-dabbialy-polysk.jpg",1372,1372,false],"mailpoet_newsletter_max":["https:\/\/team-meble.pl\/wp-content\/uploads\/2025\/04\/irma-im08-regal-zamkniety-dabbialy-polysk.jpg",1320,1320,false],"woocommerce_thumbnail":["https:\/\/team-meble.pl\/wp-content\/uploads\/2025\/04\/irma-im08-regal-zamkniety-dabbialy-polysk-300x300.jpg",300,300,true],"woocommerce_single":["https:\/\/team-meble.pl\/wp-content\/uploads\/2025\/04\/irma-im08-regal-zamkniety-dabbialy-polysk-300x300.jpg",300,300,true],"woocommerce_gallery_thumbnail":["https:\/\/team-meble.pl\/wp-content\/uploads\/2025\/04\/irma-im08-regal-zamkniety-dabbialy-polysk-100x100.jpg",100,100,true]},"uagb_author_info":{"display_name":"Wiola","author_link":"https:\/\/team-meble.pl\/cs\/author\/"},"uagb_comment_info":0,"uagb_excerpt":"Rozm\u011bry: \u0161\u00ed\u0159ka - 60 cm hloubka - 39 cm v\u00fd\u0161ka - 195,5 cm","_links":{"self":[{"href":"https:\/\/team-meble.pl\/cs\/wp-json\/wp\/v2\/product\/20602","targetHints":{"allow":["GET"]}}],"collection":[{"href":"https:\/\/team-meble.pl\/cs\/wp-json\/wp\/v2\/product"}],"about":[{"href":"https:\/\/team-meble.pl\/cs\/wp-json\/wp\/v2\/types\/product"}],"replies":[{"embeddable":true,"href":"https:\/\/team-meble.pl\/cs\/wp-json\/wp\/v2\/comments?post=20602"}],"wp:featuredmedia":[{"embeddable":true,"href":"https:\/\/team-meble.pl\/cs\/wp-json\/wp\/v2\/media\/20592"}],"wp:attachment":[{"href":"https:\/\/team-meble.pl\/cs\/wp-json\/wp\/v2\/media?parent=20602"}],"wp:term":[{"taxonomy":"product_brand","embeddable":true,"href":"https:\/\/team-meble.pl\/cs\/wp-json\/wp\/v2\/product_brand?post=20602"},{"taxonomy":"product_cat","embeddable":true,"href":"https:\/\/team-meble.pl\/cs\/wp-json\/wp\/v2\/product_cat?post=20602"},{"taxonomy":"product_tag","embeddable":true,"href":"https:\/\/team-meble.pl\/cs\/wp-json\/wp\/v2\/product_tag?post=20602"}],"curies":[{"name":"wp","href":"https:\/\/api.w.org\/{rel}","templated":true}]}}