{"id":20953,"date":"2025-04-25T10:48:36","date_gmt":"2025-04-25T10:48:36","guid":{"rendered":"https:\/\/team-meble.pl\/produkt\/mala-komoda-smart-srk2\/"},"modified":"2026-01-15T14:03:44","modified_gmt":"2026-01-15T14:03:44","slug":"mala-komoda-smart-srk2","status":"publish","type":"product","link":"https:\/\/team-meble.pl\/cs\/produkt\/mala-komoda-smart-srk2\/","title":{"rendered":"Mal\u00e1 komoda Smart SRK2"},"content":{"rendered":"<p>Komoda z kolekce Smart je modern\u00ed a funk\u010dn\u00ed kus n\u00e1bytku, kter\u00fd se dokonale hod\u00ed do ka\u017ed\u00e9 lo\u017enice. <strong>Je vybavena \u010dty\u0159mi z\u00e1suvkami a jedn\u011bmi dv\u00ed\u0159ky<\/strong> a nab\u00edz\u00ed dostatek \u00falo\u017en\u00e9ho prostoru pro oble\u010den\u00ed i p\u0159edm\u011bty denn\u00ed pot\u0159eby nebo dekorace. Jej\u00ed chytr\u00e9 uspo\u0159\u00e1d\u00e1n\u00ed v\u00e1m usnadn\u00ed organizaci prostoru a pom\u016f\u017ee v\u00e1m udr\u017eet po\u0159\u00e1dek v interi\u00e9ru. <\/p>\n<p>Modern\u00ed design komody podtrhuj\u00ed ergonomick\u00e9 \u010dern\u00e9 \u00fachytky, kter\u00e9 nejen dod\u00e1vaj\u00ed eleganci, ale tak\u00e9 zaji\u0161\u0165uj\u00ed pohodln\u00e9 pou\u017e\u00edv\u00e1n\u00ed.  <strong>Stylov\u00e9 proveden\u00ed v p\u0159\u00edrodn\u00ed barv\u011b dokonale zapad\u00e1 do sou\u010dasn\u00fdch trend\u016f a dod\u00e1v\u00e1 interi\u00e9ru sv\u011b\u017e\u00ed a \u00fatuln\u00fd dojem.<\/strong><\/p>\n<p>Syst\u00e9m Smart se dod\u00e1v\u00e1 ve \u010dty\u0159ech barv\u00e1ch:<\/p>\n<p>Dub Sonoma\/b\u00edl\u00e1,Antracit,Dub Artisan,Ka\u0161m\u00edr<\/p>\n","protected":false},"excerpt":{"rendered":"<p>Rozm\u011bry:<\/p>\n<p>\u0160\u00ed\u0159ka &#8211; 90 cm<\/p>\n<p>Hloubka &#8211; 40 cm<\/p>\n<p>V\u00fd\u0161ka &#8211; 84 cm<\/p>\n","protected":false},"featured_media":20946,"comment_status":"open","ping_status":"closed","template":"","meta":{"_eb_attr":"","_uag_custom_page_level_css":"","site-sidebar-layout":"default","site-content-layout":"","ast-site-content-layout":"default","site-content-style":"default","site-sidebar-style":"default","ast-global-header-display":"","ast-banner-title-visibility":"","ast-main-header-display":"","ast-hfb-above-header-display":"","ast-hfb-below-header-display":"","ast-hfb-mobile-header-display":"","site-post-title":"","ast-breadcrumbs-content":"","ast-featured-img":"","footer-sml-layout":"","theme-transparent-header-meta":"default","adv-header-id-meta":"","stick-header-meta":"default","header-above-stick-meta":"","header-main-stick-meta":"","header-below-stick-meta":"","astra-migrate-meta-layouts":"default","ast-page-background-enabled":"default","ast-page-background-meta":{"desktop":{"background-color":"","background-image":"","background-repeat":"repeat","background-position":"center center","background-size":"auto","background-attachment":"scroll","background-type":"","background-media":"","overlay-type":"","overlay-color":"","overlay-opacity":"","overlay-gradient":""},"tablet":{"background-color":"","background-image":"","background-repeat":"repeat","background-position":"center center","background-size":"auto","background-attachment":"scroll","background-type":"","background-media":"","overlay-type":"","overlay-color":"","overlay-opacity":"","overlay-gradient":""},"mobile":{"background-color":"","background-image":"","background-repeat":"repeat","background-position":"center center","background-size":"auto","background-attachment":"scroll","background-type":"","background-media":"","overlay-type":"","overlay-color":"","overlay-opacity":"","overlay-gradient":""}},"ast-content-background-meta":{"desktop":{"background-color":"var(--ast-global-color-5)","background-image":"","background-repeat":"repeat","background-position":"center center","background-size":"auto","background-attachment":"scroll","background-type":"","background-media":"","overlay-type":"","overlay-color":"","overlay-opacity":"","overlay-gradient":""},"tablet":{"background-color":"var(--ast-global-color-5)","background-image":"","background-repeat":"repeat","background-position":"center center","background-size":"auto","background-attachment":"scroll","background-type":"","background-media":"","overlay-type":"","overlay-color":"","overlay-opacity":"","overlay-gradient":""},"mobile":{"background-color":"var(--ast-global-color-5)","background-image":"","background-repeat":"repeat","background-position":"center center","background-size":"auto","background-attachment":"scroll","background-type":"","background-media":"","overlay-type":"","overlay-color":"","overlay-opacity":"","overlay-gradient":""}}},"product_brand":[],"product_cat":[93,104,94,105,103,132,108],"product_tag":[],"class_list":{"0":"post-20953","1":"product","2":"type-product","3":"status-publish","4":"has-post-thumbnail","6":"product_cat-detsky-pokoj","7":"product_cat-jidelna","8":"product_cat-loznice","9":"product_cat-predsin","10":"product_cat-salon-cs","11":"product_cat-kancelar","12":"product_cat-komody-cs","13":"desktop-align-left","14":"tablet-align-left","15":"mobile-align-left","16":"ast-product-gallery-layout-horizontal-slider","17":"ast-product-tabs-layout-horizontal","18":"ast-qv-on-image","20":"first","21":"onbackorder","22":"shipping-taxable","23":"purchasable","24":"product-type-simple"},"spectra_custom_meta":{"_iwo_price_last_change":["a:4:{s:5:\"price\";s:3:\"569\";s:10:\"price_sale\";s:0:\"\";s:19:\"price_including_tax\";d:569;s:9:\"timestamp\";i:1768485824;}"],"_alp_processed":["1768485824"],"_wcml_average_rating":[null],"_wcml_review_count":[null],"_wcml_rating_count":[null],"_backorders":["no"],"_download_limit":["-1"],"_download_expiry":["-1"],"_downloadable":["no"],"_manage_stock":["no"],"_stock_status":["onbackorder"],"_sold_individually":["no"],"_tax_class":[""],"_tax_status":["taxable"],"_virtual":["no"],"total_sales":["0"],"_wpml_media_duplicate":["1"],"_wpml_media_featured":["1"],"stick-header-meta":["default"],"site-sidebar-layout":["default"],"theme-transparent-header-meta":["default"],"ast-site-content-layout":["default"],"site-content-style":["default"],"site-sidebar-style":["default"],"wcml_sync_hash":["a:1:{s:15:\"postmeta_fields\";s:32:\"9e73cb5c7c4e40415e31d93f0bf35ac6\";}"],"attr_label_translations":["a:0:{}"],"_product_attributes":["a:0:{}"],"_thumbnail_id":["20946"],"_product_image_gallery":["20948,20950,20805,20807,20809,24497"],"_default_attributes":["a:0:{}"],"_upsell_ids":["a:0:{}"],"_crosssell_ids":["a:0:{}"],"_children":["a:0:{}"],"_eb_reusable_block_ids":["a:0:{}"],"_downloadable_files":[""],"_iwo_price_log":["a:4:{s:5:\"price\";s:3:\"559\";s:10:\"price_sale\";s:0:\"\";s:19:\"price_including_tax\";d:559;s:9:\"timestamp\";i:1757500493;}","a:4:{s:5:\"price\";s:3:\"569\";s:10:\"price_sale\";s:0:\"\";s:19:\"price_including_tax\";d:569;s:9:\"timestamp\";i:1768485824;}"],"_last_translation_edit_mode":["translation-editor"],"_wpml_word_count":["142"],"_regular_price":[3243.3],"_price":[3243.3],"_uag_page_assets":["a:9:{s:3:\"css\";s:263:\".uag-blocks-common-selector{z-index:var(--z-index-desktop) !important}@media (max-width: 976px){.uag-blocks-common-selector{z-index:var(--z-index-tablet) !important}}@media (max-width: 767px){.uag-blocks-common-selector{z-index:var(--z-index-mobile) !important}}\n\";s:2:\"js\";s:0:\"\";s:18:\"current_block_list\";a:13:{i:0;s:11:\"core\/search\";i:1;s:10:\"core\/group\";i:2;s:12:\"core\/heading\";i:3;s:17:\"core\/latest-posts\";i:4;s:20:\"core\/latest-comments\";i:5;s:13:\"core\/archives\";i:6;s:15:\"core\/categories\";i:7;s:26:\"woocommerce\/filter-wrapper\";i:8;s:24:\"woocommerce\/price-filter\";i:9;s:30:\"woocommerce\/product-categories\";i:10;s:26:\"woocommerce\/active-filters\";i:11;s:23:\"essential-blocks\/social\";i:12;s:24:\"woocommerce\/stock-filter\";}s:8:\"uag_flag\";b:0;s:11:\"uag_version\";s:10:\"1776365968\";s:6:\"gfonts\";a:0:{}s:10:\"gfonts_url\";s:0:\"\";s:12:\"gfonts_files\";a:0:{}s:14:\"uag_faq_layout\";b:0;}"],"_uag_css_file_name":["uag-css-20953.css"],"_max_variation_price":[""],"_max_variation_regular_price":[""],"_max_variation_sale_price":[""],"_min_variation_price":[""],"_min_variation_regular_price":[""],"_min_variation_sale_price":[""],"_sale_price":[""],"_wc_rating_count":[""],"_wc_review_count":[""],"_wc_average_rating":[0]},"uagb_featured_image_src":{"full":["https:\/\/team-meble.pl\/wp-content\/uploads\/2025\/04\/mala-komoda-dab-artisan-smart-90cm-srk2.jpg",800,800,false],"thumbnail":["https:\/\/team-meble.pl\/wp-content\/uploads\/2025\/04\/mala-komoda-dab-artisan-smart-90cm-srk2-150x150.jpg",150,150,true],"medium":["https:\/\/team-meble.pl\/wp-content\/uploads\/2025\/04\/mala-komoda-dab-artisan-smart-90cm-srk2-300x300.jpg",300,300,true],"medium_large":["https:\/\/team-meble.pl\/wp-content\/uploads\/2025\/04\/mala-komoda-dab-artisan-smart-90cm-srk2-768x768.jpg",768,768,true],"large":["https:\/\/team-meble.pl\/wp-content\/uploads\/2025\/04\/mala-komoda-dab-artisan-smart-90cm-srk2.jpg",800,800,false],"1536x1536":["https:\/\/team-meble.pl\/wp-content\/uploads\/2025\/04\/mala-komoda-dab-artisan-smart-90cm-srk2.jpg",800,800,false],"2048x2048":["https:\/\/team-meble.pl\/wp-content\/uploads\/2025\/04\/mala-komoda-dab-artisan-smart-90cm-srk2.jpg",800,800,false],"mailpoet_newsletter_max":["https:\/\/team-meble.pl\/wp-content\/uploads\/2025\/04\/mala-komoda-dab-artisan-smart-90cm-srk2.jpg",800,800,false],"woocommerce_thumbnail":["https:\/\/team-meble.pl\/wp-content\/uploads\/2025\/04\/mala-komoda-dab-artisan-smart-90cm-srk2-300x300.jpg",300,300,true],"woocommerce_single":["https:\/\/team-meble.pl\/wp-content\/uploads\/2025\/04\/mala-komoda-dab-artisan-smart-90cm-srk2-300x300.jpg",300,300,true],"woocommerce_gallery_thumbnail":["https:\/\/team-meble.pl\/wp-content\/uploads\/2025\/04\/mala-komoda-dab-artisan-smart-90cm-srk2-100x100.jpg",100,100,true]},"uagb_author_info":{"display_name":"Wiola","author_link":"https:\/\/team-meble.pl\/cs\/author\/"},"uagb_comment_info":0,"uagb_excerpt":"Rozm\u011bry: \u0160\u00ed\u0159ka - 90 cm Hloubka - 40 cm V\u00fd\u0161ka - 84 cm","_links":{"self":[{"href":"https:\/\/team-meble.pl\/cs\/wp-json\/wp\/v2\/product\/20953","targetHints":{"allow":["GET"]}}],"collection":[{"href":"https:\/\/team-meble.pl\/cs\/wp-json\/wp\/v2\/product"}],"about":[{"href":"https:\/\/team-meble.pl\/cs\/wp-json\/wp\/v2\/types\/product"}],"replies":[{"embeddable":true,"href":"https:\/\/team-meble.pl\/cs\/wp-json\/wp\/v2\/comments?post=20953"}],"wp:featuredmedia":[{"embeddable":true,"href":"https:\/\/team-meble.pl\/cs\/wp-json\/wp\/v2\/media\/20946"}],"wp:attachment":[{"href":"https:\/\/team-meble.pl\/cs\/wp-json\/wp\/v2\/media?parent=20953"}],"wp:term":[{"taxonomy":"product_brand","embeddable":true,"href":"https:\/\/team-meble.pl\/cs\/wp-json\/wp\/v2\/product_brand?post=20953"},{"taxonomy":"product_cat","embeddable":true,"href":"https:\/\/team-meble.pl\/cs\/wp-json\/wp\/v2\/product_cat?post=20953"},{"taxonomy":"product_tag","embeddable":true,"href":"https:\/\/team-meble.pl\/cs\/wp-json\/wp\/v2\/product_tag?post=20953"}],"curies":[{"name":"wp","href":"https:\/\/api.w.org\/{rel}","templated":true}]}}