{"id":21393,"date":"2025-05-07T10:29:36","date_gmt":"2025-05-07T10:29:36","guid":{"rendered":"https:\/\/team-meble.pl\/produkt\/kreslo-gordon\/"},"modified":"2025-05-07T10:38:34","modified_gmt":"2025-05-07T10:38:34","slug":"kreslo-gordon","status":"publish","type":"product","link":"https:\/\/team-meble.pl\/cs\/produkt\/kreslo-gordon\/","title":{"rendered":"K\u0159eslo Gordon"},"content":{"rendered":"<p>K\u0159eslo, kter\u00e9 nem\u016f\u017eete minout lhostejn\u011b. Tvar op\u011bradla a charakteristick\u00e9 z\u00e1\u0159ezy na podru\u010dk\u00e1ch z n\u011bj d\u011blaj\u00ed unik\u00e1t. Jeho origin\u00e1ln\u00ed tvar podtrhne l\u00e1tka ve v\u00fdrazn\u00e9 barv\u011b. K\u0159eslo Gordon skv\u011ble zapadne do ob\u00fdvac\u00edho pokoje a dod\u00e1 mu modern\u011bj\u0161\u00ed vzhled. Op\u011bradlo, kter\u00e9 upout\u00e1 pozornost sv\u00fdm zaoblen\u00fdm tvarem, bylo vypln\u011bno tvarovan\u00fdmi op\u011brn\u00fdmi pol\u0161t\u00e1\u0159i upevn\u011bn\u00fdmi na m\u00edst\u011b. V kombinaci s pom\u011brn\u011b hlubok\u00fdm sed\u00e1kem vyroben\u00fdm z kombinace vlnit\u00fdch pru\u017ein a vysoce odoln\u00e9 p\u011bny poskytuje maxim\u00e1ln\u00ed pohodl\u00ed p\u0159i sezen\u00ed.<br \/>\nK\u0159eslo vypad\u00e1 nejl\u00e9pe ve v\u00fdrazn\u00fdch l\u00e1tk\u00e1ch, kter\u00e9 zd\u016fraz\u0148uj\u00ed jeho tvar a pro\u0161\u00edv\u00e1n\u00ed. Celek je zakon\u010den d\u0159ev\u011bn\u00fdmi no\u017ekami a kapsou na p\u0159\u00edru\u010dn\u00ed p\u0159edm\u011bty.      <\/p>\n","protected":false},"excerpt":{"rendered":"<p>Rozm\u011bry:<\/p>\n<p>\u0160\u00ed\u0159ka &#8211; 78 cm<\/p>\n<p>Hloubka &#8211; 111 cm<\/p>\n<p>V\u00fd\u0161ka &#8211; 118 cm<\/p>\n","protected":false},"featured_media":21397,"comment_status":"open","ping_status":"closed","template":"","meta":{"_eb_attr":"","_uag_custom_page_level_css":"","site-sidebar-layout":"default","site-content-layout":"","ast-site-content-layout":"default","site-content-style":"default","site-sidebar-style":"default","ast-global-header-display":"","ast-banner-title-visibility":"","ast-main-header-display":"","ast-hfb-above-header-display":"","ast-hfb-below-header-display":"","ast-hfb-mobile-header-display":"","site-post-title":"","ast-breadcrumbs-content":"","ast-featured-img":"","footer-sml-layout":"","theme-transparent-header-meta":"default","adv-header-id-meta":"","stick-header-meta":"default","header-above-stick-meta":"","header-main-stick-meta":"","header-below-stick-meta":"","astra-migrate-meta-layouts":"default","ast-page-background-enabled":"default","ast-page-background-meta":{"desktop":{"background-color":"","background-image":"","background-repeat":"repeat","background-position":"center center","background-size":"auto","background-attachment":"scroll","background-type":"","background-media":"","overlay-type":"","overlay-color":"","overlay-opacity":"","overlay-gradient":""},"tablet":{"background-color":"","background-image":"","background-repeat":"repeat","background-position":"center center","background-size":"auto","background-attachment":"scroll","background-type":"","background-media":"","overlay-type":"","overlay-color":"","overlay-opacity":"","overlay-gradient":""},"mobile":{"background-color":"","background-image":"","background-repeat":"repeat","background-position":"center center","background-size":"auto","background-attachment":"scroll","background-type":"","background-media":"","overlay-type":"","overlay-color":"","overlay-opacity":"","overlay-gradient":""}},"ast-content-background-meta":{"desktop":{"background-color":"var(--ast-global-color-5)","background-image":"","background-repeat":"repeat","background-position":"center center","background-size":"auto","background-attachment":"scroll","background-type":"","background-media":"","overlay-type":"","overlay-color":"","overlay-opacity":"","overlay-gradient":""},"tablet":{"background-color":"var(--ast-global-color-5)","background-image":"","background-repeat":"repeat","background-position":"center center","background-size":"auto","background-attachment":"scroll","background-type":"","background-media":"","overlay-type":"","overlay-color":"","overlay-opacity":"","overlay-gradient":""},"mobile":{"background-color":"var(--ast-global-color-5)","background-image":"","background-repeat":"repeat","background-position":"center center","background-size":"auto","background-attachment":"scroll","background-type":"","background-media":"","overlay-type":"","overlay-color":"","overlay-opacity":"","overlay-gradient":""}}},"product_brand":[],"product_cat":[104,94,103,132,120],"product_tag":[],"class_list":{"0":"post-21393","1":"product","2":"type-product","3":"status-publish","4":"has-post-thumbnail","6":"product_cat-jidelna","7":"product_cat-loznice","8":"product_cat-salon-cs","9":"product_cat-kancelar","10":"product_cat-kresla-usi-a-tasticky","11":"desktop-align-left","12":"tablet-align-left","13":"mobile-align-left","14":"ast-product-gallery-layout-horizontal-slider","15":"ast-product-tabs-layout-horizontal","16":"ast-qv-on-image","18":"first","19":"onbackorder","20":"shipping-taxable","21":"purchasable","22":"product-type-simple"},"spectra_custom_meta":{"_iwo_price_last_change":["a:4:{s:5:\"price\";s:4:\"1749\";s:10:\"price_sale\";s:0:\"\";s:19:\"price_including_tax\";d:1749;s:9:\"timestamp\";i:1746614314;}"],"_alp_processed":["1746614314"],"_wcml_average_rating":[null],"_wcml_review_count":[null],"_wcml_rating_count":[null],"_backorders":["no"],"_download_limit":["-1"],"_download_expiry":["-1"],"_downloadable":["no"],"_manage_stock":["no"],"_stock_status":["onbackorder"],"_sold_individually":["no"],"_tax_class":[""],"_tax_status":["taxable"],"_virtual":["no"],"total_sales":["0"],"_wpml_media_duplicate":["1"],"_wpml_media_featured":["1"],"stick-header-meta":["default"],"site-sidebar-layout":["default"],"theme-transparent-header-meta":["default"],"ast-site-content-layout":["default"],"site-content-style":["default"],"site-sidebar-style":["default"],"wcml_sync_hash":["a:1:{s:15:\"postmeta_fields\";s:32:\"6c504dd82f203888699975ff2bd7371b\";}"],"attr_label_translations":["a:0:{}"],"_product_attributes":["a:0:{}"],"_thumbnail_id":["21397"],"_product_image_gallery":["21386,21388,21390"],"_default_attributes":["a:0:{}"],"_upsell_ids":["a:0:{}"],"_crosssell_ids":["a:0:{}"],"_children":["a:0:{}"],"_regular_price":[9969.3],"_price":[9969.3],"_iwo_price_log":["a:4:{s:5:\"price\";s:4:\"1749\";s:10:\"price_sale\";s:0:\"\";s:19:\"price_including_tax\";d:1749;s:9:\"timestamp\";i:1746614314;}"],"_last_translation_edit_mode":["translation-editor"],"_eb_reusable_block_ids":["a:0:{}"],"_uag_page_assets":["a:9:{s:3:\"css\";s:263:\".uag-blocks-common-selector{z-index:var(--z-index-desktop) !important}@media (max-width: 976px){.uag-blocks-common-selector{z-index:var(--z-index-tablet) !important}}@media (max-width: 767px){.uag-blocks-common-selector{z-index:var(--z-index-mobile) !important}}\n\";s:2:\"js\";s:0:\"\";s:18:\"current_block_list\";a:13:{i:0;s:11:\"core\/search\";i:1;s:10:\"core\/group\";i:2;s:12:\"core\/heading\";i:3;s:17:\"core\/latest-posts\";i:4;s:20:\"core\/latest-comments\";i:5;s:13:\"core\/archives\";i:6;s:15:\"core\/categories\";i:7;s:26:\"woocommerce\/filter-wrapper\";i:8;s:24:\"woocommerce\/price-filter\";i:9;s:30:\"woocommerce\/product-categories\";i:10;s:26:\"woocommerce\/active-filters\";i:11;s:23:\"essential-blocks\/social\";i:12;s:24:\"woocommerce\/stock-filter\";}s:8:\"uag_flag\";b:0;s:11:\"uag_version\";s:10:\"1776815524\";s:6:\"gfonts\";a:0:{}s:10:\"gfonts_url\";s:0:\"\";s:12:\"gfonts_files\";a:0:{}s:14:\"uag_faq_layout\";b:0;}"],"_uag_css_file_name":["uag-css-21393.css"],"_max_variation_price":[""],"_max_variation_regular_price":[""],"_max_variation_sale_price":[""],"_min_variation_price":[""],"_min_variation_regular_price":[""],"_min_variation_sale_price":[""],"_sale_price":[""],"_wc_rating_count":[""],"_wc_review_count":[""],"_wc_average_rating":[0]},"uagb_featured_image_src":{"full":["https:\/\/team-meble.pl\/wp-content\/uploads\/2025\/05\/Wygodny-Oryginalny-Nowoczesny-Fotel-GORDON.jpg",2560,2133,false],"thumbnail":["https:\/\/team-meble.pl\/wp-content\/uploads\/2025\/05\/Wygodny-Oryginalny-Nowoczesny-Fotel-GORDON-150x150.jpg",150,150,true],"medium":["https:\/\/team-meble.pl\/wp-content\/uploads\/2025\/05\/Wygodny-Oryginalny-Nowoczesny-Fotel-GORDON-300x250.jpg",300,250,true],"medium_large":["https:\/\/team-meble.pl\/wp-content\/uploads\/2025\/05\/Wygodny-Oryginalny-Nowoczesny-Fotel-GORDON-768x640.jpg",768,640,true],"large":["https:\/\/team-meble.pl\/wp-content\/uploads\/2025\/05\/Wygodny-Oryginalny-Nowoczesny-Fotel-GORDON-1024x853.jpg",1024,853,true],"1536x1536":["https:\/\/team-meble.pl\/wp-content\/uploads\/2025\/05\/Wygodny-Oryginalny-Nowoczesny-Fotel-GORDON-1536x1280.jpg",1536,1280,true],"2048x2048":["https:\/\/team-meble.pl\/wp-content\/uploads\/2025\/05\/Wygodny-Oryginalny-Nowoczesny-Fotel-GORDON-2048x1706.jpg",2048,1706,true],"mailpoet_newsletter_max":["https:\/\/team-meble.pl\/wp-content\/uploads\/2025\/05\/Wygodny-Oryginalny-Nowoczesny-Fotel-GORDON.jpg",1320,1100,false],"woocommerce_thumbnail":["https:\/\/team-meble.pl\/wp-content\/uploads\/2025\/05\/Wygodny-Oryginalny-Nowoczesny-Fotel-GORDON-300x300.jpg",300,300,true],"woocommerce_single":["https:\/\/team-meble.pl\/wp-content\/uploads\/2025\/05\/Wygodny-Oryginalny-Nowoczesny-Fotel-GORDON-300x250.jpg",300,250,true],"woocommerce_gallery_thumbnail":["https:\/\/team-meble.pl\/wp-content\/uploads\/2025\/05\/Wygodny-Oryginalny-Nowoczesny-Fotel-GORDON-100x100.jpg",100,100,true]},"uagb_author_info":{"display_name":"Wiola","author_link":"https:\/\/team-meble.pl\/cs\/author\/"},"uagb_comment_info":0,"uagb_excerpt":"Rozm\u011bry: \u0160\u00ed\u0159ka - 78 cm Hloubka - 111 cm V\u00fd\u0161ka - 118 cm","_links":{"self":[{"href":"https:\/\/team-meble.pl\/cs\/wp-json\/wp\/v2\/product\/21393","targetHints":{"allow":["GET"]}}],"collection":[{"href":"https:\/\/team-meble.pl\/cs\/wp-json\/wp\/v2\/product"}],"about":[{"href":"https:\/\/team-meble.pl\/cs\/wp-json\/wp\/v2\/types\/product"}],"replies":[{"embeddable":true,"href":"https:\/\/team-meble.pl\/cs\/wp-json\/wp\/v2\/comments?post=21393"}],"wp:featuredmedia":[{"embeddable":true,"href":"https:\/\/team-meble.pl\/cs\/wp-json\/wp\/v2\/media\/21397"}],"wp:attachment":[{"href":"https:\/\/team-meble.pl\/cs\/wp-json\/wp\/v2\/media?parent=21393"}],"wp:term":[{"taxonomy":"product_brand","embeddable":true,"href":"https:\/\/team-meble.pl\/cs\/wp-json\/wp\/v2\/product_brand?post=21393"},{"taxonomy":"product_cat","embeddable":true,"href":"https:\/\/team-meble.pl\/cs\/wp-json\/wp\/v2\/product_cat?post=21393"},{"taxonomy":"product_tag","embeddable":true,"href":"https:\/\/team-meble.pl\/cs\/wp-json\/wp\/v2\/product_tag?post=21393"}],"curies":[{"name":"wp","href":"https:\/\/api.w.org\/{rel}","templated":true}]}}