{"id":21596,"date":"2025-05-08T09:11:52","date_gmt":"2025-05-08T09:11:52","guid":{"rendered":"https:\/\/team-meble.pl\/produkt\/nizka-prosklena-vitrina-trend-tr-08\/"},"modified":"2025-05-28T11:21:09","modified_gmt":"2025-05-28T11:21:09","slug":"nizka-prosklena-vitrina-trend-tr-08","status":"publish","type":"product","link":"https:\/\/team-meble.pl\/cs\/produkt\/nizka-prosklena-vitrina-trend-tr-08\/","title":{"rendered":"Trend TR-08 N\u00edzk\u00e1 prosklen\u00e1 vitr\u00edna Lenart"},"content":{"rendered":"<p>Kolekce komod TREND do ob\u00fdvac\u00edho pokoje je sada deseti samostatn\u00fdch masiv\u016f v p\u011bti barevn\u00fdch proveden\u00edch. Najdete mezi nimi prvky jako: komody, vitr\u00edny, no\u010dn\u00ed stolky nebo konferen\u010dn\u00ed stolky. Ka\u017ed\u00fd z nich vypad\u00e1 skv\u011ble vystaven\u00fd samostatn\u011b jako v\u00fdrazn\u00fd prvek v interi\u00e9ru. P\u00edskov\u011b b\u00e9\u017eov\u00e1, \u0161ed\u00e1, b\u00edl\u00e1, \u010dern\u00e1 nebo dub artisan &#8211; rozhodn\u011bte se sami, kter\u00e1 barva se k va\u0161emu interi\u00e9ru hod\u00ed l\u00e9pe.   <\/p>\n<p>Prosklen\u00e1 komoda do ob\u00fdvac\u00edho pokoje se postar\u00e1 o efektn\u00ed vystaven\u00ed va\u0161ich obl\u00edben\u00fdch dekorac\u00ed, suven\u00fdr\u016f, fotografi\u00ed, n\u00e1dob\u00ed nebo jin\u00fdch dopl\u0148k\u016f.<\/p>\n<p>Cena \u010dern\u00e9 sk\u0159\u00edn\u011b 2409 PLN<\/p>\n","protected":false},"excerpt":{"rendered":"<p>Rozm\u011bry:<\/p>\n<p>\u0160\u00ed\u0159ka &#8211; 151 cm<\/p>\n<p>Hloubka &#8211; 34 cm<\/p>\n<p>V\u00fd\u0161ka &#8211; 118 cm<\/p>\n","protected":false},"featured_media":21577,"comment_status":"open","ping_status":"closed","template":"","meta":{"_eb_attr":"","_uag_custom_page_level_css":"","site-sidebar-layout":"default","site-content-layout":"","ast-site-content-layout":"default","site-content-style":"default","site-sidebar-style":"default","ast-global-header-display":"","ast-banner-title-visibility":"","ast-main-header-display":"","ast-hfb-above-header-display":"","ast-hfb-below-header-display":"","ast-hfb-mobile-header-display":"","site-post-title":"","ast-breadcrumbs-content":"","ast-featured-img":"","footer-sml-layout":"","theme-transparent-header-meta":"default","adv-header-id-meta":"","stick-header-meta":"default","header-above-stick-meta":"","header-main-stick-meta":"","header-below-stick-meta":"","astra-migrate-meta-layouts":"default","ast-page-background-enabled":"default","ast-page-background-meta":{"desktop":{"background-color":"","background-image":"","background-repeat":"repeat","background-position":"center center","background-size":"auto","background-attachment":"scroll","background-type":"","background-media":"","overlay-type":"","overlay-color":"","overlay-opacity":"","overlay-gradient":""},"tablet":{"background-color":"","background-image":"","background-repeat":"repeat","background-position":"center center","background-size":"auto","background-attachment":"scroll","background-type":"","background-media":"","overlay-type":"","overlay-color":"","overlay-opacity":"","overlay-gradient":""},"mobile":{"background-color":"","background-image":"","background-repeat":"repeat","background-position":"center center","background-size":"auto","background-attachment":"scroll","background-type":"","background-media":"","overlay-type":"","overlay-color":"","overlay-opacity":"","overlay-gradient":""}},"ast-content-background-meta":{"desktop":{"background-color":"var(--ast-global-color-5)","background-image":"","background-repeat":"repeat","background-position":"center center","background-size":"auto","background-attachment":"scroll","background-type":"","background-media":"","overlay-type":"","overlay-color":"","overlay-opacity":"","overlay-gradient":""},"tablet":{"background-color":"var(--ast-global-color-5)","background-image":"","background-repeat":"repeat","background-position":"center center","background-size":"auto","background-attachment":"scroll","background-type":"","background-media":"","overlay-type":"","overlay-color":"","overlay-opacity":"","overlay-gradient":""},"mobile":{"background-color":"var(--ast-global-color-5)","background-image":"","background-repeat":"repeat","background-position":"center center","background-size":"auto","background-attachment":"scroll","background-type":"","background-media":"","overlay-type":"","overlay-color":"","overlay-opacity":"","overlay-gradient":""}}},"product_brand":[],"product_cat":[104,103,109],"product_tag":[],"class_list":{"0":"post-21596","1":"product","2":"type-product","3":"status-publish","4":"has-post-thumbnail","6":"product_cat-jidelna","7":"product_cat-salon-cs","8":"product_cat-vitriny","9":"desktop-align-left","10":"tablet-align-left","11":"mobile-align-left","12":"ast-product-gallery-layout-horizontal-slider","13":"ast-product-tabs-layout-horizontal","14":"ast-qv-on-image","16":"first","17":"onbackorder","18":"shipping-taxable","19":"purchasable","20":"product-type-simple"},"spectra_custom_meta":{"_iwo_price_last_change":["a:4:{s:5:\"price\";s:4:\"2359\";s:10:\"price_sale\";s:0:\"\";s:19:\"price_including_tax\";d:2359;s:9:\"timestamp\";i:1748431270;}"],"_alp_processed":["1748431270"],"_wcml_average_rating":[null],"_wcml_review_count":[null],"_wcml_rating_count":[null],"_backorders":["no"],"_download_limit":["-1"],"_download_expiry":["-1"],"_downloadable":["no"],"_manage_stock":["no"],"_stock_status":["onbackorder"],"_sold_individually":["no"],"_tax_class":[""],"_tax_status":["taxable"],"_virtual":["no"],"total_sales":["0"],"_wpml_media_duplicate":["1"],"_wpml_media_featured":["1"],"stick-header-meta":["default"],"site-sidebar-layout":["default"],"theme-transparent-header-meta":["default"],"ast-site-content-layout":["default"],"site-content-style":["default"],"site-sidebar-style":["default"],"wcml_sync_hash":["a:1:{s:15:\"postmeta_fields\";s:32:\"c4264a03effbe4aa79fff73f64bb7140\";}"],"attr_label_translations":["a:0:{}"],"_product_attributes":["a:0:{}"],"_thumbnail_id":["21577"],"_product_image_gallery":["21579,21581,21583,21585,21587,21589,21591,21593"],"_default_attributes":["a:0:{}"],"_upsell_ids":["a:0:{}"],"_crosssell_ids":["a:0:{}"],"_children":["a:0:{}"],"_last_translation_edit_mode":["translation-editor"],"_regular_price":[13446.3],"_downloadable_files":[""],"_eb_reusable_block_ids":["a:0:{}"],"_sale_price":[""],"_price":[13446.3],"_iwo_price_log":["a:4:{s:5:\"price\";s:4:\"2359\";s:10:\"price_sale\";s:0:\"\";s:19:\"price_including_tax\";d:2359;s:9:\"timestamp\";i:1748431270;}"],"_wpml_word_count":["123"],"_uag_page_assets":["a:9:{s:3:\"css\";s:263:\".uag-blocks-common-selector{z-index:var(--z-index-desktop) !important}@media (max-width: 976px){.uag-blocks-common-selector{z-index:var(--z-index-tablet) !important}}@media (max-width: 767px){.uag-blocks-common-selector{z-index:var(--z-index-mobile) !important}}\n\";s:2:\"js\";s:0:\"\";s:18:\"current_block_list\";a:13:{i:0;s:11:\"core\/search\";i:1;s:10:\"core\/group\";i:2;s:12:\"core\/heading\";i:3;s:17:\"core\/latest-posts\";i:4;s:20:\"core\/latest-comments\";i:5;s:13:\"core\/archives\";i:6;s:15:\"core\/categories\";i:7;s:26:\"woocommerce\/filter-wrapper\";i:8;s:24:\"woocommerce\/price-filter\";i:9;s:30:\"woocommerce\/product-categories\";i:10;s:26:\"woocommerce\/active-filters\";i:11;s:23:\"essential-blocks\/social\";i:12;s:24:\"woocommerce\/stock-filter\";}s:8:\"uag_flag\";b:0;s:11:\"uag_version\";s:10:\"1776382955\";s:6:\"gfonts\";a:0:{}s:10:\"gfonts_url\";s:0:\"\";s:12:\"gfonts_files\";a:0:{}s:14:\"uag_faq_layout\";b:0;}"],"_uag_css_file_name":["uag-css-21596.css"],"_max_variation_price":[""],"_max_variation_regular_price":[""],"_max_variation_sale_price":[""],"_min_variation_price":[""],"_min_variation_regular_price":[""],"_min_variation_sale_price":[""],"_wc_rating_count":[""],"_wc_review_count":[""],"_wc_average_rating":[0]},"uagb_featured_image_src":{"full":["https:\/\/team-meble.pl\/wp-content\/uploads\/2025\/05\/komoda-przeszklona-do-salonu-1-600x600-1.jpg",600,600,false],"thumbnail":["https:\/\/team-meble.pl\/wp-content\/uploads\/2025\/05\/komoda-przeszklona-do-salonu-1-600x600-1-150x150.jpg",150,150,true],"medium":["https:\/\/team-meble.pl\/wp-content\/uploads\/2025\/05\/komoda-przeszklona-do-salonu-1-600x600-1-300x300.jpg",300,300,true],"medium_large":["https:\/\/team-meble.pl\/wp-content\/uploads\/2025\/05\/komoda-przeszklona-do-salonu-1-600x600-1.jpg",600,600,false],"large":["https:\/\/team-meble.pl\/wp-content\/uploads\/2025\/05\/komoda-przeszklona-do-salonu-1-600x600-1.jpg",600,600,false],"1536x1536":["https:\/\/team-meble.pl\/wp-content\/uploads\/2025\/05\/komoda-przeszklona-do-salonu-1-600x600-1.jpg",600,600,false],"2048x2048":["https:\/\/team-meble.pl\/wp-content\/uploads\/2025\/05\/komoda-przeszklona-do-salonu-1-600x600-1.jpg",600,600,false],"mailpoet_newsletter_max":["https:\/\/team-meble.pl\/wp-content\/uploads\/2025\/05\/komoda-przeszklona-do-salonu-1-600x600-1.jpg",600,600,false],"woocommerce_thumbnail":["https:\/\/team-meble.pl\/wp-content\/uploads\/2025\/05\/komoda-przeszklona-do-salonu-1-600x600-1-300x300.jpg",300,300,true],"woocommerce_single":["https:\/\/team-meble.pl\/wp-content\/uploads\/2025\/05\/komoda-przeszklona-do-salonu-1-600x600-1-300x300.jpg",300,300,true],"woocommerce_gallery_thumbnail":["https:\/\/team-meble.pl\/wp-content\/uploads\/2025\/05\/komoda-przeszklona-do-salonu-1-600x600-1-100x100.jpg",100,100,true]},"uagb_author_info":{"display_name":"Wiola","author_link":"https:\/\/team-meble.pl\/cs\/author\/"},"uagb_comment_info":0,"uagb_excerpt":"Rozm\u011bry: \u0160\u00ed\u0159ka - 151 cm Hloubka - 34 cm V\u00fd\u0161ka - 118 cm","_links":{"self":[{"href":"https:\/\/team-meble.pl\/cs\/wp-json\/wp\/v2\/product\/21596","targetHints":{"allow":["GET"]}}],"collection":[{"href":"https:\/\/team-meble.pl\/cs\/wp-json\/wp\/v2\/product"}],"about":[{"href":"https:\/\/team-meble.pl\/cs\/wp-json\/wp\/v2\/types\/product"}],"replies":[{"embeddable":true,"href":"https:\/\/team-meble.pl\/cs\/wp-json\/wp\/v2\/comments?post=21596"}],"wp:featuredmedia":[{"embeddable":true,"href":"https:\/\/team-meble.pl\/cs\/wp-json\/wp\/v2\/media\/21577"}],"wp:attachment":[{"href":"https:\/\/team-meble.pl\/cs\/wp-json\/wp\/v2\/media?parent=21596"}],"wp:term":[{"taxonomy":"product_brand","embeddable":true,"href":"https:\/\/team-meble.pl\/cs\/wp-json\/wp\/v2\/product_brand?post=21596"},{"taxonomy":"product_cat","embeddable":true,"href":"https:\/\/team-meble.pl\/cs\/wp-json\/wp\/v2\/product_cat?post=21596"},{"taxonomy":"product_tag","embeddable":true,"href":"https:\/\/team-meble.pl\/cs\/wp-json\/wp\/v2\/product_tag?post=21596"}],"curies":[{"name":"wp","href":"https:\/\/api.w.org\/{rel}","templated":true}]}}